{"id":3464,"date":"2016-01-26T14:44:35","date_gmt":"2016-01-26T19:44:35","guid":{"rendered":"https:\/\/harlequinfloor.wpengine.com\/es\/company-overview\/"},"modified":"2025-07-31T03:06:38","modified_gmt":"2025-07-31T07:06:38","slug":"company-overview","status":"publish","type":"page","link":"https:\/\/us.harlequinfloors.com\/es\/company-overview\/","title":{"rendered":"Visi\u00f3n general de la empresa"},"content":{"rendered":"\n<p>Reconocidos como l\u00edderes mundiales en pavimentos de tecnolog\u00eda avanzada para danza, artes esc\u00e9nicas, espect\u00e1culos y eventos, Harlequin Floors est\u00e1 establecida en todo el mundo con operaciones en Am\u00e9rica, Europa, Asia Pac\u00edfico y Australia. American Harlequin Corporation tiene su sede en Moorestown, NJ (regi\u00f3n de Filadelfia, PA), con oficinas en Fort Worth y Los \u00c1ngeles. Las instalaciones de distribuci\u00f3n se encuentran en Moorestown, NJ y Las Vegas, NV.  <\/p>\n\n<p>A mediados de los a\u00f1os 70, con el creciente inter\u00e9s por la danza, un humilde suelo comercial de vinilo negro se estaba convirtiendo en la opci\u00f3n preferida de los profesionales del escenario y la danza. Exist\u00eda la necesidad y la oportunidad de desarrollar un producto para suelos dise\u00f1ado espec\u00edficamente para el espect\u00e1culo. Respaldada por un peque\u00f1o n\u00famero de inversores, la empresa se cre\u00f3 para producir suelos de danza asequibles y de calidad, utilizando nuevos materiales que redujeran el riesgo de lesiones y ayudaran a los artistas a rendir al m\u00e1ximo de sus capacidades.    <\/p>\n\n<div class=\"wp-block-media-text alignwide is-stacked-on-mobile mt-5\"><figure class=\"wp-block-media-text__media\"><img decoding=\"async\" width=\"200\" height=\"250\" src=\"https:\/\/us.harlequinfloors.com\/wp-content\/uploads\/2019\/05\/company-bob-1.jpg\" alt=\"\" class=\"wp-image-10723\"\/><\/figure><div class=\"wp-block-media-text__content\">\n<h4 class=\"wp-block-heading\">Mensaje del Presidente, Bob Dagger:<\/h4>\n\n\n\n<p>\u00abCuando lanc\u00e9 mi empresa en Inglaterra hace m\u00e1s de 40 a\u00f1os, mi objetivo era dise\u00f1ar suelos para teatro y danza utilizando materiales nuevos y avanzados. Arlequ\u00edn\u00bb era un personaje teatral que hab\u00eda estudiado para mi licenciatura de franc\u00e9s. El nombre ten\u00eda vida, energ\u00eda y color, y se transpon\u00eda a la mayor\u00eda de las lenguas europeas. Hab\u00eda nacido una marca. Me llena de satisfacci\u00f3n que las principales compa\u00f1\u00edas de ballet y danza del mundo elijan los tapices de danza Harlequin y que los tapices y tarimas de danza Harlequin est\u00e9n entre los m\u00e1s populares del mundo.\u00bb<\/p>\n<\/div><\/div>\n","protected":false},"excerpt":{"rendered":"<p>Reconocidos como l\u00edderes mundiales en pavimentos de tecnolog\u00eda avanzada para danza, artes esc\u00e9nicas, espect\u00e1culos y eventos, Harlequin Floors est\u00e1 establecida&#8230;<\/p>\n<p><a class=\"btn btn-primary btn-an harlequin-read-more-link\" href=\"https:\/\/us.harlequinfloors.com\/es\/company-overview\/\">Leer m\u00e1s<\/a><\/p>\n","protected":false},"author":1,"featured_media":0,"parent":0,"menu_order":0,"comment_status":"closed","ping_status":"closed","template":"","meta":{"_acf_changed":false,"_monsterinsights_skip_tracking":false,"_monsterinsights_sitenote_active":false,"_monsterinsights_sitenote_note":"","_monsterinsights_sitenote_category":0,"footnotes":"","_links_to":"","_links_to_target":""},"class_list":["post-3464","page","type-page","status-publish","hentry"],"acf":[],"yoast_head":"<!-- This site is optimized with the Yoast SEO Premium plugin v26.1 (Yoast SEO v27.2) - https:\/\/yoast.com\/product\/yoast-seo-premium-wordpress\/ -->\n<title>Visi\u00f3n general de la empresa | Harlequin Floors<\/title>\n<meta name=\"description\" content=\"L\u00edderes reconocidos en pavimentos de tecnolog\u00eda avanzada para suelos de rendimiento port\u00e1tiles, permanentes, con muelles y de vinilo para las principales empresas y recintos del mundo.\" \/>\n<meta name=\"robots\" content=\"index, follow, max-snippet:-1, max-image-preview:large, max-video-preview:-1\" \/>\n<link rel=\"canonical\" href=\"https:\/\/us.harlequinfloors.com\/es\/company-overview\/\" \/>\n<meta property=\"og:locale\" content=\"es_ES\" \/>\n<meta property=\"og:type\" content=\"article\" \/>\n<meta property=\"og:title\" content=\"Visi\u00f3n general de la empresa\" \/>\n<meta property=\"og:description\" content=\"L\u00edderes reconocidos en pavimentos de tecnolog\u00eda avanzada para suelos de rendimiento port\u00e1tiles, permanentes, con muelles y de vinilo para las principales empresas y recintos del mundo.\" \/>\n<meta property=\"og:url\" content=\"https:\/\/us.harlequinfloors.com\/es\/company-overview\/\" \/>\n<meta property=\"og:site_name\" content=\"Harlequin Floors\" \/>\n<meta property=\"article:publisher\" content=\"https:\/\/www.facebook.com\/americanharlequinfloors\" \/>\n<meta property=\"article:modified_time\" content=\"2025-07-31T07:06:38+00:00\" \/>\n<meta property=\"og:image\" content=\"http:\/\/harlequin.local\/wp-content\/uploads\/2019\/05\/company-bob-1.jpg\" \/>\n<meta name=\"twitter:card\" content=\"summary_large_image\" \/>\n<meta name=\"twitter:label1\" content=\"Tiempo de lectura\" \/>\n\t<meta name=\"twitter:data1\" content=\"1 minuto\" \/>\n<script type=\"application\/ld+json\" class=\"yoast-schema-graph\">{\"@context\":\"https:\/\/schema.org\",\"@graph\":[{\"@type\":\"WebPage\",\"@id\":\"https:\/\/us.harlequinfloors.com\/es\/company-overview\/\",\"url\":\"https:\/\/us.harlequinfloors.com\/es\/company-overview\/\",\"name\":\"Visi\u00f3n general de la empresa | Harlequin Floors\",\"isPartOf\":{\"@id\":\"https:\/\/us.harlequinfloors.com\/es\/#website\"},\"primaryImageOfPage\":{\"@id\":\"https:\/\/us.harlequinfloors.com\/es\/company-overview\/#primaryimage\"},\"image\":{\"@id\":\"https:\/\/us.harlequinfloors.com\/es\/company-overview\/#primaryimage\"},\"thumbnailUrl\":\"https:\/\/us.harlequinfloors.com\/wp-content\/uploads\/2019\/05\/company-bob-1.jpg\",\"datePublished\":\"2016-01-26T19:44:35+00:00\",\"dateModified\":\"2025-07-31T07:06:38+00:00\",\"description\":\"L\u00edderes reconocidos en pavimentos de tecnolog\u00eda avanzada para suelos de rendimiento port\u00e1tiles, permanentes, con muelles y de vinilo para las principales empresas y recintos del mundo.\",\"breadcrumb\":{\"@id\":\"https:\/\/us.harlequinfloors.com\/es\/company-overview\/#breadcrumb\"},\"inLanguage\":\"es\",\"potentialAction\":[{\"@type\":\"ReadAction\",\"target\":[\"https:\/\/us.harlequinfloors.com\/es\/company-overview\/\"]}]},{\"@type\":\"ImageObject\",\"inLanguage\":\"es\",\"@id\":\"https:\/\/us.harlequinfloors.com\/es\/company-overview\/#primaryimage\",\"url\":\"https:\/\/us.harlequinfloors.com\/wp-content\/uploads\/2019\/05\/company-bob-1.jpg\",\"contentUrl\":\"https:\/\/us.harlequinfloors.com\/wp-content\/uploads\/2019\/05\/company-bob-1.jpg\"},{\"@type\":\"BreadcrumbList\",\"@id\":\"https:\/\/us.harlequinfloors.com\/es\/company-overview\/#breadcrumb\",\"itemListElement\":[{\"@type\":\"ListItem\",\"position\":1,\"name\":\"Home\",\"item\":\"https:\/\/us.harlequinfloors.com\/es\/\"},{\"@type\":\"ListItem\",\"position\":2,\"name\":\"Visi\u00f3n general de la empresa\"}]},{\"@type\":\"WebSite\",\"@id\":\"https:\/\/us.harlequinfloors.com\/es\/#website\",\"url\":\"https:\/\/us.harlequinfloors.com\/es\/\",\"name\":\"Harlequin Floors\",\"description\":\"El mundo baila sobre los pisos Harlequin\",\"potentialAction\":[{\"@type\":\"SearchAction\",\"target\":{\"@type\":\"EntryPoint\",\"urlTemplate\":\"https:\/\/us.harlequinfloors.com\/es\/?s={search_term_string}\"},\"query-input\":{\"@type\":\"PropertyValueSpecification\",\"valueRequired\":true,\"valueName\":\"search_term_string\"}}],\"inLanguage\":\"es\"}]}<\/script>\n<!-- \/ Yoast SEO Premium plugin. -->","yoast_head_json":{"title":"Visi\u00f3n general de la empresa | Harlequin Floors","description":"L\u00edderes reconocidos en pavimentos de tecnolog\u00eda avanzada para suelos de rendimiento port\u00e1tiles, permanentes, con muelles y de vinilo para las principales empresas y recintos del mundo.","robots":{"index":"index","follow":"follow","max-snippet":"max-snippet:-1","max-image-preview":"max-image-preview:large","max-video-preview":"max-video-preview:-1"},"canonical":"https:\/\/us.harlequinfloors.com\/es\/company-overview\/","og_locale":"es_ES","og_type":"article","og_title":"Visi\u00f3n general de la empresa","og_description":"L\u00edderes reconocidos en pavimentos de tecnolog\u00eda avanzada para suelos de rendimiento port\u00e1tiles, permanentes, con muelles y de vinilo para las principales empresas y recintos del mundo.","og_url":"https:\/\/us.harlequinfloors.com\/es\/company-overview\/","og_site_name":"Harlequin Floors","article_publisher":"https:\/\/www.facebook.com\/americanharlequinfloors","article_modified_time":"2025-07-31T07:06:38+00:00","og_image":[{"url":"http:\/\/harlequin.local\/wp-content\/uploads\/2019\/05\/company-bob-1.jpg","type":"","width":"","height":""}],"twitter_card":"summary_large_image","twitter_misc":{"Tiempo de lectura":"1 minuto"},"schema":{"@context":"https:\/\/schema.org","@graph":[{"@type":"WebPage","@id":"https:\/\/us.harlequinfloors.com\/es\/company-overview\/","url":"https:\/\/us.harlequinfloors.com\/es\/company-overview\/","name":"Visi\u00f3n general de la empresa | Harlequin Floors","isPartOf":{"@id":"https:\/\/us.harlequinfloors.com\/es\/#website"},"primaryImageOfPage":{"@id":"https:\/\/us.harlequinfloors.com\/es\/company-overview\/#primaryimage"},"image":{"@id":"https:\/\/us.harlequinfloors.com\/es\/company-overview\/#primaryimage"},"thumbnailUrl":"https:\/\/us.harlequinfloors.com\/wp-content\/uploads\/2019\/05\/company-bob-1.jpg","datePublished":"2016-01-26T19:44:35+00:00","dateModified":"2025-07-31T07:06:38+00:00","description":"L\u00edderes reconocidos en pavimentos de tecnolog\u00eda avanzada para suelos de rendimiento port\u00e1tiles, permanentes, con muelles y de vinilo para las principales empresas y recintos del mundo.","breadcrumb":{"@id":"https:\/\/us.harlequinfloors.com\/es\/company-overview\/#breadcrumb"},"inLanguage":"es","potentialAction":[{"@type":"ReadAction","target":["https:\/\/us.harlequinfloors.com\/es\/company-overview\/"]}]},{"@type":"ImageObject","inLanguage":"es","@id":"https:\/\/us.harlequinfloors.com\/es\/company-overview\/#primaryimage","url":"https:\/\/us.harlequinfloors.com\/wp-content\/uploads\/2019\/05\/company-bob-1.jpg","contentUrl":"https:\/\/us.harlequinfloors.com\/wp-content\/uploads\/2019\/05\/company-bob-1.jpg"},{"@type":"BreadcrumbList","@id":"https:\/\/us.harlequinfloors.com\/es\/company-overview\/#breadcrumb","itemListElement":[{"@type":"ListItem","position":1,"name":"Home","item":"https:\/\/us.harlequinfloors.com\/es\/"},{"@type":"ListItem","position":2,"name":"Visi\u00f3n general de la empresa"}]},{"@type":"WebSite","@id":"https:\/\/us.harlequinfloors.com\/es\/#website","url":"https:\/\/us.harlequinfloors.com\/es\/","name":"Harlequin Floors","description":"El mundo baila sobre los pisos Harlequin","potentialAction":[{"@type":"SearchAction","target":{"@type":"EntryPoint","urlTemplate":"https:\/\/us.harlequinfloors.com\/es\/?s={search_term_string}"},"query-input":{"@type":"PropertyValueSpecification","valueRequired":true,"valueName":"search_term_string"}}],"inLanguage":"es"}]}},"publishpress_future_action":{"enabled":false,"date":"2026-04-12 16:20:15","action":"change-status","newStatus":"draft","terms":[],"taxonomy":"translation_priority","extraData":[]},"publishpress_future_workflow_manual_trigger":{"enabledWorkflows":[]},"_links":{"self":[{"href":"https:\/\/us.harlequinfloors.com\/es\/wp-json\/wp\/v2\/pages\/3464","targetHints":{"allow":["GET"]}}],"collection":[{"href":"https:\/\/us.harlequinfloors.com\/es\/wp-json\/wp\/v2\/pages"}],"about":[{"href":"https:\/\/us.harlequinfloors.com\/es\/wp-json\/wp\/v2\/types\/page"}],"author":[{"embeddable":true,"href":"https:\/\/us.harlequinfloors.com\/es\/wp-json\/wp\/v2\/users\/1"}],"replies":[{"embeddable":true,"href":"https:\/\/us.harlequinfloors.com\/es\/wp-json\/wp\/v2\/comments?post=3464"}],"version-history":[{"count":4,"href":"https:\/\/us.harlequinfloors.com\/es\/wp-json\/wp\/v2\/pages\/3464\/revisions"}],"predecessor-version":[{"id":66530,"href":"https:\/\/us.harlequinfloors.com\/es\/wp-json\/wp\/v2\/pages\/3464\/revisions\/66530"}],"wp:attachment":[{"href":"https:\/\/us.harlequinfloors.com\/es\/wp-json\/wp\/v2\/media?parent=3464"}],"curies":[{"name":"wp","href":"https:\/\/api.w.org\/{rel}","templated":true}]}}