{"id":3467,"date":"2016-01-21T21:23:48","date_gmt":"2016-01-22T02:23:48","guid":{"rendered":"https:\/\/harlequinfloor.wpengine.com\/es\/contactinfo\/"},"modified":"2025-05-22T13:32:56","modified_gmt":"2025-05-22T17:32:56","slug":"contact","status":"publish","type":"page","link":"https:\/\/us.harlequinfloors.com\/es\/contact\/","title":{"rendered":"Informacion de Contacto"},"content":{"rendered":"\n<h5 class=\"wp-block-heading\" id=\"h-american-harlequin-corporation\">AMERICAN HARLEQUIN CORPORATION<\/h5>\n\n\n\n<p class=\"text-small\">1531 Glen Avenue<br>Moorestown, NJ 08057<\/p>\n\n\n\n<p class=\"text-small\">Gratis:&nbsp;+1 800-642-6440<br>Phone:&nbsp;+1 856-234-5505<br>Fax:&nbsp;+1 856-231-4403<br>Ventas\/Consultas generales:&nbsp;<a href=\"mailto:contact@harlequinfloors.com\"><strong>contact@harlequinfloors.com<\/strong><\/a><\/p>\n\n\n\n<p class=\"text-small\">Horas de trabajo: M-F, 9am-5pm ET<br>Llamanos: M-F, 9am-8pm ET<\/p>\n\n\n\n<p class=\"text-small\">Tenemos representantes de ventas que hablan espa\u00f1ol disponibles para ayudarlo. Llame al <a href=\"tel:18006426440\">1 800-642-6440<\/a> o env\u00ede un correo electr\u00f3nico a&nbsp;<a class=\"\" href=\"mailto:contact@harlequinfloors.com\">contact@harlequinfloors.com<\/a>.<\/p>\n\n\n\n<p class=\"text-small\">Showroom de NJ: Las visitas son solo con cita previa.<br>Almac\u00e9n de Las Vegas: Visitas con cita previa.<br><em>P\u00f3ngase en contacto con su ejecutivo de cuenta para m\u00e1s detalles.<\/em><\/p>\n","protected":false},"excerpt":{"rendered":"<p>AMERICAN HARLEQUIN CORPORATION 1531 Glen AvenueMoorestown, NJ 08057 Gratis:&nbsp;+1 800-642-6440Phone:&nbsp;+1 856-234-5505Fax:&nbsp;+1 856-231-4403Ventas\/Consultas generales:&nbsp;contact@harlequinfloors.com Horas de trabajo: M-F, 9am-5pm ETLlamanos: M-F,&#8230;<\/p>\n<p><a class=\"btn btn-primary btn-an harlequin-read-more-link\" href=\"https:\/\/us.harlequinfloors.com\/es\/contact\/\">Leer m\u00e1s<\/a><\/p>\n","protected":false},"author":1,"featured_media":10656,"parent":0,"menu_order":0,"comment_status":"closed","ping_status":"closed","template":"","meta":{"_acf_changed":false,"_monsterinsights_skip_tracking":false,"_monsterinsights_sitenote_active":false,"_monsterinsights_sitenote_note":"","_monsterinsights_sitenote_category":0,"footnotes":"","_links_to":"","_links_to_target":""},"class_list":["post-3467","page","type-page","status-publish","has-post-thumbnail","hentry"],"acf":[],"yoast_head":"<!-- This site is optimized with the Yoast SEO Premium plugin v26.1 (Yoast SEO v27.5) - https:\/\/yoast.com\/product\/yoast-seo-premium-wordpress\/ -->\n<title>Informacion de Contacto | Harlequin Floors<\/title>\n<meta name=\"description\" content=\"informaci\u00f3n de contacto para Harlequin Floors Americas\" \/>\n<meta name=\"robots\" content=\"index, follow, max-snippet:-1, max-image-preview:large, max-video-preview:-1\" \/>\n<link rel=\"canonical\" href=\"https:\/\/us.harlequinfloors.com\/es\/contact\/\" \/>\n<meta property=\"og:locale\" content=\"es_ES\" \/>\n<meta property=\"og:type\" content=\"article\" \/>\n<meta property=\"og:title\" content=\"Informacion de Contacto\" \/>\n<meta property=\"og:description\" content=\"informaci\u00f3n de contacto para Harlequin Floors Americas\" \/>\n<meta property=\"og:url\" content=\"https:\/\/us.harlequinfloors.com\/es\/contact\/\" \/>\n<meta property=\"og:site_name\" content=\"Harlequin Floors\" \/>\n<meta property=\"article:publisher\" content=\"https:\/\/www.facebook.com\/americanharlequinfloors\" \/>\n<meta property=\"article:modified_time\" content=\"2025-05-22T17:32:56+00:00\" \/>\n<meta property=\"og:image\" content=\"https:\/\/us.harlequinfloors.com\/wp-content\/uploads\/2019\/05\/location-usa.png\" \/>\n\t<meta property=\"og:image:width\" content=\"560\" \/>\n\t<meta property=\"og:image:height\" content=\"560\" \/>\n\t<meta property=\"og:image:type\" content=\"image\/png\" \/>\n<meta name=\"twitter:card\" content=\"summary_large_image\" \/>\n<meta name=\"twitter:label1\" content=\"Tiempo de lectura\" \/>\n\t<meta name=\"twitter:data1\" content=\"1 minuto\" \/>\n<script type=\"application\/ld+json\" class=\"yoast-schema-graph\">{\"@context\":\"https:\\\/\\\/schema.org\",\"@graph\":[{\"@type\":\"WebPage\",\"@id\":\"https:\\\/\\\/us.harlequinfloors.com\\\/es\\\/contact\\\/\",\"url\":\"https:\\\/\\\/us.harlequinfloors.com\\\/es\\\/contact\\\/\",\"name\":\"Informacion de Contacto | Harlequin Floors\",\"isPartOf\":{\"@id\":\"https:\\\/\\\/us.harlequinfloors.com\\\/es\\\/#website\"},\"primaryImageOfPage\":{\"@id\":\"https:\\\/\\\/us.harlequinfloors.com\\\/es\\\/contact\\\/#primaryimage\"},\"image\":{\"@id\":\"https:\\\/\\\/us.harlequinfloors.com\\\/es\\\/contact\\\/#primaryimage\"},\"thumbnailUrl\":\"https:\\\/\\\/us.harlequinfloors.com\\\/wp-content\\\/uploads\\\/2019\\\/05\\\/location-usa.png\",\"datePublished\":\"2016-01-22T02:23:48+00:00\",\"dateModified\":\"2025-05-22T17:32:56+00:00\",\"description\":\"informaci\u00f3n de contacto para Harlequin Floors Americas\",\"breadcrumb\":{\"@id\":\"https:\\\/\\\/us.harlequinfloors.com\\\/es\\\/contact\\\/#breadcrumb\"},\"inLanguage\":\"es\",\"potentialAction\":[{\"@type\":\"ReadAction\",\"target\":[\"https:\\\/\\\/us.harlequinfloors.com\\\/es\\\/contact\\\/\"]}]},{\"@type\":\"ImageObject\",\"inLanguage\":\"es\",\"@id\":\"https:\\\/\\\/us.harlequinfloors.com\\\/es\\\/contact\\\/#primaryimage\",\"url\":\"https:\\\/\\\/us.harlequinfloors.com\\\/wp-content\\\/uploads\\\/2019\\\/05\\\/location-usa.png\",\"contentUrl\":\"https:\\\/\\\/us.harlequinfloors.com\\\/wp-content\\\/uploads\\\/2019\\\/05\\\/location-usa.png\",\"width\":560,\"height\":560,\"caption\":\"Harlequin\"},{\"@type\":\"BreadcrumbList\",\"@id\":\"https:\\\/\\\/us.harlequinfloors.com\\\/es\\\/contact\\\/#breadcrumb\",\"itemListElement\":[{\"@type\":\"ListItem\",\"position\":1,\"name\":\"Home\",\"item\":\"https:\\\/\\\/us.harlequinfloors.com\\\/es\\\/\"},{\"@type\":\"ListItem\",\"position\":2,\"name\":\"Informacion de Contacto\"}]},{\"@type\":\"WebSite\",\"@id\":\"https:\\\/\\\/us.harlequinfloors.com\\\/es\\\/#website\",\"url\":\"https:\\\/\\\/us.harlequinfloors.com\\\/es\\\/\",\"name\":\"Harlequin Floors\",\"description\":\"El mundo baila sobre los pisos Harlequin\",\"potentialAction\":[{\"@type\":\"SearchAction\",\"target\":{\"@type\":\"EntryPoint\",\"urlTemplate\":\"https:\\\/\\\/us.harlequinfloors.com\\\/es\\\/?s={search_term_string}\"},\"query-input\":{\"@type\":\"PropertyValueSpecification\",\"valueRequired\":true,\"valueName\":\"search_term_string\"}}],\"inLanguage\":\"es\"}]}<\/script>\n<!-- \/ Yoast SEO Premium plugin. -->","yoast_head_json":{"title":"Informacion de Contacto | Harlequin Floors","description":"informaci\u00f3n de contacto para Harlequin Floors Americas","robots":{"index":"index","follow":"follow","max-snippet":"max-snippet:-1","max-image-preview":"max-image-preview:large","max-video-preview":"max-video-preview:-1"},"canonical":"https:\/\/us.harlequinfloors.com\/es\/contact\/","og_locale":"es_ES","og_type":"article","og_title":"Informacion de Contacto","og_description":"informaci\u00f3n de contacto para Harlequin Floors Americas","og_url":"https:\/\/us.harlequinfloors.com\/es\/contact\/","og_site_name":"Harlequin Floors","article_publisher":"https:\/\/www.facebook.com\/americanharlequinfloors","article_modified_time":"2025-05-22T17:32:56+00:00","og_image":[{"width":560,"height":560,"url":"https:\/\/us.harlequinfloors.com\/wp-content\/uploads\/2019\/05\/location-usa.png","type":"image\/png"}],"twitter_card":"summary_large_image","twitter_misc":{"Tiempo de lectura":"1 minuto"},"schema":{"@context":"https:\/\/schema.org","@graph":[{"@type":"WebPage","@id":"https:\/\/us.harlequinfloors.com\/es\/contact\/","url":"https:\/\/us.harlequinfloors.com\/es\/contact\/","name":"Informacion de Contacto | Harlequin Floors","isPartOf":{"@id":"https:\/\/us.harlequinfloors.com\/es\/#website"},"primaryImageOfPage":{"@id":"https:\/\/us.harlequinfloors.com\/es\/contact\/#primaryimage"},"image":{"@id":"https:\/\/us.harlequinfloors.com\/es\/contact\/#primaryimage"},"thumbnailUrl":"https:\/\/us.harlequinfloors.com\/wp-content\/uploads\/2019\/05\/location-usa.png","datePublished":"2016-01-22T02:23:48+00:00","dateModified":"2025-05-22T17:32:56+00:00","description":"informaci\u00f3n de contacto para Harlequin Floors Americas","breadcrumb":{"@id":"https:\/\/us.harlequinfloors.com\/es\/contact\/#breadcrumb"},"inLanguage":"es","potentialAction":[{"@type":"ReadAction","target":["https:\/\/us.harlequinfloors.com\/es\/contact\/"]}]},{"@type":"ImageObject","inLanguage":"es","@id":"https:\/\/us.harlequinfloors.com\/es\/contact\/#primaryimage","url":"https:\/\/us.harlequinfloors.com\/wp-content\/uploads\/2019\/05\/location-usa.png","contentUrl":"https:\/\/us.harlequinfloors.com\/wp-content\/uploads\/2019\/05\/location-usa.png","width":560,"height":560,"caption":"Harlequin"},{"@type":"BreadcrumbList","@id":"https:\/\/us.harlequinfloors.com\/es\/contact\/#breadcrumb","itemListElement":[{"@type":"ListItem","position":1,"name":"Home","item":"https:\/\/us.harlequinfloors.com\/es\/"},{"@type":"ListItem","position":2,"name":"Informacion de Contacto"}]},{"@type":"WebSite","@id":"https:\/\/us.harlequinfloors.com\/es\/#website","url":"https:\/\/us.harlequinfloors.com\/es\/","name":"Harlequin Floors","description":"El mundo baila sobre los pisos Harlequin","potentialAction":[{"@type":"SearchAction","target":{"@type":"EntryPoint","urlTemplate":"https:\/\/us.harlequinfloors.com\/es\/?s={search_term_string}"},"query-input":{"@type":"PropertyValueSpecification","valueRequired":true,"valueName":"search_term_string"}}],"inLanguage":"es"}]}},"publishpress_future_action":{"enabled":false,"date":"2026-05-05 18:14:17","action":"change-status","newStatus":"draft","terms":[],"taxonomy":"translation_priority","extraData":[]},"publishpress_future_workflow_manual_trigger":{"enabledWorkflows":[]},"_links":{"self":[{"href":"https:\/\/us.harlequinfloors.com\/es\/wp-json\/wp\/v2\/pages\/3467","targetHints":{"allow":["GET"]}}],"collection":[{"href":"https:\/\/us.harlequinfloors.com\/es\/wp-json\/wp\/v2\/pages"}],"about":[{"href":"https:\/\/us.harlequinfloors.com\/es\/wp-json\/wp\/v2\/types\/page"}],"author":[{"embeddable":true,"href":"https:\/\/us.harlequinfloors.com\/es\/wp-json\/wp\/v2\/users\/1"}],"replies":[{"embeddable":true,"href":"https:\/\/us.harlequinfloors.com\/es\/wp-json\/wp\/v2\/comments?post=3467"}],"version-history":[{"count":2,"href":"https:\/\/us.harlequinfloors.com\/es\/wp-json\/wp\/v2\/pages\/3467\/revisions"}],"predecessor-version":[{"id":65468,"href":"https:\/\/us.harlequinfloors.com\/es\/wp-json\/wp\/v2\/pages\/3467\/revisions\/65468"}],"wp:featuredmedia":[{"embeddable":true,"href":"https:\/\/us.harlequinfloors.com\/es\/wp-json\/wp\/v2\/media\/10656"}],"wp:attachment":[{"href":"https:\/\/us.harlequinfloors.com\/es\/wp-json\/wp\/v2\/media?parent=3467"}],"curies":[{"name":"wp","href":"https:\/\/api.w.org\/{rel}","templated":true}]}}