{"id":3495,"date":"2016-01-26T14:49:53","date_gmt":"2016-01-26T19:49:53","guid":{"rendered":"https:\/\/harlequinfloor.wpengine.com\/es\/enviromental-policy\/"},"modified":"2025-07-31T03:07:09","modified_gmt":"2025-07-31T07:07:09","slug":"enviromental-policy","status":"publish","type":"page","link":"https:\/\/us.harlequinfloors.com\/es\/enviromental-policy\/","title":{"rendered":"Pol\u00edtica medioambiental"},"content":{"rendered":"<p>La responsabilidad medioambiental es un valor fundamental del Grupo Harlequin desde hace muchas d\u00e9cadas. Los productos compatibles con el medio ambiente y los procesos m\u00e1s avanzados garantizan que cada etapa de la producci\u00f3n minimice nuestro impacto medioambiental. <\/p>\n<p>Nos implicamos en el abastecimiento responsable de productos que combina la preferencia de nuestros clientes por la calidad con el cuidado del medio ambiente, seleccionando cuidadosamente proveedores que reflejen nuestras preocupaciones medioambientales y sociales. Intentamos constantemente mejorar el rendimiento medioambiental de nuestros procesos, desde la fabricaci\u00f3n hasta la instalaci\u00f3n y el mantenimiento continuo. Las materias primas y la energ\u00eda se utilizan de forma eficiente, los residuos se reciclan siempre que es posible y las emisiones se mantienen al m\u00ednimo absoluto.  <\/p>\n<p><strong>Ciclo de vida y pol\u00edtica del PVC<\/strong><br \/>\nLos revestimientos de PVC pueden reciclarse totalmente, por lo que a menudo se describen como un producto sostenible. El Grupo Harlequin recicla casi el 100% de sus residuos posteriores a la fabricaci\u00f3n. Tambi\u00e9n compramos m\u00e1s material de PVC reciclado, con lo que reducimos activamente la cantidad de PVC usado que se env\u00eda a los vertederos.  <\/p>\n","protected":false},"excerpt":{"rendered":"<p>La responsabilidad medioambiental es un valor fundamental del Grupo Harlequin desde hace muchas d\u00e9cadas. Los productos compatibles con el medio&#8230;<\/p>\n<p><a class=\"btn btn-primary btn-an harlequin-read-more-link\" href=\"https:\/\/us.harlequinfloors.com\/es\/enviromental-policy\/\">Leer m\u00e1s<\/a><\/p>\n","protected":false},"author":1,"featured_media":0,"parent":0,"menu_order":0,"comment_status":"closed","ping_status":"closed","template":"","meta":{"_acf_changed":false,"_monsterinsights_skip_tracking":false,"_monsterinsights_sitenote_active":false,"_monsterinsights_sitenote_note":"","_monsterinsights_sitenote_category":0,"footnotes":"","_links_to":"","_links_to_target":""},"class_list":["post-3495","page","type-page","status-publish","hentry"],"acf":[],"yoast_head":"<!-- This site is optimized with the Yoast SEO Premium plugin v26.1 (Yoast SEO v27.4) - https:\/\/yoast.com\/product\/yoast-seo-premium-wordpress\/ -->\n<title>Responsabilidad medioambiental | Harlequin Floors<\/title>\n<meta name=\"description\" content=\"La responsabilidad medioambiental es un valor fundamental en Harlequin. Seleccionamos cuidadosamente a los proveedores que reflejan nuestras preocupaciones medioambientales y sociales.\" \/>\n<meta name=\"robots\" content=\"index, follow, max-snippet:-1, max-image-preview:large, max-video-preview:-1\" \/>\n<link rel=\"canonical\" href=\"https:\/\/us.harlequinfloors.com\/es\/enviromental-policy\/\" \/>\n<meta property=\"og:locale\" content=\"es_ES\" \/>\n<meta property=\"og:type\" content=\"article\" \/>\n<meta property=\"og:title\" content=\"Pol\u00edtica medioambiental\" \/>\n<meta property=\"og:description\" content=\"La responsabilidad medioambiental es un valor fundamental en Harlequin. Seleccionamos cuidadosamente a los proveedores que reflejan nuestras preocupaciones medioambientales y sociales.\" \/>\n<meta property=\"og:url\" content=\"https:\/\/us.harlequinfloors.com\/es\/enviromental-policy\/\" \/>\n<meta property=\"og:site_name\" content=\"Harlequin Floors\" \/>\n<meta property=\"article:publisher\" content=\"https:\/\/www.facebook.com\/americanharlequinfloors\" \/>\n<meta property=\"article:modified_time\" content=\"2025-07-31T07:07:09+00:00\" \/>\n<meta name=\"twitter:card\" content=\"summary_large_image\" \/>\n<meta name=\"twitter:label1\" content=\"Tiempo de lectura\" \/>\n\t<meta name=\"twitter:data1\" content=\"1 minuto\" \/>\n<script type=\"application\/ld+json\" class=\"yoast-schema-graph\">{\"@context\":\"https:\\\/\\\/schema.org\",\"@graph\":[{\"@type\":\"WebPage\",\"@id\":\"https:\\\/\\\/us.harlequinfloors.com\\\/es\\\/enviromental-policy\\\/\",\"url\":\"https:\\\/\\\/us.harlequinfloors.com\\\/es\\\/enviromental-policy\\\/\",\"name\":\"Responsabilidad medioambiental | Harlequin Floors\",\"isPartOf\":{\"@id\":\"https:\\\/\\\/us.harlequinfloors.com\\\/es\\\/#website\"},\"datePublished\":\"2016-01-26T19:49:53+00:00\",\"dateModified\":\"2025-07-31T07:07:09+00:00\",\"description\":\"La responsabilidad medioambiental es un valor fundamental en Harlequin. Seleccionamos cuidadosamente a los proveedores que reflejan nuestras preocupaciones medioambientales y sociales.\",\"breadcrumb\":{\"@id\":\"https:\\\/\\\/us.harlequinfloors.com\\\/es\\\/enviromental-policy\\\/#breadcrumb\"},\"inLanguage\":\"es\",\"potentialAction\":[{\"@type\":\"ReadAction\",\"target\":[\"https:\\\/\\\/us.harlequinfloors.com\\\/es\\\/enviromental-policy\\\/\"]}]},{\"@type\":\"BreadcrumbList\",\"@id\":\"https:\\\/\\\/us.harlequinfloors.com\\\/es\\\/enviromental-policy\\\/#breadcrumb\",\"itemListElement\":[{\"@type\":\"ListItem\",\"position\":1,\"name\":\"Home\",\"item\":\"https:\\\/\\\/us.harlequinfloors.com\\\/es\\\/\"},{\"@type\":\"ListItem\",\"position\":2,\"name\":\"Pol\u00edtica medioambiental\"}]},{\"@type\":\"WebSite\",\"@id\":\"https:\\\/\\\/us.harlequinfloors.com\\\/es\\\/#website\",\"url\":\"https:\\\/\\\/us.harlequinfloors.com\\\/es\\\/\",\"name\":\"Harlequin Floors\",\"description\":\"El mundo baila sobre los pisos Harlequin\",\"potentialAction\":[{\"@type\":\"SearchAction\",\"target\":{\"@type\":\"EntryPoint\",\"urlTemplate\":\"https:\\\/\\\/us.harlequinfloors.com\\\/es\\\/?s={search_term_string}\"},\"query-input\":{\"@type\":\"PropertyValueSpecification\",\"valueRequired\":true,\"valueName\":\"search_term_string\"}}],\"inLanguage\":\"es\"}]}<\/script>\n<!-- \/ Yoast SEO Premium plugin. -->","yoast_head_json":{"title":"Responsabilidad medioambiental | Harlequin Floors","description":"La responsabilidad medioambiental es un valor fundamental en Harlequin. Seleccionamos cuidadosamente a los proveedores que reflejan nuestras preocupaciones medioambientales y sociales.","robots":{"index":"index","follow":"follow","max-snippet":"max-snippet:-1","max-image-preview":"max-image-preview:large","max-video-preview":"max-video-preview:-1"},"canonical":"https:\/\/us.harlequinfloors.com\/es\/enviromental-policy\/","og_locale":"es_ES","og_type":"article","og_title":"Pol\u00edtica medioambiental","og_description":"La responsabilidad medioambiental es un valor fundamental en Harlequin. Seleccionamos cuidadosamente a los proveedores que reflejan nuestras preocupaciones medioambientales y sociales.","og_url":"https:\/\/us.harlequinfloors.com\/es\/enviromental-policy\/","og_site_name":"Harlequin Floors","article_publisher":"https:\/\/www.facebook.com\/americanharlequinfloors","article_modified_time":"2025-07-31T07:07:09+00:00","twitter_card":"summary_large_image","twitter_misc":{"Tiempo de lectura":"1 minuto"},"schema":{"@context":"https:\/\/schema.org","@graph":[{"@type":"WebPage","@id":"https:\/\/us.harlequinfloors.com\/es\/enviromental-policy\/","url":"https:\/\/us.harlequinfloors.com\/es\/enviromental-policy\/","name":"Responsabilidad medioambiental | Harlequin Floors","isPartOf":{"@id":"https:\/\/us.harlequinfloors.com\/es\/#website"},"datePublished":"2016-01-26T19:49:53+00:00","dateModified":"2025-07-31T07:07:09+00:00","description":"La responsabilidad medioambiental es un valor fundamental en Harlequin. Seleccionamos cuidadosamente a los proveedores que reflejan nuestras preocupaciones medioambientales y sociales.","breadcrumb":{"@id":"https:\/\/us.harlequinfloors.com\/es\/enviromental-policy\/#breadcrumb"},"inLanguage":"es","potentialAction":[{"@type":"ReadAction","target":["https:\/\/us.harlequinfloors.com\/es\/enviromental-policy\/"]}]},{"@type":"BreadcrumbList","@id":"https:\/\/us.harlequinfloors.com\/es\/enviromental-policy\/#breadcrumb","itemListElement":[{"@type":"ListItem","position":1,"name":"Home","item":"https:\/\/us.harlequinfloors.com\/es\/"},{"@type":"ListItem","position":2,"name":"Pol\u00edtica medioambiental"}]},{"@type":"WebSite","@id":"https:\/\/us.harlequinfloors.com\/es\/#website","url":"https:\/\/us.harlequinfloors.com\/es\/","name":"Harlequin Floors","description":"El mundo baila sobre los pisos Harlequin","potentialAction":[{"@type":"SearchAction","target":{"@type":"EntryPoint","urlTemplate":"https:\/\/us.harlequinfloors.com\/es\/?s={search_term_string}"},"query-input":{"@type":"PropertyValueSpecification","valueRequired":true,"valueName":"search_term_string"}}],"inLanguage":"es"}]}},"publishpress_future_action":{"enabled":false,"date":"2026-04-29 09:21:14","action":"change-status","newStatus":"draft","terms":[],"taxonomy":"translation_priority","extraData":[]},"publishpress_future_workflow_manual_trigger":{"enabledWorkflows":[]},"_links":{"self":[{"href":"https:\/\/us.harlequinfloors.com\/es\/wp-json\/wp\/v2\/pages\/3495","targetHints":{"allow":["GET"]}}],"collection":[{"href":"https:\/\/us.harlequinfloors.com\/es\/wp-json\/wp\/v2\/pages"}],"about":[{"href":"https:\/\/us.harlequinfloors.com\/es\/wp-json\/wp\/v2\/types\/page"}],"author":[{"embeddable":true,"href":"https:\/\/us.harlequinfloors.com\/es\/wp-json\/wp\/v2\/users\/1"}],"replies":[{"embeddable":true,"href":"https:\/\/us.harlequinfloors.com\/es\/wp-json\/wp\/v2\/comments?post=3495"}],"version-history":[{"count":1,"href":"https:\/\/us.harlequinfloors.com\/es\/wp-json\/wp\/v2\/pages\/3495\/revisions"}],"predecessor-version":[{"id":66541,"href":"https:\/\/us.harlequinfloors.com\/es\/wp-json\/wp\/v2\/pages\/3495\/revisions\/66541"}],"wp:attachment":[{"href":"https:\/\/us.harlequinfloors.com\/es\/wp-json\/wp\/v2\/media?parent=3495"}],"curies":[{"name":"wp","href":"https:\/\/api.w.org\/{rel}","templated":true}]}}