{"id":3504,"date":"2016-01-22T21:37:49","date_gmt":"2016-01-23T02:37:49","guid":{"rendered":"https:\/\/harlequinfloor.wpengine.com\/es\/harlequin-installation-service\/"},"modified":"2025-07-31T03:07:11","modified_gmt":"2025-07-31T07:07:11","slug":"harlequin-installation-service","status":"publish","type":"page","link":"https:\/\/us.harlequinfloors.com\/es\/harlequin-installation-service\/","title":{"rendered":"Servicio de instalaci\u00f3n Harlequin"},"content":{"rendered":"\n<p>Las tarimas de danza profesionales Harlequin, los tapices de danza Marley y las barras de ballet pueden ser instalados por nuestros equipos t\u00e9cnicos expertos para garantizar que tu nueva tarima de danza o de danza y tus barras de ballet est\u00e9n correctamente instaladas y cumplan plenamente la normativa y los reglamentos vigentes.<\/p>\n\n<ul class=\"wp-block-list\">\n<li>Las tarimas de danza Harlequin <a href=\"https:\/\/%C2%AE\">Liberty<\/a><sup>Switch\u00ae<\/sup>, <a href=\"https:\/\/us.harlequinfloors.com\/es\/floors\/harlequin-activity-2\/\">Harlequin<\/a><sup>Activity\u00ae<\/sup> y <a href=\"https:\/\/us.harlequinfloors.com\/es\/floors\/harlequin-woodspring\/\">Harlequin<\/a><sup>WoodSpring\u00ae<\/sup> son exclusivas de Harlequin y s\u00f3lo se instalan a trav\u00e9s de la Divisi\u00f3n de Contratos de Harlequin.<\/li>\n\n\n\n<li><a href=\"https:\/\/us.harlequinfloors.com\/es\/floors\/harlequin-liberty-latchloc\/\">Harlequin Liberty<\/a><sup>LatchLoc\u00ae<\/sup> y <a href=\"https:\/\/us.harlequinfloors.com\/es\/floors\/harlequin-liberty-hd\/\"><sup>LatchLoc\u00ae<\/sup> HD<\/a> son sistemas de paneles modulares recomendados para ser instalados por instaladores certificados por Harlequin, pero puedes instalarlos t\u00fa mismo.<\/li>\n\n\n\n<li><a href=\"https:\/\/us.harlequinfloors.com\/es\/floors\/harlequin-flexity\/\">Harlequin Flexity\u2122<\/a>est\u00e1 dise\u00f1ado para ser un tapiz de danza autoinstalable, pero podemos instalarlo por ti si lo necesitas.<\/li>\n\n\n\n<li>Adem\u00e1s de nuestra instalaci\u00f3n est\u00e1ndar de suelos de danza, Harlequin ofrece servicios de construcci\u00f3n y renovaci\u00f3n de escenarios para dise\u00f1ar, construir e instalar suelos de escenario para diversos usos en todo tipo de recintos.<\/li>\n<\/ul>\n\n<hr class=\"wp-block-separator has-css-opacity\"\/>\n\n<h5 class=\"wp-block-heading\" id=\"h-installation-service-includes\">El servicio de instalaci\u00f3n incluye:<\/h5>\n\n<ul class=\"wp-block-list\">\n<li>Orientaci\u00f3n inicial para seleccionar el suelo de rendimiento m\u00e1s adecuado a tus necesidades.<\/li>\n\n\n\n<li>Dise\u00f1o de pisos para adaptarlos a espacios existentes y reconversiones.<\/li>\n\n\n\n<li>Dise\u00f1o de pisos para obra nueva seg\u00fan planos del arquitecto.<\/li>\n\n\n\n<li>Suministro e instalaci\u00f3n de suelos y accesorios.<\/li>\n\n\n\n<li>Instalaci\u00f3n permanente y sin juntas (soldadura en caliente) de suelos de vinilo marley.<\/li>\n\n\n\n<li>Equipo de instalaci\u00f3n Harlequin para cumplir los plazos de tu programa de construcci\u00f3n.<\/li>\n\n\n\n<li>Gesti\u00f3n del proyecto durante la duraci\u00f3n del mismo.<\/li>\n\n\n\n<li>Las barras de ballet se instalar\u00e1n de forma permanente al mismo tiempo que la tarima de danza Harlequin.<\/li>\n\n\n\n<li>Garant\u00eda incondicional contra defectos de fabricaci\u00f3n.<\/li>\n<\/ul>\n\n<hr class=\"wp-block-separator has-css-opacity\"\/>\n\n<h5 class=\"wp-block-heading\" id=\"h-selection-of-customers\">SELECCI\u00d3N DE CLIENTES<\/h5>\n\n<ul class=\"wp-block-list\">\n<li>Ballet Austin<\/li>\n\n\n\n<li>Ballet de Boston<\/li>\n\n\n\n<li><a href=\"https:\/\/us.harlequinfloors.com\/en\/harlequin-revamps-dance-studio-at-torontos-canadian-opera-company\/\">Compa\u00f1\u00eda Canadiense de \u00d3pera<\/a><\/li>\n\n\n\n<li><a href=\"https:\/\/us.harlequinfloors.com\/en\/church-stages-are-ready-for-live-performances-with-harlequin-floors\/\">Iglesia Crosswalk<\/a><\/li>\n\n\n\n<li>Universidad de Duke<\/li>\n\n\n\n<li><a href=\"https:\/\/us.harlequinfloors.com\/es\/projects\/frank-collymore-hall\/\">Sala Frank Collymore<\/a><\/li>\n\n\n\n<li><a href=\"https:\/\/us.harlequinfloors.com\/es\/projects\/glorya-kaufman-performing-arts-center\/\">Centro de Artes Esc\u00e9nicas Glorya Kaufman<\/a><\/li>\n\n\n\n<li>Universidad de Harvard<\/li>\n\n\n\n<li><a href=\"https:\/\/us.harlequinfloors.com\/en\/projects\/harlequin-floors-assists-with-recovery-in-aftermath-of-disaster\/\">Ballet de Houston<\/a><\/li>\n\n\n\n<li><a href=\"https:\/\/us.harlequinfloors.com\/es\/projects\/kennesaw-state-university\/\">Universidad Estatal de Kennesaw<\/a><\/li>\n\n\n\n<li><a href=\"https:\/\/us.harlequinfloors.com\/es\/projects\/royal-caribbean-production-studio\/\">Estudio de producci\u00f3n de Royal Caribbean<\/a><\/li>\n\n\n\n<li>Universidad de Slippery Rock<\/li>\n\n\n\n<li>Centro Straz de Artes Esc\u00e9nicas<\/li>\n\n\n\n<li><a href=\"https:\/\/us.harlequinfloors.com\/es\/projects\/usc-glorya-kaufman-school-dance\/\">Escuela de Danza Glorya Kaufman de la USC<\/a><\/li>\n<\/ul>\n\n<p>La Divisi\u00f3n de Contratos de American Harlequin gestiona instalaciones para toda Norteam\u00e9rica, incluidos Estados Unidos y Canad\u00e1, as\u00ed como Sudam\u00e9rica y el Caribe. Para m\u00e1s informaci\u00f3n sobre los servicios de instalaci\u00f3n de Harlequin, <a href=\"https:\/\/us.harlequinfloors.com\/es\/contact\/\">ponte en contacto con nosotros<\/a>. <\/p>\n","protected":false},"excerpt":{"rendered":"<p>Las tarimas de danza profesionales Harlequin, los tapices de danza Marley y las barras de ballet pueden ser instalados por&#8230;<\/p>\n<p><a class=\"btn btn-primary btn-an harlequin-read-more-link\" href=\"https:\/\/us.harlequinfloors.com\/es\/harlequin-installation-service\/\">Leer m\u00e1s<\/a><\/p>\n","protected":false},"author":1,"featured_media":36952,"parent":0,"menu_order":0,"comment_status":"closed","ping_status":"closed","template":"","meta":{"_acf_changed":false,"_monsterinsights_skip_tracking":false,"_monsterinsights_sitenote_active":false,"_monsterinsights_sitenote_note":"","_monsterinsights_sitenote_category":0,"footnotes":"","_links_to":"","_links_to_target":""},"class_list":["post-3504","page","type-page","status-publish","has-post-thumbnail","hentry"],"acf":[],"yoast_head":"<!-- This site is optimized with the Yoast SEO Premium plugin v26.1 (Yoast SEO v27.3) - https:\/\/yoast.com\/product\/yoast-seo-premium-wordpress\/ -->\n<title>Instalaci\u00f3n experta | Servicios de instalaci\u00f3n Harlequin<\/title>\n<meta name=\"description\" content=\"Proporcionamos una instalaci\u00f3n experta de Suelos de Danza y Barras de Ballet de muelles y vinilo. Ponte en contacto con nosotros para obtener m\u00e1s informaci\u00f3n sobre nuestros productos y servicios de instalaci\u00f3n.\" \/>\n<meta name=\"robots\" content=\"index, follow, max-snippet:-1, max-image-preview:large, max-video-preview:-1\" \/>\n<link rel=\"canonical\" href=\"https:\/\/us.harlequinfloors.com\/es\/harlequin-installation-service\/\" \/>\n<meta property=\"og:locale\" content=\"es_ES\" \/>\n<meta property=\"og:type\" content=\"article\" \/>\n<meta property=\"og:title\" content=\"Servicio de instalaci\u00f3n Harlequin\" \/>\n<meta property=\"og:description\" content=\"Proporcionamos una instalaci\u00f3n experta de Suelos de Danza y Barras de Ballet de muelles y vinilo. Ponte en contacto con nosotros para obtener m\u00e1s informaci\u00f3n sobre nuestros productos y servicios de instalaci\u00f3n.\" \/>\n<meta property=\"og:url\" content=\"https:\/\/us.harlequinfloors.com\/es\/harlequin-installation-service\/\" \/>\n<meta property=\"og:site_name\" content=\"Harlequin Floors\" \/>\n<meta property=\"article:publisher\" content=\"https:\/\/www.facebook.com\/americanharlequinfloors\" \/>\n<meta property=\"article:modified_time\" content=\"2025-07-31T07:07:11+00:00\" \/>\n<meta property=\"og:image\" content=\"https:\/\/us.harlequinfloors.com\/wp-content\/uploads\/2021\/06\/installation-banner-1110x650-1.jpg\" \/>\n\t<meta property=\"og:image:width\" content=\"1110\" \/>\n\t<meta property=\"og:image:height\" content=\"600\" \/>\n\t<meta property=\"og:image:type\" content=\"image\/jpeg\" \/>\n<meta name=\"twitter:card\" content=\"summary_large_image\" \/>\n<meta name=\"twitter:label1\" content=\"Tiempo de lectura\" \/>\n\t<meta name=\"twitter:data1\" content=\"1 minuto\" \/>\n<script type=\"application\/ld+json\" class=\"yoast-schema-graph\">{\"@context\":\"https:\\\/\\\/schema.org\",\"@graph\":[{\"@type\":\"WebPage\",\"@id\":\"https:\\\/\\\/us.harlequinfloors.com\\\/es\\\/harlequin-installation-service\\\/\",\"url\":\"https:\\\/\\\/us.harlequinfloors.com\\\/es\\\/harlequin-installation-service\\\/\",\"name\":\"Instalaci\u00f3n experta | Servicios de instalaci\u00f3n Harlequin\",\"isPartOf\":{\"@id\":\"https:\\\/\\\/us.harlequinfloors.com\\\/es\\\/#website\"},\"primaryImageOfPage\":{\"@id\":\"https:\\\/\\\/us.harlequinfloors.com\\\/es\\\/harlequin-installation-service\\\/#primaryimage\"},\"image\":{\"@id\":\"https:\\\/\\\/us.harlequinfloors.com\\\/es\\\/harlequin-installation-service\\\/#primaryimage\"},\"thumbnailUrl\":\"https:\\\/\\\/us.harlequinfloors.com\\\/wp-content\\\/uploads\\\/2021\\\/06\\\/installation-banner-1110x650-1.jpg\",\"datePublished\":\"2016-01-23T02:37:49+00:00\",\"dateModified\":\"2025-07-31T07:07:11+00:00\",\"description\":\"Proporcionamos una instalaci\u00f3n experta de Suelos de Danza y Barras de Ballet de muelles y vinilo. Ponte en contacto con nosotros para obtener m\u00e1s informaci\u00f3n sobre nuestros productos y servicios de instalaci\u00f3n.\",\"breadcrumb\":{\"@id\":\"https:\\\/\\\/us.harlequinfloors.com\\\/es\\\/harlequin-installation-service\\\/#breadcrumb\"},\"inLanguage\":\"es\",\"potentialAction\":[{\"@type\":\"ReadAction\",\"target\":[\"https:\\\/\\\/us.harlequinfloors.com\\\/es\\\/harlequin-installation-service\\\/\"]}]},{\"@type\":\"ImageObject\",\"inLanguage\":\"es\",\"@id\":\"https:\\\/\\\/us.harlequinfloors.com\\\/es\\\/harlequin-installation-service\\\/#primaryimage\",\"url\":\"https:\\\/\\\/us.harlequinfloors.com\\\/wp-content\\\/uploads\\\/2021\\\/06\\\/installation-banner-1110x650-1.jpg\",\"contentUrl\":\"https:\\\/\\\/us.harlequinfloors.com\\\/wp-content\\\/uploads\\\/2021\\\/06\\\/installation-banner-1110x650-1.jpg\",\"width\":1110,\"height\":600,\"caption\":\"Floor for Dance Studio\"},{\"@type\":\"BreadcrumbList\",\"@id\":\"https:\\\/\\\/us.harlequinfloors.com\\\/es\\\/harlequin-installation-service\\\/#breadcrumb\",\"itemListElement\":[{\"@type\":\"ListItem\",\"position\":1,\"name\":\"Home\",\"item\":\"https:\\\/\\\/us.harlequinfloors.com\\\/es\\\/\"},{\"@type\":\"ListItem\",\"position\":2,\"name\":\"Servicio de instalaci\u00f3n Harlequin\"}]},{\"@type\":\"WebSite\",\"@id\":\"https:\\\/\\\/us.harlequinfloors.com\\\/es\\\/#website\",\"url\":\"https:\\\/\\\/us.harlequinfloors.com\\\/es\\\/\",\"name\":\"Harlequin Floors\",\"description\":\"El mundo baila sobre los pisos Harlequin\",\"potentialAction\":[{\"@type\":\"SearchAction\",\"target\":{\"@type\":\"EntryPoint\",\"urlTemplate\":\"https:\\\/\\\/us.harlequinfloors.com\\\/es\\\/?s={search_term_string}\"},\"query-input\":{\"@type\":\"PropertyValueSpecification\",\"valueRequired\":true,\"valueName\":\"search_term_string\"}}],\"inLanguage\":\"es\"}]}<\/script>\n<!-- \/ Yoast SEO Premium plugin. -->","yoast_head_json":{"title":"Instalaci\u00f3n experta | Servicios de instalaci\u00f3n Harlequin","description":"Proporcionamos una instalaci\u00f3n experta de Suelos de Danza y Barras de Ballet de muelles y vinilo. Ponte en contacto con nosotros para obtener m\u00e1s informaci\u00f3n sobre nuestros productos y servicios de instalaci\u00f3n.","robots":{"index":"index","follow":"follow","max-snippet":"max-snippet:-1","max-image-preview":"max-image-preview:large","max-video-preview":"max-video-preview:-1"},"canonical":"https:\/\/us.harlequinfloors.com\/es\/harlequin-installation-service\/","og_locale":"es_ES","og_type":"article","og_title":"Servicio de instalaci\u00f3n Harlequin","og_description":"Proporcionamos una instalaci\u00f3n experta de Suelos de Danza y Barras de Ballet de muelles y vinilo. Ponte en contacto con nosotros para obtener m\u00e1s informaci\u00f3n sobre nuestros productos y servicios de instalaci\u00f3n.","og_url":"https:\/\/us.harlequinfloors.com\/es\/harlequin-installation-service\/","og_site_name":"Harlequin Floors","article_publisher":"https:\/\/www.facebook.com\/americanharlequinfloors","article_modified_time":"2025-07-31T07:07:11+00:00","og_image":[{"width":1110,"height":600,"url":"https:\/\/us.harlequinfloors.com\/wp-content\/uploads\/2021\/06\/installation-banner-1110x650-1.jpg","type":"image\/jpeg"}],"twitter_card":"summary_large_image","twitter_misc":{"Tiempo de lectura":"1 minuto"},"schema":{"@context":"https:\/\/schema.org","@graph":[{"@type":"WebPage","@id":"https:\/\/us.harlequinfloors.com\/es\/harlequin-installation-service\/","url":"https:\/\/us.harlequinfloors.com\/es\/harlequin-installation-service\/","name":"Instalaci\u00f3n experta | Servicios de instalaci\u00f3n Harlequin","isPartOf":{"@id":"https:\/\/us.harlequinfloors.com\/es\/#website"},"primaryImageOfPage":{"@id":"https:\/\/us.harlequinfloors.com\/es\/harlequin-installation-service\/#primaryimage"},"image":{"@id":"https:\/\/us.harlequinfloors.com\/es\/harlequin-installation-service\/#primaryimage"},"thumbnailUrl":"https:\/\/us.harlequinfloors.com\/wp-content\/uploads\/2021\/06\/installation-banner-1110x650-1.jpg","datePublished":"2016-01-23T02:37:49+00:00","dateModified":"2025-07-31T07:07:11+00:00","description":"Proporcionamos una instalaci\u00f3n experta de Suelos de Danza y Barras de Ballet de muelles y vinilo. Ponte en contacto con nosotros para obtener m\u00e1s informaci\u00f3n sobre nuestros productos y servicios de instalaci\u00f3n.","breadcrumb":{"@id":"https:\/\/us.harlequinfloors.com\/es\/harlequin-installation-service\/#breadcrumb"},"inLanguage":"es","potentialAction":[{"@type":"ReadAction","target":["https:\/\/us.harlequinfloors.com\/es\/harlequin-installation-service\/"]}]},{"@type":"ImageObject","inLanguage":"es","@id":"https:\/\/us.harlequinfloors.com\/es\/harlequin-installation-service\/#primaryimage","url":"https:\/\/us.harlequinfloors.com\/wp-content\/uploads\/2021\/06\/installation-banner-1110x650-1.jpg","contentUrl":"https:\/\/us.harlequinfloors.com\/wp-content\/uploads\/2021\/06\/installation-banner-1110x650-1.jpg","width":1110,"height":600,"caption":"Floor for Dance Studio"},{"@type":"BreadcrumbList","@id":"https:\/\/us.harlequinfloors.com\/es\/harlequin-installation-service\/#breadcrumb","itemListElement":[{"@type":"ListItem","position":1,"name":"Home","item":"https:\/\/us.harlequinfloors.com\/es\/"},{"@type":"ListItem","position":2,"name":"Servicio de instalaci\u00f3n Harlequin"}]},{"@type":"WebSite","@id":"https:\/\/us.harlequinfloors.com\/es\/#website","url":"https:\/\/us.harlequinfloors.com\/es\/","name":"Harlequin Floors","description":"El mundo baila sobre los pisos Harlequin","potentialAction":[{"@type":"SearchAction","target":{"@type":"EntryPoint","urlTemplate":"https:\/\/us.harlequinfloors.com\/es\/?s={search_term_string}"},"query-input":{"@type":"PropertyValueSpecification","valueRequired":true,"valueName":"search_term_string"}}],"inLanguage":"es"}]}},"publishpress_future_action":{"enabled":false,"date":"2026-04-20 10:39:17","action":"change-status","newStatus":"draft","terms":[],"taxonomy":"translation_priority","extraData":[]},"publishpress_future_workflow_manual_trigger":{"enabledWorkflows":[]},"_links":{"self":[{"href":"https:\/\/us.harlequinfloors.com\/es\/wp-json\/wp\/v2\/pages\/3504","targetHints":{"allow":["GET"]}}],"collection":[{"href":"https:\/\/us.harlequinfloors.com\/es\/wp-json\/wp\/v2\/pages"}],"about":[{"href":"https:\/\/us.harlequinfloors.com\/es\/wp-json\/wp\/v2\/types\/page"}],"author":[{"embeddable":true,"href":"https:\/\/us.harlequinfloors.com\/es\/wp-json\/wp\/v2\/users\/1"}],"replies":[{"embeddable":true,"href":"https:\/\/us.harlequinfloors.com\/es\/wp-json\/wp\/v2\/comments?post=3504"}],"version-history":[{"count":4,"href":"https:\/\/us.harlequinfloors.com\/es\/wp-json\/wp\/v2\/pages\/3504\/revisions"}],"predecessor-version":[{"id":66547,"href":"https:\/\/us.harlequinfloors.com\/es\/wp-json\/wp\/v2\/pages\/3504\/revisions\/66547"}],"wp:featuredmedia":[{"embeddable":true,"href":"https:\/\/us.harlequinfloors.com\/es\/wp-json\/wp\/v2\/media\/36952"}],"wp:attachment":[{"href":"https:\/\/us.harlequinfloors.com\/es\/wp-json\/wp\/v2\/media?parent=3504"}],"curies":[{"name":"wp","href":"https:\/\/api.w.org\/{rel}","templated":true}]}}