{"id":3508,"date":"2016-03-02T20:45:39","date_gmt":"2016-03-03T01:45:39","guid":{"rendered":"https:\/\/harlequinfloor.wpengine.com\/es\/home-studio\/"},"modified":"2025-07-31T03:07:06","modified_gmt":"2025-07-31T07:07:06","slug":"home-studio","status":"publish","type":"page","link":"https:\/\/us.harlequinfloors.com\/es\/home-studio\/","title":{"rendered":"Estudio en casa"},"content":{"rendered":"<p>Existe una gran variedad de Kits Harlequin Home Studio que permitir\u00e1n a los bailarines utilizar un suelo de danza profesional en casa. Mejora la t\u00e9cnica, aumenta la confianza y reduce el riesgo de lesiones practicando sobre la superficie adecuada. &nbsp;  Elige la soluci\u00f3n Harlequin Home Studio que mejor se adapte a tus necesidades.<\/p>\n","protected":false},"excerpt":{"rendered":"<p>Existe una gran variedad de Kits Harlequin Home Studio que permitir\u00e1n a los bailarines utilizar un suelo de danza profesional&#8230;<\/p>\n<p><a class=\"btn btn-primary btn-an harlequin-read-more-link\" href=\"https:\/\/us.harlequinfloors.com\/es\/home-studio\/\">Leer m\u00e1s<\/a><\/p>\n","protected":false},"author":1,"featured_media":0,"parent":0,"menu_order":0,"comment_status":"closed","ping_status":"closed","template":"","meta":{"_acf_changed":false,"_monsterinsights_skip_tracking":false,"_monsterinsights_sitenote_active":false,"_monsterinsights_sitenote_note":"","_monsterinsights_sitenote_category":0,"footnotes":"","_links_to":"","_links_to_target":""},"class_list":["post-3508","page","type-page","status-publish","hentry"],"acf":[],"yoast_head":"<!-- This site is optimized with the Yoast SEO Premium plugin v26.1 (Yoast SEO v27.4) - https:\/\/yoast.com\/product\/yoast-seo-premium-wordpress\/ -->\n<title>Kits profesionales de estudio en casa | Harlequin Home Studio<\/title>\n<meta name=\"description\" content=\"Nuestros Kits de Estudio en Casa est\u00e1n dise\u00f1ados para la seguridad y comodidad del bailar\u00edn; para trabajar descalzo o en puntas; hip-hop, claqu\u00e9 y mucho m\u00e1s. La soluci\u00f3n adecuada a tus necesidades.\" \/>\n<meta name=\"robots\" content=\"index, follow, max-snippet:-1, max-image-preview:large, max-video-preview:-1\" \/>\n<link rel=\"canonical\" href=\"https:\/\/us.harlequinfloors.com\/es\/home-studio\/\" \/>\n<meta property=\"og:locale\" content=\"es_ES\" \/>\n<meta property=\"og:type\" content=\"article\" \/>\n<meta property=\"og:title\" content=\"Estudio en casa\" \/>\n<meta property=\"og:description\" content=\"Nuestros Kits de Estudio en Casa est\u00e1n dise\u00f1ados para la seguridad y comodidad del bailar\u00edn; para trabajar descalzo o en puntas; hip-hop, claqu\u00e9 y mucho m\u00e1s. La soluci\u00f3n adecuada a tus necesidades.\" \/>\n<meta property=\"og:url\" content=\"https:\/\/us.harlequinfloors.com\/es\/home-studio\/\" \/>\n<meta property=\"og:site_name\" content=\"Harlequin Floors\" \/>\n<meta property=\"article:publisher\" content=\"https:\/\/www.facebook.com\/americanharlequinfloors\" \/>\n<meta property=\"article:modified_time\" content=\"2025-07-31T07:07:06+00:00\" \/>\n<meta name=\"twitter:card\" content=\"summary_large_image\" \/>\n<script type=\"application\/ld+json\" class=\"yoast-schema-graph\">{\"@context\":\"https:\\\/\\\/schema.org\",\"@graph\":[{\"@type\":\"WebPage\",\"@id\":\"https:\\\/\\\/us.harlequinfloors.com\\\/es\\\/home-studio\\\/\",\"url\":\"https:\\\/\\\/us.harlequinfloors.com\\\/es\\\/home-studio\\\/\",\"name\":\"Kits profesionales de estudio en casa | Harlequin Home Studio\",\"isPartOf\":{\"@id\":\"https:\\\/\\\/us.harlequinfloors.com\\\/es\\\/#website\"},\"datePublished\":\"2016-03-03T01:45:39+00:00\",\"dateModified\":\"2025-07-31T07:07:06+00:00\",\"description\":\"Nuestros Kits de Estudio en Casa est\u00e1n dise\u00f1ados para la seguridad y comodidad del bailar\u00edn; para trabajar descalzo o en puntas; hip-hop, claqu\u00e9 y mucho m\u00e1s. La soluci\u00f3n adecuada a tus necesidades.\",\"breadcrumb\":{\"@id\":\"https:\\\/\\\/us.harlequinfloors.com\\\/es\\\/home-studio\\\/#breadcrumb\"},\"inLanguage\":\"es\",\"potentialAction\":[{\"@type\":\"ReadAction\",\"target\":[\"https:\\\/\\\/us.harlequinfloors.com\\\/es\\\/home-studio\\\/\"]}]},{\"@type\":\"BreadcrumbList\",\"@id\":\"https:\\\/\\\/us.harlequinfloors.com\\\/es\\\/home-studio\\\/#breadcrumb\",\"itemListElement\":[{\"@type\":\"ListItem\",\"position\":1,\"name\":\"Home\",\"item\":\"https:\\\/\\\/us.harlequinfloors.com\\\/es\\\/\"},{\"@type\":\"ListItem\",\"position\":2,\"name\":\"Estudio en casa\"}]},{\"@type\":\"WebSite\",\"@id\":\"https:\\\/\\\/us.harlequinfloors.com\\\/es\\\/#website\",\"url\":\"https:\\\/\\\/us.harlequinfloors.com\\\/es\\\/\",\"name\":\"Harlequin Floors\",\"description\":\"El mundo baila sobre los pisos Harlequin\",\"potentialAction\":[{\"@type\":\"SearchAction\",\"target\":{\"@type\":\"EntryPoint\",\"urlTemplate\":\"https:\\\/\\\/us.harlequinfloors.com\\\/es\\\/?s={search_term_string}\"},\"query-input\":{\"@type\":\"PropertyValueSpecification\",\"valueRequired\":true,\"valueName\":\"search_term_string\"}}],\"inLanguage\":\"es\"}]}<\/script>\n<!-- \/ Yoast SEO Premium plugin. -->","yoast_head_json":{"title":"Kits profesionales de estudio en casa | Harlequin Home Studio","description":"Nuestros Kits de Estudio en Casa est\u00e1n dise\u00f1ados para la seguridad y comodidad del bailar\u00edn; para trabajar descalzo o en puntas; hip-hop, claqu\u00e9 y mucho m\u00e1s. La soluci\u00f3n adecuada a tus necesidades.","robots":{"index":"index","follow":"follow","max-snippet":"max-snippet:-1","max-image-preview":"max-image-preview:large","max-video-preview":"max-video-preview:-1"},"canonical":"https:\/\/us.harlequinfloors.com\/es\/home-studio\/","og_locale":"es_ES","og_type":"article","og_title":"Estudio en casa","og_description":"Nuestros Kits de Estudio en Casa est\u00e1n dise\u00f1ados para la seguridad y comodidad del bailar\u00edn; para trabajar descalzo o en puntas; hip-hop, claqu\u00e9 y mucho m\u00e1s. La soluci\u00f3n adecuada a tus necesidades.","og_url":"https:\/\/us.harlequinfloors.com\/es\/home-studio\/","og_site_name":"Harlequin Floors","article_publisher":"https:\/\/www.facebook.com\/americanharlequinfloors","article_modified_time":"2025-07-31T07:07:06+00:00","twitter_card":"summary_large_image","schema":{"@context":"https:\/\/schema.org","@graph":[{"@type":"WebPage","@id":"https:\/\/us.harlequinfloors.com\/es\/home-studio\/","url":"https:\/\/us.harlequinfloors.com\/es\/home-studio\/","name":"Kits profesionales de estudio en casa | Harlequin Home Studio","isPartOf":{"@id":"https:\/\/us.harlequinfloors.com\/es\/#website"},"datePublished":"2016-03-03T01:45:39+00:00","dateModified":"2025-07-31T07:07:06+00:00","description":"Nuestros Kits de Estudio en Casa est\u00e1n dise\u00f1ados para la seguridad y comodidad del bailar\u00edn; para trabajar descalzo o en puntas; hip-hop, claqu\u00e9 y mucho m\u00e1s. La soluci\u00f3n adecuada a tus necesidades.","breadcrumb":{"@id":"https:\/\/us.harlequinfloors.com\/es\/home-studio\/#breadcrumb"},"inLanguage":"es","potentialAction":[{"@type":"ReadAction","target":["https:\/\/us.harlequinfloors.com\/es\/home-studio\/"]}]},{"@type":"BreadcrumbList","@id":"https:\/\/us.harlequinfloors.com\/es\/home-studio\/#breadcrumb","itemListElement":[{"@type":"ListItem","position":1,"name":"Home","item":"https:\/\/us.harlequinfloors.com\/es\/"},{"@type":"ListItem","position":2,"name":"Estudio en casa"}]},{"@type":"WebSite","@id":"https:\/\/us.harlequinfloors.com\/es\/#website","url":"https:\/\/us.harlequinfloors.com\/es\/","name":"Harlequin Floors","description":"El mundo baila sobre los pisos Harlequin","potentialAction":[{"@type":"SearchAction","target":{"@type":"EntryPoint","urlTemplate":"https:\/\/us.harlequinfloors.com\/es\/?s={search_term_string}"},"query-input":{"@type":"PropertyValueSpecification","valueRequired":true,"valueName":"search_term_string"}}],"inLanguage":"es"}]}},"publishpress_future_action":{"enabled":false,"date":"2026-04-29 09:25:08","action":"change-status","newStatus":"draft","terms":[],"taxonomy":"translation_priority","extraData":[]},"publishpress_future_workflow_manual_trigger":{"enabledWorkflows":[]},"_links":{"self":[{"href":"https:\/\/us.harlequinfloors.com\/es\/wp-json\/wp\/v2\/pages\/3508","targetHints":{"allow":["GET"]}}],"collection":[{"href":"https:\/\/us.harlequinfloors.com\/es\/wp-json\/wp\/v2\/pages"}],"about":[{"href":"https:\/\/us.harlequinfloors.com\/es\/wp-json\/wp\/v2\/types\/page"}],"author":[{"embeddable":true,"href":"https:\/\/us.harlequinfloors.com\/es\/wp-json\/wp\/v2\/users\/1"}],"replies":[{"embeddable":true,"href":"https:\/\/us.harlequinfloors.com\/es\/wp-json\/wp\/v2\/comments?post=3508"}],"version-history":[{"count":1,"href":"https:\/\/us.harlequinfloors.com\/es\/wp-json\/wp\/v2\/pages\/3508\/revisions"}],"predecessor-version":[{"id":66536,"href":"https:\/\/us.harlequinfloors.com\/es\/wp-json\/wp\/v2\/pages\/3508\/revisions\/66536"}],"wp:attachment":[{"href":"https:\/\/us.harlequinfloors.com\/es\/wp-json\/wp\/v2\/media?parent=3508"}],"curies":[{"name":"wp","href":"https:\/\/api.w.org\/{rel}","templated":true}]}}