{"id":3510,"date":"2016-03-02T21:11:46","date_gmt":"2016-03-03T02:11:46","guid":{"rendered":"https:\/\/harlequinfloor.wpengine.com\/es\/home-studio\/harlequin-professional-home-studio-kits\/"},"modified":"2025-07-31T03:20:09","modified_gmt":"2025-07-31T07:20:09","slug":"harlequin-professional-home-studio-kits","status":"publish","type":"page","link":"https:\/\/us.harlequinfloors.com\/es\/home-studio\/harlequin-professional-home-studio-kits\/","title":{"rendered":"Kits de estudio dom\u00e9stico profesional Harlequin"},"content":{"rendered":"<p>Los <strong>tapices de danza Harlequin Floors Professional Home Studio Kits<\/strong> est\u00e1n dise\u00f1ados pensando en la seguridad y el confort del bailar\u00edn. Este kit incluye los paneles de tarima Harlequin Liberty <sup>LatchLocTM<\/sup> que protegen las articulaciones de los bailarines mientras practican y est\u00e1 disponible con el tapiz de danza Harlequin <sup>CascadeTM<\/sup> o Harlequin <sup>ReversibleTM<\/sup> a elegir. <\/p>\n<p><strong>6&#8242; x 6&#8242; KIT DE ESTUDIO PROFESIONAL PARA EL HOGAR HARLEQUIN<\/strong><\/p>\n<p>El kit contiene:<\/p>\n<p>3 &#8211; Paneles Harlequin Liberty <sup>LatchLocTM<\/sup> de 2&#8242; x 4&#8242;<br \/>\n3 &#8211; Paneles Harlequin Liberty <sup>LatchLocTM<\/sup> de 2&#8242; x 2&#8242;<br \/>\n1 herramienta de cierre<\/p>\n<p>1 rollo de Harlequin <sup>Cascade\u2122<\/sup> para cubrir 6&#8242; x 6&#8242; (puede ser necesario recortarlo)<\/p>\n<hr>\n<p><strong>8&#8242; x 10&#8242; KIT DE ESTUDIO DOM\u00c9STICO PROFESIONAL HARLEQUIN<\/strong><\/p>\n<p>El kit contiene:<\/p>\n<p>8 &#8211; Paneles Harlequin Liberty <sup>LatchLocTM<\/sup> de 2&#8242; x 4&#8242;<br \/>\n4 &#8211; Paneles Harlequin Liberty <sup>LatchLocTM<\/sup> de 2&#8242; x 2&#8242;<br \/>\n1 herramienta de cierre<\/p>\n<p>2 rollos de Harlequin <sup>CascadeTM<\/sup> o Harlequin <sup>ReversibleTM<\/sup> para cubrir 8&#8242; x 10&#8242; (puede ser necesario recortar)<\/p>\n","protected":false},"excerpt":{"rendered":"<p>Los tapices de danza Harlequin Floors Professional Home Studio Kits est\u00e1n dise\u00f1ados pensando en la seguridad y el confort del&#8230;<\/p>\n<p><a class=\"btn btn-primary btn-an harlequin-read-more-link\" href=\"https:\/\/us.harlequinfloors.com\/es\/home-studio\/harlequin-professional-home-studio-kits\/\">Leer m\u00e1s<\/a><\/p>\n","protected":false},"author":1,"featured_media":3082,"parent":3508,"menu_order":0,"comment_status":"closed","ping_status":"closed","template":"","meta":{"_acf_changed":false,"_monsterinsights_skip_tracking":false,"_monsterinsights_sitenote_active":false,"_monsterinsights_sitenote_note":"","_monsterinsights_sitenote_category":0,"footnotes":"","_links_to":"","_links_to_target":""},"class_list":["post-3510","page","type-page","status-publish","has-post-thumbnail","hentry"],"acf":[],"yoast_head":"<!-- This site is optimized with the Yoast SEO Premium plugin v26.1 (Yoast SEO v27.2) - https:\/\/yoast.com\/product\/yoast-seo-premium-wordpress\/ -->\n<title>Kits de estudio dom\u00e9stico profesional Harlequin | Harlequin Floors<\/title>\n<meta name=\"description\" content=\"Los kits Harlequin Professional Home Studio est\u00e1n dise\u00f1ados pensando en la seguridad y la comodidad del bailar\u00edn. Incluye paneles de tarima Liberty LatchLoc.\" \/>\n<meta name=\"robots\" content=\"index, follow, max-snippet:-1, max-image-preview:large, max-video-preview:-1\" \/>\n<link rel=\"canonical\" href=\"https:\/\/us.harlequinfloors.com\/es\/home-studio\/harlequin-professional-home-studio-kits\/\" \/>\n<meta property=\"og:locale\" content=\"es_ES\" \/>\n<meta property=\"og:type\" content=\"article\" \/>\n<meta property=\"og:title\" content=\"Kits de estudio dom\u00e9stico profesional Harlequin\" \/>\n<meta property=\"og:description\" content=\"Los kits Harlequin Professional Home Studio est\u00e1n dise\u00f1ados pensando en la seguridad y la comodidad del bailar\u00edn. Incluye paneles de tarima Liberty LatchLoc.\" \/>\n<meta property=\"og:url\" content=\"https:\/\/us.harlequinfloors.com\/es\/home-studio\/harlequin-professional-home-studio-kits\/\" \/>\n<meta property=\"og:site_name\" content=\"Harlequin Floors\" \/>\n<meta property=\"article:publisher\" content=\"https:\/\/www.facebook.com\/americanharlequinfloors\" \/>\n<meta property=\"article:modified_time\" content=\"2025-07-31T07:20:09+00:00\" \/>\n<meta property=\"og:image\" content=\"https:\/\/us.harlequinfloors.com\/wp-content\/uploads\/2016\/03\/Professional-Home-Studio.png\" \/>\n\t<meta property=\"og:image:width\" content=\"450\" \/>\n\t<meta property=\"og:image:height\" content=\"450\" \/>\n\t<meta property=\"og:image:type\" content=\"image\/png\" \/>\n<meta name=\"twitter:card\" content=\"summary_large_image\" \/>\n<meta name=\"twitter:label1\" content=\"Tiempo de lectura\" \/>\n\t<meta name=\"twitter:data1\" content=\"1 minuto\" \/>\n<script type=\"application\/ld+json\" class=\"yoast-schema-graph\">{\"@context\":\"https:\/\/schema.org\",\"@graph\":[{\"@type\":\"WebPage\",\"@id\":\"https:\/\/us.harlequinfloors.com\/es\/home-studio\/harlequin-professional-home-studio-kits\/\",\"url\":\"https:\/\/us.harlequinfloors.com\/es\/home-studio\/harlequin-professional-home-studio-kits\/\",\"name\":\"Kits de estudio dom\u00e9stico profesional Harlequin | Harlequin Floors\",\"isPartOf\":{\"@id\":\"https:\/\/us.harlequinfloors.com\/es\/#website\"},\"primaryImageOfPage\":{\"@id\":\"https:\/\/us.harlequinfloors.com\/es\/home-studio\/harlequin-professional-home-studio-kits\/#primaryimage\"},\"image\":{\"@id\":\"https:\/\/us.harlequinfloors.com\/es\/home-studio\/harlequin-professional-home-studio-kits\/#primaryimage\"},\"thumbnailUrl\":\"https:\/\/us.harlequinfloors.com\/wp-content\/uploads\/2016\/03\/Professional-Home-Studio.png\",\"datePublished\":\"2016-03-03T02:11:46+00:00\",\"dateModified\":\"2025-07-31T07:20:09+00:00\",\"description\":\"Los kits Harlequin Professional Home Studio est\u00e1n dise\u00f1ados pensando en la seguridad y la comodidad del bailar\u00edn. Incluye paneles de tarima Liberty LatchLoc.\",\"breadcrumb\":{\"@id\":\"https:\/\/us.harlequinfloors.com\/es\/home-studio\/harlequin-professional-home-studio-kits\/#breadcrumb\"},\"inLanguage\":\"es\",\"potentialAction\":[{\"@type\":\"ReadAction\",\"target\":[\"https:\/\/us.harlequinfloors.com\/es\/home-studio\/harlequin-professional-home-studio-kits\/\"]}]},{\"@type\":\"ImageObject\",\"inLanguage\":\"es\",\"@id\":\"https:\/\/us.harlequinfloors.com\/es\/home-studio\/harlequin-professional-home-studio-kits\/#primaryimage\",\"url\":\"https:\/\/us.harlequinfloors.com\/wp-content\/uploads\/2016\/03\/Professional-Home-Studio.png\",\"contentUrl\":\"https:\/\/us.harlequinfloors.com\/wp-content\/uploads\/2016\/03\/Professional-Home-Studio.png\",\"width\":450,\"height\":450},{\"@type\":\"BreadcrumbList\",\"@id\":\"https:\/\/us.harlequinfloors.com\/es\/home-studio\/harlequin-professional-home-studio-kits\/#breadcrumb\",\"itemListElement\":[{\"@type\":\"ListItem\",\"position\":1,\"name\":\"Home\",\"item\":\"https:\/\/us.harlequinfloors.com\/es\/\"},{\"@type\":\"ListItem\",\"position\":2,\"name\":\"Estudio en casa\",\"item\":\"https:\/\/us.harlequinfloors.com\/es\/home-studio\/\"},{\"@type\":\"ListItem\",\"position\":3,\"name\":\"Kits de estudio dom\u00e9stico profesional Harlequin\"}]},{\"@type\":\"WebSite\",\"@id\":\"https:\/\/us.harlequinfloors.com\/es\/#website\",\"url\":\"https:\/\/us.harlequinfloors.com\/es\/\",\"name\":\"Harlequin Floors\",\"description\":\"El mundo baila sobre los pisos Harlequin\",\"potentialAction\":[{\"@type\":\"SearchAction\",\"target\":{\"@type\":\"EntryPoint\",\"urlTemplate\":\"https:\/\/us.harlequinfloors.com\/es\/?s={search_term_string}\"},\"query-input\":{\"@type\":\"PropertyValueSpecification\",\"valueRequired\":true,\"valueName\":\"search_term_string\"}}],\"inLanguage\":\"es\"}]}<\/script>\n<!-- \/ Yoast SEO Premium plugin. -->","yoast_head_json":{"title":"Kits de estudio dom\u00e9stico profesional Harlequin | Harlequin Floors","description":"Los kits Harlequin Professional Home Studio est\u00e1n dise\u00f1ados pensando en la seguridad y la comodidad del bailar\u00edn. Incluye paneles de tarima Liberty LatchLoc.","robots":{"index":"index","follow":"follow","max-snippet":"max-snippet:-1","max-image-preview":"max-image-preview:large","max-video-preview":"max-video-preview:-1"},"canonical":"https:\/\/us.harlequinfloors.com\/es\/home-studio\/harlequin-professional-home-studio-kits\/","og_locale":"es_ES","og_type":"article","og_title":"Kits de estudio dom\u00e9stico profesional Harlequin","og_description":"Los kits Harlequin Professional Home Studio est\u00e1n dise\u00f1ados pensando en la seguridad y la comodidad del bailar\u00edn. Incluye paneles de tarima Liberty LatchLoc.","og_url":"https:\/\/us.harlequinfloors.com\/es\/home-studio\/harlequin-professional-home-studio-kits\/","og_site_name":"Harlequin Floors","article_publisher":"https:\/\/www.facebook.com\/americanharlequinfloors","article_modified_time":"2025-07-31T07:20:09+00:00","og_image":[{"width":450,"height":450,"url":"https:\/\/us.harlequinfloors.com\/wp-content\/uploads\/2016\/03\/Professional-Home-Studio.png","type":"image\/png"}],"twitter_card":"summary_large_image","twitter_misc":{"Tiempo de lectura":"1 minuto"},"schema":{"@context":"https:\/\/schema.org","@graph":[{"@type":"WebPage","@id":"https:\/\/us.harlequinfloors.com\/es\/home-studio\/harlequin-professional-home-studio-kits\/","url":"https:\/\/us.harlequinfloors.com\/es\/home-studio\/harlequin-professional-home-studio-kits\/","name":"Kits de estudio dom\u00e9stico profesional Harlequin | Harlequin Floors","isPartOf":{"@id":"https:\/\/us.harlequinfloors.com\/es\/#website"},"primaryImageOfPage":{"@id":"https:\/\/us.harlequinfloors.com\/es\/home-studio\/harlequin-professional-home-studio-kits\/#primaryimage"},"image":{"@id":"https:\/\/us.harlequinfloors.com\/es\/home-studio\/harlequin-professional-home-studio-kits\/#primaryimage"},"thumbnailUrl":"https:\/\/us.harlequinfloors.com\/wp-content\/uploads\/2016\/03\/Professional-Home-Studio.png","datePublished":"2016-03-03T02:11:46+00:00","dateModified":"2025-07-31T07:20:09+00:00","description":"Los kits Harlequin Professional Home Studio est\u00e1n dise\u00f1ados pensando en la seguridad y la comodidad del bailar\u00edn. Incluye paneles de tarima Liberty LatchLoc.","breadcrumb":{"@id":"https:\/\/us.harlequinfloors.com\/es\/home-studio\/harlequin-professional-home-studio-kits\/#breadcrumb"},"inLanguage":"es","potentialAction":[{"@type":"ReadAction","target":["https:\/\/us.harlequinfloors.com\/es\/home-studio\/harlequin-professional-home-studio-kits\/"]}]},{"@type":"ImageObject","inLanguage":"es","@id":"https:\/\/us.harlequinfloors.com\/es\/home-studio\/harlequin-professional-home-studio-kits\/#primaryimage","url":"https:\/\/us.harlequinfloors.com\/wp-content\/uploads\/2016\/03\/Professional-Home-Studio.png","contentUrl":"https:\/\/us.harlequinfloors.com\/wp-content\/uploads\/2016\/03\/Professional-Home-Studio.png","width":450,"height":450},{"@type":"BreadcrumbList","@id":"https:\/\/us.harlequinfloors.com\/es\/home-studio\/harlequin-professional-home-studio-kits\/#breadcrumb","itemListElement":[{"@type":"ListItem","position":1,"name":"Home","item":"https:\/\/us.harlequinfloors.com\/es\/"},{"@type":"ListItem","position":2,"name":"Estudio en casa","item":"https:\/\/us.harlequinfloors.com\/es\/home-studio\/"},{"@type":"ListItem","position":3,"name":"Kits de estudio dom\u00e9stico profesional Harlequin"}]},{"@type":"WebSite","@id":"https:\/\/us.harlequinfloors.com\/es\/#website","url":"https:\/\/us.harlequinfloors.com\/es\/","name":"Harlequin Floors","description":"El mundo baila sobre los pisos Harlequin","potentialAction":[{"@type":"SearchAction","target":{"@type":"EntryPoint","urlTemplate":"https:\/\/us.harlequinfloors.com\/es\/?s={search_term_string}"},"query-input":{"@type":"PropertyValueSpecification","valueRequired":true,"valueName":"search_term_string"}}],"inLanguage":"es"}]}},"publishpress_future_action":{"enabled":false,"date":"2026-04-10 23:25:08","action":"change-status","newStatus":"draft","terms":[],"taxonomy":"translation_priority","extraData":[]},"publishpress_future_workflow_manual_trigger":{"enabledWorkflows":[]},"_links":{"self":[{"href":"https:\/\/us.harlequinfloors.com\/es\/wp-json\/wp\/v2\/pages\/3510","targetHints":{"allow":["GET"]}}],"collection":[{"href":"https:\/\/us.harlequinfloors.com\/es\/wp-json\/wp\/v2\/pages"}],"about":[{"href":"https:\/\/us.harlequinfloors.com\/es\/wp-json\/wp\/v2\/types\/page"}],"author":[{"embeddable":true,"href":"https:\/\/us.harlequinfloors.com\/es\/wp-json\/wp\/v2\/users\/1"}],"replies":[{"embeddable":true,"href":"https:\/\/us.harlequinfloors.com\/es\/wp-json\/wp\/v2\/comments?post=3510"}],"version-history":[{"count":1,"href":"https:\/\/us.harlequinfloors.com\/es\/wp-json\/wp\/v2\/pages\/3510\/revisions"}],"predecessor-version":[{"id":67336,"href":"https:\/\/us.harlequinfloors.com\/es\/wp-json\/wp\/v2\/pages\/3510\/revisions\/67336"}],"up":[{"embeddable":true,"href":"https:\/\/us.harlequinfloors.com\/es\/wp-json\/wp\/v2\/pages\/3508"}],"wp:featuredmedia":[{"embeddable":true,"href":"https:\/\/us.harlequinfloors.com\/es\/wp-json\/wp\/v2\/media\/3082"}],"wp:attachment":[{"href":"https:\/\/us.harlequinfloors.com\/es\/wp-json\/wp\/v2\/media?parent=3510"}],"curies":[{"name":"wp","href":"https:\/\/api.w.org\/{rel}","templated":true}]}}