{"id":3513,"date":"2016-03-02T21:31:39","date_gmt":"2016-03-02T21:31:39","guid":{"rendered":"https:\/\/harlequinfloor.wpengine.com\/es\/home-studio\/harlequin-enthusiast-home-studio-kit\/"},"modified":"2017-04-06T16:38:49","modified_gmt":"2017-04-06T16:38:49","slug":"harlequin-enthusiast-home-studio-kit","status":"publish","type":"page","link":"https:\/\/us.harlequinfloors.com\/es\/home-studio\/harlequin-enthusiast-home-studio-kit\/","title":{"rendered":"Harlequin Enthusiast Home Studio Kit"},"content":{"rendered":"<p><strong>Harlequ\u00edn Enthusiast Home Studio Kit<\/strong> viene con dos superficies: un piso enrollable\u00a0de madera de bamb\u00fa perfecto para el baile de percusi\u00f3n, as\u00ed como un rollo de Harlequ\u00edn Cascade<sup>TM<\/sup> dise\u00f1ado para todo tipo de danza desde los pies descalzos hasta trabajo de puntas. Disponible en (2) kits de diferentes tama\u00f1os.<\/p>\n<p>El kit contiene:<\/p>\n<p>(1) 6&#8217;3&#8243; x 6&#8217;6&#8243; O (1) 6&#8217;3&#8243; x 9&#8217;10\u00bb de piso enrollable de bamb\u00fa<br \/>\n1 rollo de Harlequin Cascade<sup>TM<\/sup><br \/>\n1 rollo de cinta de colores coordinados<\/p>\n","protected":false},"excerpt":{"rendered":"<p>Harlequ\u00edn Enthusiast Home Studio Kit viene con dos superficies: un piso enrollable\u00a0de madera de bamb\u00fa perfecto para el baile de&#8230;<\/p>\n<p><a class=\"btn btn-primary btn-an harlequin-read-more-link\" href=\"https:\/\/us.harlequinfloors.com\/es\/home-studio\/harlequin-enthusiast-home-studio-kit\/\">Leer m\u00e1s<\/a><\/p>\n","protected":false},"author":1,"featured_media":6910,"parent":3508,"menu_order":1,"comment_status":"closed","ping_status":"closed","template":"","meta":{"_acf_changed":false,"_monsterinsights_skip_tracking":false,"_monsterinsights_sitenote_active":false,"_monsterinsights_sitenote_note":"","_monsterinsights_sitenote_category":0,"footnotes":"","_links_to":"","_links_to_target":""},"class_list":["post-3513","page","type-page","status-publish","has-post-thumbnail","hentry"],"acf":[],"yoast_head":"<!-- This site is optimized with the Yoast SEO Premium plugin v26.1 (Yoast SEO v27.4) - https:\/\/yoast.com\/product\/yoast-seo-premium-wordpress\/ -->\n<title>Harlequin Enthusiast Home Studio Kit | Harlequin Floors<\/title>\n<meta name=\"robots\" content=\"index, follow, max-snippet:-1, max-image-preview:large, max-video-preview:-1\" \/>\n<link rel=\"canonical\" href=\"https:\/\/us.harlequinfloors.com\/es\/home-studio\/harlequin-enthusiast-home-studio-kit\/\" \/>\n<meta property=\"og:locale\" content=\"es_ES\" \/>\n<meta property=\"og:type\" content=\"article\" \/>\n<meta property=\"og:title\" content=\"Harlequin Enthusiast Home Studio Kit\" \/>\n<meta property=\"og:description\" content=\"Harlequ\u00edn Enthusiast Home Studio Kit viene con dos superficies: un piso enrollable\u00a0de madera de bamb\u00fa perfecto para el baile de...Leer m\u00e1s\" \/>\n<meta property=\"og:url\" content=\"https:\/\/us.harlequinfloors.com\/es\/home-studio\/harlequin-enthusiast-home-studio-kit\/\" \/>\n<meta property=\"og:site_name\" content=\"Harlequin Floors\" \/>\n<meta property=\"article:publisher\" content=\"https:\/\/www.facebook.com\/americanharlequinfloors\" \/>\n<meta property=\"article:modified_time\" content=\"2017-04-06T16:38:49+00:00\" \/>\n<meta property=\"og:image\" content=\"https:\/\/us.harlequinfloors.com\/wp-content\/uploads\/2016\/03\/EnthusiastV2_450x450.png\" \/>\n\t<meta property=\"og:image:width\" content=\"450\" \/>\n\t<meta property=\"og:image:height\" content=\"450\" \/>\n\t<meta property=\"og:image:type\" content=\"image\/png\" \/>\n<meta name=\"twitter:card\" content=\"summary_large_image\" \/>\n<script type=\"application\/ld+json\" class=\"yoast-schema-graph\">{\"@context\":\"https:\\\/\\\/schema.org\",\"@graph\":[{\"@type\":\"WebPage\",\"@id\":\"https:\\\/\\\/us.harlequinfloors.com\\\/es\\\/home-studio\\\/harlequin-enthusiast-home-studio-kit\\\/\",\"url\":\"https:\\\/\\\/us.harlequinfloors.com\\\/es\\\/home-studio\\\/harlequin-enthusiast-home-studio-kit\\\/\",\"name\":\"Harlequin Enthusiast Home Studio Kit | Harlequin Floors\",\"isPartOf\":{\"@id\":\"https:\\\/\\\/us.harlequinfloors.com\\\/es\\\/#website\"},\"primaryImageOfPage\":{\"@id\":\"https:\\\/\\\/us.harlequinfloors.com\\\/es\\\/home-studio\\\/harlequin-enthusiast-home-studio-kit\\\/#primaryimage\"},\"image\":{\"@id\":\"https:\\\/\\\/us.harlequinfloors.com\\\/es\\\/home-studio\\\/harlequin-enthusiast-home-studio-kit\\\/#primaryimage\"},\"thumbnailUrl\":\"https:\\\/\\\/us.harlequinfloors.com\\\/wp-content\\\/uploads\\\/2016\\\/03\\\/EnthusiastV2_450x450.png\",\"datePublished\":\"2016-03-02T21:31:39+00:00\",\"dateModified\":\"2017-04-06T16:38:49+00:00\",\"breadcrumb\":{\"@id\":\"https:\\\/\\\/us.harlequinfloors.com\\\/es\\\/home-studio\\\/harlequin-enthusiast-home-studio-kit\\\/#breadcrumb\"},\"inLanguage\":\"es\",\"potentialAction\":[{\"@type\":\"ReadAction\",\"target\":[\"https:\\\/\\\/us.harlequinfloors.com\\\/es\\\/home-studio\\\/harlequin-enthusiast-home-studio-kit\\\/\"]}]},{\"@type\":\"ImageObject\",\"inLanguage\":\"es\",\"@id\":\"https:\\\/\\\/us.harlequinfloors.com\\\/es\\\/home-studio\\\/harlequin-enthusiast-home-studio-kit\\\/#primaryimage\",\"url\":\"https:\\\/\\\/us.harlequinfloors.com\\\/wp-content\\\/uploads\\\/2016\\\/03\\\/EnthusiastV2_450x450.png\",\"contentUrl\":\"https:\\\/\\\/us.harlequinfloors.com\\\/wp-content\\\/uploads\\\/2016\\\/03\\\/EnthusiastV2_450x450.png\",\"width\":450,\"height\":450,\"caption\":\"Enthusiast\"},{\"@type\":\"BreadcrumbList\",\"@id\":\"https:\\\/\\\/us.harlequinfloors.com\\\/es\\\/home-studio\\\/harlequin-enthusiast-home-studio-kit\\\/#breadcrumb\",\"itemListElement\":[{\"@type\":\"ListItem\",\"position\":1,\"name\":\"Home\",\"item\":\"https:\\\/\\\/us.harlequinfloors.com\\\/es\\\/\"},{\"@type\":\"ListItem\",\"position\":2,\"name\":\"Estudio en casa\",\"item\":\"https:\\\/\\\/us.harlequinfloors.com\\\/es\\\/home-studio\\\/\"},{\"@type\":\"ListItem\",\"position\":3,\"name\":\"Harlequin Enthusiast Home Studio Kit\"}]},{\"@type\":\"WebSite\",\"@id\":\"https:\\\/\\\/us.harlequinfloors.com\\\/es\\\/#website\",\"url\":\"https:\\\/\\\/us.harlequinfloors.com\\\/es\\\/\",\"name\":\"Harlequin Floors\",\"description\":\"El mundo baila sobre los pisos Harlequin\",\"potentialAction\":[{\"@type\":\"SearchAction\",\"target\":{\"@type\":\"EntryPoint\",\"urlTemplate\":\"https:\\\/\\\/us.harlequinfloors.com\\\/es\\\/?s={search_term_string}\"},\"query-input\":{\"@type\":\"PropertyValueSpecification\",\"valueRequired\":true,\"valueName\":\"search_term_string\"}}],\"inLanguage\":\"es\"}]}<\/script>\n<!-- \/ Yoast SEO Premium plugin. -->","yoast_head_json":{"title":"Harlequin Enthusiast Home Studio Kit | Harlequin Floors","robots":{"index":"index","follow":"follow","max-snippet":"max-snippet:-1","max-image-preview":"max-image-preview:large","max-video-preview":"max-video-preview:-1"},"canonical":"https:\/\/us.harlequinfloors.com\/es\/home-studio\/harlequin-enthusiast-home-studio-kit\/","og_locale":"es_ES","og_type":"article","og_title":"Harlequin Enthusiast Home Studio Kit","og_description":"Harlequ\u00edn Enthusiast Home Studio Kit viene con dos superficies: un piso enrollable\u00a0de madera de bamb\u00fa perfecto para el baile de...Leer m\u00e1s","og_url":"https:\/\/us.harlequinfloors.com\/es\/home-studio\/harlequin-enthusiast-home-studio-kit\/","og_site_name":"Harlequin Floors","article_publisher":"https:\/\/www.facebook.com\/americanharlequinfloors","article_modified_time":"2017-04-06T16:38:49+00:00","og_image":[{"width":450,"height":450,"url":"https:\/\/us.harlequinfloors.com\/wp-content\/uploads\/2016\/03\/EnthusiastV2_450x450.png","type":"image\/png"}],"twitter_card":"summary_large_image","schema":{"@context":"https:\/\/schema.org","@graph":[{"@type":"WebPage","@id":"https:\/\/us.harlequinfloors.com\/es\/home-studio\/harlequin-enthusiast-home-studio-kit\/","url":"https:\/\/us.harlequinfloors.com\/es\/home-studio\/harlequin-enthusiast-home-studio-kit\/","name":"Harlequin Enthusiast Home Studio Kit | Harlequin Floors","isPartOf":{"@id":"https:\/\/us.harlequinfloors.com\/es\/#website"},"primaryImageOfPage":{"@id":"https:\/\/us.harlequinfloors.com\/es\/home-studio\/harlequin-enthusiast-home-studio-kit\/#primaryimage"},"image":{"@id":"https:\/\/us.harlequinfloors.com\/es\/home-studio\/harlequin-enthusiast-home-studio-kit\/#primaryimage"},"thumbnailUrl":"https:\/\/us.harlequinfloors.com\/wp-content\/uploads\/2016\/03\/EnthusiastV2_450x450.png","datePublished":"2016-03-02T21:31:39+00:00","dateModified":"2017-04-06T16:38:49+00:00","breadcrumb":{"@id":"https:\/\/us.harlequinfloors.com\/es\/home-studio\/harlequin-enthusiast-home-studio-kit\/#breadcrumb"},"inLanguage":"es","potentialAction":[{"@type":"ReadAction","target":["https:\/\/us.harlequinfloors.com\/es\/home-studio\/harlequin-enthusiast-home-studio-kit\/"]}]},{"@type":"ImageObject","inLanguage":"es","@id":"https:\/\/us.harlequinfloors.com\/es\/home-studio\/harlequin-enthusiast-home-studio-kit\/#primaryimage","url":"https:\/\/us.harlequinfloors.com\/wp-content\/uploads\/2016\/03\/EnthusiastV2_450x450.png","contentUrl":"https:\/\/us.harlequinfloors.com\/wp-content\/uploads\/2016\/03\/EnthusiastV2_450x450.png","width":450,"height":450,"caption":"Enthusiast"},{"@type":"BreadcrumbList","@id":"https:\/\/us.harlequinfloors.com\/es\/home-studio\/harlequin-enthusiast-home-studio-kit\/#breadcrumb","itemListElement":[{"@type":"ListItem","position":1,"name":"Home","item":"https:\/\/us.harlequinfloors.com\/es\/"},{"@type":"ListItem","position":2,"name":"Estudio en casa","item":"https:\/\/us.harlequinfloors.com\/es\/home-studio\/"},{"@type":"ListItem","position":3,"name":"Harlequin Enthusiast Home Studio Kit"}]},{"@type":"WebSite","@id":"https:\/\/us.harlequinfloors.com\/es\/#website","url":"https:\/\/us.harlequinfloors.com\/es\/","name":"Harlequin Floors","description":"El mundo baila sobre los pisos Harlequin","potentialAction":[{"@type":"SearchAction","target":{"@type":"EntryPoint","urlTemplate":"https:\/\/us.harlequinfloors.com\/es\/?s={search_term_string}"},"query-input":{"@type":"PropertyValueSpecification","valueRequired":true,"valueName":"search_term_string"}}],"inLanguage":"es"}]}},"publishpress_future_action":{"enabled":false,"date":"2026-05-04 12:07:19","action":"change-status","newStatus":"draft","terms":[],"taxonomy":"translation_priority","extraData":[]},"publishpress_future_workflow_manual_trigger":{"enabledWorkflows":[]},"_links":{"self":[{"href":"https:\/\/us.harlequinfloors.com\/es\/wp-json\/wp\/v2\/pages\/3513","targetHints":{"allow":["GET"]}}],"collection":[{"href":"https:\/\/us.harlequinfloors.com\/es\/wp-json\/wp\/v2\/pages"}],"about":[{"href":"https:\/\/us.harlequinfloors.com\/es\/wp-json\/wp\/v2\/types\/page"}],"author":[{"embeddable":true,"href":"https:\/\/us.harlequinfloors.com\/es\/wp-json\/wp\/v2\/users\/1"}],"replies":[{"embeddable":true,"href":"https:\/\/us.harlequinfloors.com\/es\/wp-json\/wp\/v2\/comments?post=3513"}],"version-history":[{"count":0,"href":"https:\/\/us.harlequinfloors.com\/es\/wp-json\/wp\/v2\/pages\/3513\/revisions"}],"up":[{"embeddable":true,"href":"https:\/\/us.harlequinfloors.com\/es\/wp-json\/wp\/v2\/pages\/3508"}],"wp:featuredmedia":[{"embeddable":true,"href":"https:\/\/us.harlequinfloors.com\/es\/wp-json\/wp\/v2\/media\/6910"}],"wp:attachment":[{"href":"https:\/\/us.harlequinfloors.com\/es\/wp-json\/wp\/v2\/media?parent=3513"}],"curies":[{"name":"wp","href":"https:\/\/api.w.org\/{rel}","templated":true}]}}