{"id":3521,"date":"2016-01-26T14:48:44","date_gmt":"2016-01-26T19:48:44","guid":{"rendered":"https:\/\/harlequinfloor.wpengine.com\/es\/guarantee\/"},"modified":"2016-12-20T04:57:30","modified_gmt":"2016-12-20T04:57:30","slug":"guarantee","status":"publish","type":"page","link":"https:\/\/us.harlequinfloors.com\/es\/guarantee\/","title":{"rendered":"Politica de Devolucion"},"content":{"rendered":"<p>Harlequ\u00edn Floors tiene el compromiso de mantener los m\u00e1s altos est\u00e1ndares de calidad de nuestros productos y servicios. Harlequ\u00edn incorpora un dise\u00f1o superior, materiales y mano de obra en cada producto y apoya esto con un riguroso control de calidad en nuestras f\u00e1bricas y almacenes a trav\u00e9s de la entrega. Si usted no est\u00e1 100% satisfecho con su compra, p\u00f3ngase en contacto con su especialista de Pisos al 800-642-6440.<\/p>\n<p><strong>Politica de devoluci\u00f3n es 30 dias:<\/strong><\/p>\n<ul>\n<ul>\n<li>o Las devoluciones son permitidas dentro de los 30 d\u00edas siguientes de recibir el producto.<\/li>\n<li>Todas las devoluciones est\u00e1n sujetas a la aprobaci\u00f3n y una tasa de reposici\u00f3n del 25%*.<\/li>\n<li>o El producto debe ser devuelto en el estado original, sin uso \/ desenrollado con el empaquetado original y almacenado correctamente.<\/li>\n<li>Las devoluciones no son aceptadas en los siguientes casos:\n<ul>\n<li>Las cajas abiertas o las \u00f3rdenes especiales a menos que el producto este defectuoso.<\/li>\n<li>Las ventas finales, ofertas especiales o las ventas de remanentes.<\/li>\n<li>Producto que ha sido instalado, considerado aceptado por el comprador.<\/li>\n<\/ul>\n<\/li>\n<li>Gastos de Env\u00edo y Entrega no son reembolsables.<\/li>\n<li>o Los gastos de devoluci\u00f3n son responsabilidad exclusiva del Comprador.<\/li>\n<\/ul>\n<\/ul>\n<blockquote><p>*<em>American Harlequin Corporation se reserva el derecho de no acreditar cualquier cantidad si el rollo devuelto ha sido abierto, utilizado, da\u00f1ado o alterado por el cliente.<\/em><\/p><\/blockquote>\n<p><strong>Programaci\u00f3n de una Devolucion<\/strong><\/p>\n<ul>\n<li>P\u00f3ngase en contacto con su Especialista en Pisos dentro de los 30 d\u00edas siguientes de recibir el producto para obtener un n\u00famero de autorizaci\u00f3n de devoluci\u00f3n (RMA), antes de enviar el producto de nuevo a American Harlequin Corporation.<\/li>\n<li>Indicar RMA en el embalaje exterior. No se aceptar\u00e1n devoluciones sin este n\u00famero.<\/li>\n<li>El producto debe ser enviado de vuelta a la siguiente direcci\u00f3n:<br \/>\n<blockquote><p>American Harlequin Corporation<br \/>\nAttn: Returns Department\/RMA#<br \/>\n1531 Glen Avenue<br \/>\nMoorestown, NJ 08057<\/p><\/blockquote>\n<\/li>\n<\/ul>\n","protected":false},"excerpt":{"rendered":"<p>Harlequ\u00edn Floors tiene el compromiso de mantener los m\u00e1s altos est\u00e1ndares de calidad de nuestros productos y servicios. Harlequ\u00edn incorpora&#8230;<\/p>\n<p><a class=\"btn btn-primary btn-an harlequin-read-more-link\" href=\"https:\/\/us.harlequinfloors.com\/es\/guarantee\/\">Leer m\u00e1s<\/a><\/p>\n","protected":false},"author":1,"featured_media":0,"parent":0,"menu_order":0,"comment_status":"closed","ping_status":"closed","template":"","meta":{"_acf_changed":false,"_monsterinsights_skip_tracking":false,"_monsterinsights_sitenote_active":false,"_monsterinsights_sitenote_note":"","_monsterinsights_sitenote_category":0,"footnotes":"","_links_to":"","_links_to_target":""},"class_list":["post-3521","page","type-page","status-publish","hentry"],"acf":[],"yoast_head":"<!-- This site is optimized with the Yoast SEO Premium plugin v26.1 (Yoast SEO v27.4) - https:\/\/yoast.com\/product\/yoast-seo-premium-wordpress\/ -->\n<title>Politica de Devolucion | Harlequin Floors<\/title>\n<meta name=\"description\" content=\"productos de Harlequin son producidos utilizando los m\u00e1s altos est\u00e1ndares. Por favor, visite nuestro sitio web para nuestra pol\u00edtica de devoluci\u00f3n completa o contacte con nosotros en 800-642-6440.\" \/>\n<meta name=\"robots\" content=\"index, follow, max-snippet:-1, max-image-preview:large, max-video-preview:-1\" \/>\n<link rel=\"canonical\" href=\"https:\/\/us.harlequinfloors.com\/es\/guarantee\/\" \/>\n<meta property=\"og:locale\" content=\"es_ES\" \/>\n<meta property=\"og:type\" content=\"article\" \/>\n<meta property=\"og:title\" content=\"Politica de Devolucion\" \/>\n<meta property=\"og:description\" content=\"productos de Harlequin son producidos utilizando los m\u00e1s altos est\u00e1ndares. Por favor, visite nuestro sitio web para nuestra pol\u00edtica de devoluci\u00f3n completa o contacte con nosotros en 800-642-6440.\" \/>\n<meta property=\"og:url\" content=\"https:\/\/us.harlequinfloors.com\/es\/guarantee\/\" \/>\n<meta property=\"og:site_name\" content=\"Harlequin Floors\" \/>\n<meta property=\"article:publisher\" content=\"https:\/\/www.facebook.com\/americanharlequinfloors\" \/>\n<meta property=\"article:modified_time\" content=\"2016-12-20T04:57:30+00:00\" \/>\n<meta name=\"twitter:card\" content=\"summary_large_image\" \/>\n<meta name=\"twitter:label1\" content=\"Tiempo de lectura\" \/>\n\t<meta name=\"twitter:data1\" content=\"2 minutos\" \/>\n<script type=\"application\/ld+json\" class=\"yoast-schema-graph\">{\"@context\":\"https:\\\/\\\/schema.org\",\"@graph\":[{\"@type\":\"WebPage\",\"@id\":\"https:\\\/\\\/us.harlequinfloors.com\\\/es\\\/guarantee\\\/\",\"url\":\"https:\\\/\\\/us.harlequinfloors.com\\\/es\\\/guarantee\\\/\",\"name\":\"Politica de Devolucion | Harlequin Floors\",\"isPartOf\":{\"@id\":\"https:\\\/\\\/us.harlequinfloors.com\\\/es\\\/#website\"},\"datePublished\":\"2016-01-26T19:48:44+00:00\",\"dateModified\":\"2016-12-20T04:57:30+00:00\",\"description\":\"productos de Harlequin son producidos utilizando los m\u00e1s altos est\u00e1ndares. Por favor, visite nuestro sitio web para nuestra pol\u00edtica de devoluci\u00f3n completa o contacte con nosotros en 800-642-6440.\",\"breadcrumb\":{\"@id\":\"https:\\\/\\\/us.harlequinfloors.com\\\/es\\\/guarantee\\\/#breadcrumb\"},\"inLanguage\":\"es\",\"potentialAction\":[{\"@type\":\"ReadAction\",\"target\":[\"https:\\\/\\\/us.harlequinfloors.com\\\/es\\\/guarantee\\\/\"]}]},{\"@type\":\"BreadcrumbList\",\"@id\":\"https:\\\/\\\/us.harlequinfloors.com\\\/es\\\/guarantee\\\/#breadcrumb\",\"itemListElement\":[{\"@type\":\"ListItem\",\"position\":1,\"name\":\"Home\",\"item\":\"https:\\\/\\\/us.harlequinfloors.com\\\/es\\\/\"},{\"@type\":\"ListItem\",\"position\":2,\"name\":\"Politica de Devolucion\"}]},{\"@type\":\"WebSite\",\"@id\":\"https:\\\/\\\/us.harlequinfloors.com\\\/es\\\/#website\",\"url\":\"https:\\\/\\\/us.harlequinfloors.com\\\/es\\\/\",\"name\":\"Harlequin Floors\",\"description\":\"El mundo baila sobre los pisos Harlequin\",\"potentialAction\":[{\"@type\":\"SearchAction\",\"target\":{\"@type\":\"EntryPoint\",\"urlTemplate\":\"https:\\\/\\\/us.harlequinfloors.com\\\/es\\\/?s={search_term_string}\"},\"query-input\":{\"@type\":\"PropertyValueSpecification\",\"valueRequired\":true,\"valueName\":\"search_term_string\"}}],\"inLanguage\":\"es\"}]}<\/script>\n<!-- \/ Yoast SEO Premium plugin. -->","yoast_head_json":{"title":"Politica de Devolucion | Harlequin Floors","description":"productos de Harlequin son producidos utilizando los m\u00e1s altos est\u00e1ndares. Por favor, visite nuestro sitio web para nuestra pol\u00edtica de devoluci\u00f3n completa o contacte con nosotros en 800-642-6440.","robots":{"index":"index","follow":"follow","max-snippet":"max-snippet:-1","max-image-preview":"max-image-preview:large","max-video-preview":"max-video-preview:-1"},"canonical":"https:\/\/us.harlequinfloors.com\/es\/guarantee\/","og_locale":"es_ES","og_type":"article","og_title":"Politica de Devolucion","og_description":"productos de Harlequin son producidos utilizando los m\u00e1s altos est\u00e1ndares. Por favor, visite nuestro sitio web para nuestra pol\u00edtica de devoluci\u00f3n completa o contacte con nosotros en 800-642-6440.","og_url":"https:\/\/us.harlequinfloors.com\/es\/guarantee\/","og_site_name":"Harlequin Floors","article_publisher":"https:\/\/www.facebook.com\/americanharlequinfloors","article_modified_time":"2016-12-20T04:57:30+00:00","twitter_card":"summary_large_image","twitter_misc":{"Tiempo de lectura":"2 minutos"},"schema":{"@context":"https:\/\/schema.org","@graph":[{"@type":"WebPage","@id":"https:\/\/us.harlequinfloors.com\/es\/guarantee\/","url":"https:\/\/us.harlequinfloors.com\/es\/guarantee\/","name":"Politica de Devolucion | Harlequin Floors","isPartOf":{"@id":"https:\/\/us.harlequinfloors.com\/es\/#website"},"datePublished":"2016-01-26T19:48:44+00:00","dateModified":"2016-12-20T04:57:30+00:00","description":"productos de Harlequin son producidos utilizando los m\u00e1s altos est\u00e1ndares. Por favor, visite nuestro sitio web para nuestra pol\u00edtica de devoluci\u00f3n completa o contacte con nosotros en 800-642-6440.","breadcrumb":{"@id":"https:\/\/us.harlequinfloors.com\/es\/guarantee\/#breadcrumb"},"inLanguage":"es","potentialAction":[{"@type":"ReadAction","target":["https:\/\/us.harlequinfloors.com\/es\/guarantee\/"]}]},{"@type":"BreadcrumbList","@id":"https:\/\/us.harlequinfloors.com\/es\/guarantee\/#breadcrumb","itemListElement":[{"@type":"ListItem","position":1,"name":"Home","item":"https:\/\/us.harlequinfloors.com\/es\/"},{"@type":"ListItem","position":2,"name":"Politica de Devolucion"}]},{"@type":"WebSite","@id":"https:\/\/us.harlequinfloors.com\/es\/#website","url":"https:\/\/us.harlequinfloors.com\/es\/","name":"Harlequin Floors","description":"El mundo baila sobre los pisos Harlequin","potentialAction":[{"@type":"SearchAction","target":{"@type":"EntryPoint","urlTemplate":"https:\/\/us.harlequinfloors.com\/es\/?s={search_term_string}"},"query-input":{"@type":"PropertyValueSpecification","valueRequired":true,"valueName":"search_term_string"}}],"inLanguage":"es"}]}},"publishpress_future_action":{"enabled":false,"date":"2026-04-29 09:14:24","action":"change-status","newStatus":"draft","terms":[],"taxonomy":"translation_priority","extraData":[]},"publishpress_future_workflow_manual_trigger":{"enabledWorkflows":[]},"_links":{"self":[{"href":"https:\/\/us.harlequinfloors.com\/es\/wp-json\/wp\/v2\/pages\/3521","targetHints":{"allow":["GET"]}}],"collection":[{"href":"https:\/\/us.harlequinfloors.com\/es\/wp-json\/wp\/v2\/pages"}],"about":[{"href":"https:\/\/us.harlequinfloors.com\/es\/wp-json\/wp\/v2\/types\/page"}],"author":[{"embeddable":true,"href":"https:\/\/us.harlequinfloors.com\/es\/wp-json\/wp\/v2\/users\/1"}],"replies":[{"embeddable":true,"href":"https:\/\/us.harlequinfloors.com\/es\/wp-json\/wp\/v2\/comments?post=3521"}],"version-history":[{"count":0,"href":"https:\/\/us.harlequinfloors.com\/es\/wp-json\/wp\/v2\/pages\/3521\/revisions"}],"wp:attachment":[{"href":"https:\/\/us.harlequinfloors.com\/es\/wp-json\/wp\/v2\/media?parent=3521"}],"curies":[{"name":"wp","href":"https:\/\/api.w.org\/{rel}","templated":true}]}}