{"id":3787,"date":"2016-01-25T20:41:32","date_gmt":"2016-01-25T20:41:32","guid":{"rendered":"https:\/\/harlequinfloor.wpengine.com\/es\/terms\/"},"modified":"2016-10-13T13:18:35","modified_gmt":"2016-10-13T13:18:35","slug":"terms","status":"publish","type":"page","link":"https:\/\/us.harlequinfloors.com\/es\/terms\/","title":{"rendered":"Condiciones"},"content":{"rendered":"<p><strong>Condiciones de uso<\/strong><\/p>\n<p>Acuerdo entre el usuario y www.harlequinfloors.com<\/p>\n<p>Bienvenido a harlequinfloors.com. La p\u00e1gina web harlequinfloors.com (el \u00abSitio\u00bb) est\u00e1 compuesta de varias p\u00e1ginas web operadas por American Harlequin Corporation. Harlequinfloors.com se le ofrece a Ud. condicionado a la aceptaci\u00f3n sin excepciones de los t\u00e9rminos, las condiciones, y las comunicaciones contenidas en el presente documento (las \u00abCondiciones\u00bb). La utilizaci\u00f3n del harlequinfloors.com del usuario constituye la aceptaci\u00f3n de tales t\u00e9rminos.<\/p>\n<p><strong>Prop\u00f3sito del Sitio Web<\/strong><\/p>\n<p>El prop\u00f3sito principal del sitio es como un sitio solamente de informaci\u00f3n para que Harlequin Floors proporcione informaci\u00f3n sobre su organizaci\u00f3n, sus productos y servicios al p\u00fablico en general. La funcionalidad adicional del sitio incluye la recepci\u00f3n por Harlequin Suelos de informaci\u00f3n del usuario, como formularios de consulta y actualizaci\u00f3n de la informaci\u00f3n. El usuario puede ver la informaci\u00f3n proporcionada a trav\u00e9s del Sitio y en contacto con la Compa\u00f1\u00eda a trav\u00e9s del Sitio con las consultas y solicitudes de informaci\u00f3n adicional. <em>Ver m\u00e1s en: harlequinfloors.com<\/em>.<\/p>\n<p><strong>Privacidad<\/strong><\/p>\n<p>La utilizaci\u00f3n del harlequinfloors.com est\u00e1 sujeta a la Pol\u00edtica de Privacidad de harlequinfloors.com. Por favor revise nuestra Pol\u00edtica de Privacidad, que tambi\u00e9n gobierna el Sitio y informa a los usuarios de nuestras pr\u00e1cticas de recopilaci\u00f3n de datos.<\/p>\n<p><strong>Comunicaciones electr\u00f3nicas<\/strong><\/p>\n<p>Visitando harlequinfloors.com o el env\u00edo de correos electr\u00f3nicos a harlequinfloors.com constituye comunicaciones electr\u00f3nicas. Usted da su consentimiento para recibir comunicaciones electr\u00f3nicas y usted acepta que todos los acuerdos, avisos, divulgaciones y otras comunicaciones que le proporcionamos electr\u00f3nicamente, por correo electr\u00f3nico y en el sitio, satisfacen cualquier requisito legal que dichas comunicaciones sean por escrito.<\/p>\n<p><strong>Sitios de terceros<\/strong><\/p>\n<p>Harlequinfloors.com puede contener enlaces a otros sitios web ( \u00abSitios Vinculados\u00bb). Los Sitios Vinculados no est\u00e1n bajo el control de harlequinfloors.com y harlequinfloors.com no es responsable de los contenidos de ning\u00fan sitio vinculado, incluyendo, sin limitaci\u00f3n, cualquier enlace contenido en un sitio vinculado, o cualquier cambio o actualizaci\u00f3n de un Sitio Vinculado. Harlequinfloors.com provee estos v\u00ednculos solamente para su conveniencia, y la inclusi\u00f3n de estos v\u00ednculos no implica aprobaci\u00f3n por parte harlequinfloors.com del sitio, ni asociaci\u00f3n con sus operadores.<\/p>\n<p>Ciertos servicios puestos a disposici\u00f3n a trav\u00e9s de harlequinfloors.com son entregados por sitios y organizaciones de terceros. Mediante el uso de cualquier producto, servicio o funcionalidad procedente del dominio harlequinfloors.com, usted reconoce y consiente que harlequinfloors.com puede comunicar dicha informaci\u00f3n y datos con cualquier tercero con el que harlequinfloors.com tiene una relaci\u00f3n contractual para proporcionar el producto deseado, servicios o funcionalidad en nombre de los usuarios y clientes harlequinfloors.com.<\/p>\n<p><strong>Uso Permitido\/Propiedad Intelectual<\/strong><\/p>\n<p>Se le concede una licencia no exclusiva e intransferible, y revocable para acceder y utilizar harlequinfloors.com estrictamente de acuerdo con estas condiciones de uso. Como condici\u00f3n para el uso del Sitio, el usuario garantiza a harlequinfloors.com que no usar\u00e1 el sitio para cualquier prop\u00f3sito que sea ilegal o prohibido por estos t\u00e9rminos. Est\u00e1 prohibido utilizar el Sitio de cualquier manera, que pueda da\u00f1ar, inutilizar, sobrecargar o deteriorar el sitio o interferir con el uso y provecho del sitio por terceras partes. El usuario no puede obtener o intentar obtener cualquier material o informaci\u00f3n mediante cualquier medio que no sea intencionalmente ofrecidos a tal efecto en el sitio.<\/p>\n<p>Todo el contenido incluido como parte del Servicio, tales como textos, gr\u00e1ficos, logotipos, im\u00e1genes, as\u00ed como la compilaci\u00f3n de los mismos, y cualquier software utilizado en el sitio, es propiedad de harlequinfloors.com o sus proveedores y est\u00e1 protegido por derechos de autor y otras leyes que protegen la propiedad intelectual y derechos de propiedad. Usted se compromete a observar y cumplir con todos los derechos de autor y de propiedad intelectual, leyendas u otras restricciones contenidas en dichos contenidos, y no va a hacer ning\u00fan cambio a este respecto.<\/p>\n<p>Usted no va a modificar, publicar, transmitir, realizar ingenier\u00eda inversa, participar en la transferencia o venta, crear trabajos derivados, o de cualquier manera explotar cualquiera de los contenidos, en todo o en parte, contenida en el sitio. Harlequinfloors.com contenido no es para reventa. La utilizaci\u00f3n del Sitio no le da derecho a hacer cualquier uso no autorizado de cualquier contenido protegido, y, en particular, que no va a eliminar o modificar los derechos de propiedad o avisos de atribuci\u00f3n de cualquier contenido. Que va a utilizar contenidos protegidos \u00fanicamente para su uso personal, y no har\u00e1 ning\u00fan otro uso de los contenidos sin el permiso expreso por escrito de harlequinfloors.com y el propietario del copyright. El usuario acepta que no adquiere ning\u00fan derecho de propiedad de cualquier contenido protegido. Nosotros no concedemos ninguna licencia, expresa o impl\u00edcita, a la propiedad intelectual de harlequinfloors.com o nuestros licenciatarios, salvo lo expresamente autorizado por estas Condiciones.<\/p>\n<p><strong>Indemnizaci\u00f3n<\/strong><\/p>\n<p>Usted acepta indemnizar, defender y mantener indemne harlequinfloors.com, sus oficiales, directores, empleados, agentes y terceros, por cualquier p\u00e9rdida, costos, responsabilidades y gastos (incluyendo honorarios razonables de abogados) relacionados con o derivados de su uso de o la imposibilidad de usar el sitio o los servicios, cualquier publicaci\u00f3n de usuario realizadas por usted, su violaci\u00f3n de los t\u00e9rminos de este Acuerdo o su violaci\u00f3n de los derechos de un tercero, o su violaci\u00f3n de las leyes, normas o regulaciones aplicables. Harlequinfloors.com se reserva el derecho, a su propio costo, de asumir la defensa exclusiva y control de cualquier asunto sujeto a indemnizaci\u00f3n por su parte, en cuyo caso usted cooperar\u00e1 plenamente con harlequinfloors.com para hacer valer cualquier defensa disponible.<\/p>\n<p><strong>Exclusi\u00f3n de Responsabilidad<\/strong><\/p>\n<p>LA INFORMACI\u00d3N, SOFTWARE, PRODUCTOS Y SERVICIOS INCLUIDOS EN, O DISPONIBLES A TRAV\u00c9S DEL SITIO PUEDE INCLUIR IMPRECISIONES O ERRORES TIPOGR\u00c1FICOS. CAMBIOS PERIODICOS SE HACEN A LA INFORMACI\u00d3N AQU\u00cd. HARLEQUINFLOORS.COM Y \/ O SUS PROVEEDORES PUEDEN REALIZAR MEJORAS Y \/ O CAMBIOS EN EL SITIO EN CUALQUIER MOMENTO.<\/p>\n<p>HARLEQUINFLOORS.COM Y \/ O SUS PROVEEDORES, NO SON REPRESENTACI\u00d3N DE LA CONVENIENCIA, CONFIABILIDAD, DISPONIBILIDAD, ACTUALIDAD, NI LA EXACTITUD DE LA INFORMACI\u00d3N, SOFTWARE, PRODUCTOS, SERVICIOS Y GR\u00c1FICOS CONTENIDOS EN EL SITIO PARA UN FIN. EN LA MEDIDA M\u00c1XIMA PERMITIDA POR LA LEY, DICHA INFORMACI\u00d3N, SOFTWARE, PRODUCTOS, SERVICIOS Y GR\u00c1FICOS RELACIONADOS, SE proporcionan \u00abtal cual\u00bb sin garant\u00eda o condici\u00f3n de ning\u00fan tipo. HARLEQUINFLOORS.COM Y \/ O SUS PROVEEDORES RECHAZAN POR ESTE MEDIO TODAS LAS GARANT\u00cdAS Y CONDICIONES EN RELACI\u00d3N A ESTA INFORMACI\u00d3N, SOFTWARE, PRODUCTOS, SERVICIOS Y GR\u00c1FICOS RELACIONADOS, INCLUYENDO TODAS LAS GARANT\u00cdAS O CONDICIONES DE COMERCIALIZACI\u00d3N, APTITUD PARA UN FIN EN PARTICULAR, T\u00cdTULO Y NO INFRACCI\u00d3N.<\/p>\n<p>EN LA MEDIDA M\u00c1XIMA PERMITIDA POR LA LEY, EN NING\u00daN CASO harlequinfloors.com y \/ o sus proveedores ser\u00e1n responsables por cualquier da\u00f1o directo, punitivo, incidental, los da\u00f1os consecuenciales o cualquier da\u00f1o incluyendo, sin limitaci\u00f3n, ESPECIAL, INDIRECTO POR P\u00c9RDIDA DE USO, DE DATOS O DE BENEFICIOS, DERIVADOS DE O CONECTADOS CON EL USO O LA EJECUCI\u00d3N DEL SITIO, CON LA DEMORA O LA IMPOSIBILIDAD DE USO DEL SITIO O SUS SERVICIOS RELACIONADOS, LA PROVISI\u00d3N O FALTA DE SUMINISTRO DE LOS SERVICIOS, O DE CUALQUIER INFORMACI\u00d3N, SOFTWARE, PRODUCTOS, SERVICIOS Y GR\u00c1FICOS RELACIONADOS OBTENIDOS A TRAV\u00c9S DEL SITIO, O DERIVADOS DEL USO DEL SITIO, SEA EN CONTRATO, AGRAVIO, NEGLIGENCIA O DE OTRA MANERA, TAMBI\u00c9N EN EL CASO HARLEQUINFLOORS.COM O CUALQUIERA DE SUS PROVEEDORES HAYAN SIDO ADVERTIDO DE LA POSIBILIDAD DE DA\u00d1OS. COMO EN ALGUNOS ESTADOS \/ JURISDICCIONES NO PERMITEN LA EXCLUSI\u00d3N O LIMITACI\u00d3N DE RESPONSABILIDAD POR DA\u00d1OS CONSECUENCIALES O INCIDENTALES, LO DE ARRIBA, NO PUEDA QUE SEA APLICABLE AL USUARIO. SI NO EST\u00c1 SATISFECHO CON ALGUNA PARTE DEL SITIO, O DE CUALQUIERA DE LOS T\u00c9RMINOS DE USO, SU \u00daNICO Y EXCLUSIVO REMEDIO ES DEJAR DE USAR EL SITIO.<\/p>\n<p><strong>Restricci\u00f3n de la Terminaci\u00f3n\/Acceso<\/strong><\/p>\n<p>Harlequinfloors.com se reserva el derecho, a su sola discreci\u00f3n, a finalizar su acceso al sitio y sus servicios relacionados a cualquier parte de \u00e9stos, en cualquier momento y sin previo aviso. En la medida m\u00e1xima permitida por la ley, este acuerdo est\u00e1 gobernado por las leyes del Estado de Nueva Jersey y por consiguiente Usted consiente a la jurisdicci\u00f3n y competencia exclusiva de los tribunales de Nueva Jersey en todas las disputas que surjan del uso o relativas al uso del sitio . El uso del sitio no est\u00e1 autorizado en jurisdicci\u00f3n alguna que no haga efectivas todas las provisiones de estos T\u00e9rminos, incluyendo, sin limitaci\u00f3n, esta secci\u00f3n.<\/p>\n<p>El usuario acepta que no existe relaci\u00f3n de empleo, asociaci\u00f3n, agencia o joint venture entre usted y harlequinfloors.com como resultado de este acuerdo o por el uso del sitio. El cumplimiento de este acuerdo por parte de Harlequinfloors.com est\u00e1 sujeto a las leyes vigentes y al proceso legal, y nada contenido en este acuerdo constituye una derogaci\u00f3n al derecho de harlequinfloors.com observar las solicitudes gubernamentales, judiciales y de las solicitudes de aplicaci\u00f3n de leyes o solicitudes relativas al uso del Sitio o informaci\u00f3n suministrada o recogida por harlequinfloors.com respecto de dicho uso. Si alguna parte de este acuerdo se determina que es en virtud v\u00e1lida o no aplicable a la ley, incluyendo, pero no limitado a, negaci\u00f3n de garant\u00eda y limitaciones de responsabilidad establecidas anteriormente, entonces la provisi\u00f3n inv\u00e1lida o no exigible se considerar\u00e1 sustituida por una disposici\u00f3n v\u00e1lida y aplicable que m\u00e1s se acerque a la intenci\u00f3n de la disposici\u00f3n original y el resto del acuerdo continuar\u00e1 en efecto.<\/p>\n<p>A menos que se especifique lo contrario, este acuerdo constituye el acuerdo completo entre el usuario y harlequinfloors.com con relaci\u00f3n al Sitio y reemplaza a todas las comunicaciones y propuestas anteriores o contempor\u00e1neas, tanto de manera electr\u00f3nica, oral o escrita, entre el usuario y harlequinfloors.com respecto al sitio. Una versi\u00f3n impresa de este acuerdo y de toda notificaci\u00f3n recibida en forma electr\u00f3nica ser\u00e1 admisible en procedimientos judiciales o administrativos basados en o relacionados con este contrato en la misma medida y con sujeci\u00f3n a las mismas condiciones que otros documentos y registros comerciales generados y mantenidos en un principio forma impresa. Es el deseo expreso de las partes que este acuerdo y todos los documentos relacionados sean escritos en Ingl\u00e9s.<\/p>\n<p><strong>Cambios en los T\u00e9rminos<\/strong><\/p>\n<p>Harlequinfloors.com se reserva el derecho, a su sola discreci\u00f3n, de cambiar los t\u00e9rminos bajo los cuales se ofrece harlequinfloors.com. La versi\u00f3n m\u00e1s actualizada de los T\u00e9rminos reemplazar\u00e1 todas las versiones anteriores. Harlequinfloors.com le invita a revisar peri\u00f3dicamente las condiciones para seguir informado de nuestras actualizaciones.<\/p>\n","protected":false},"excerpt":{"rendered":"<p>Condiciones de uso Acuerdo entre el usuario y www.harlequinfloors.com Bienvenido a harlequinfloors.com. La p\u00e1gina web harlequinfloors.com (el \u00abSitio\u00bb) est\u00e1 compuesta&#8230;<\/p>\n<p><a class=\"btn btn-primary btn-an harlequin-read-more-link\" href=\"https:\/\/us.harlequinfloors.com\/es\/terms\/\">Leer m\u00e1s<\/a><\/p>\n","protected":false},"author":1,"featured_media":0,"parent":0,"menu_order":0,"comment_status":"closed","ping_status":"closed","template":"","meta":{"_acf_changed":false,"_monsterinsights_skip_tracking":false,"_monsterinsights_sitenote_active":false,"_monsterinsights_sitenote_note":"","_monsterinsights_sitenote_category":0,"footnotes":"","_links_to":"","_links_to_target":""},"class_list":["post-3787","page","type-page","status-publish","hentry"],"acf":[],"yoast_head":"<!-- This site is optimized with the Yoast SEO Premium plugin v26.1 (Yoast SEO v27.4) - https:\/\/yoast.com\/product\/yoast-seo-premium-wordpress\/ -->\n<title>Condiciones | Harlequin Floors<\/title>\n<meta name=\"robots\" content=\"index, follow, max-snippet:-1, max-image-preview:large, max-video-preview:-1\" \/>\n<link rel=\"canonical\" href=\"https:\/\/us.harlequinfloors.com\/es\/terms\/\" \/>\n<meta property=\"og:locale\" content=\"es_ES\" \/>\n<meta property=\"og:type\" content=\"article\" \/>\n<meta property=\"og:title\" content=\"Condiciones\" \/>\n<meta property=\"og:description\" content=\"Condiciones de uso Acuerdo entre el usuario y www.harlequinfloors.com Bienvenido a harlequinfloors.com. La p\u00e1gina web harlequinfloors.com (el \u00abSitio\u00bb) est\u00e1 compuesta...Leer m\u00e1s\" \/>\n<meta property=\"og:url\" content=\"https:\/\/us.harlequinfloors.com\/es\/terms\/\" \/>\n<meta property=\"og:site_name\" content=\"Harlequin Floors\" \/>\n<meta property=\"article:publisher\" content=\"https:\/\/www.facebook.com\/americanharlequinfloors\" \/>\n<meta property=\"article:modified_time\" content=\"2016-10-13T13:18:35+00:00\" \/>\n<meta name=\"twitter:card\" content=\"summary_large_image\" \/>\n<meta name=\"twitter:label1\" content=\"Tiempo de lectura\" \/>\n\t<meta name=\"twitter:data1\" content=\"9 minutos\" \/>\n<script type=\"application\/ld+json\" class=\"yoast-schema-graph\">{\"@context\":\"https:\\\/\\\/schema.org\",\"@graph\":[{\"@type\":\"WebPage\",\"@id\":\"https:\\\/\\\/us.harlequinfloors.com\\\/es\\\/terms\\\/\",\"url\":\"https:\\\/\\\/us.harlequinfloors.com\\\/es\\\/terms\\\/\",\"name\":\"Condiciones | Harlequin Floors\",\"isPartOf\":{\"@id\":\"https:\\\/\\\/us.harlequinfloors.com\\\/es\\\/#website\"},\"datePublished\":\"2016-01-25T20:41:32+00:00\",\"dateModified\":\"2016-10-13T13:18:35+00:00\",\"breadcrumb\":{\"@id\":\"https:\\\/\\\/us.harlequinfloors.com\\\/es\\\/terms\\\/#breadcrumb\"},\"inLanguage\":\"es\",\"potentialAction\":[{\"@type\":\"ReadAction\",\"target\":[\"https:\\\/\\\/us.harlequinfloors.com\\\/es\\\/terms\\\/\"]}]},{\"@type\":\"BreadcrumbList\",\"@id\":\"https:\\\/\\\/us.harlequinfloors.com\\\/es\\\/terms\\\/#breadcrumb\",\"itemListElement\":[{\"@type\":\"ListItem\",\"position\":1,\"name\":\"Home\",\"item\":\"https:\\\/\\\/us.harlequinfloors.com\\\/es\\\/\"},{\"@type\":\"ListItem\",\"position\":2,\"name\":\"Condiciones\"}]},{\"@type\":\"WebSite\",\"@id\":\"https:\\\/\\\/us.harlequinfloors.com\\\/es\\\/#website\",\"url\":\"https:\\\/\\\/us.harlequinfloors.com\\\/es\\\/\",\"name\":\"Harlequin Floors\",\"description\":\"El mundo baila sobre los pisos Harlequin\",\"potentialAction\":[{\"@type\":\"SearchAction\",\"target\":{\"@type\":\"EntryPoint\",\"urlTemplate\":\"https:\\\/\\\/us.harlequinfloors.com\\\/es\\\/?s={search_term_string}\"},\"query-input\":{\"@type\":\"PropertyValueSpecification\",\"valueRequired\":true,\"valueName\":\"search_term_string\"}}],\"inLanguage\":\"es\"}]}<\/script>\n<!-- \/ Yoast SEO Premium plugin. -->","yoast_head_json":{"title":"Condiciones | Harlequin Floors","robots":{"index":"index","follow":"follow","max-snippet":"max-snippet:-1","max-image-preview":"max-image-preview:large","max-video-preview":"max-video-preview:-1"},"canonical":"https:\/\/us.harlequinfloors.com\/es\/terms\/","og_locale":"es_ES","og_type":"article","og_title":"Condiciones","og_description":"Condiciones de uso Acuerdo entre el usuario y www.harlequinfloors.com Bienvenido a harlequinfloors.com. La p\u00e1gina web harlequinfloors.com (el \u00abSitio\u00bb) est\u00e1 compuesta...Leer m\u00e1s","og_url":"https:\/\/us.harlequinfloors.com\/es\/terms\/","og_site_name":"Harlequin Floors","article_publisher":"https:\/\/www.facebook.com\/americanharlequinfloors","article_modified_time":"2016-10-13T13:18:35+00:00","twitter_card":"summary_large_image","twitter_misc":{"Tiempo de lectura":"9 minutos"},"schema":{"@context":"https:\/\/schema.org","@graph":[{"@type":"WebPage","@id":"https:\/\/us.harlequinfloors.com\/es\/terms\/","url":"https:\/\/us.harlequinfloors.com\/es\/terms\/","name":"Condiciones | Harlequin Floors","isPartOf":{"@id":"https:\/\/us.harlequinfloors.com\/es\/#website"},"datePublished":"2016-01-25T20:41:32+00:00","dateModified":"2016-10-13T13:18:35+00:00","breadcrumb":{"@id":"https:\/\/us.harlequinfloors.com\/es\/terms\/#breadcrumb"},"inLanguage":"es","potentialAction":[{"@type":"ReadAction","target":["https:\/\/us.harlequinfloors.com\/es\/terms\/"]}]},{"@type":"BreadcrumbList","@id":"https:\/\/us.harlequinfloors.com\/es\/terms\/#breadcrumb","itemListElement":[{"@type":"ListItem","position":1,"name":"Home","item":"https:\/\/us.harlequinfloors.com\/es\/"},{"@type":"ListItem","position":2,"name":"Condiciones"}]},{"@type":"WebSite","@id":"https:\/\/us.harlequinfloors.com\/es\/#website","url":"https:\/\/us.harlequinfloors.com\/es\/","name":"Harlequin Floors","description":"El mundo baila sobre los pisos Harlequin","potentialAction":[{"@type":"SearchAction","target":{"@type":"EntryPoint","urlTemplate":"https:\/\/us.harlequinfloors.com\/es\/?s={search_term_string}"},"query-input":{"@type":"PropertyValueSpecification","valueRequired":true,"valueName":"search_term_string"}}],"inLanguage":"es"}]}},"publishpress_future_action":{"enabled":false,"date":"2026-04-29 10:28:21","action":"change-status","newStatus":"draft","terms":[],"taxonomy":"translation_priority","extraData":[]},"publishpress_future_workflow_manual_trigger":{"enabledWorkflows":[]},"_links":{"self":[{"href":"https:\/\/us.harlequinfloors.com\/es\/wp-json\/wp\/v2\/pages\/3787","targetHints":{"allow":["GET"]}}],"collection":[{"href":"https:\/\/us.harlequinfloors.com\/es\/wp-json\/wp\/v2\/pages"}],"about":[{"href":"https:\/\/us.harlequinfloors.com\/es\/wp-json\/wp\/v2\/types\/page"}],"author":[{"embeddable":true,"href":"https:\/\/us.harlequinfloors.com\/es\/wp-json\/wp\/v2\/users\/1"}],"replies":[{"embeddable":true,"href":"https:\/\/us.harlequinfloors.com\/es\/wp-json\/wp\/v2\/comments?post=3787"}],"version-history":[{"count":0,"href":"https:\/\/us.harlequinfloors.com\/es\/wp-json\/wp\/v2\/pages\/3787\/revisions"}],"wp:attachment":[{"href":"https:\/\/us.harlequinfloors.com\/es\/wp-json\/wp\/v2\/media?parent=3787"}],"curies":[{"name":"wp","href":"https:\/\/api.w.org\/{rel}","templated":true}]}}