{"id":38164,"date":"2018-01-03T17:00:46","date_gmt":"2018-01-03T22:00:46","guid":{"rendered":"http:\/\/harlequin.local\/financing\/"},"modified":"2025-07-31T03:19:14","modified_gmt":"2025-07-31T07:19:14","slug":"financing","status":"publish","type":"page","link":"https:\/\/us.harlequinfloors.com\/es\/financing\/","title":{"rendered":"Financiaci\u00f3n"},"content":{"rendered":"\n<p>Comprar un tapiz Harlequin es m\u00e1s f\u00e1cil que nunca. American Harlequin Corporation se ha asociado con Dynamic Funding para ofrecer planes de pago asequibles y adaptados a tus necesidades presupuestarias.   <\/p>\n\n<p>\u00a1<a href=\"https:\/\/navitex.navitascredit.com\/resource_centers\/harlequin_floors_rc\" target=\"_blank\" rel=\"noreferrer noopener\">Solic\u00edtalo ahora<\/a> a trav\u00e9s de la solicitud expr\u00e9s y obt\u00e9n la preaprobaci\u00f3n en menos de dos horas!  <\/p>\n\n<p>\u00bfPor qu\u00e9 financiar tu piso?<\/p>\n\n<ul class=\"wp-block-list\"><li>Ofrece una financiaci\u00f3n del 100%, incluidos costes blandos como la instalaci\u00f3n<\/li><li>F\u00e1cil proceso de solicitud<\/li><li>Beneficios fiscales, ya que los pagos pueden ser deducibles fiscalmente al 100<\/li><li>Mejora el flujo de caja y conserva el valioso capital circulante de la empresa<\/li><li>Preserva las l\u00edneas de cr\u00e9dito bancarias<\/li><li>Coberturas contra la inflaci\u00f3n<\/li><li>Protecci\u00f3n contra la obsolescencia<\/li><li>Pagos fijos a efectos presupuestarios<\/li><li>M\u00e1s poder adquisitivo<\/li><\/ul>\n\n<p>Visita el <a href=\"https:\/\/navitex.navitascredit.com\/resource_centers\/harlequin_floors_rc\" target=\"_blank\" rel=\"noreferrer noopener\">Centro de Recursos Financieros de Harlequin Floors<\/a> para m\u00e1s informaci\u00f3n.<\/p>\n\n<p><a href=\"https:\/\/us.harlequinfloors.com\/wp-content\/uploads\/2021\/04\/Financing_Letter_-App-4_2021.pdf\" target=\"_blank\" rel=\"noreferrer noopener\">Carta de financiaci\u00f3n PDF<\/a><\/p>\n\n<p><i>La financiaci\u00f3n s\u00f3lo es aplicable a residentes en Estados Unidos y Canad\u00e1<\/i>.<\/p>\n","protected":false},"excerpt":{"rendered":"<p>Comprar un tapiz Harlequin es m\u00e1s f\u00e1cil que nunca. American Harlequin Corporation se ha asociado con Dynamic Funding para ofrecer&#8230;<\/p>\n<p><a class=\"btn btn-primary btn-an harlequin-read-more-link\" href=\"https:\/\/us.harlequinfloors.com\/es\/financing\/\">Leer m\u00e1s<\/a><\/p>\n","protected":false},"author":1,"featured_media":35862,"parent":0,"menu_order":0,"comment_status":"closed","ping_status":"closed","template":"","meta":{"_acf_changed":false,"_monsterinsights_skip_tracking":false,"_monsterinsights_sitenote_active":false,"_monsterinsights_sitenote_note":"","_monsterinsights_sitenote_category":0,"footnotes":"","_links_to":"","_links_to_target":""},"class_list":["post-38164","page","type-page","status-publish","has-post-thumbnail","hentry"],"acf":[],"yoast_head":"<!-- This site is optimized with the Yoast SEO Premium plugin v26.1 (Yoast SEO v27.3) - https:\/\/yoast.com\/product\/yoast-seo-premium-wordpress\/ -->\n<title>Financiaci\u00f3n | Harlequin Floors<\/title>\n<meta name=\"robots\" content=\"index, follow, max-snippet:-1, max-image-preview:large, max-video-preview:-1\" \/>\n<link rel=\"canonical\" href=\"https:\/\/us.harlequinfloors.com\/es\/financing\/\" \/>\n<meta property=\"og:locale\" content=\"es_ES\" \/>\n<meta property=\"og:type\" content=\"article\" \/>\n<meta property=\"og:title\" content=\"Financiaci\u00f3n\" \/>\n<meta property=\"og:description\" content=\"Comprar un tapiz Harlequin es m\u00e1s f\u00e1cil que nunca. American Harlequin Corporation se ha asociado con Dynamic Funding para ofrecer...Leer m\u00e1s\" \/>\n<meta property=\"og:url\" content=\"https:\/\/us.harlequinfloors.com\/es\/financing\/\" \/>\n<meta property=\"og:site_name\" content=\"Harlequin Floors\" \/>\n<meta property=\"article:publisher\" content=\"https:\/\/www.facebook.com\/americanharlequinfloors\" \/>\n<meta property=\"article:modified_time\" content=\"2025-07-31T07:19:14+00:00\" \/>\n<meta property=\"og:image\" content=\"https:\/\/us.harlequinfloors.com\/wp-content\/uploads\/2021\/04\/page-financing-2021-2.jpg\" \/>\n\t<meta property=\"og:image:width\" content=\"1110\" \/>\n\t<meta property=\"og:image:height\" content=\"560\" \/>\n\t<meta property=\"og:image:type\" content=\"image\/jpeg\" \/>\n<meta name=\"twitter:card\" content=\"summary_large_image\" \/>\n<meta name=\"twitter:label1\" content=\"Tiempo de lectura\" \/>\n\t<meta name=\"twitter:data1\" content=\"1 minuto\" \/>\n<script type=\"application\/ld+json\" class=\"yoast-schema-graph\">{\"@context\":\"https:\\\/\\\/schema.org\",\"@graph\":[{\"@type\":\"WebPage\",\"@id\":\"https:\\\/\\\/us.harlequinfloors.com\\\/es\\\/financing\\\/\",\"url\":\"https:\\\/\\\/us.harlequinfloors.com\\\/es\\\/financing\\\/\",\"name\":\"Financiaci\u00f3n | Harlequin Floors\",\"isPartOf\":{\"@id\":\"https:\\\/\\\/us.harlequinfloors.com\\\/es\\\/#website\"},\"primaryImageOfPage\":{\"@id\":\"https:\\\/\\\/us.harlequinfloors.com\\\/es\\\/financing\\\/#primaryimage\"},\"image\":{\"@id\":\"https:\\\/\\\/us.harlequinfloors.com\\\/es\\\/financing\\\/#primaryimage\"},\"thumbnailUrl\":\"https:\\\/\\\/us.harlequinfloors.com\\\/wp-content\\\/uploads\\\/2021\\\/04\\\/page-financing-2021-2.jpg\",\"datePublished\":\"2018-01-03T22:00:46+00:00\",\"dateModified\":\"2025-07-31T07:19:14+00:00\",\"breadcrumb\":{\"@id\":\"https:\\\/\\\/us.harlequinfloors.com\\\/es\\\/financing\\\/#breadcrumb\"},\"inLanguage\":\"es\",\"potentialAction\":[{\"@type\":\"ReadAction\",\"target\":[\"https:\\\/\\\/us.harlequinfloors.com\\\/es\\\/financing\\\/\"]}]},{\"@type\":\"ImageObject\",\"inLanguage\":\"es\",\"@id\":\"https:\\\/\\\/us.harlequinfloors.com\\\/es\\\/financing\\\/#primaryimage\",\"url\":\"https:\\\/\\\/us.harlequinfloors.com\\\/wp-content\\\/uploads\\\/2021\\\/04\\\/page-financing-2021-2.jpg\",\"contentUrl\":\"https:\\\/\\\/us.harlequinfloors.com\\\/wp-content\\\/uploads\\\/2021\\\/04\\\/page-financing-2021-2.jpg\",\"width\":1110,\"height\":560,\"caption\":\"Financing\"},{\"@type\":\"BreadcrumbList\",\"@id\":\"https:\\\/\\\/us.harlequinfloors.com\\\/es\\\/financing\\\/#breadcrumb\",\"itemListElement\":[{\"@type\":\"ListItem\",\"position\":1,\"name\":\"Home\",\"item\":\"https:\\\/\\\/us.harlequinfloors.com\\\/es\\\/\"},{\"@type\":\"ListItem\",\"position\":2,\"name\":\"Financiaci\u00f3n\"}]},{\"@type\":\"WebSite\",\"@id\":\"https:\\\/\\\/us.harlequinfloors.com\\\/es\\\/#website\",\"url\":\"https:\\\/\\\/us.harlequinfloors.com\\\/es\\\/\",\"name\":\"Harlequin Floors\",\"description\":\"El mundo baila sobre los pisos Harlequin\",\"potentialAction\":[{\"@type\":\"SearchAction\",\"target\":{\"@type\":\"EntryPoint\",\"urlTemplate\":\"https:\\\/\\\/us.harlequinfloors.com\\\/es\\\/?s={search_term_string}\"},\"query-input\":{\"@type\":\"PropertyValueSpecification\",\"valueRequired\":true,\"valueName\":\"search_term_string\"}}],\"inLanguage\":\"es\"}]}<\/script>\n<!-- \/ Yoast SEO Premium plugin. -->","yoast_head_json":{"title":"Financiaci\u00f3n | Harlequin Floors","robots":{"index":"index","follow":"follow","max-snippet":"max-snippet:-1","max-image-preview":"max-image-preview:large","max-video-preview":"max-video-preview:-1"},"canonical":"https:\/\/us.harlequinfloors.com\/es\/financing\/","og_locale":"es_ES","og_type":"article","og_title":"Financiaci\u00f3n","og_description":"Comprar un tapiz Harlequin es m\u00e1s f\u00e1cil que nunca. American Harlequin Corporation se ha asociado con Dynamic Funding para ofrecer...Leer m\u00e1s","og_url":"https:\/\/us.harlequinfloors.com\/es\/financing\/","og_site_name":"Harlequin Floors","article_publisher":"https:\/\/www.facebook.com\/americanharlequinfloors","article_modified_time":"2025-07-31T07:19:14+00:00","og_image":[{"width":1110,"height":560,"url":"https:\/\/us.harlequinfloors.com\/wp-content\/uploads\/2021\/04\/page-financing-2021-2.jpg","type":"image\/jpeg"}],"twitter_card":"summary_large_image","twitter_misc":{"Tiempo de lectura":"1 minuto"},"schema":{"@context":"https:\/\/schema.org","@graph":[{"@type":"WebPage","@id":"https:\/\/us.harlequinfloors.com\/es\/financing\/","url":"https:\/\/us.harlequinfloors.com\/es\/financing\/","name":"Financiaci\u00f3n | Harlequin Floors","isPartOf":{"@id":"https:\/\/us.harlequinfloors.com\/es\/#website"},"primaryImageOfPage":{"@id":"https:\/\/us.harlequinfloors.com\/es\/financing\/#primaryimage"},"image":{"@id":"https:\/\/us.harlequinfloors.com\/es\/financing\/#primaryimage"},"thumbnailUrl":"https:\/\/us.harlequinfloors.com\/wp-content\/uploads\/2021\/04\/page-financing-2021-2.jpg","datePublished":"2018-01-03T22:00:46+00:00","dateModified":"2025-07-31T07:19:14+00:00","breadcrumb":{"@id":"https:\/\/us.harlequinfloors.com\/es\/financing\/#breadcrumb"},"inLanguage":"es","potentialAction":[{"@type":"ReadAction","target":["https:\/\/us.harlequinfloors.com\/es\/financing\/"]}]},{"@type":"ImageObject","inLanguage":"es","@id":"https:\/\/us.harlequinfloors.com\/es\/financing\/#primaryimage","url":"https:\/\/us.harlequinfloors.com\/wp-content\/uploads\/2021\/04\/page-financing-2021-2.jpg","contentUrl":"https:\/\/us.harlequinfloors.com\/wp-content\/uploads\/2021\/04\/page-financing-2021-2.jpg","width":1110,"height":560,"caption":"Financing"},{"@type":"BreadcrumbList","@id":"https:\/\/us.harlequinfloors.com\/es\/financing\/#breadcrumb","itemListElement":[{"@type":"ListItem","position":1,"name":"Home","item":"https:\/\/us.harlequinfloors.com\/es\/"},{"@type":"ListItem","position":2,"name":"Financiaci\u00f3n"}]},{"@type":"WebSite","@id":"https:\/\/us.harlequinfloors.com\/es\/#website","url":"https:\/\/us.harlequinfloors.com\/es\/","name":"Harlequin Floors","description":"El mundo baila sobre los pisos Harlequin","potentialAction":[{"@type":"SearchAction","target":{"@type":"EntryPoint","urlTemplate":"https:\/\/us.harlequinfloors.com\/es\/?s={search_term_string}"},"query-input":{"@type":"PropertyValueSpecification","valueRequired":true,"valueName":"search_term_string"}}],"inLanguage":"es"}]}},"publishpress_future_action":{"enabled":false,"date":"2026-04-23 03:39:35","action":"change-status","newStatus":"draft","terms":[],"taxonomy":"translation_priority","extraData":[]},"publishpress_future_workflow_manual_trigger":{"enabledWorkflows":[]},"_links":{"self":[{"href":"https:\/\/us.harlequinfloors.com\/es\/wp-json\/wp\/v2\/pages\/38164","targetHints":{"allow":["GET"]}}],"collection":[{"href":"https:\/\/us.harlequinfloors.com\/es\/wp-json\/wp\/v2\/pages"}],"about":[{"href":"https:\/\/us.harlequinfloors.com\/es\/wp-json\/wp\/v2\/types\/page"}],"author":[{"embeddable":true,"href":"https:\/\/us.harlequinfloors.com\/es\/wp-json\/wp\/v2\/users\/1"}],"replies":[{"embeddable":true,"href":"https:\/\/us.harlequinfloors.com\/es\/wp-json\/wp\/v2\/comments?post=38164"}],"version-history":[{"count":2,"href":"https:\/\/us.harlequinfloors.com\/es\/wp-json\/wp\/v2\/pages\/38164\/revisions"}],"predecessor-version":[{"id":67300,"href":"https:\/\/us.harlequinfloors.com\/es\/wp-json\/wp\/v2\/pages\/38164\/revisions\/67300"}],"wp:featuredmedia":[{"embeddable":true,"href":"https:\/\/us.harlequinfloors.com\/es\/wp-json\/wp\/v2\/media\/35862"}],"wp:attachment":[{"href":"https:\/\/us.harlequinfloors.com\/es\/wp-json\/wp\/v2\/media?parent=38164"}],"curies":[{"name":"wp","href":"https:\/\/api.w.org\/{rel}","templated":true}]}}