{"id":4333,"date":"2016-11-16T17:56:22","date_gmt":"2016-11-16T22:56:22","guid":{"rendered":"https:\/\/harlequinfloor.wpengine.com\/es\/showroom\/"},"modified":"2016-11-17T18:21:36","modified_gmt":"2016-11-17T18:21:36","slug":"showroom","status":"publish","type":"page","link":"https:\/\/us.harlequinfloors.com\/es\/showroom\/","title":{"rendered":"Harlequin Floors Sala de Exhibici\u00f3n"},"content":{"rendered":"<div id=\"metaslider-id-4301\" style=\"width: 100%; margin: 0 auto;\" class=\"ml-slider-3-108-0 ml-slider-pro-2-56-0 metaslider metaslider-flex metaslider-4301 ml-slider lightbox has-carousel-mode ml-slider-lightbox-2-22-0 firelight-lightbox-2-3-19 ms-theme-default nav-hidden\" role=\"region\" aria-label=\"Showroom Pge Slider\" data-height=\"152\" data-width=\"205\">\n    <div id=\"metaslider_container_4301\">\n        <div id=\"metaslider_4301\">\n            <ul class='slides'>\n                <li style=\"display: none; width: 100%;\" class=\"slide-12523 ms-image \" aria-roledescription=\"slide\" data-date=\"2019-07-15 09:49:24\" data-filename=\"showroom-2-205x152.jpg\" data-slide-type=\"image\"><a href=\"https:\/\/us.harlequinfloors.com\/wp-content\/uploads\/2019\/07\/showroom-2.jpg\" data-src=\"https:\/\/us.harlequinfloors.com\/wp-content\/uploads\/2019\/07\/showroom-2.jpg\" data-thumb=\"https:\/\/us.harlequinfloors.com\/wp-content\/uploads\/2019\/07\/showroom-2-205x152.jpg\" class=\"ml-lightbox-enabled\"><img decoding=\"async\" src=\"https:\/\/us.harlequinfloors.com\/wp-content\/uploads\/2019\/07\/showroom-2-205x152.jpg\" height=\"152\" width=\"205\" alt=\"\" class=\"slider-4301 slide-12523 msDefaultImage\" title=\"showroom 2\" \/><\/a><\/li>\n                <li style=\"display: none; width: 100%;\" class=\"slide-12525 ms-image \" aria-roledescription=\"slide\" data-date=\"2019-07-15 09:49:25\" data-filename=\"showroom-205x152.jpg\" data-slide-type=\"image\"><a href=\"https:\/\/us.harlequinfloors.com\/wp-content\/uploads\/2019\/07\/showroom.jpg\" data-src=\"https:\/\/us.harlequinfloors.com\/wp-content\/uploads\/2019\/07\/showroom.jpg\" data-thumb=\"https:\/\/us.harlequinfloors.com\/wp-content\/uploads\/2019\/07\/showroom-205x152.jpg\" class=\"ml-lightbox-enabled\"><img decoding=\"async\" src=\"https:\/\/us.harlequinfloors.com\/wp-content\/uploads\/2019\/07\/showroom-205x152.jpg\" height=\"152\" width=\"205\" alt=\"\" class=\"slider-4301 slide-12525 msDefaultImage\" title=\"showroom\" \/><\/a><\/li>\n                <li style=\"display: none; width: 100%;\" class=\"slide-12524 ms-image \" aria-roledescription=\"slide\" data-date=\"2019-07-15 09:49:25\" data-filename=\"showroom-3-205x152.jpg\" data-slide-type=\"image\"><a href=\"https:\/\/us.harlequinfloors.com\/wp-content\/uploads\/2019\/07\/showroom-3.jpg\" data-src=\"https:\/\/us.harlequinfloors.com\/wp-content\/uploads\/2019\/07\/showroom-3.jpg\" data-thumb=\"https:\/\/us.harlequinfloors.com\/wp-content\/uploads\/2019\/07\/showroom-3-205x152.jpg\" class=\"ml-lightbox-enabled\"><img decoding=\"async\" src=\"https:\/\/us.harlequinfloors.com\/wp-content\/uploads\/2019\/07\/showroom-3-205x152.jpg\" height=\"152\" width=\"205\" alt=\"\" class=\"slider-4301 slide-12524 msDefaultImage\" title=\"showroom 3\" \/><\/a><\/li>\n                <li style=\"display: none; width: 100%;\" class=\"slide-11404 ms-image \" aria-roledescription=\"slide\" data-date=\"2019-06-18 12:25:47\" data-filename=\"page-showroom-lifestyle-205x152.jpg\" data-slide-type=\"image\"><a href=\"https:\/\/us.harlequinfloors.com\/wp-content\/uploads\/2019\/06\/page-showroom-lifestyle.jpg\" data-src=\"https:\/\/us.harlequinfloors.com\/wp-content\/uploads\/2019\/06\/page-showroom-lifestyle.jpg\" data-thumb=\"https:\/\/us.harlequinfloors.com\/wp-content\/uploads\/2019\/06\/page-showroom-lifestyle-205x152.jpg\" class=\"ml-lightbox-enabled\"><img decoding=\"async\" src=\"https:\/\/us.harlequinfloors.com\/wp-content\/uploads\/2019\/06\/page-showroom-lifestyle-205x152.jpg\" height=\"152\" width=\"205\" alt=\"\" class=\"slider-4301 slide-11404 msDefaultImage\" title=\"page-showroom-lifestyle\" \/><\/a><\/li>\n                <li style=\"display: none; width: 100%;\" class=\"slide-7191 ms-image \" aria-roledescription=\"slide\" data-date=\"2017-06-05 15:15:47\" data-filename=\"MG_0576-205x152.png\" data-slide-type=\"image\"><a href=\"https:\/\/us.harlequinfloors.com\/wp-content\/uploads\/2017\/06\/MG_0576.png\" data-src=\"https:\/\/us.harlequinfloors.com\/wp-content\/uploads\/2017\/06\/MG_0576.png\" data-thumb=\"https:\/\/us.harlequinfloors.com\/wp-content\/uploads\/2017\/06\/MG_0576-205x152.png\" class=\"ml-lightbox-enabled\"><img decoding=\"async\" src=\"https:\/\/us.harlequinfloors.com\/wp-content\/uploads\/2017\/06\/MG_0576-205x152.png\" height=\"152\" width=\"205\" alt=\"\" class=\"slider-4301 slide-7191 msDefaultImage\" \/><\/a><\/li>\n            <\/ul>\n        <\/div>\n        \n    <\/div>\n<\/div>\n<p>No est\u00e1 seguro qu\u00e9 piso de baile es adecuado para usted? Pruebe 3 de nuestras tarimas flexibles de baile en una ubicaci\u00f3n conveniente!<\/p>\n<ul>\n<li>Harlequin Liberty\u2122 con Harlequin Studio\u2122<\/li>\n<li>Harlequin WoodSpring\u2122 con Harlequin Cascade\u2122<\/li>\n<li>Harlequin Activity\u2122 con Harlequin Cascade\u2122<\/li>\n<\/ul>\n<p>Espejos sin cristales Harlequin y barras de ballet profesionales en exhibici\u00f3n.<\/p>\n<p>Sala de exhibici\u00f3n ubicada en NJ &#8211; 30 minutos de Filadelfia y 2 horas de Nueva York.<\/p>\n<p><b>Las visitas son por cita solamente.<\/b><br \/>\n<i>P\u00f3ngase en contacto con su representante para obtener m\u00e1s detalles.<\/i><\/p>\n","protected":false},"excerpt":{"rendered":"<p>No est\u00e1 seguro qu\u00e9 piso de baile es adecuado para usted? Pruebe 3 de nuestras tarimas flexibles de baile en&#8230;<\/p>\n<p><a class=\"btn btn-primary btn-an harlequin-read-more-link\" href=\"https:\/\/us.harlequinfloors.com\/es\/showroom\/\">Leer m\u00e1s<\/a><\/p>\n","protected":false},"author":1,"featured_media":0,"parent":0,"menu_order":0,"comment_status":"closed","ping_status":"closed","template":"","meta":{"_acf_changed":false,"_monsterinsights_skip_tracking":false,"_monsterinsights_sitenote_active":false,"_monsterinsights_sitenote_note":"","_monsterinsights_sitenote_category":0,"footnotes":"","_links_to":"","_links_to_target":""},"class_list":["post-4333","page","type-page","status-publish","hentry"],"acf":[],"yoast_head":"<!-- This site is optimized with the Yoast SEO Premium plugin v26.1 (Yoast SEO v27.4) - https:\/\/yoast.com\/product\/yoast-seo-premium-wordpress\/ -->\n<title>Harlequin Floors Sala de Exhibici\u00f3n | Harlequin Floors<\/title>\n<meta name=\"robots\" content=\"index, follow, max-snippet:-1, max-image-preview:large, max-video-preview:-1\" \/>\n<link rel=\"canonical\" href=\"https:\/\/us.harlequinfloors.com\/es\/showroom\/\" \/>\n<meta property=\"og:locale\" content=\"es_ES\" \/>\n<meta property=\"og:type\" content=\"article\" \/>\n<meta property=\"og:title\" content=\"Harlequin Floors Sala de Exhibici\u00f3n\" \/>\n<meta property=\"og:description\" content=\"No est\u00e1 seguro qu\u00e9 piso de baile es adecuado para usted? Pruebe 3 de nuestras tarimas flexibles de baile en...Leer m\u00e1s\" \/>\n<meta property=\"og:url\" content=\"https:\/\/us.harlequinfloors.com\/es\/showroom\/\" \/>\n<meta property=\"og:site_name\" content=\"Harlequin Floors\" \/>\n<meta property=\"article:publisher\" content=\"https:\/\/www.facebook.com\/americanharlequinfloors\" \/>\n<meta property=\"article:modified_time\" content=\"2016-11-17T18:21:36+00:00\" \/>\n<meta name=\"twitter:card\" content=\"summary_large_image\" \/>\n<script type=\"application\/ld+json\" class=\"yoast-schema-graph\">{\"@context\":\"https:\\\/\\\/schema.org\",\"@graph\":[{\"@type\":\"WebPage\",\"@id\":\"https:\\\/\\\/us.harlequinfloors.com\\\/es\\\/showroom\\\/\",\"url\":\"https:\\\/\\\/us.harlequinfloors.com\\\/es\\\/showroom\\\/\",\"name\":\"Harlequin Floors Sala de Exhibici\u00f3n | Harlequin Floors\",\"isPartOf\":{\"@id\":\"https:\\\/\\\/us.harlequinfloors.com\\\/es\\\/#website\"},\"datePublished\":\"2016-11-16T22:56:22+00:00\",\"dateModified\":\"2016-11-17T18:21:36+00:00\",\"breadcrumb\":{\"@id\":\"https:\\\/\\\/us.harlequinfloors.com\\\/es\\\/showroom\\\/#breadcrumb\"},\"inLanguage\":\"es\",\"potentialAction\":[{\"@type\":\"ReadAction\",\"target\":[\"https:\\\/\\\/us.harlequinfloors.com\\\/es\\\/showroom\\\/\"]}]},{\"@type\":\"BreadcrumbList\",\"@id\":\"https:\\\/\\\/us.harlequinfloors.com\\\/es\\\/showroom\\\/#breadcrumb\",\"itemListElement\":[{\"@type\":\"ListItem\",\"position\":1,\"name\":\"Home\",\"item\":\"https:\\\/\\\/us.harlequinfloors.com\\\/es\\\/\"},{\"@type\":\"ListItem\",\"position\":2,\"name\":\"Harlequin Floors Sala de Exhibici\u00f3n\"}]},{\"@type\":\"WebSite\",\"@id\":\"https:\\\/\\\/us.harlequinfloors.com\\\/es\\\/#website\",\"url\":\"https:\\\/\\\/us.harlequinfloors.com\\\/es\\\/\",\"name\":\"Harlequin Floors\",\"description\":\"El mundo baila sobre los pisos Harlequin\",\"potentialAction\":[{\"@type\":\"SearchAction\",\"target\":{\"@type\":\"EntryPoint\",\"urlTemplate\":\"https:\\\/\\\/us.harlequinfloors.com\\\/es\\\/?s={search_term_string}\"},\"query-input\":{\"@type\":\"PropertyValueSpecification\",\"valueRequired\":true,\"valueName\":\"search_term_string\"}}],\"inLanguage\":\"es\"}]}<\/script>\n<!-- \/ Yoast SEO Premium plugin. -->","yoast_head_json":{"title":"Harlequin Floors Sala de Exhibici\u00f3n | Harlequin Floors","robots":{"index":"index","follow":"follow","max-snippet":"max-snippet:-1","max-image-preview":"max-image-preview:large","max-video-preview":"max-video-preview:-1"},"canonical":"https:\/\/us.harlequinfloors.com\/es\/showroom\/","og_locale":"es_ES","og_type":"article","og_title":"Harlequin Floors Sala de Exhibici\u00f3n","og_description":"No est\u00e1 seguro qu\u00e9 piso de baile es adecuado para usted? Pruebe 3 de nuestras tarimas flexibles de baile en...Leer m\u00e1s","og_url":"https:\/\/us.harlequinfloors.com\/es\/showroom\/","og_site_name":"Harlequin Floors","article_publisher":"https:\/\/www.facebook.com\/americanharlequinfloors","article_modified_time":"2016-11-17T18:21:36+00:00","twitter_card":"summary_large_image","schema":{"@context":"https:\/\/schema.org","@graph":[{"@type":"WebPage","@id":"https:\/\/us.harlequinfloors.com\/es\/showroom\/","url":"https:\/\/us.harlequinfloors.com\/es\/showroom\/","name":"Harlequin Floors Sala de Exhibici\u00f3n | Harlequin Floors","isPartOf":{"@id":"https:\/\/us.harlequinfloors.com\/es\/#website"},"datePublished":"2016-11-16T22:56:22+00:00","dateModified":"2016-11-17T18:21:36+00:00","breadcrumb":{"@id":"https:\/\/us.harlequinfloors.com\/es\/showroom\/#breadcrumb"},"inLanguage":"es","potentialAction":[{"@type":"ReadAction","target":["https:\/\/us.harlequinfloors.com\/es\/showroom\/"]}]},{"@type":"BreadcrumbList","@id":"https:\/\/us.harlequinfloors.com\/es\/showroom\/#breadcrumb","itemListElement":[{"@type":"ListItem","position":1,"name":"Home","item":"https:\/\/us.harlequinfloors.com\/es\/"},{"@type":"ListItem","position":2,"name":"Harlequin Floors Sala de Exhibici\u00f3n"}]},{"@type":"WebSite","@id":"https:\/\/us.harlequinfloors.com\/es\/#website","url":"https:\/\/us.harlequinfloors.com\/es\/","name":"Harlequin Floors","description":"El mundo baila sobre los pisos Harlequin","potentialAction":[{"@type":"SearchAction","target":{"@type":"EntryPoint","urlTemplate":"https:\/\/us.harlequinfloors.com\/es\/?s={search_term_string}"},"query-input":{"@type":"PropertyValueSpecification","valueRequired":true,"valueName":"search_term_string"}}],"inLanguage":"es"}]}},"publishpress_future_action":{"enabled":false,"date":"2026-04-29 09:24:14","action":"change-status","newStatus":"draft","terms":[],"taxonomy":"translation_priority","extraData":[]},"publishpress_future_workflow_manual_trigger":{"enabledWorkflows":[]},"_links":{"self":[{"href":"https:\/\/us.harlequinfloors.com\/es\/wp-json\/wp\/v2\/pages\/4333","targetHints":{"allow":["GET"]}}],"collection":[{"href":"https:\/\/us.harlequinfloors.com\/es\/wp-json\/wp\/v2\/pages"}],"about":[{"href":"https:\/\/us.harlequinfloors.com\/es\/wp-json\/wp\/v2\/types\/page"}],"author":[{"embeddable":true,"href":"https:\/\/us.harlequinfloors.com\/es\/wp-json\/wp\/v2\/users\/1"}],"replies":[{"embeddable":true,"href":"https:\/\/us.harlequinfloors.com\/es\/wp-json\/wp\/v2\/comments?post=4333"}],"version-history":[{"count":0,"href":"https:\/\/us.harlequinfloors.com\/es\/wp-json\/wp\/v2\/pages\/4333\/revisions"}],"wp:attachment":[{"href":"https:\/\/us.harlequinfloors.com\/es\/wp-json\/wp\/v2\/media?parent=4333"}],"curies":[{"name":"wp","href":"https:\/\/api.w.org\/{rel}","templated":true}]}}