{"id":45665,"date":"2022-04-13T16:46:32","date_gmt":"2022-04-13T20:46:32","guid":{"rendered":"http:\/\/harlequin.local\/sustainability\/"},"modified":"2025-07-31T03:18:49","modified_gmt":"2025-07-31T07:18:49","slug":"sustainability","status":"publish","type":"page","link":"https:\/\/us.harlequinfloors.com\/es\/sustainability\/","title":{"rendered":"Declaraci\u00f3n Pol\u00edtica de Sostenibilidad"},"content":{"rendered":"\n<div style=\"height:30px\" aria-hidden=\"true\" class=\"wp-block-spacer\"><\/div>\n\n<h4 class=\"wp-block-heading\">Nuestro compromiso<\/h4>\n\n<p>Harlequin est\u00e1 comprometido con el desarrollo sostenible y nuestra responsabilidad corporativa en este \u00e1mbito forma parte fundamental de nuestra estrategia empresarial. Creemos que la sostenibilidad es un esfuerzo de equipo de toda la empresa, impulsado y apoyado por nuestro Consejo de Administraci\u00f3n.<\/p>\n\n<p>Controlamos continuamente el impacto medioambiental de nuestros procesos y operaciones de fabricaci\u00f3n y nos aseguramos de que todos los departamentos colaboren para planificar, medir y mejorar nuestro rendimiento social y medioambiental.<\/p>\n\n<p>Este plan se revisar\u00e1 anualmente para demostrar nuestro compromiso continuo de reducir las emisiones de carbono en todas nuestras operaciones y mejorar nuestra sostenibilidad general.<\/p>\n\n<div style=\"height:30px\" aria-hidden=\"true\" class=\"wp-block-spacer\"><\/div>\n\n<h4 class=\"wp-block-heading\">Pr\u00e1cticas laborales en Harlequin:<\/h4>\n\n<ul class=\"wp-block-list\">\n<li>Harlequin colabora estrechamente con socios, clientes y proveedores para garantizar que seguimos desarrollando pr\u00e1cticas, productos y servicios sostenibles.<\/li>\n\n\n\n<li>Proporcionamos formaci\u00f3n, asesoramiento e informaci\u00f3n en toda la empresa a todos los miembros del equipo para fomentar el desarrollo de nuevas iniciativas medioambientales en el lugar de trabajo.<\/li>\n\n\n\n<li>Todos los departamentos se comprometen a reducir los residuos innecesarios mediante la reutilizaci\u00f3n y el reciclaje.<\/li>\n\n\n\n<li>Revisaremos continuamente y, cuando sea posible, implantaremos procesos m\u00e1s eficientes energ\u00e9ticamente en nuestra propia producci\u00f3n y en la de nuestros proveedores.<\/li>\n<\/ul>\n\n<div style=\"height:30px\" aria-hidden=\"true\" class=\"wp-block-spacer\"><\/div>\n\n<h4 class=\"wp-block-heading\">Tapiz de danza Harlequin:<\/h4>\n\n<ul class=\"wp-block-list\">\n<li>Todos los tapices Harlequin obtienen la m\u00e1xima calificaci\u00f3n de la Gu\u00eda Verde BRE de A+<\/li>\n\n\n\n<li>Todas las materias primas utilizadas en la fabricaci\u00f3n del tapiz Harlequin son conformes <a href=\"https:\/\/ec.europa.eu\/environment\/chemicals\/reach\/reach_en.htm\" target=\"_blank\" rel=\"noreferrer noopener\">al REACH<\/a> (Registro, Evaluaci\u00f3n, Autorizaci\u00f3n y Restricci\u00f3n de Sustancias y Preparados Qu\u00edmicos) y no contienen ninguna SVHC (Sustancias Extremadamente Preocupantes) en concentraciones superiores al 0,1% (p\/p).<\/li>\n\n\n\n<li>Todos los tapices Harlequin no contienen sustancias CMR (carcin\u00f3genas, mut\u00e1genas, reprot\u00f3xicas) de categor\u00eda 1 \u00f3 2.<\/li>\n\n\n\n<li>Todos los tapices de danza Harlequin no contienen formaldeh\u00eddo y est\u00e1n clasificados como conformes a la clase E1.<\/li>\n\n\n\n<li>Todos los tapices Harlequin han sido sometidos a pruebas de COV, obteniendo <a href=\"https:\/\/www.intertek.com\/certification\/indoor-air-quality\/\" target=\"_blank\" rel=\"noreferrer noopener\">la certificaci\u00f3n Clean Air Gold de Intertek<\/a> para emisiones y cumpliendo los requisitos <a href=\"https:\/\/www.breeam.com\/\" target=\"_blank\" rel=\"noreferrer noopener\">BREEAM<\/a> (Building Research Establishment Environmental Assessment Method) y <a href=\"https:\/\/www.usgbc.org\/leed\" target=\"_blank\" rel=\"noreferrer noopener\">LEED<\/a> (Leadership in Energy &amp; Environmental Design) para una buena calidad del aire.<\/li>\n\n\n\n<li>Todos los tapices Harlequin son 100% reciclables.<\/li>\n\n\n\n<li>Todos los tapices Harlequin contienen entre un 23% y un 30% de contenido reciclado posterior a la fabricaci\u00f3n.<\/li>\n\n\n\n<li>Harlequin cumple las recomendaciones de <a href=\"https:\/\/www.vinylplus.eu\/\" target=\"_blank\" rel=\"noreferrer noopener\">Vinyl Plus<\/a>, el compromiso de la industria europea del PVC con el desarrollo sostenible.<\/li>\n\n\n\n<li>Harlequin lleva a cabo un programa proactivo de \u00abDevoluci\u00f3n\u00bb, en virtud del cual los productos posteriores a la instalaci\u00f3n y al uso se reciclan para convertirlos en productos de segunda vida.<\/li>\n\n\n\n<li>Desde que Harlequin Floors introdujo su programa de \u00abcompromiso con el reciclaje\u00bb, que desv\u00eda el material de los vertederos, el programa ha ahorrado 93 toneladas de emisiones de CO2.<\/li>\n<\/ul>\n\n<h4 class=\"wp-block-heading\">Suelos de madera Harlequin:<\/h4>\n\n<ul class=\"wp-block-list\">\n<li>Todos los suelos de madera Harlequin est\u00e1n hechos para durar. Nuestros suelos de madera natural pueden lijarse muchas veces para prolongar su vida \u00fatil. Nuestras tarimas de escenario pueden sustituirse o renovarse f\u00e1cilmente. Nuestros sistemas de tarima de danza han sido dise\u00f1ados para ser port\u00e1tiles y pueden reutilizarse muchas veces.   <\/li>\n\n\n\n<li>El suelo de madera Harlequin es 100% reciclable y puede convertirse en biomasa sostenible para generar energ\u00eda.<\/li>\n\n\n\n<li>Nuestro suelo Harlequin Activity tiene unas propiedades de aislamiento t\u00e9rmico y ac\u00fastico excepcionalmente altas que ayudan a reducir la transmisi\u00f3n del ruido y el consumo de energ\u00eda.<\/li>\n<\/ul>\n\n<figure class=\"wp-block-image alignleft size-full\"><img decoding=\"async\" width=\"1024\" height=\"354\" src=\"https:\/\/us.harlequinfloors.com\/wp-content\/uploads\/2022\/04\/Sustainability-Logos-1024x576-r1.png\" alt=\"\" class=\"wp-image-45307\" srcset=\"https:\/\/us.harlequinfloors.com\/wp-content\/uploads\/2022\/04\/Sustainability-Logos-1024x576-r1.png 1024w, https:\/\/us.harlequinfloors.com\/wp-content\/uploads\/2022\/04\/Sustainability-Logos-1024x576-r1-500x173.png 500w, https:\/\/us.harlequinfloors.com\/wp-content\/uploads\/2022\/04\/Sustainability-Logos-1024x576-r1-1012x350.png 1012w, https:\/\/us.harlequinfloors.com\/wp-content\/uploads\/2022\/04\/Sustainability-Logos-1024x576-r1-510x176.png 510w, https:\/\/us.harlequinfloors.com\/wp-content\/uploads\/2022\/04\/Sustainability-Logos-1024x576-r1-350x121.png 350w, https:\/\/us.harlequinfloors.com\/wp-content\/uploads\/2022\/04\/Sustainability-Logos-1024x576-r1-250x86.png 250w, https:\/\/us.harlequinfloors.com\/wp-content\/uploads\/2022\/04\/Sustainability-Logos-1024x576-r1-720x249.png 720w, https:\/\/us.harlequinfloors.com\/wp-content\/uploads\/2022\/04\/Sustainability-Logos-1024x576-r1-900x311.png 900w\" sizes=\"(max-width: 1024px) 100vw, 1024px\" \/><\/figure>\n","protected":false},"excerpt":{"rendered":"<p>Nuestro compromiso Harlequin est\u00e1 comprometido con el desarrollo sostenible y nuestra responsabilidad corporativa en este \u00e1mbito forma parte fundamental de&#8230;<\/p>\n<p><a class=\"btn btn-primary btn-an harlequin-read-more-link\" href=\"https:\/\/us.harlequinfloors.com\/es\/sustainability\/\">Leer m\u00e1s<\/a><\/p>\n","protected":false},"author":1,"featured_media":0,"parent":0,"menu_order":0,"comment_status":"closed","ping_status":"closed","template":"","meta":{"_acf_changed":false,"_monsterinsights_skip_tracking":false,"_monsterinsights_sitenote_active":false,"_monsterinsights_sitenote_note":"","_monsterinsights_sitenote_category":0,"footnotes":"","_links_to":"","_links_to_target":""},"class_list":["post-45665","page","type-page","status-publish","hentry"],"acf":[],"yoast_head":"<!-- This site is optimized with the Yoast SEO Premium plugin v26.1 (Yoast SEO v27.3) - https:\/\/yoast.com\/product\/yoast-seo-premium-wordpress\/ -->\n<title>Declaraci\u00f3n Pol\u00edtica de Sostenibilidad | Harlequin Floors<\/title>\n<meta name=\"robots\" content=\"index, follow, max-snippet:-1, max-image-preview:large, max-video-preview:-1\" \/>\n<link rel=\"canonical\" href=\"https:\/\/us.harlequinfloors.com\/es\/sustainability\/\" \/>\n<meta property=\"og:locale\" content=\"es_ES\" \/>\n<meta property=\"og:type\" content=\"article\" \/>\n<meta property=\"og:title\" content=\"Declaraci\u00f3n Pol\u00edtica de Sostenibilidad\" \/>\n<meta property=\"og:description\" content=\"Nuestro compromiso Harlequin est\u00e1 comprometido con el desarrollo sostenible y nuestra responsabilidad corporativa en este \u00e1mbito forma parte fundamental de...Leer m\u00e1s\" \/>\n<meta property=\"og:url\" content=\"https:\/\/us.harlequinfloors.com\/es\/sustainability\/\" \/>\n<meta property=\"og:site_name\" content=\"Harlequin Floors\" \/>\n<meta property=\"article:publisher\" content=\"https:\/\/www.facebook.com\/americanharlequinfloors\" \/>\n<meta property=\"article:modified_time\" content=\"2025-07-31T07:18:49+00:00\" \/>\n<meta property=\"og:image\" content=\"http:\/\/harlequin.local\/wp-content\/uploads\/2022\/04\/Sustainability-Logos-1024x576-r1.png\" \/>\n<meta name=\"twitter:card\" content=\"summary_large_image\" \/>\n<meta name=\"twitter:label1\" content=\"Tiempo de lectura\" \/>\n\t<meta name=\"twitter:data1\" content=\"3 minutos\" \/>\n<script type=\"application\/ld+json\" class=\"yoast-schema-graph\">{\"@context\":\"https:\\\/\\\/schema.org\",\"@graph\":[{\"@type\":\"WebPage\",\"@id\":\"https:\\\/\\\/us.harlequinfloors.com\\\/es\\\/sustainability\\\/\",\"url\":\"https:\\\/\\\/us.harlequinfloors.com\\\/es\\\/sustainability\\\/\",\"name\":\"Declaraci\u00f3n Pol\u00edtica de Sostenibilidad | Harlequin Floors\",\"isPartOf\":{\"@id\":\"https:\\\/\\\/us.harlequinfloors.com\\\/es\\\/#website\"},\"primaryImageOfPage\":{\"@id\":\"https:\\\/\\\/us.harlequinfloors.com\\\/es\\\/sustainability\\\/#primaryimage\"},\"image\":{\"@id\":\"https:\\\/\\\/us.harlequinfloors.com\\\/es\\\/sustainability\\\/#primaryimage\"},\"thumbnailUrl\":\"https:\\\/\\\/us.harlequinfloors.com\\\/wp-content\\\/uploads\\\/2022\\\/04\\\/Sustainability-Logos-1024x576-r1.png\",\"datePublished\":\"2022-04-13T20:46:32+00:00\",\"dateModified\":\"2025-07-31T07:18:49+00:00\",\"breadcrumb\":{\"@id\":\"https:\\\/\\\/us.harlequinfloors.com\\\/es\\\/sustainability\\\/#breadcrumb\"},\"inLanguage\":\"es\",\"potentialAction\":[{\"@type\":\"ReadAction\",\"target\":[\"https:\\\/\\\/us.harlequinfloors.com\\\/es\\\/sustainability\\\/\"]}]},{\"@type\":\"ImageObject\",\"inLanguage\":\"es\",\"@id\":\"https:\\\/\\\/us.harlequinfloors.com\\\/es\\\/sustainability\\\/#primaryimage\",\"url\":\"https:\\\/\\\/us.harlequinfloors.com\\\/wp-content\\\/uploads\\\/2022\\\/04\\\/Sustainability-Logos-1024x576-r1.png\",\"contentUrl\":\"https:\\\/\\\/us.harlequinfloors.com\\\/wp-content\\\/uploads\\\/2022\\\/04\\\/Sustainability-Logos-1024x576-r1.png\"},{\"@type\":\"BreadcrumbList\",\"@id\":\"https:\\\/\\\/us.harlequinfloors.com\\\/es\\\/sustainability\\\/#breadcrumb\",\"itemListElement\":[{\"@type\":\"ListItem\",\"position\":1,\"name\":\"Home\",\"item\":\"https:\\\/\\\/us.harlequinfloors.com\\\/es\\\/\"},{\"@type\":\"ListItem\",\"position\":2,\"name\":\"Declaraci\u00f3n Pol\u00edtica de Sostenibilidad\"}]},{\"@type\":\"WebSite\",\"@id\":\"https:\\\/\\\/us.harlequinfloors.com\\\/es\\\/#website\",\"url\":\"https:\\\/\\\/us.harlequinfloors.com\\\/es\\\/\",\"name\":\"Harlequin Floors\",\"description\":\"El mundo baila sobre los pisos Harlequin\",\"potentialAction\":[{\"@type\":\"SearchAction\",\"target\":{\"@type\":\"EntryPoint\",\"urlTemplate\":\"https:\\\/\\\/us.harlequinfloors.com\\\/es\\\/?s={search_term_string}\"},\"query-input\":{\"@type\":\"PropertyValueSpecification\",\"valueRequired\":true,\"valueName\":\"search_term_string\"}}],\"inLanguage\":\"es\"}]}<\/script>\n<!-- \/ Yoast SEO Premium plugin. -->","yoast_head_json":{"title":"Declaraci\u00f3n Pol\u00edtica de Sostenibilidad | Harlequin Floors","robots":{"index":"index","follow":"follow","max-snippet":"max-snippet:-1","max-image-preview":"max-image-preview:large","max-video-preview":"max-video-preview:-1"},"canonical":"https:\/\/us.harlequinfloors.com\/es\/sustainability\/","og_locale":"es_ES","og_type":"article","og_title":"Declaraci\u00f3n Pol\u00edtica de Sostenibilidad","og_description":"Nuestro compromiso Harlequin est\u00e1 comprometido con el desarrollo sostenible y nuestra responsabilidad corporativa en este \u00e1mbito forma parte fundamental de...Leer m\u00e1s","og_url":"https:\/\/us.harlequinfloors.com\/es\/sustainability\/","og_site_name":"Harlequin Floors","article_publisher":"https:\/\/www.facebook.com\/americanharlequinfloors","article_modified_time":"2025-07-31T07:18:49+00:00","og_image":[{"url":"http:\/\/harlequin.local\/wp-content\/uploads\/2022\/04\/Sustainability-Logos-1024x576-r1.png","type":"","width":"","height":""}],"twitter_card":"summary_large_image","twitter_misc":{"Tiempo de lectura":"3 minutos"},"schema":{"@context":"https:\/\/schema.org","@graph":[{"@type":"WebPage","@id":"https:\/\/us.harlequinfloors.com\/es\/sustainability\/","url":"https:\/\/us.harlequinfloors.com\/es\/sustainability\/","name":"Declaraci\u00f3n Pol\u00edtica de Sostenibilidad | Harlequin Floors","isPartOf":{"@id":"https:\/\/us.harlequinfloors.com\/es\/#website"},"primaryImageOfPage":{"@id":"https:\/\/us.harlequinfloors.com\/es\/sustainability\/#primaryimage"},"image":{"@id":"https:\/\/us.harlequinfloors.com\/es\/sustainability\/#primaryimage"},"thumbnailUrl":"https:\/\/us.harlequinfloors.com\/wp-content\/uploads\/2022\/04\/Sustainability-Logos-1024x576-r1.png","datePublished":"2022-04-13T20:46:32+00:00","dateModified":"2025-07-31T07:18:49+00:00","breadcrumb":{"@id":"https:\/\/us.harlequinfloors.com\/es\/sustainability\/#breadcrumb"},"inLanguage":"es","potentialAction":[{"@type":"ReadAction","target":["https:\/\/us.harlequinfloors.com\/es\/sustainability\/"]}]},{"@type":"ImageObject","inLanguage":"es","@id":"https:\/\/us.harlequinfloors.com\/es\/sustainability\/#primaryimage","url":"https:\/\/us.harlequinfloors.com\/wp-content\/uploads\/2022\/04\/Sustainability-Logos-1024x576-r1.png","contentUrl":"https:\/\/us.harlequinfloors.com\/wp-content\/uploads\/2022\/04\/Sustainability-Logos-1024x576-r1.png"},{"@type":"BreadcrumbList","@id":"https:\/\/us.harlequinfloors.com\/es\/sustainability\/#breadcrumb","itemListElement":[{"@type":"ListItem","position":1,"name":"Home","item":"https:\/\/us.harlequinfloors.com\/es\/"},{"@type":"ListItem","position":2,"name":"Declaraci\u00f3n Pol\u00edtica de Sostenibilidad"}]},{"@type":"WebSite","@id":"https:\/\/us.harlequinfloors.com\/es\/#website","url":"https:\/\/us.harlequinfloors.com\/es\/","name":"Harlequin Floors","description":"El mundo baila sobre los pisos Harlequin","potentialAction":[{"@type":"SearchAction","target":{"@type":"EntryPoint","urlTemplate":"https:\/\/us.harlequinfloors.com\/es\/?s={search_term_string}"},"query-input":{"@type":"PropertyValueSpecification","valueRequired":true,"valueName":"search_term_string"}}],"inLanguage":"es"}]}},"publishpress_future_action":{"enabled":false,"date":"2026-04-13 09:45:58","action":"change-status","newStatus":"draft","terms":[],"taxonomy":"translation_priority","extraData":[]},"publishpress_future_workflow_manual_trigger":{"enabledWorkflows":[]},"_links":{"self":[{"href":"https:\/\/us.harlequinfloors.com\/es\/wp-json\/wp\/v2\/pages\/45665","targetHints":{"allow":["GET"]}}],"collection":[{"href":"https:\/\/us.harlequinfloors.com\/es\/wp-json\/wp\/v2\/pages"}],"about":[{"href":"https:\/\/us.harlequinfloors.com\/es\/wp-json\/wp\/v2\/types\/page"}],"author":[{"embeddable":true,"href":"https:\/\/us.harlequinfloors.com\/es\/wp-json\/wp\/v2\/users\/1"}],"replies":[{"embeddable":true,"href":"https:\/\/us.harlequinfloors.com\/es\/wp-json\/wp\/v2\/comments?post=45665"}],"version-history":[{"count":2,"href":"https:\/\/us.harlequinfloors.com\/es\/wp-json\/wp\/v2\/pages\/45665\/revisions"}],"predecessor-version":[{"id":67264,"href":"https:\/\/us.harlequinfloors.com\/es\/wp-json\/wp\/v2\/pages\/45665\/revisions\/67264"}],"wp:attachment":[{"href":"https:\/\/us.harlequinfloors.com\/es\/wp-json\/wp\/v2\/media?parent=45665"}],"curies":[{"name":"wp","href":"https:\/\/api.w.org\/{rel}","templated":true}]}}