{"id":64964,"date":"2025-04-11T14:34:21","date_gmt":"2025-04-11T18:34:21","guid":{"rendered":"http:\/\/harlequin.local\/?page_id=64964"},"modified":"2025-07-31T03:18:49","modified_gmt":"2025-07-31T07:18:49","slug":"contact-canada","status":"publish","type":"page","link":"https:\/\/us.harlequinfloors.com\/es\/contact-canada\/","title":{"rendered":"Harlequin \u2764\ufe0f Canada &#8211; \u00a1Un agradecimiento especial!"},"content":{"rendered":"\n<p class=\"has-text-align-center\">Harlequin Floors se enorgullece de servir a nuestros clientes canadienses, y para mostrar nuestro agradecimiento, te ofrecemos un descuento exclusivo del 10% s\u00f3lo para ti (excluye los costes de instalaci\u00f3n y transporte). Gracias por tu confianza y colaboraci\u00f3n constantes. <\/p>\n\n<p class=\"has-text-align-center\">Ponte en contacto con nosotros hoy mismo para aprovechar esta oferta especial y \u00a1disfrutar del ahorro!<\/p>\n","protected":false},"excerpt":{"rendered":"<p>Harlequin Floors se enorgullece de servir a nuestros clientes canadienses, y para mostrar nuestro agradecimiento, te ofrecemos un descuento exclusivo&#8230;<\/p>\n<p><a class=\"btn btn-primary btn-an harlequin-read-more-link\" href=\"https:\/\/us.harlequinfloors.com\/es\/contact-canada\/\">Leer m\u00e1s<\/a><\/p>\n","protected":false},"author":5538,"featured_media":0,"parent":0,"menu_order":0,"comment_status":"closed","ping_status":"closed","template":"","meta":{"_acf_changed":false,"_monsterinsights_skip_tracking":false,"_monsterinsights_sitenote_active":false,"_monsterinsights_sitenote_note":"","_monsterinsights_sitenote_category":0,"footnotes":"","_links_to":"","_links_to_target":""},"class_list":["post-64964","page","type-page","status-publish","hentry"],"acf":[],"yoast_head":"<!-- This site is optimized with the Yoast SEO Premium plugin v26.1 (Yoast SEO v27.4) - https:\/\/yoast.com\/product\/yoast-seo-premium-wordpress\/ -->\n<title>Harlequin \u2764\ufe0f Canada - \u00a1Un agradecimiento especial! | Harlequin Floors<\/title>\n<meta name=\"description\" content=\"informaci\u00f3n de contacto para Harlequin Floors Americas\" \/>\n<meta name=\"robots\" content=\"noindex, follow\" \/>\n<meta property=\"og:locale\" content=\"es_ES\" \/>\n<meta property=\"og:type\" content=\"article\" \/>\n<meta property=\"og:title\" content=\"Harlequin \u2764\ufe0f Canada - \u00a1Un agradecimiento especial!\" \/>\n<meta property=\"og:description\" content=\"informaci\u00f3n de contacto para Harlequin Floors Americas\" \/>\n<meta property=\"og:url\" content=\"https:\/\/us.harlequinfloors.com\/es\/contact-canada\/\" \/>\n<meta property=\"og:site_name\" content=\"Harlequin Floors\" \/>\n<meta property=\"article:publisher\" content=\"https:\/\/www.facebook.com\/americanharlequinfloors\" \/>\n<meta property=\"article:modified_time\" content=\"2025-07-31T07:18:49+00:00\" \/>\n<meta name=\"twitter:card\" content=\"summary_large_image\" \/>\n<meta name=\"twitter:label1\" content=\"Tiempo de lectura\" \/>\n\t<meta name=\"twitter:data1\" content=\"1 minuto\" \/>\n<script type=\"application\/ld+json\" class=\"yoast-schema-graph\">{\"@context\":\"https:\\\/\\\/schema.org\",\"@graph\":[{\"@type\":\"WebPage\",\"@id\":\"https:\\\/\\\/us.harlequinfloors.com\\\/es\\\/contact-canada\\\/\",\"url\":\"https:\\\/\\\/us.harlequinfloors.com\\\/es\\\/contact-canada\\\/\",\"name\":\"Harlequin \u2764\ufe0f Canada - \u00a1Un agradecimiento especial! | Harlequin Floors\",\"isPartOf\":{\"@id\":\"https:\\\/\\\/us.harlequinfloors.com\\\/es\\\/#website\"},\"datePublished\":\"2025-04-11T18:34:21+00:00\",\"dateModified\":\"2025-07-31T07:18:49+00:00\",\"description\":\"informaci\u00f3n de contacto para Harlequin Floors Americas\",\"breadcrumb\":{\"@id\":\"https:\\\/\\\/us.harlequinfloors.com\\\/es\\\/contact-canada\\\/#breadcrumb\"},\"inLanguage\":\"es\",\"potentialAction\":[{\"@type\":\"ReadAction\",\"target\":[\"https:\\\/\\\/us.harlequinfloors.com\\\/es\\\/contact-canada\\\/\"]}]},{\"@type\":\"BreadcrumbList\",\"@id\":\"https:\\\/\\\/us.harlequinfloors.com\\\/es\\\/contact-canada\\\/#breadcrumb\",\"itemListElement\":[{\"@type\":\"ListItem\",\"position\":1,\"name\":\"Home\",\"item\":\"https:\\\/\\\/us.harlequinfloors.com\\\/es\\\/\"},{\"@type\":\"ListItem\",\"position\":2,\"name\":\"Harlequin \u2764\ufe0f Canada &#8211; \u00a1Un agradecimiento especial!\"}]},{\"@type\":\"WebSite\",\"@id\":\"https:\\\/\\\/us.harlequinfloors.com\\\/es\\\/#website\",\"url\":\"https:\\\/\\\/us.harlequinfloors.com\\\/es\\\/\",\"name\":\"Harlequin Floors\",\"description\":\"El mundo baila sobre los pisos Harlequin\",\"potentialAction\":[{\"@type\":\"SearchAction\",\"target\":{\"@type\":\"EntryPoint\",\"urlTemplate\":\"https:\\\/\\\/us.harlequinfloors.com\\\/es\\\/?s={search_term_string}\"},\"query-input\":{\"@type\":\"PropertyValueSpecification\",\"valueRequired\":true,\"valueName\":\"search_term_string\"}}],\"inLanguage\":\"es\"}]}<\/script>\n<!-- \/ Yoast SEO Premium plugin. -->","yoast_head_json":{"title":"Harlequin \u2764\ufe0f Canada - \u00a1Un agradecimiento especial! | Harlequin Floors","description":"informaci\u00f3n de contacto para Harlequin Floors Americas","robots":{"index":"noindex","follow":"follow"},"og_locale":"es_ES","og_type":"article","og_title":"Harlequin \u2764\ufe0f Canada - \u00a1Un agradecimiento especial!","og_description":"informaci\u00f3n de contacto para Harlequin Floors Americas","og_url":"https:\/\/us.harlequinfloors.com\/es\/contact-canada\/","og_site_name":"Harlequin Floors","article_publisher":"https:\/\/www.facebook.com\/americanharlequinfloors","article_modified_time":"2025-07-31T07:18:49+00:00","twitter_card":"summary_large_image","twitter_misc":{"Tiempo de lectura":"1 minuto"},"schema":{"@context":"https:\/\/schema.org","@graph":[{"@type":"WebPage","@id":"https:\/\/us.harlequinfloors.com\/es\/contact-canada\/","url":"https:\/\/us.harlequinfloors.com\/es\/contact-canada\/","name":"Harlequin \u2764\ufe0f Canada - \u00a1Un agradecimiento especial! | Harlequin Floors","isPartOf":{"@id":"https:\/\/us.harlequinfloors.com\/es\/#website"},"datePublished":"2025-04-11T18:34:21+00:00","dateModified":"2025-07-31T07:18:49+00:00","description":"informaci\u00f3n de contacto para Harlequin Floors Americas","breadcrumb":{"@id":"https:\/\/us.harlequinfloors.com\/es\/contact-canada\/#breadcrumb"},"inLanguage":"es","potentialAction":[{"@type":"ReadAction","target":["https:\/\/us.harlequinfloors.com\/es\/contact-canada\/"]}]},{"@type":"BreadcrumbList","@id":"https:\/\/us.harlequinfloors.com\/es\/contact-canada\/#breadcrumb","itemListElement":[{"@type":"ListItem","position":1,"name":"Home","item":"https:\/\/us.harlequinfloors.com\/es\/"},{"@type":"ListItem","position":2,"name":"Harlequin \u2764\ufe0f Canada &#8211; \u00a1Un agradecimiento especial!"}]},{"@type":"WebSite","@id":"https:\/\/us.harlequinfloors.com\/es\/#website","url":"https:\/\/us.harlequinfloors.com\/es\/","name":"Harlequin Floors","description":"El mundo baila sobre los pisos Harlequin","potentialAction":[{"@type":"SearchAction","target":{"@type":"EntryPoint","urlTemplate":"https:\/\/us.harlequinfloors.com\/es\/?s={search_term_string}"},"query-input":{"@type":"PropertyValueSpecification","valueRequired":true,"valueName":"search_term_string"}}],"inLanguage":"es"}]}},"publishpress_future_action":{"enabled":false,"date":"2026-04-29 09:17:14","action":"change-status","newStatus":"draft","terms":[],"taxonomy":"translation_priority","extraData":[]},"publishpress_future_workflow_manual_trigger":{"enabledWorkflows":[]},"_links":{"self":[{"href":"https:\/\/us.harlequinfloors.com\/es\/wp-json\/wp\/v2\/pages\/64964","targetHints":{"allow":["GET"]}}],"collection":[{"href":"https:\/\/us.harlequinfloors.com\/es\/wp-json\/wp\/v2\/pages"}],"about":[{"href":"https:\/\/us.harlequinfloors.com\/es\/wp-json\/wp\/v2\/types\/page"}],"author":[{"embeddable":true,"href":"https:\/\/us.harlequinfloors.com\/es\/wp-json\/wp\/v2\/users\/5538"}],"replies":[{"embeddable":true,"href":"https:\/\/us.harlequinfloors.com\/es\/wp-json\/wp\/v2\/comments?post=64964"}],"version-history":[{"count":4,"href":"https:\/\/us.harlequinfloors.com\/es\/wp-json\/wp\/v2\/pages\/64964\/revisions"}],"predecessor-version":[{"id":67254,"href":"https:\/\/us.harlequinfloors.com\/es\/wp-json\/wp\/v2\/pages\/64964\/revisions\/67254"}],"wp:attachment":[{"href":"https:\/\/us.harlequinfloors.com\/es\/wp-json\/wp\/v2\/media?parent=64964"}],"curies":[{"name":"wp","href":"https:\/\/api.w.org\/{rel}","templated":true}]}}