{"id":9034,"date":"2018-08-23T10:43:55","date_gmt":"2018-08-23T14:43:55","guid":{"rendered":"https:\/\/harlequinfloor.wpengine.com\/cookies-policy\/"},"modified":"2025-07-31T03:19:03","modified_gmt":"2025-07-31T07:19:03","slug":"politica-de-cookies","status":"publish","type":"page","link":"https:\/\/us.harlequinfloors.com\/es\/politica-de-cookies\/","title":{"rendered":"Pol\u00edtica de cookies"},"content":{"rendered":"<p><em>\u00daltima actualizaci\u00f3n: 01 de agosto de 2018<\/em><\/p>\n<p>American Harlequin Corporation (\u00abnosotros\u00bb o \u00abnuestro\u00bb) utiliza cookies en el sitio web <a href=\"https:\/\/us.harlequinfloors.com\/\">https:\/\/us.harlequinfloors.com\/<\/a> (el \u00abServicio\u00bb). Al utilizar el Servicio, aceptas el uso de cookies. <\/p>\n<p>Nuestra Pol\u00edtica de Cookies explica qu\u00e9 son las cookies, c\u00f3mo las utilizamos, c\u00f3mo terceros con los que podamos asociarnos pueden utilizar cookies en el Servicio, tus opciones en relaci\u00f3n con las cookies y m\u00e1s informaci\u00f3n sobre las cookies.<\/p>\n<p><strong>\u00bfQu\u00e9 son las cookies?<\/strong><\/p>\n<p>Las cookies son peque\u00f1os fragmentos de texto que un sitio web que visitas env\u00eda a tu navegador. Un archivo cookie se almacena en tu navegador y permite al Servicio o a un tercero reconocerte y hacer que tu pr\u00f3xima visita sea m\u00e1s f\u00e1cil y el Servicio te resulte m\u00e1s \u00fatil. <\/p>\n<p>Las cookies pueden ser \u00abpersistentes\u00bb o \u00abde sesi\u00f3n\u00bb. Las cookies persistentes permanecen en tu ordenador personal o dispositivo m\u00f3vil cuando te desconectas, mientras que las cookies de sesi\u00f3n se eliminan en cuanto cierras el navegador web. <\/p>\n<p><strong>C\u00f3mo utiliza las cookies American Harlequin Corporation.<\/strong><\/p>\n<p>Cuando utilizas y accedes al Servicio, podemos colocar una serie de archivos cookies en tu navegador web.<\/p>\n<p>Utilizamos cookies para los siguientes fines:<\/p>\n<p>(a) Para permitir determinadas funciones del Servicio<\/p>\n<p>(b) Proporcionar an\u00e1lisis<\/p>\n<p>Utilizamos tanto cookies de sesi\u00f3n como persistentes en el Servicio y utilizamos diferentes tipos de cookies para hacer funcionar el Servicio:<\/p>\n<ul>\n<li>Cookies esenciales. Podemos utilizar cookies para recordar informaci\u00f3n que cambie el comportamiento o el aspecto del Servicio, como la preferencia de idioma de un usuario en el Servicio. <\/li>\n<li>Cookies anal\u00edticas. Podemos utilizar cookies anal\u00edticas para rastrear informaci\u00f3n sobre c\u00f3mo se utiliza el Servicio para que podamos hacer mejoras. Tambi\u00e9n podemos utilizar cookies anal\u00edticas para probar nuevos anuncios, p\u00e1ginas, caracter\u00edsticas o nuevas funcionalidades del Servicio para ver c\u00f3mo reaccionan a ellos nuestros usuarios.  <\/li>\n<\/ul>\n<p><strong>Cookies de terceros<\/strong><\/p>\n<p>Adem\u00e1s de nuestras propias cookies, tambi\u00e9n podemos utilizar varias cookies de terceros para informar de las estad\u00edsticas de uso del Servicio y ofrecer anuncios en y a trav\u00e9s del Servicio. Nos reservamos el derecho a utilizar p\u00edxeles de acuerdo con las condiciones de las plataformas de medios sociales aplicables. <\/p>\n<p><strong>\u00bfCu\u00e1les son tus opciones con respecto a las cookies?<\/strong><\/p>\n<p>Si quieres eliminar las cookies o dar instrucciones a tu navegador para que las elimine o las rechace, visita las p\u00e1ginas de ayuda de tu navegador.<\/p>\n<p>Sin embargo, ten en cuenta que si eliminas las cookies o te niegas a aceptarlas, es posible que no puedas utilizar todas las funciones que ofrecemos, que no puedas almacenar tus preferencias y que algunas de nuestras p\u00e1ginas no se muestren correctamente.<\/p>\n<ul>\n<li>Para el navegador web Chrome, visita esta p\u00e1gina de Google: <a href=\"https:\/\/support.google.com\/accounts\/answer\/32050\" target=\"_blank\" rel=\"noopener noreferrer\">https:\/\/support.google.com\/accounts\/answer\/32050<\/a><\/li>\n<li>Para el navegador Internet Explorer, visita esta p\u00e1gina de Microsoft: <a href=\"https:\/\/support.microsoft.com\/kb\/278835\" target=\"_blank\" rel=\"noopener noreferrer\">https:\/\/support.microsoft.com\/kb\/278835<\/a><\/li>\n<li>Para el navegador web Firefox, visita esta p\u00e1gina de Mozilla: <a href=\"https:\/\/support.mozilla.org\/en-US\/kb\/clear-cookies-and-site-data-firefox\" target=\"_blank\" rel=\"noopener noreferrer\">https:\/\/support.mozilla.org\/en-US\/kb\/clear-cookies-and-site-data-firefox<\/a><\/li>\n<li>Para el navegador Safari, visita esta p\u00e1gina de Apple: <a href=\"https:\/\/support.apple.com\/guide\/safari\/manage-cookies-and-website-data-sfri11471\/mac\" target=\"_blank\" rel=\"noopener noreferrer\">https:\/\/support.apple.com\/guide\/safari\/manage-cookies-and-website-data-sfri11471\/mac<\/a><\/li>\n<li>Para cualquier otro navegador web, visita las p\u00e1ginas web oficiales de tu navegador web.<\/li>\n<\/ul>\n<p><strong>\u00bfD\u00f3nde puedes encontrar m\u00e1s informaci\u00f3n sobre las cookies?<\/strong><\/p>\n<p>Puedes obtener m\u00e1s informaci\u00f3n sobre las cookies y los siguientes sitios web de terceros:<\/p>\n<p>AllAboutCookies: <a href=\"https:\/\/www.allaboutcookies.org\/\" target=\"_blank\" rel=\"noopener noreferrer\">https:\/\/www.allaboutcookies.org\/<\/a><br \/>\nNetwork Advertising Initiative: <a href=\"https:\/\/www.networkadvertising.org\/\" target=\"_blank\" rel=\"noopener noreferrer\">https:\/\/www.networkadvertising.org\/<\/a><\/p>\n","protected":false},"excerpt":{"rendered":"<p>\u00daltima actualizaci\u00f3n: 01 de agosto de 2018 American Harlequin Corporation (\u00abnosotros\u00bb o \u00abnuestro\u00bb) utiliza cookies en el sitio web https:\/\/us.harlequinfloors.com\/&#8230;<\/p>\n<p><a class=\"btn btn-primary btn-an harlequin-read-more-link\" href=\"https:\/\/us.harlequinfloors.com\/es\/politica-de-cookies\/\">Leer m\u00e1s<\/a><\/p>\n","protected":false},"author":1,"featured_media":0,"parent":0,"menu_order":0,"comment_status":"closed","ping_status":"closed","template":"","meta":{"_acf_changed":false,"_monsterinsights_skip_tracking":false,"_monsterinsights_sitenote_active":false,"_monsterinsights_sitenote_note":"","_monsterinsights_sitenote_category":0,"footnotes":"","_links_to":"","_links_to_target":""},"class_list":["post-9034","page","type-page","status-publish","hentry"],"acf":[],"yoast_head":"<!-- This site is optimized with the Yoast SEO Premium plugin v26.1 (Yoast SEO v27.3) - https:\/\/yoast.com\/product\/yoast-seo-premium-wordpress\/ -->\n<title>Pol\u00edtica de cookies | Harlequin Floors<\/title>\n<meta name=\"robots\" content=\"index, follow, max-snippet:-1, max-image-preview:large, max-video-preview:-1\" \/>\n<link rel=\"canonical\" href=\"https:\/\/us.harlequinfloors.com\/es\/politica-de-cookies\/\" \/>\n<meta property=\"og:locale\" content=\"es_ES\" \/>\n<meta property=\"og:type\" content=\"article\" \/>\n<meta property=\"og:title\" content=\"Pol\u00edtica de cookies\" \/>\n<meta property=\"og:description\" content=\"\u00daltima actualizaci\u00f3n: 01 de agosto de 2018 American Harlequin Corporation (\u00abnosotros\u00bb o \u00abnuestro\u00bb) utiliza cookies en el sitio web https:\/\/us.harlequinfloors.com\/...Leer m\u00e1s\" \/>\n<meta property=\"og:url\" content=\"https:\/\/us.harlequinfloors.com\/es\/politica-de-cookies\/\" \/>\n<meta property=\"og:site_name\" content=\"Harlequin Floors\" \/>\n<meta property=\"article:publisher\" content=\"https:\/\/www.facebook.com\/americanharlequinfloors\" \/>\n<meta property=\"article:modified_time\" content=\"2025-07-31T07:19:03+00:00\" \/>\n<meta name=\"twitter:card\" content=\"summary_large_image\" \/>\n<meta name=\"twitter:label1\" content=\"Tiempo de lectura\" \/>\n\t<meta name=\"twitter:data1\" content=\"3 minutos\" \/>\n<script type=\"application\/ld+json\" class=\"yoast-schema-graph\">{\"@context\":\"https:\\\/\\\/schema.org\",\"@graph\":[{\"@type\":\"WebPage\",\"@id\":\"https:\\\/\\\/us.harlequinfloors.com\\\/es\\\/politica-de-cookies\\\/\",\"url\":\"https:\\\/\\\/us.harlequinfloors.com\\\/es\\\/politica-de-cookies\\\/\",\"name\":\"Pol\u00edtica de cookies | Harlequin Floors\",\"isPartOf\":{\"@id\":\"https:\\\/\\\/us.harlequinfloors.com\\\/es\\\/#website\"},\"datePublished\":\"2018-08-23T14:43:55+00:00\",\"dateModified\":\"2025-07-31T07:19:03+00:00\",\"breadcrumb\":{\"@id\":\"https:\\\/\\\/us.harlequinfloors.com\\\/es\\\/politica-de-cookies\\\/#breadcrumb\"},\"inLanguage\":\"es\",\"potentialAction\":[{\"@type\":\"ReadAction\",\"target\":[\"https:\\\/\\\/us.harlequinfloors.com\\\/es\\\/politica-de-cookies\\\/\"]}]},{\"@type\":\"BreadcrumbList\",\"@id\":\"https:\\\/\\\/us.harlequinfloors.com\\\/es\\\/politica-de-cookies\\\/#breadcrumb\",\"itemListElement\":[{\"@type\":\"ListItem\",\"position\":1,\"name\":\"Home\",\"item\":\"https:\\\/\\\/us.harlequinfloors.com\\\/es\\\/\"},{\"@type\":\"ListItem\",\"position\":2,\"name\":\"Pol\u00edtica de cookies\"}]},{\"@type\":\"WebSite\",\"@id\":\"https:\\\/\\\/us.harlequinfloors.com\\\/es\\\/#website\",\"url\":\"https:\\\/\\\/us.harlequinfloors.com\\\/es\\\/\",\"name\":\"Harlequin Floors\",\"description\":\"El mundo baila sobre los pisos Harlequin\",\"potentialAction\":[{\"@type\":\"SearchAction\",\"target\":{\"@type\":\"EntryPoint\",\"urlTemplate\":\"https:\\\/\\\/us.harlequinfloors.com\\\/es\\\/?s={search_term_string}\"},\"query-input\":{\"@type\":\"PropertyValueSpecification\",\"valueRequired\":true,\"valueName\":\"search_term_string\"}}],\"inLanguage\":\"es\"}]}<\/script>\n<!-- \/ Yoast SEO Premium plugin. -->","yoast_head_json":{"title":"Pol\u00edtica de cookies | Harlequin Floors","robots":{"index":"index","follow":"follow","max-snippet":"max-snippet:-1","max-image-preview":"max-image-preview:large","max-video-preview":"max-video-preview:-1"},"canonical":"https:\/\/us.harlequinfloors.com\/es\/politica-de-cookies\/","og_locale":"es_ES","og_type":"article","og_title":"Pol\u00edtica de cookies","og_description":"\u00daltima actualizaci\u00f3n: 01 de agosto de 2018 American Harlequin Corporation (\u00abnosotros\u00bb o \u00abnuestro\u00bb) utiliza cookies en el sitio web https:\/\/us.harlequinfloors.com\/...Leer m\u00e1s","og_url":"https:\/\/us.harlequinfloors.com\/es\/politica-de-cookies\/","og_site_name":"Harlequin Floors","article_publisher":"https:\/\/www.facebook.com\/americanharlequinfloors","article_modified_time":"2025-07-31T07:19:03+00:00","twitter_card":"summary_large_image","twitter_misc":{"Tiempo de lectura":"3 minutos"},"schema":{"@context":"https:\/\/schema.org","@graph":[{"@type":"WebPage","@id":"https:\/\/us.harlequinfloors.com\/es\/politica-de-cookies\/","url":"https:\/\/us.harlequinfloors.com\/es\/politica-de-cookies\/","name":"Pol\u00edtica de cookies | Harlequin Floors","isPartOf":{"@id":"https:\/\/us.harlequinfloors.com\/es\/#website"},"datePublished":"2018-08-23T14:43:55+00:00","dateModified":"2025-07-31T07:19:03+00:00","breadcrumb":{"@id":"https:\/\/us.harlequinfloors.com\/es\/politica-de-cookies\/#breadcrumb"},"inLanguage":"es","potentialAction":[{"@type":"ReadAction","target":["https:\/\/us.harlequinfloors.com\/es\/politica-de-cookies\/"]}]},{"@type":"BreadcrumbList","@id":"https:\/\/us.harlequinfloors.com\/es\/politica-de-cookies\/#breadcrumb","itemListElement":[{"@type":"ListItem","position":1,"name":"Home","item":"https:\/\/us.harlequinfloors.com\/es\/"},{"@type":"ListItem","position":2,"name":"Pol\u00edtica de cookies"}]},{"@type":"WebSite","@id":"https:\/\/us.harlequinfloors.com\/es\/#website","url":"https:\/\/us.harlequinfloors.com\/es\/","name":"Harlequin Floors","description":"El mundo baila sobre los pisos Harlequin","potentialAction":[{"@type":"SearchAction","target":{"@type":"EntryPoint","urlTemplate":"https:\/\/us.harlequinfloors.com\/es\/?s={search_term_string}"},"query-input":{"@type":"PropertyValueSpecification","valueRequired":true,"valueName":"search_term_string"}}],"inLanguage":"es"}]}},"publishpress_future_action":{"enabled":false,"date":"2026-04-13 22:40:41","action":"change-status","newStatus":"draft","terms":[],"taxonomy":"translation_priority","extraData":[]},"publishpress_future_workflow_manual_trigger":{"enabledWorkflows":[]},"_links":{"self":[{"href":"https:\/\/us.harlequinfloors.com\/es\/wp-json\/wp\/v2\/pages\/9034","targetHints":{"allow":["GET"]}}],"collection":[{"href":"https:\/\/us.harlequinfloors.com\/es\/wp-json\/wp\/v2\/pages"}],"about":[{"href":"https:\/\/us.harlequinfloors.com\/es\/wp-json\/wp\/v2\/types\/page"}],"author":[{"embeddable":true,"href":"https:\/\/us.harlequinfloors.com\/es\/wp-json\/wp\/v2\/users\/1"}],"replies":[{"embeddable":true,"href":"https:\/\/us.harlequinfloors.com\/es\/wp-json\/wp\/v2\/comments?post=9034"}],"version-history":[{"count":1,"href":"https:\/\/us.harlequinfloors.com\/es\/wp-json\/wp\/v2\/pages\/9034\/revisions"}],"predecessor-version":[{"id":67285,"href":"https:\/\/us.harlequinfloors.com\/es\/wp-json\/wp\/v2\/pages\/9034\/revisions\/67285"}],"wp:attachment":[{"href":"https:\/\/us.harlequinfloors.com\/es\/wp-json\/wp\/v2\/media?parent=9034"}],"curies":[{"name":"wp","href":"https:\/\/api.w.org\/{rel}","templated":true}]}}