{"id":38012,"date":"2018-01-03T17:00:46","date_gmt":"2018-01-03T22:00:46","guid":{"rendered":"http:\/\/harlequin.local\/financing\/"},"modified":"2025-07-31T03:19:14","modified_gmt":"2025-07-31T07:19:14","slug":"financing","status":"publish","type":"page","link":"https:\/\/us.harlequinfloors.com\/fr\/financing\/","title":{"rendered":"Financement"},"content":{"rendered":"\n<p>L&rsquo;achat d&rsquo;un plancher Harlequin est plus facile que jamais. American Harlequin Corporation s&rsquo;est associ\u00e9 \u00e0 Dynamic Funding pour vous proposer des plans de paiement abordables, adapt\u00e9s \u00e0 votre budget.   <\/p>\n\n<p><a href=\"https:\/\/navitex.navitascredit.com\/resource_centers\/harlequin_floors_rc\" target=\"_blank\" rel=\"noreferrer noopener\">Faites votre demande d\u00e8s maintenant<\/a> gr\u00e2ce \u00e0 la demande express et obtenez une pr\u00e9-approbation en moins de deux heures !  <\/p>\n\n<p>Pourquoi financer votre plancher ?<\/p>\n\n<ul class=\"wp-block-list\"><li>Financement \u00e0 100 %, y compris les co\u00fbts indirects tels que l&rsquo;installation.<\/li><li>Processus de candidature facile<\/li><li>Avantages fiscaux car les paiements peuvent \u00eatre d\u00e9ductibles \u00e0 100 %.<\/li><li>Am\u00e9liore le flux de tr\u00e9sorerie et pr\u00e9serve le pr\u00e9cieux fonds de roulement de l&rsquo;entreprise<\/li><li>Pr\u00e9servation des lignes de cr\u00e9dit bancaire<\/li><li>Couverture contre l&rsquo;inflation<\/li><li>Protection contre l&rsquo;obsolescence<\/li><li>Paiements fixes \u00e0 des fins budg\u00e9taires<\/li><li>Plus de pouvoir d&rsquo;achat<\/li><\/ul>\n\n<p>Visitez le <a href=\"https:\/\/navitex.navitascredit.com\/resource_centers\/harlequin_floors_rc\" target=\"_blank\" rel=\"noreferrer noopener\">centre de ressources financi\u00e8res Harlequin Floors<\/a> pour plus d&rsquo;informations.<\/p>\n\n<p><a href=\"https:\/\/us.harlequinfloors.com\/wp-content\/uploads\/2021\/04\/Financing_Letter_-App-4_2021.pdf\" target=\"_blank\" rel=\"noreferrer noopener\">Lettre de financement PDF<\/a><\/p>\n\n<p><i>Le financement n&rsquo;est applicable qu&rsquo;aux r\u00e9sidents des \u00c9tats-Unis et du Canada.<\/i><\/p>\n","protected":false},"excerpt":{"rendered":"<p>L&rsquo;achat d&rsquo;un plancher Harlequin est plus facile que jamais. American Harlequin Corporation s&rsquo;est associ\u00e9 \u00e0 Dynamic Funding pour vous proposer&#8230;<\/p>\n<p><a class=\"btn btn-primary btn-an harlequin-read-more-link\" href=\"https:\/\/us.harlequinfloors.com\/fr\/financing\/\">En savoir plus<\/a><\/p>\n","protected":false},"author":1,"featured_media":35861,"parent":0,"menu_order":0,"comment_status":"closed","ping_status":"closed","template":"","meta":{"_acf_changed":false,"_monsterinsights_skip_tracking":false,"_monsterinsights_sitenote_active":false,"_monsterinsights_sitenote_note":"","_monsterinsights_sitenote_category":0,"footnotes":"","_links_to":"","_links_to_target":""},"class_list":["post-38012","page","type-page","status-publish","has-post-thumbnail","hentry"],"acf":[],"yoast_head":"<!-- This site is optimized with the Yoast SEO Premium plugin v26.1 (Yoast SEO v27.3) - https:\/\/yoast.com\/product\/yoast-seo-premium-wordpress\/ -->\n<title>Financement | Harlequin Floors<\/title>\n<meta name=\"robots\" content=\"index, follow, max-snippet:-1, max-image-preview:large, max-video-preview:-1\" \/>\n<link rel=\"canonical\" href=\"https:\/\/us.harlequinfloors.com\/fr\/financing\/\" \/>\n<meta property=\"og:locale\" content=\"fr_FR\" \/>\n<meta property=\"og:type\" content=\"article\" \/>\n<meta property=\"og:title\" content=\"Financement\" \/>\n<meta property=\"og:description\" content=\"L&rsquo;achat d&rsquo;un plancher Harlequin est plus facile que jamais. American Harlequin Corporation s&rsquo;est associ\u00e9 \u00e0 Dynamic Funding pour vous proposer...En savoir plus\" \/>\n<meta property=\"og:url\" content=\"https:\/\/us.harlequinfloors.com\/fr\/financing\/\" \/>\n<meta property=\"og:site_name\" content=\"Harlequin Floors\" \/>\n<meta property=\"article:publisher\" content=\"https:\/\/www.facebook.com\/americanharlequinfloors\" \/>\n<meta property=\"article:modified_time\" content=\"2025-07-31T07:19:14+00:00\" \/>\n<meta property=\"og:image\" content=\"https:\/\/us.harlequinfloors.com\/wp-content\/uploads\/2021\/04\/page-financing-2021-2.jpg\" \/>\n\t<meta property=\"og:image:width\" content=\"1110\" \/>\n\t<meta property=\"og:image:height\" content=\"560\" \/>\n\t<meta property=\"og:image:type\" content=\"image\/jpeg\" \/>\n<meta name=\"twitter:card\" content=\"summary_large_image\" \/>\n<meta name=\"twitter:label1\" content=\"Dur\u00e9e de lecture estim\u00e9e\" \/>\n\t<meta name=\"twitter:data1\" content=\"1 minute\" \/>\n<script type=\"application\/ld+json\" class=\"yoast-schema-graph\">{\"@context\":\"https:\\\/\\\/schema.org\",\"@graph\":[{\"@type\":\"WebPage\",\"@id\":\"https:\\\/\\\/us.harlequinfloors.com\\\/fr\\\/financing\\\/\",\"url\":\"https:\\\/\\\/us.harlequinfloors.com\\\/fr\\\/financing\\\/\",\"name\":\"Financement | Harlequin Floors\",\"isPartOf\":{\"@id\":\"https:\\\/\\\/us.harlequinfloors.com\\\/fr\\\/#website\"},\"primaryImageOfPage\":{\"@id\":\"https:\\\/\\\/us.harlequinfloors.com\\\/fr\\\/financing\\\/#primaryimage\"},\"image\":{\"@id\":\"https:\\\/\\\/us.harlequinfloors.com\\\/fr\\\/financing\\\/#primaryimage\"},\"thumbnailUrl\":\"https:\\\/\\\/us.harlequinfloors.com\\\/wp-content\\\/uploads\\\/2021\\\/04\\\/page-financing-2021-2.jpg\",\"datePublished\":\"2018-01-03T22:00:46+00:00\",\"dateModified\":\"2025-07-31T07:19:14+00:00\",\"breadcrumb\":{\"@id\":\"https:\\\/\\\/us.harlequinfloors.com\\\/fr\\\/financing\\\/#breadcrumb\"},\"inLanguage\":\"fr-FR\",\"potentialAction\":[{\"@type\":\"ReadAction\",\"target\":[\"https:\\\/\\\/us.harlequinfloors.com\\\/fr\\\/financing\\\/\"]}]},{\"@type\":\"ImageObject\",\"inLanguage\":\"fr-FR\",\"@id\":\"https:\\\/\\\/us.harlequinfloors.com\\\/fr\\\/financing\\\/#primaryimage\",\"url\":\"https:\\\/\\\/us.harlequinfloors.com\\\/wp-content\\\/uploads\\\/2021\\\/04\\\/page-financing-2021-2.jpg\",\"contentUrl\":\"https:\\\/\\\/us.harlequinfloors.com\\\/wp-content\\\/uploads\\\/2021\\\/04\\\/page-financing-2021-2.jpg\",\"width\":1110,\"height\":560,\"caption\":\"Financing\"},{\"@type\":\"BreadcrumbList\",\"@id\":\"https:\\\/\\\/us.harlequinfloors.com\\\/fr\\\/financing\\\/#breadcrumb\",\"itemListElement\":[{\"@type\":\"ListItem\",\"position\":1,\"name\":\"Home\",\"item\":\"https:\\\/\\\/us.harlequinfloors.com\\\/fr\\\/\"},{\"@type\":\"ListItem\",\"position\":2,\"name\":\"Financement\"}]},{\"@type\":\"WebSite\",\"@id\":\"https:\\\/\\\/us.harlequinfloors.com\\\/fr\\\/#website\",\"url\":\"https:\\\/\\\/us.harlequinfloors.com\\\/fr\\\/\",\"name\":\"Harlequin Floors\",\"description\":\"The World Dances sur les planchers et tapis de danse Harlequin Floors\",\"potentialAction\":[{\"@type\":\"SearchAction\",\"target\":{\"@type\":\"EntryPoint\",\"urlTemplate\":\"https:\\\/\\\/us.harlequinfloors.com\\\/fr\\\/?s={search_term_string}\"},\"query-input\":{\"@type\":\"PropertyValueSpecification\",\"valueRequired\":true,\"valueName\":\"search_term_string\"}}],\"inLanguage\":\"fr-FR\"}]}<\/script>\n<!-- \/ Yoast SEO Premium plugin. -->","yoast_head_json":{"title":"Financement | Harlequin Floors","robots":{"index":"index","follow":"follow","max-snippet":"max-snippet:-1","max-image-preview":"max-image-preview:large","max-video-preview":"max-video-preview:-1"},"canonical":"https:\/\/us.harlequinfloors.com\/fr\/financing\/","og_locale":"fr_FR","og_type":"article","og_title":"Financement","og_description":"L&rsquo;achat d&rsquo;un plancher Harlequin est plus facile que jamais. American Harlequin Corporation s&rsquo;est associ\u00e9 \u00e0 Dynamic Funding pour vous proposer...En savoir plus","og_url":"https:\/\/us.harlequinfloors.com\/fr\/financing\/","og_site_name":"Harlequin Floors","article_publisher":"https:\/\/www.facebook.com\/americanharlequinfloors","article_modified_time":"2025-07-31T07:19:14+00:00","og_image":[{"width":1110,"height":560,"url":"https:\/\/us.harlequinfloors.com\/wp-content\/uploads\/2021\/04\/page-financing-2021-2.jpg","type":"image\/jpeg"}],"twitter_card":"summary_large_image","twitter_misc":{"Dur\u00e9e de lecture estim\u00e9e":"1 minute"},"schema":{"@context":"https:\/\/schema.org","@graph":[{"@type":"WebPage","@id":"https:\/\/us.harlequinfloors.com\/fr\/financing\/","url":"https:\/\/us.harlequinfloors.com\/fr\/financing\/","name":"Financement | Harlequin Floors","isPartOf":{"@id":"https:\/\/us.harlequinfloors.com\/fr\/#website"},"primaryImageOfPage":{"@id":"https:\/\/us.harlequinfloors.com\/fr\/financing\/#primaryimage"},"image":{"@id":"https:\/\/us.harlequinfloors.com\/fr\/financing\/#primaryimage"},"thumbnailUrl":"https:\/\/us.harlequinfloors.com\/wp-content\/uploads\/2021\/04\/page-financing-2021-2.jpg","datePublished":"2018-01-03T22:00:46+00:00","dateModified":"2025-07-31T07:19:14+00:00","breadcrumb":{"@id":"https:\/\/us.harlequinfloors.com\/fr\/financing\/#breadcrumb"},"inLanguage":"fr-FR","potentialAction":[{"@type":"ReadAction","target":["https:\/\/us.harlequinfloors.com\/fr\/financing\/"]}]},{"@type":"ImageObject","inLanguage":"fr-FR","@id":"https:\/\/us.harlequinfloors.com\/fr\/financing\/#primaryimage","url":"https:\/\/us.harlequinfloors.com\/wp-content\/uploads\/2021\/04\/page-financing-2021-2.jpg","contentUrl":"https:\/\/us.harlequinfloors.com\/wp-content\/uploads\/2021\/04\/page-financing-2021-2.jpg","width":1110,"height":560,"caption":"Financing"},{"@type":"BreadcrumbList","@id":"https:\/\/us.harlequinfloors.com\/fr\/financing\/#breadcrumb","itemListElement":[{"@type":"ListItem","position":1,"name":"Home","item":"https:\/\/us.harlequinfloors.com\/fr\/"},{"@type":"ListItem","position":2,"name":"Financement"}]},{"@type":"WebSite","@id":"https:\/\/us.harlequinfloors.com\/fr\/#website","url":"https:\/\/us.harlequinfloors.com\/fr\/","name":"Harlequin Floors","description":"The World Dances sur les planchers et tapis de danse Harlequin Floors","potentialAction":[{"@type":"SearchAction","target":{"@type":"EntryPoint","urlTemplate":"https:\/\/us.harlequinfloors.com\/fr\/?s={search_term_string}"},"query-input":{"@type":"PropertyValueSpecification","valueRequired":true,"valueName":"search_term_string"}}],"inLanguage":"fr-FR"}]}},"publishpress_future_action":{"enabled":false,"date":"2026-04-26 11:34:27","action":"change-status","newStatus":"draft","terms":[],"taxonomy":"translation_priority","extraData":[]},"publishpress_future_workflow_manual_trigger":{"enabledWorkflows":[]},"_links":{"self":[{"href":"https:\/\/us.harlequinfloors.com\/fr\/wp-json\/wp\/v2\/pages\/38012","targetHints":{"allow":["GET"]}}],"collection":[{"href":"https:\/\/us.harlequinfloors.com\/fr\/wp-json\/wp\/v2\/pages"}],"about":[{"href":"https:\/\/us.harlequinfloors.com\/fr\/wp-json\/wp\/v2\/types\/page"}],"author":[{"embeddable":true,"href":"https:\/\/us.harlequinfloors.com\/fr\/wp-json\/wp\/v2\/users\/1"}],"replies":[{"embeddable":true,"href":"https:\/\/us.harlequinfloors.com\/fr\/wp-json\/wp\/v2\/comments?post=38012"}],"version-history":[{"count":2,"href":"https:\/\/us.harlequinfloors.com\/fr\/wp-json\/wp\/v2\/pages\/38012\/revisions"}],"predecessor-version":[{"id":67294,"href":"https:\/\/us.harlequinfloors.com\/fr\/wp-json\/wp\/v2\/pages\/38012\/revisions\/67294"}],"wp:featuredmedia":[{"embeddable":true,"href":"https:\/\/us.harlequinfloors.com\/fr\/wp-json\/wp\/v2\/media\/35861"}],"wp:attachment":[{"href":"https:\/\/us.harlequinfloors.com\/fr\/wp-json\/wp\/v2\/media?parent=38012"}],"curies":[{"name":"wp","href":"https:\/\/api.w.org\/{rel}","templated":true}]}}