{"id":45664,"date":"2022-04-13T16:46:32","date_gmt":"2022-04-13T20:46:32","guid":{"rendered":"http:\/\/harlequin.local\/sustainability\/"},"modified":"2025-07-31T03:18:49","modified_gmt":"2025-07-31T07:18:49","slug":"sustainability","status":"publish","type":"page","link":"https:\/\/us.harlequinfloors.com\/fr\/sustainability\/","title":{"rendered":"D\u00e9claration de politique de d\u00e9veloppement durable"},"content":{"rendered":"\n<div style=\"height:30px\" aria-hidden=\"true\" class=\"wp-block-spacer\"><\/div>\n\n<h4 class=\"wp-block-heading\">Notre engagement<\/h4>\n\n<p>Harlequin s&rsquo;engage en faveur du d\u00e9veloppement durable et notre responsabilit\u00e9 d&rsquo;entreprise dans ce domaine constitue un \u00e9l\u00e9ment fondamental de notre strat\u00e9gie commerciale. Nous pensons que le d\u00e9veloppement durable est un travail d&rsquo;\u00e9quipe au sein de toute l&rsquo;entreprise, men\u00e9 et soutenu par notre conseil d&rsquo;administration.<\/p>\n\n<p>Nous contr\u00f4lons en permanence l&rsquo;impact environnemental de nos processus de fabrication et de nos op\u00e9rations et veillons \u00e0 ce que tous les d\u00e9partements travaillent ensemble pour planifier, mesurer et am\u00e9liorer nos performances sociales et environnementales.<\/p>\n\n<p>Ce plan sera revu chaque ann\u00e9e afin de d\u00e9montrer notre engagement continu \u00e0 r\u00e9duire les \u00e9missions de carbone dans toutes nos activit\u00e9s et \u00e0 am\u00e9liorer notre durabilit\u00e9 globale.<\/p>\n\n<div style=\"height:30px\" aria-hidden=\"true\" class=\"wp-block-spacer\"><\/div>\n\n<h4 class=\"wp-block-heading\">Harlequin Working Practices :<\/h4>\n\n<ul class=\"wp-block-list\">\n<li>Harlequin travaille en \u00e9troite collaboration avec ses partenaires, ses clients et ses fournisseurs pour s&rsquo;assurer que nous continuons \u00e0 d\u00e9velopper des pratiques, des produits et des services durables.<\/li>\n\n\n\n<li>Nous fournissons des formations, des conseils et des informations \u00e0 tous les membres de l&rsquo;\u00e9quipe afin d&rsquo;encourager le d\u00e9veloppement de nouvelles initiatives environnementales sur le lieu de travail.<\/li>\n\n\n\n<li>Tous les services s&rsquo;engagent \u00e0 r\u00e9duire les d\u00e9chets inutiles en les r\u00e9utilisant et en les recyclant.<\/li>\n\n\n\n<li>Nous examinerons continuellement et, si possible, mettrons en \u0153uvre des processus plus efficaces sur le plan \u00e9nerg\u00e9tique dans notre propre production et celle de nos fournisseurs.<\/li>\n<\/ul>\n\n<div style=\"height:30px\" aria-hidden=\"true\" class=\"wp-block-spacer\"><\/div>\n\n<h4 class=\"wp-block-heading\">Tapis de danse Harlequin :<\/h4>\n\n<ul class=\"wp-block-list\">\n<li>Tous les tapis de danse Harlequin obtiennent la note la plus \u00e9lev\u00e9e du BRE Green Guide, \u00e0 savoir A+.<\/li>\n\n\n\n<li>Toutes les mati\u00e8res premi\u00e8res utilis\u00e9es dans la fabrication du tapis de danse Harlequin sont conformes \u00e0 la <a href=\"https:\/\/ec.europa.eu\/environment\/chemicals\/reach\/reach_en.htm\" target=\"_blank\" rel=\"noreferrer noopener\">directive REACH<\/a> (enregistrement, \u00e9valuation, autorisation et restriction des substances chimiques) et ne contiennent pas de substances extr\u00eamement pr\u00e9occupantes (SVHC) dans des concentrations sup\u00e9rieures \u00e0 0,1 % (p\/p).<\/li>\n\n\n\n<li>Tous les tapis de danse Harlequin ne contiennent aucune substance CMR (canc\u00e9rig\u00e8ne, mutag\u00e8ne, reprotoxique) de cat\u00e9gorie 1 ou 2.<\/li>\n\n\n\n<li>Tous les tapis de danse Harlequin sont exempts de formald\u00e9hyde et sont conformes \u00e0 la classe E1.<\/li>\n\n\n\n<li>Tous les rev\u00eatements de sol Harlequin ont \u00e9t\u00e9 test\u00e9s pour les COV, obtenant la <a href=\"https:\/\/www.intertek.com\/certification\/indoor-air-quality\/\" target=\"_blank\" rel=\"noreferrer noopener\">certification Clean Air Gold d&rsquo;Intertek<\/a> pour les \u00e9missions et se conformant aux exigences <a href=\"https:\/\/www.breeam.com\/\" target=\"_blank\" rel=\"noreferrer noopener\">BREEAM<\/a> (Building Research Establishment Environmental Assessment Method) et <a href=\"https:\/\/www.usgbc.org\/leed\" target=\"_blank\" rel=\"noreferrer noopener\">LEED<\/a> (Leadership in Energy &amp; Environmental Design) pour une bonne qualit\u00e9 de l&rsquo;air.<\/li>\n\n\n\n<li>Tous les tapis de danse Harlequin sont 100% recyclables.<\/li>\n\n\n\n<li>Tous les tapis de danse Harlequin contiennent entre 23 % et 30 % de mat\u00e9riaux recycl\u00e9s apr\u00e8s fabrication.<\/li>\n\n\n\n<li>Harlequin se conforme aux recommandations de <a href=\"https:\/\/www.vinylplus.eu\/\" target=\"_blank\" rel=\"noreferrer noopener\">Vinyl Plus<\/a>, l&rsquo;engagement de l&rsquo;industrie europ\u00e9enne du PVC en faveur du d\u00e9veloppement durable.<\/li>\n\n\n\n<li>Harlequin g\u00e8re un programme proactif de \u00ab\u00a0reprise\u00a0\u00bb dans le cadre duquel les produits issus de l&rsquo;installation et de l&rsquo;utilisation sont recycl\u00e9s en produits de seconde vie.<\/li>\n\n\n\n<li>Depuis que Harlequin Floors a mis en place son programme d&rsquo;engagement en faveur du recyclage, qui permet d&rsquo;\u00e9viter la mise en d\u00e9charge des mat\u00e9riaux, le programme a permis d&rsquo;\u00e9conomiser 93 tonnes d&rsquo;\u00e9missions de CO2.<\/li>\n<\/ul>\n\n<h4 class=\"wp-block-heading\">Plancher de bois Harlequin :<\/h4>\n\n<ul class=\"wp-block-list\">\n<li>Tous les sols en bois Harlequin sont con\u00e7us pour durer. Nos sols en bois naturel peuvent \u00eatre ponc\u00e9s plusieurs fois pour prolonger leur dur\u00e9e de vie. Nos rev\u00eatements de sc\u00e8ne peuvent \u00eatre facilement remplac\u00e9s ou r\u00e9nov\u00e9s. Nos syst\u00e8mes de panneaux de plancher suspendus ont \u00e9t\u00e9 con\u00e7us pour \u00eatre portables et peuvent \u00eatre r\u00e9utilis\u00e9s plusieurs fois.   <\/li>\n\n\n\n<li>Le plancher Harlequin est 100 % recyclable et peut \u00eatre transform\u00e9 en biomasse durable pour produire de l&rsquo;\u00e9nergie.<\/li>\n\n\n\n<li>Notre plancher de danse Harlequin Activity poss\u00e8de des propri\u00e9t\u00e9s d&rsquo;isolation thermique et acoustique exceptionnellement \u00e9lev\u00e9es, ce qui permet de r\u00e9duire la transmission du bruit et la consommation d&rsquo;\u00e9nergie.<\/li>\n<\/ul>\n\n<figure class=\"wp-block-image alignleft size-full\"><img decoding=\"async\" width=\"1024\" height=\"354\" src=\"https:\/\/us.harlequinfloors.com\/wp-content\/uploads\/2022\/04\/Sustainability-Logos-1024x576-r1.png\" alt=\"\" class=\"wp-image-45307\" srcset=\"https:\/\/us.harlequinfloors.com\/wp-content\/uploads\/2022\/04\/Sustainability-Logos-1024x576-r1.png 1024w, https:\/\/us.harlequinfloors.com\/wp-content\/uploads\/2022\/04\/Sustainability-Logos-1024x576-r1-500x173.png 500w, https:\/\/us.harlequinfloors.com\/wp-content\/uploads\/2022\/04\/Sustainability-Logos-1024x576-r1-1012x350.png 1012w, https:\/\/us.harlequinfloors.com\/wp-content\/uploads\/2022\/04\/Sustainability-Logos-1024x576-r1-510x176.png 510w, https:\/\/us.harlequinfloors.com\/wp-content\/uploads\/2022\/04\/Sustainability-Logos-1024x576-r1-350x121.png 350w, https:\/\/us.harlequinfloors.com\/wp-content\/uploads\/2022\/04\/Sustainability-Logos-1024x576-r1-250x86.png 250w, https:\/\/us.harlequinfloors.com\/wp-content\/uploads\/2022\/04\/Sustainability-Logos-1024x576-r1-720x249.png 720w, https:\/\/us.harlequinfloors.com\/wp-content\/uploads\/2022\/04\/Sustainability-Logos-1024x576-r1-900x311.png 900w\" sizes=\"(max-width: 1024px) 100vw, 1024px\" \/><\/figure>\n","protected":false},"excerpt":{"rendered":"<p>Notre engagement Harlequin s&rsquo;engage en faveur du d\u00e9veloppement durable et notre responsabilit\u00e9 d&rsquo;entreprise dans ce domaine constitue un \u00e9l\u00e9ment fondamental&#8230;<\/p>\n<p><a class=\"btn btn-primary btn-an harlequin-read-more-link\" href=\"https:\/\/us.harlequinfloors.com\/fr\/sustainability\/\">En savoir plus<\/a><\/p>\n","protected":false},"author":1,"featured_media":0,"parent":0,"menu_order":0,"comment_status":"closed","ping_status":"closed","template":"","meta":{"_acf_changed":false,"_monsterinsights_skip_tracking":false,"_monsterinsights_sitenote_active":false,"_monsterinsights_sitenote_note":"","_monsterinsights_sitenote_category":0,"footnotes":"","_links_to":"","_links_to_target":""},"class_list":["post-45664","page","type-page","status-publish","hentry"],"acf":[],"yoast_head":"<!-- This site is optimized with the Yoast SEO Premium plugin v26.1 (Yoast SEO v27.4) - https:\/\/yoast.com\/product\/yoast-seo-premium-wordpress\/ -->\n<title>D\u00e9claration de politique de d\u00e9veloppement durable | Harlequin Floors<\/title>\n<meta name=\"robots\" content=\"index, follow, max-snippet:-1, max-image-preview:large, max-video-preview:-1\" \/>\n<link rel=\"canonical\" href=\"https:\/\/us.harlequinfloors.com\/fr\/sustainability\/\" \/>\n<meta property=\"og:locale\" content=\"fr_FR\" \/>\n<meta property=\"og:type\" content=\"article\" \/>\n<meta property=\"og:title\" content=\"D\u00e9claration de politique de d\u00e9veloppement durable\" \/>\n<meta property=\"og:description\" content=\"Notre engagement Harlequin s&rsquo;engage en faveur du d\u00e9veloppement durable et notre responsabilit\u00e9 d&rsquo;entreprise dans ce domaine constitue un \u00e9l\u00e9ment fondamental...En savoir plus\" \/>\n<meta property=\"og:url\" content=\"https:\/\/us.harlequinfloors.com\/fr\/sustainability\/\" \/>\n<meta property=\"og:site_name\" content=\"Harlequin Floors\" \/>\n<meta property=\"article:publisher\" content=\"https:\/\/www.facebook.com\/americanharlequinfloors\" \/>\n<meta property=\"article:modified_time\" content=\"2025-07-31T07:18:49+00:00\" \/>\n<meta property=\"og:image\" content=\"http:\/\/harlequin.local\/wp-content\/uploads\/2022\/04\/Sustainability-Logos-1024x576-r1.png\" \/>\n<meta name=\"twitter:card\" content=\"summary_large_image\" \/>\n<meta name=\"twitter:label1\" content=\"Dur\u00e9e de lecture estim\u00e9e\" \/>\n\t<meta name=\"twitter:data1\" content=\"3 minutes\" \/>\n<script type=\"application\/ld+json\" class=\"yoast-schema-graph\">{\"@context\":\"https:\\\/\\\/schema.org\",\"@graph\":[{\"@type\":\"WebPage\",\"@id\":\"https:\\\/\\\/us.harlequinfloors.com\\\/fr\\\/sustainability\\\/\",\"url\":\"https:\\\/\\\/us.harlequinfloors.com\\\/fr\\\/sustainability\\\/\",\"name\":\"D\u00e9claration de politique de d\u00e9veloppement durable | Harlequin Floors\",\"isPartOf\":{\"@id\":\"https:\\\/\\\/us.harlequinfloors.com\\\/fr\\\/#website\"},\"primaryImageOfPage\":{\"@id\":\"https:\\\/\\\/us.harlequinfloors.com\\\/fr\\\/sustainability\\\/#primaryimage\"},\"image\":{\"@id\":\"https:\\\/\\\/us.harlequinfloors.com\\\/fr\\\/sustainability\\\/#primaryimage\"},\"thumbnailUrl\":\"https:\\\/\\\/us.harlequinfloors.com\\\/wp-content\\\/uploads\\\/2022\\\/04\\\/Sustainability-Logos-1024x576-r1.png\",\"datePublished\":\"2022-04-13T20:46:32+00:00\",\"dateModified\":\"2025-07-31T07:18:49+00:00\",\"breadcrumb\":{\"@id\":\"https:\\\/\\\/us.harlequinfloors.com\\\/fr\\\/sustainability\\\/#breadcrumb\"},\"inLanguage\":\"fr-FR\",\"potentialAction\":[{\"@type\":\"ReadAction\",\"target\":[\"https:\\\/\\\/us.harlequinfloors.com\\\/fr\\\/sustainability\\\/\"]}]},{\"@type\":\"ImageObject\",\"inLanguage\":\"fr-FR\",\"@id\":\"https:\\\/\\\/us.harlequinfloors.com\\\/fr\\\/sustainability\\\/#primaryimage\",\"url\":\"https:\\\/\\\/us.harlequinfloors.com\\\/wp-content\\\/uploads\\\/2022\\\/04\\\/Sustainability-Logos-1024x576-r1.png\",\"contentUrl\":\"https:\\\/\\\/us.harlequinfloors.com\\\/wp-content\\\/uploads\\\/2022\\\/04\\\/Sustainability-Logos-1024x576-r1.png\"},{\"@type\":\"BreadcrumbList\",\"@id\":\"https:\\\/\\\/us.harlequinfloors.com\\\/fr\\\/sustainability\\\/#breadcrumb\",\"itemListElement\":[{\"@type\":\"ListItem\",\"position\":1,\"name\":\"Home\",\"item\":\"https:\\\/\\\/us.harlequinfloors.com\\\/fr\\\/\"},{\"@type\":\"ListItem\",\"position\":2,\"name\":\"D\u00e9claration de politique de d\u00e9veloppement durable\"}]},{\"@type\":\"WebSite\",\"@id\":\"https:\\\/\\\/us.harlequinfloors.com\\\/fr\\\/#website\",\"url\":\"https:\\\/\\\/us.harlequinfloors.com\\\/fr\\\/\",\"name\":\"Harlequin Floors\",\"description\":\"The World Dances sur les planchers et tapis de danse Harlequin Floors\",\"potentialAction\":[{\"@type\":\"SearchAction\",\"target\":{\"@type\":\"EntryPoint\",\"urlTemplate\":\"https:\\\/\\\/us.harlequinfloors.com\\\/fr\\\/?s={search_term_string}\"},\"query-input\":{\"@type\":\"PropertyValueSpecification\",\"valueRequired\":true,\"valueName\":\"search_term_string\"}}],\"inLanguage\":\"fr-FR\"}]}<\/script>\n<!-- \/ Yoast SEO Premium plugin. -->","yoast_head_json":{"title":"D\u00e9claration de politique de d\u00e9veloppement durable | Harlequin Floors","robots":{"index":"index","follow":"follow","max-snippet":"max-snippet:-1","max-image-preview":"max-image-preview:large","max-video-preview":"max-video-preview:-1"},"canonical":"https:\/\/us.harlequinfloors.com\/fr\/sustainability\/","og_locale":"fr_FR","og_type":"article","og_title":"D\u00e9claration de politique de d\u00e9veloppement durable","og_description":"Notre engagement Harlequin s&rsquo;engage en faveur du d\u00e9veloppement durable et notre responsabilit\u00e9 d&rsquo;entreprise dans ce domaine constitue un \u00e9l\u00e9ment fondamental...En savoir plus","og_url":"https:\/\/us.harlequinfloors.com\/fr\/sustainability\/","og_site_name":"Harlequin Floors","article_publisher":"https:\/\/www.facebook.com\/americanharlequinfloors","article_modified_time":"2025-07-31T07:18:49+00:00","og_image":[{"url":"http:\/\/harlequin.local\/wp-content\/uploads\/2022\/04\/Sustainability-Logos-1024x576-r1.png","type":"","width":"","height":""}],"twitter_card":"summary_large_image","twitter_misc":{"Dur\u00e9e de lecture estim\u00e9e":"3 minutes"},"schema":{"@context":"https:\/\/schema.org","@graph":[{"@type":"WebPage","@id":"https:\/\/us.harlequinfloors.com\/fr\/sustainability\/","url":"https:\/\/us.harlequinfloors.com\/fr\/sustainability\/","name":"D\u00e9claration de politique de d\u00e9veloppement durable | Harlequin Floors","isPartOf":{"@id":"https:\/\/us.harlequinfloors.com\/fr\/#website"},"primaryImageOfPage":{"@id":"https:\/\/us.harlequinfloors.com\/fr\/sustainability\/#primaryimage"},"image":{"@id":"https:\/\/us.harlequinfloors.com\/fr\/sustainability\/#primaryimage"},"thumbnailUrl":"https:\/\/us.harlequinfloors.com\/wp-content\/uploads\/2022\/04\/Sustainability-Logos-1024x576-r1.png","datePublished":"2022-04-13T20:46:32+00:00","dateModified":"2025-07-31T07:18:49+00:00","breadcrumb":{"@id":"https:\/\/us.harlequinfloors.com\/fr\/sustainability\/#breadcrumb"},"inLanguage":"fr-FR","potentialAction":[{"@type":"ReadAction","target":["https:\/\/us.harlequinfloors.com\/fr\/sustainability\/"]}]},{"@type":"ImageObject","inLanguage":"fr-FR","@id":"https:\/\/us.harlequinfloors.com\/fr\/sustainability\/#primaryimage","url":"https:\/\/us.harlequinfloors.com\/wp-content\/uploads\/2022\/04\/Sustainability-Logos-1024x576-r1.png","contentUrl":"https:\/\/us.harlequinfloors.com\/wp-content\/uploads\/2022\/04\/Sustainability-Logos-1024x576-r1.png"},{"@type":"BreadcrumbList","@id":"https:\/\/us.harlequinfloors.com\/fr\/sustainability\/#breadcrumb","itemListElement":[{"@type":"ListItem","position":1,"name":"Home","item":"https:\/\/us.harlequinfloors.com\/fr\/"},{"@type":"ListItem","position":2,"name":"D\u00e9claration de politique de d\u00e9veloppement durable"}]},{"@type":"WebSite","@id":"https:\/\/us.harlequinfloors.com\/fr\/#website","url":"https:\/\/us.harlequinfloors.com\/fr\/","name":"Harlequin Floors","description":"The World Dances sur les planchers et tapis de danse Harlequin Floors","potentialAction":[{"@type":"SearchAction","target":{"@type":"EntryPoint","urlTemplate":"https:\/\/us.harlequinfloors.com\/fr\/?s={search_term_string}"},"query-input":{"@type":"PropertyValueSpecification","valueRequired":true,"valueName":"search_term_string"}}],"inLanguage":"fr-FR"}]}},"publishpress_future_action":{"enabled":false,"date":"2026-05-04 14:42:29","action":"change-status","newStatus":"draft","terms":[],"taxonomy":"translation_priority","extraData":[]},"publishpress_future_workflow_manual_trigger":{"enabledWorkflows":[]},"_links":{"self":[{"href":"https:\/\/us.harlequinfloors.com\/fr\/wp-json\/wp\/v2\/pages\/45664","targetHints":{"allow":["GET"]}}],"collection":[{"href":"https:\/\/us.harlequinfloors.com\/fr\/wp-json\/wp\/v2\/pages"}],"about":[{"href":"https:\/\/us.harlequinfloors.com\/fr\/wp-json\/wp\/v2\/types\/page"}],"author":[{"embeddable":true,"href":"https:\/\/us.harlequinfloors.com\/fr\/wp-json\/wp\/v2\/users\/1"}],"replies":[{"embeddable":true,"href":"https:\/\/us.harlequinfloors.com\/fr\/wp-json\/wp\/v2\/comments?post=45664"}],"version-history":[{"count":2,"href":"https:\/\/us.harlequinfloors.com\/fr\/wp-json\/wp\/v2\/pages\/45664\/revisions"}],"predecessor-version":[{"id":67261,"href":"https:\/\/us.harlequinfloors.com\/fr\/wp-json\/wp\/v2\/pages\/45664\/revisions\/67261"}],"wp:attachment":[{"href":"https:\/\/us.harlequinfloors.com\/fr\/wp-json\/wp\/v2\/media?parent=45664"}],"curies":[{"name":"wp","href":"https:\/\/api.w.org\/{rel}","templated":true}]}}