{"id":5206,"date":"2015-12-11T19:49:07","date_gmt":"2015-12-12T00:49:07","guid":{"rendered":"https:\/\/harlequinfloor.wpengine.com\/home\/"},"modified":"2026-03-30T12:09:51","modified_gmt":"2026-03-30T16:09:51","slug":"home","status":"publish","type":"page","link":"https:\/\/us.harlequinfloors.com\/fr\/","title":{"rendered":"Accueil"},"content":{"rendered":"\n<section id=\"block-carousel-hero-block_1cc20deccf7783622845d7d5a04801b6\" class=\"block-carousel-hero\">\n\t<div class=\"splide\" role=\"group\" aria-label=\"content\" data-splide-config=\"hero-carousel\">\n\t\t<div class=\"splide__track\">\n\t\t\t<div class=\"splide__list\">\n\t\t\t\t\t\t\t\t\t\t\t\t<div class=\"splide__slide\" style='--hero-carousel--background-color: #702082;'>\n\t\t\t\t<div class=\"block-carousel-hero__image\">\n\t\t\t\t\t<img decoding=\"async\" width=\"973\" height=\"725\" src=\"https:\/\/us.harlequinfloors.com\/wp-content\/uploads\/2026\/03\/Switch-Floors.jpg\" class=\"attachment-1280x725 size-1280x725\" alt=\"\" srcset=\"https:\/\/us.harlequinfloors.com\/wp-content\/uploads\/2026\/03\/Switch-Floors.jpg 2560w, https:\/\/us.harlequinfloors.com\/wp-content\/uploads\/2026\/03\/Switch-Floors-336x250.jpg 336w, https:\/\/us.harlequinfloors.com\/wp-content\/uploads\/2026\/03\/Switch-Floors-470x350.jpg 470w, https:\/\/us.harlequinfloors.com\/wp-content\/uploads\/2026\/03\/Switch-Floors-1536x1144.jpg 1536w, https:\/\/us.harlequinfloors.com\/wp-content\/uploads\/2026\/03\/Switch-Floors-2048x1526.jpg 2048w, https:\/\/us.harlequinfloors.com\/wp-content\/uploads\/2026\/03\/Switch-Floors-510x380.jpg 510w, https:\/\/us.harlequinfloors.com\/wp-content\/uploads\/2026\/03\/Switch-Floors-350x261.jpg 350w, https:\/\/us.harlequinfloors.com\/wp-content\/uploads\/2026\/03\/Switch-Floors-250x186.jpg 250w, https:\/\/us.harlequinfloors.com\/wp-content\/uploads\/2026\/03\/Switch-Floors-483x360.jpg 483w, https:\/\/us.harlequinfloors.com\/wp-content\/uploads\/2026\/03\/Switch-Floors-900x670.jpg 900w\" sizes=\"(max-width: 973px) 100vw, 973px\" \/>\t\t\t\t<\/div>\n\t\t\t\t<div class=\"block-carousel-hero__content\">\n\t\t\t\t\t<div class=\"block-carousel-hero__inner-content\">\n\t\t\t\t\t\t<h2 style=\"font-size: clamp(2rem, 20vw, 45px)\">Harlequin Liberty Switch\u00ae<br \/>\nest arriv\u00e9 aux \u00c9tats-Unis !<\/h2>\n<p style=\"font-weight: 400\">Les installations sont d\u00e9sormais termin\u00e9es \u00e0 l&rsquo;Ellie Caulkins Opera House de Denver, dans le Colorado, et au Kirkland Performance Center de Kirkland, dans l&rsquo;\u00c9tat de Washington.<\/p>\n<div style=\"margin-top: 3rem\">\t<a class=\"btn btn-outline btn-white \" href=\"https:\/\/us.harlequinfloors.com\/fr\/switch-landing-page\/\" target=\"_self\">\n\t\tEn savoir plus\t<\/a>\n\t<\/div>\n\t\t\t\t\t<\/div>\n\t\t\t\t\t<div class=\"block-carousel-hero__caption\">\n\t\t\t\t\t\tPhoto: Courtesy of Denver Performing Arts Complex.\t\t\t\t\t<\/div>\n\t\t\t\t<\/div>\n\t\t\t\t<\/div>\n\t\t\t\t\t\t\t\t<div class=\"splide__slide\" style='--hero-carousel--background-color: #000000;'>\n\t\t\t\t<div class=\"block-carousel-hero__image\">\n\t\t\t\t\t<img decoding=\"async\" width=\"973\" height=\"725\" src=\"https:\/\/us.harlequinfloors.com\/wp-content\/uploads\/2026\/03\/Vinyl-Floors.png\" class=\"attachment-1280x725 size-1280x725\" alt=\"\" srcset=\"https:\/\/us.harlequinfloors.com\/wp-content\/uploads\/2026\/03\/Vinyl-Floors.png 2046w, https:\/\/us.harlequinfloors.com\/wp-content\/uploads\/2026\/03\/Vinyl-Floors-336x250.png 336w, https:\/\/us.harlequinfloors.com\/wp-content\/uploads\/2026\/03\/Vinyl-Floors-470x350.png 470w, https:\/\/us.harlequinfloors.com\/wp-content\/uploads\/2026\/03\/Vinyl-Floors-1536x1144.png 1536w, https:\/\/us.harlequinfloors.com\/wp-content\/uploads\/2026\/03\/Vinyl-Floors-510x380.png 510w, https:\/\/us.harlequinfloors.com\/wp-content\/uploads\/2026\/03\/Vinyl-Floors-350x261.png 350w, https:\/\/us.harlequinfloors.com\/wp-content\/uploads\/2026\/03\/Vinyl-Floors-250x186.png 250w, https:\/\/us.harlequinfloors.com\/wp-content\/uploads\/2026\/03\/Vinyl-Floors-483x360.png 483w, https:\/\/us.harlequinfloors.com\/wp-content\/uploads\/2026\/03\/Vinyl-Floors-900x670.png 900w\" sizes=\"(max-width: 973px) 100vw, 973px\" \/>\t\t\t\t<\/div>\n\t\t\t\t<div class=\"block-carousel-hero__content\">\n\t\t\t\t\t<div class=\"block-carousel-hero__inner-content\">\n\t\t\t\t\t\t<h2 style=\"font-size: clamp(2rem, 20vw, 45px)\">Sols Marley vinyle Harlequin<\/h2>\n<p style=\"font-weight: 400\">La surface de danse professionnelle reconnue dans le monde entier. Con\u00e7ue pour des mouvements s\u00fbrs et r\u00e9guliers, avec l\u2019\u00e9quilibre id\u00e9al entre accroche et glisse, en studio comme sur sc\u00e8ne.<\/p>\n<div style=\"margin-top: 3rem\">\t<a class=\"btn btn-outline btn-white \" href=\"https:\/\/us.harlequinfloors.com\/fr\/floor-category\/tapis-de-danse-en-pvc-marley\/\" target=\"_self\">\n\t\tD\u00e9couvrez les sols Vinyle Marley\t<\/a>\n\t<\/div>\n\t\t\t\t\t<\/div>\n\t\t\t\t\t<div class=\"block-carousel-hero__caption\">\n\t\t\t\t\t\t\t\t\t\t\t<\/div>\n\t\t\t\t<\/div>\n\t\t\t\t<\/div>\n\t\t\t\t\t\t\t\t<div class=\"splide__slide\" style='--hero-carousel--background-color: #000000;'>\n\t\t\t\t<div class=\"block-carousel-hero__image\">\n\t\t\t\t\t<img decoding=\"async\" width=\"973\" height=\"725\" src=\"https:\/\/us.harlequinfloors.com\/wp-content\/uploads\/2026\/03\/Harlequin-Hi-Shine.jpg\" class=\"attachment-1280x725 size-1280x725\" alt=\"\" srcset=\"https:\/\/us.harlequinfloors.com\/wp-content\/uploads\/2026\/03\/Harlequin-Hi-Shine.jpg 2560w, https:\/\/us.harlequinfloors.com\/wp-content\/uploads\/2026\/03\/Harlequin-Hi-Shine-336x250.jpg 336w, https:\/\/us.harlequinfloors.com\/wp-content\/uploads\/2026\/03\/Harlequin-Hi-Shine-470x350.jpg 470w, https:\/\/us.harlequinfloors.com\/wp-content\/uploads\/2026\/03\/Harlequin-Hi-Shine-1536x1144.jpg 1536w, https:\/\/us.harlequinfloors.com\/wp-content\/uploads\/2026\/03\/Harlequin-Hi-Shine-2048x1526.jpg 2048w, https:\/\/us.harlequinfloors.com\/wp-content\/uploads\/2026\/03\/Harlequin-Hi-Shine-510x380.jpg 510w, https:\/\/us.harlequinfloors.com\/wp-content\/uploads\/2026\/03\/Harlequin-Hi-Shine-350x261.jpg 350w, https:\/\/us.harlequinfloors.com\/wp-content\/uploads\/2026\/03\/Harlequin-Hi-Shine-250x186.jpg 250w, https:\/\/us.harlequinfloors.com\/wp-content\/uploads\/2026\/03\/Harlequin-Hi-Shine-483x360.jpg 483w, https:\/\/us.harlequinfloors.com\/wp-content\/uploads\/2026\/03\/Harlequin-Hi-Shine-900x670.jpg 900w\" sizes=\"(max-width: 973px) 100vw, 973px\" \/>\t\t\t\t<\/div>\n\t\t\t\t<div class=\"block-carousel-hero__content\">\n\t\t\t\t\t<div class=\"block-carousel-hero__inner-content\">\n\t\t\t\t\t\t<h2 style=\"font-size: clamp(2rem, 20vw, 45px)\">Harlequin<br \/>\nHi-Shine<sup style=\"font-weight: 400\">MC<\/sup><\/h2>\n<p style=\"font-weight: 400\">Explorez la gamme compl\u00e8te de rouleaux Hi-Shine\u2122 10m &#8211; toutes les couleurs sont maintenant en stock et pr\u00eates \u00e0 \u00eatre exp\u00e9di\u00e9es.<\/p>\n<div style=\"margin-top: 3rem\">\t<a class=\"btn btn-outline btn-white \" href=\"https:\/\/us.harlequinfloors.com\/fr\/floors\/harlequin-hi-shine\/\" target=\"_self\">\n\t\tD\u00e9couvrez Hi-Shine\t<\/a>\n\t<\/div>\n\t\t\t\t\t<\/div>\n\t\t\t\t\t<div class=\"block-carousel-hero__caption\">\n\t\t\t\t\t\tPhoto: \u00a9Sarah Womack, Courtesy of Hugh Jackman Tour\t\t\t\t\t<\/div>\n\t\t\t\t<\/div>\n\t\t\t\t<\/div>\n\t\t\t\t\t\t\t\t<div class=\"splide__slide\" style='--hero-carousel--background-color: #000000;'>\n\t\t\t\t<div class=\"block-carousel-hero__image\">\n\t\t\t\t\t<img decoding=\"async\" width=\"973\" height=\"725\" src=\"https:\/\/us.harlequinfloors.com\/wp-content\/uploads\/2026\/03\/Harlequin-Sprung-Floors-scaled.png\" class=\"attachment-1280x725 size-1280x725\" alt=\"\" \/>\t\t\t\t<\/div>\n\t\t\t\t<div class=\"block-carousel-hero__content\">\n\t\t\t\t\t<div class=\"block-carousel-hero__inner-content\">\n\t\t\t\t\t\t<h2 style=\"font-size: clamp(2rem, 20vw, 45px)\">Planchers amortissants Harlequin<\/h2>\n<p style=\"font-weight: 400\">Pour une performance optimale<\/p>\n<div style=\"margin-top: 3rem\">\t<a class=\"btn btn-outline btn-white \" href=\"https:\/\/us.harlequinfloors.com\/fr\/floor-category\/planchers-de-danse-amortissants\/\" target=\"_self\">\n\t\tTous les planchers amortissants\t<\/a>\n\t<\/div>\n\t\t\t\t\t<\/div>\n\t\t\t\t\t<div class=\"block-carousel-hero__caption\">\n\t\t\t\t\t\tPhoto: Courtesy of Sam Arellano \/ ORA Architects. Whim W&rsquo;him Contemporary Dance Center\t\t\t\t\t<\/div>\n\t\t\t\t<\/div>\n\t\t\t\t<\/div>\n\t\t\t\t\t\t\t\t\t\t\t<\/div>\n\t\t<\/div>\n\t<\/div>\n<\/section>\n","protected":false},"excerpt":{"rendered":"<p><a class=\"btn btn-primary btn-an harlequin-read-more-link\" href=\"https:\/\/us.harlequinfloors.com\/fr\/\">En savoir plus<\/a><\/p>\n","protected":false},"author":1,"featured_media":0,"parent":0,"menu_order":0,"comment_status":"closed","ping_status":"open","template":"","meta":{"_acf_changed":false,"_monsterinsights_skip_tracking":false,"_monsterinsights_sitenote_active":false,"_monsterinsights_sitenote_note":"","_monsterinsights_sitenote_category":0,"footnotes":"","_links_to":"","_links_to_target":""},"class_list":["post-5206","page","type-page","status-publish","hentry"],"acf":[],"yoast_head":"<!-- This site is optimized with the Yoast SEO Premium plugin v26.1 (Yoast SEO v27.2) - https:\/\/yoast.com\/product\/yoast-seo-premium-wordpress\/ -->\n<title>Tapis de danse, de th\u00e9\u00e2tre, de sc\u00e8ne et de divertissement | Harlequin Floors<\/title>\n<meta name=\"description\" content=\"Harlequin Floors propose une gamme de planchers pour la danse, le ballet, la danse classique et moderne, la sc\u00e8ne, le th\u00e9\u00e2tre, les home studios, la t\u00e9l\u00e9vision, les \u00e9v\u00e9nements et l&#039;affichage.\" \/>\n<meta name=\"robots\" content=\"index, follow, max-snippet:-1, max-image-preview:large, max-video-preview:-1\" \/>\n<link rel=\"canonical\" href=\"https:\/\/us.harlequinfloors.com\/fr\/\" \/>\n<meta property=\"og:locale\" content=\"fr_FR\" \/>\n<meta property=\"og:type\" content=\"article\" \/>\n<meta property=\"og:title\" content=\"Accueil\" \/>\n<meta property=\"og:description\" content=\"Harlequin Floors propose une gamme de planchers pour la danse, le ballet, la danse classique et moderne, la sc\u00e8ne, le th\u00e9\u00e2tre, les home studios, la t\u00e9l\u00e9vision, les \u00e9v\u00e9nements et l&#039;affichage.\" \/>\n<meta property=\"og:url\" content=\"https:\/\/us.harlequinfloors.com\/fr\/\" \/>\n<meta property=\"og:site_name\" content=\"Harlequin Floors\" \/>\n<meta property=\"article:publisher\" content=\"https:\/\/www.facebook.com\/americanharlequinfloors\" \/>\n<meta property=\"article:modified_time\" content=\"2026-03-30T16:09:51+00:00\" \/>\n<meta name=\"twitter:card\" content=\"summary_large_image\" \/>\n<script type=\"application\/ld+json\" class=\"yoast-schema-graph\">{\"@context\":\"https:\/\/schema.org\",\"@graph\":[{\"@type\":\"WebPage\",\"@id\":\"https:\/\/us.harlequinfloors.com\/fr\/\",\"url\":\"https:\/\/us.harlequinfloors.com\/fr\/\",\"name\":\"Tapis de danse, de th\u00e9\u00e2tre, de sc\u00e8ne et de divertissement | Harlequin Floors\",\"isPartOf\":{\"@id\":\"https:\/\/us.harlequinfloors.com\/fr\/#website\"},\"datePublished\":\"2015-12-12T00:49:07+00:00\",\"dateModified\":\"2026-03-30T16:09:51+00:00\",\"description\":\"Harlequin Floors propose une gamme de planchers pour la danse, le ballet, la danse classique et moderne, la sc\u00e8ne, le th\u00e9\u00e2tre, les home studios, la t\u00e9l\u00e9vision, les \u00e9v\u00e9nements et l'affichage.\",\"breadcrumb\":{\"@id\":\"https:\/\/us.harlequinfloors.com\/fr\/#breadcrumb\"},\"inLanguage\":\"fr-FR\",\"potentialAction\":[{\"@type\":\"ReadAction\",\"target\":[\"https:\/\/us.harlequinfloors.com\/fr\/\"]}]},{\"@type\":\"BreadcrumbList\",\"@id\":\"https:\/\/us.harlequinfloors.com\/fr\/#breadcrumb\",\"itemListElement\":[{\"@type\":\"ListItem\",\"position\":1,\"name\":\"Home\",\"item\":\"https:\/\/us.harlequinfloors.com\/fr\/\"},{\"@type\":\"ListItem\",\"position\":2,\"name\":\"Accueil\"}]},{\"@type\":\"WebSite\",\"@id\":\"https:\/\/us.harlequinfloors.com\/fr\/#website\",\"url\":\"https:\/\/us.harlequinfloors.com\/fr\/\",\"name\":\"Harlequin Floors\",\"description\":\"The World Dances sur les planchers et tapis de danse Harlequin Floors\",\"potentialAction\":[{\"@type\":\"SearchAction\",\"target\":{\"@type\":\"EntryPoint\",\"urlTemplate\":\"https:\/\/us.harlequinfloors.com\/fr\/?s={search_term_string}\"},\"query-input\":{\"@type\":\"PropertyValueSpecification\",\"valueRequired\":true,\"valueName\":\"search_term_string\"}}],\"inLanguage\":\"fr-FR\"}]}<\/script>\n<!-- \/ Yoast SEO Premium plugin. -->","yoast_head_json":{"title":"Tapis de danse, de th\u00e9\u00e2tre, de sc\u00e8ne et de divertissement | Harlequin Floors","description":"Harlequin Floors propose une gamme de planchers pour la danse, le ballet, la danse classique et moderne, la sc\u00e8ne, le th\u00e9\u00e2tre, les home studios, la t\u00e9l\u00e9vision, les \u00e9v\u00e9nements et l'affichage.","robots":{"index":"index","follow":"follow","max-snippet":"max-snippet:-1","max-image-preview":"max-image-preview:large","max-video-preview":"max-video-preview:-1"},"canonical":"https:\/\/us.harlequinfloors.com\/fr\/","og_locale":"fr_FR","og_type":"article","og_title":"Accueil","og_description":"Harlequin Floors propose une gamme de planchers pour la danse, le ballet, la danse classique et moderne, la sc\u00e8ne, le th\u00e9\u00e2tre, les home studios, la t\u00e9l\u00e9vision, les \u00e9v\u00e9nements et l'affichage.","og_url":"https:\/\/us.harlequinfloors.com\/fr\/","og_site_name":"Harlequin Floors","article_publisher":"https:\/\/www.facebook.com\/americanharlequinfloors","article_modified_time":"2026-03-30T16:09:51+00:00","twitter_card":"summary_large_image","schema":{"@context":"https:\/\/schema.org","@graph":[{"@type":"WebPage","@id":"https:\/\/us.harlequinfloors.com\/fr\/","url":"https:\/\/us.harlequinfloors.com\/fr\/","name":"Tapis de danse, de th\u00e9\u00e2tre, de sc\u00e8ne et de divertissement | Harlequin Floors","isPartOf":{"@id":"https:\/\/us.harlequinfloors.com\/fr\/#website"},"datePublished":"2015-12-12T00:49:07+00:00","dateModified":"2026-03-30T16:09:51+00:00","description":"Harlequin Floors propose une gamme de planchers pour la danse, le ballet, la danse classique et moderne, la sc\u00e8ne, le th\u00e9\u00e2tre, les home studios, la t\u00e9l\u00e9vision, les \u00e9v\u00e9nements et l'affichage.","breadcrumb":{"@id":"https:\/\/us.harlequinfloors.com\/fr\/#breadcrumb"},"inLanguage":"fr-FR","potentialAction":[{"@type":"ReadAction","target":["https:\/\/us.harlequinfloors.com\/fr\/"]}]},{"@type":"BreadcrumbList","@id":"https:\/\/us.harlequinfloors.com\/fr\/#breadcrumb","itemListElement":[{"@type":"ListItem","position":1,"name":"Home","item":"https:\/\/us.harlequinfloors.com\/fr\/"},{"@type":"ListItem","position":2,"name":"Accueil"}]},{"@type":"WebSite","@id":"https:\/\/us.harlequinfloors.com\/fr\/#website","url":"https:\/\/us.harlequinfloors.com\/fr\/","name":"Harlequin Floors","description":"The World Dances sur les planchers et tapis de danse Harlequin Floors","potentialAction":[{"@type":"SearchAction","target":{"@type":"EntryPoint","urlTemplate":"https:\/\/us.harlequinfloors.com\/fr\/?s={search_term_string}"},"query-input":{"@type":"PropertyValueSpecification","valueRequired":true,"valueName":"search_term_string"}}],"inLanguage":"fr-FR"}]}},"publishpress_future_action":{"enabled":false,"date":"2026-04-11 09:40:33","action":"change-status","newStatus":"draft","terms":[],"taxonomy":"translation_priority","extraData":[]},"publishpress_future_workflow_manual_trigger":{"enabledWorkflows":[]},"_links":{"self":[{"href":"https:\/\/us.harlequinfloors.com\/fr\/wp-json\/wp\/v2\/pages\/5206","targetHints":{"allow":["GET"]}}],"collection":[{"href":"https:\/\/us.harlequinfloors.com\/fr\/wp-json\/wp\/v2\/pages"}],"about":[{"href":"https:\/\/us.harlequinfloors.com\/fr\/wp-json\/wp\/v2\/types\/page"}],"author":[{"embeddable":true,"href":"https:\/\/us.harlequinfloors.com\/fr\/wp-json\/wp\/v2\/users\/1"}],"replies":[{"embeddable":true,"href":"https:\/\/us.harlequinfloors.com\/fr\/wp-json\/wp\/v2\/comments?post=5206"}],"version-history":[{"count":4,"href":"https:\/\/us.harlequinfloors.com\/fr\/wp-json\/wp\/v2\/pages\/5206\/revisions"}],"predecessor-version":[{"id":72151,"href":"https:\/\/us.harlequinfloors.com\/fr\/wp-json\/wp\/v2\/pages\/5206\/revisions\/72151"}],"wp:attachment":[{"href":"https:\/\/us.harlequinfloors.com\/fr\/wp-json\/wp\/v2\/media?parent=5206"}],"curies":[{"name":"wp","href":"https:\/\/api.w.org\/{rel}","templated":true}]}}