{"id":5209,"date":"2016-01-21T21:23:48","date_gmt":"2016-01-22T02:23:48","guid":{"rendered":"https:\/\/harlequinfloor.wpengine.com\/contactinfo\/"},"modified":"2025-07-31T03:20:12","modified_gmt":"2025-07-31T07:20:12","slug":"contact","status":"publish","type":"page","link":"https:\/\/us.harlequinfloors.com\/fr\/contact\/","title":{"rendered":"Contactez nous"},"content":{"rendered":"\n<h5><strong>AMERICAN HARLEQUIN CORPORATION<\/strong><\/h5>\n\n<p class=\"text-small\">1531 Glen Avenue<br\/>Moorestown, NJ 08057<\/p>\n\n<p class=\"text-small\">Sans frais : <a href=\"tel:1-800-642-6440\">+1 800-642-6440<\/a><br\/>T\u00e9l\u00e9phone : <a href=\"tel:1-856-234-5505\">+1 856-234-5505<\/a><br\/>Fax : <a href=\"tel:1-856-231-4403\">+1 856-231-4403<\/a><br\/>Email : <a href=\"mailto:contact@harlequinfloors.com\">contact@harlequinfloors.com<\/a><\/p>\n\n<p class=\"text-small\">Heures d&rsquo;ouverture : Du lundi au vendredi, de 9 h \u00e0 17 h, heure de l&rsquo;Est<br\/>Appelez-nous : Du lundi au vendredi, de 9 h \u00e0 19 h, heure de l&rsquo;Est<br\/>Discutez avec nous : Du lundi au vendredi, de 9 h \u00e0 17 h (heure de l&rsquo;Est)<\/p>\n\n<p class=\"text-small\">Des repr\u00e9sentants commerciaux parlant espagnol sont \u00e0 votre disposition pour vous aider. Veuillez appeler le <a href=\"tel:18006426440\">1 800-642-6440<\/a> ou envoyer un courriel \u00e0 <a class=\"\" href=\"mailto:contact@harlequinfloors.com\">contact@harlequinfloors.com<\/a>.<\/p>\n\n<p class=\"text-small\"><em>Salle d&rsquo;exposition et entrep\u00f4t de Las Vegas : Les visites se font uniquement sur rendez-vous.<\/em><i>  Contactez votre charg\u00e9 de client\u00e8le pour plus de d\u00e9tails.<\/i><\/p>\n","protected":false},"excerpt":{"rendered":"<p>AMERICAN HARLEQUIN CORPORATION 1531 Glen AvenueMoorestown, NJ 08057 Sans frais : +1 800-642-6440T\u00e9l\u00e9phone : +1 856-234-5505Fax : +1 856-231-4403Email :&#8230;<\/p>\n<p><a class=\"btn btn-primary btn-an harlequin-read-more-link\" href=\"https:\/\/us.harlequinfloors.com\/fr\/contact\/\">En savoir plus<\/a><\/p>\n","protected":false},"author":1,"featured_media":10655,"parent":0,"menu_order":0,"comment_status":"closed","ping_status":"closed","template":"","meta":{"_acf_changed":false,"_monsterinsights_skip_tracking":false,"_monsterinsights_sitenote_active":false,"_monsterinsights_sitenote_note":"","_monsterinsights_sitenote_category":0,"footnotes":"","_links_to":"","_links_to_target":""},"class_list":["post-5209","page","type-page","status-publish","has-post-thumbnail","hentry"],"acf":[],"yoast_head":"<!-- This site is optimized with the Yoast SEO Premium plugin v26.1 (Yoast SEO v27.3) - https:\/\/yoast.com\/product\/yoast-seo-premium-wordpress\/ -->\n<title>Contactez nous | Harlequin Floors<\/title>\n<meta name=\"robots\" content=\"index, follow, max-snippet:-1, max-image-preview:large, max-video-preview:-1\" \/>\n<link rel=\"canonical\" href=\"https:\/\/us.harlequinfloors.com\/fr\/contact\/\" \/>\n<meta property=\"og:locale\" content=\"fr_FR\" \/>\n<meta property=\"og:type\" content=\"article\" \/>\n<meta property=\"og:title\" content=\"Contactez nous\" \/>\n<meta property=\"og:description\" content=\"AMERICAN HARLEQUIN CORPORATION 1531 Glen AvenueMoorestown, NJ 08057 Sans frais : +1 800-642-6440T\u00e9l\u00e9phone : +1 856-234-5505Fax : +1 856-231-4403Email :...En savoir plus\" \/>\n<meta property=\"og:url\" content=\"https:\/\/us.harlequinfloors.com\/fr\/contact\/\" \/>\n<meta property=\"og:site_name\" content=\"Harlequin Floors\" \/>\n<meta property=\"article:publisher\" content=\"https:\/\/www.facebook.com\/americanharlequinfloors\" \/>\n<meta property=\"article:modified_time\" content=\"2025-07-31T07:20:12+00:00\" \/>\n<meta property=\"og:image\" content=\"https:\/\/us.harlequinfloors.com\/wp-content\/uploads\/2019\/05\/location-usa.png\" \/>\n\t<meta property=\"og:image:width\" content=\"560\" \/>\n\t<meta property=\"og:image:height\" content=\"560\" \/>\n\t<meta property=\"og:image:type\" content=\"image\/png\" \/>\n<meta name=\"twitter:card\" content=\"summary_large_image\" \/>\n<meta name=\"twitter:label1\" content=\"Dur\u00e9e de lecture estim\u00e9e\" \/>\n\t<meta name=\"twitter:data1\" content=\"1 minute\" \/>\n<script type=\"application\/ld+json\" class=\"yoast-schema-graph\">{\"@context\":\"https:\\\/\\\/schema.org\",\"@graph\":[{\"@type\":\"WebPage\",\"@id\":\"https:\\\/\\\/us.harlequinfloors.com\\\/fr\\\/contact\\\/\",\"url\":\"https:\\\/\\\/us.harlequinfloors.com\\\/fr\\\/contact\\\/\",\"name\":\"Contactez nous | Harlequin Floors\",\"isPartOf\":{\"@id\":\"https:\\\/\\\/us.harlequinfloors.com\\\/fr\\\/#website\"},\"primaryImageOfPage\":{\"@id\":\"https:\\\/\\\/us.harlequinfloors.com\\\/fr\\\/contact\\\/#primaryimage\"},\"image\":{\"@id\":\"https:\\\/\\\/us.harlequinfloors.com\\\/fr\\\/contact\\\/#primaryimage\"},\"thumbnailUrl\":\"https:\\\/\\\/us.harlequinfloors.com\\\/wp-content\\\/uploads\\\/2019\\\/05\\\/location-usa.png\",\"datePublished\":\"2016-01-22T02:23:48+00:00\",\"dateModified\":\"2025-07-31T07:20:12+00:00\",\"breadcrumb\":{\"@id\":\"https:\\\/\\\/us.harlequinfloors.com\\\/fr\\\/contact\\\/#breadcrumb\"},\"inLanguage\":\"fr-FR\",\"potentialAction\":[{\"@type\":\"ReadAction\",\"target\":[\"https:\\\/\\\/us.harlequinfloors.com\\\/fr\\\/contact\\\/\"]}]},{\"@type\":\"ImageObject\",\"inLanguage\":\"fr-FR\",\"@id\":\"https:\\\/\\\/us.harlequinfloors.com\\\/fr\\\/contact\\\/#primaryimage\",\"url\":\"https:\\\/\\\/us.harlequinfloors.com\\\/wp-content\\\/uploads\\\/2019\\\/05\\\/location-usa.png\",\"contentUrl\":\"https:\\\/\\\/us.harlequinfloors.com\\\/wp-content\\\/uploads\\\/2019\\\/05\\\/location-usa.png\",\"width\":560,\"height\":560,\"caption\":\"Harlequin\"},{\"@type\":\"BreadcrumbList\",\"@id\":\"https:\\\/\\\/us.harlequinfloors.com\\\/fr\\\/contact\\\/#breadcrumb\",\"itemListElement\":[{\"@type\":\"ListItem\",\"position\":1,\"name\":\"Home\",\"item\":\"https:\\\/\\\/us.harlequinfloors.com\\\/fr\\\/\"},{\"@type\":\"ListItem\",\"position\":2,\"name\":\"Contactez nous\"}]},{\"@type\":\"WebSite\",\"@id\":\"https:\\\/\\\/us.harlequinfloors.com\\\/fr\\\/#website\",\"url\":\"https:\\\/\\\/us.harlequinfloors.com\\\/fr\\\/\",\"name\":\"Harlequin Floors\",\"description\":\"The World Dances sur les planchers et tapis de danse Harlequin Floors\",\"potentialAction\":[{\"@type\":\"SearchAction\",\"target\":{\"@type\":\"EntryPoint\",\"urlTemplate\":\"https:\\\/\\\/us.harlequinfloors.com\\\/fr\\\/?s={search_term_string}\"},\"query-input\":{\"@type\":\"PropertyValueSpecification\",\"valueRequired\":true,\"valueName\":\"search_term_string\"}}],\"inLanguage\":\"fr-FR\"}]}<\/script>\n<!-- \/ Yoast SEO Premium plugin. -->","yoast_head_json":{"title":"Contactez nous | Harlequin Floors","robots":{"index":"index","follow":"follow","max-snippet":"max-snippet:-1","max-image-preview":"max-image-preview:large","max-video-preview":"max-video-preview:-1"},"canonical":"https:\/\/us.harlequinfloors.com\/fr\/contact\/","og_locale":"fr_FR","og_type":"article","og_title":"Contactez nous","og_description":"AMERICAN HARLEQUIN CORPORATION 1531 Glen AvenueMoorestown, NJ 08057 Sans frais : +1 800-642-6440T\u00e9l\u00e9phone : +1 856-234-5505Fax : +1 856-231-4403Email :...En savoir plus","og_url":"https:\/\/us.harlequinfloors.com\/fr\/contact\/","og_site_name":"Harlequin Floors","article_publisher":"https:\/\/www.facebook.com\/americanharlequinfloors","article_modified_time":"2025-07-31T07:20:12+00:00","og_image":[{"width":560,"height":560,"url":"https:\/\/us.harlequinfloors.com\/wp-content\/uploads\/2019\/05\/location-usa.png","type":"image\/png"}],"twitter_card":"summary_large_image","twitter_misc":{"Dur\u00e9e de lecture estim\u00e9e":"1 minute"},"schema":{"@context":"https:\/\/schema.org","@graph":[{"@type":"WebPage","@id":"https:\/\/us.harlequinfloors.com\/fr\/contact\/","url":"https:\/\/us.harlequinfloors.com\/fr\/contact\/","name":"Contactez nous | Harlequin Floors","isPartOf":{"@id":"https:\/\/us.harlequinfloors.com\/fr\/#website"},"primaryImageOfPage":{"@id":"https:\/\/us.harlequinfloors.com\/fr\/contact\/#primaryimage"},"image":{"@id":"https:\/\/us.harlequinfloors.com\/fr\/contact\/#primaryimage"},"thumbnailUrl":"https:\/\/us.harlequinfloors.com\/wp-content\/uploads\/2019\/05\/location-usa.png","datePublished":"2016-01-22T02:23:48+00:00","dateModified":"2025-07-31T07:20:12+00:00","breadcrumb":{"@id":"https:\/\/us.harlequinfloors.com\/fr\/contact\/#breadcrumb"},"inLanguage":"fr-FR","potentialAction":[{"@type":"ReadAction","target":["https:\/\/us.harlequinfloors.com\/fr\/contact\/"]}]},{"@type":"ImageObject","inLanguage":"fr-FR","@id":"https:\/\/us.harlequinfloors.com\/fr\/contact\/#primaryimage","url":"https:\/\/us.harlequinfloors.com\/wp-content\/uploads\/2019\/05\/location-usa.png","contentUrl":"https:\/\/us.harlequinfloors.com\/wp-content\/uploads\/2019\/05\/location-usa.png","width":560,"height":560,"caption":"Harlequin"},{"@type":"BreadcrumbList","@id":"https:\/\/us.harlequinfloors.com\/fr\/contact\/#breadcrumb","itemListElement":[{"@type":"ListItem","position":1,"name":"Home","item":"https:\/\/us.harlequinfloors.com\/fr\/"},{"@type":"ListItem","position":2,"name":"Contactez nous"}]},{"@type":"WebSite","@id":"https:\/\/us.harlequinfloors.com\/fr\/#website","url":"https:\/\/us.harlequinfloors.com\/fr\/","name":"Harlequin Floors","description":"The World Dances sur les planchers et tapis de danse Harlequin Floors","potentialAction":[{"@type":"SearchAction","target":{"@type":"EntryPoint","urlTemplate":"https:\/\/us.harlequinfloors.com\/fr\/?s={search_term_string}"},"query-input":{"@type":"PropertyValueSpecification","valueRequired":true,"valueName":"search_term_string"}}],"inLanguage":"fr-FR"}]}},"publishpress_future_action":{"enabled":false,"date":"2026-04-21 20:26:43","action":"change-status","newStatus":"draft","terms":[],"taxonomy":"translation_priority","extraData":[]},"publishpress_future_workflow_manual_trigger":{"enabledWorkflows":[]},"_links":{"self":[{"href":"https:\/\/us.harlequinfloors.com\/fr\/wp-json\/wp\/v2\/pages\/5209","targetHints":{"allow":["GET"]}}],"collection":[{"href":"https:\/\/us.harlequinfloors.com\/fr\/wp-json\/wp\/v2\/pages"}],"about":[{"href":"https:\/\/us.harlequinfloors.com\/fr\/wp-json\/wp\/v2\/types\/page"}],"author":[{"embeddable":true,"href":"https:\/\/us.harlequinfloors.com\/fr\/wp-json\/wp\/v2\/users\/1"}],"replies":[{"embeddable":true,"href":"https:\/\/us.harlequinfloors.com\/fr\/wp-json\/wp\/v2\/comments?post=5209"}],"version-history":[{"count":2,"href":"https:\/\/us.harlequinfloors.com\/fr\/wp-json\/wp\/v2\/pages\/5209\/revisions"}],"predecessor-version":[{"id":67340,"href":"https:\/\/us.harlequinfloors.com\/fr\/wp-json\/wp\/v2\/pages\/5209\/revisions\/67340"}],"wp:featuredmedia":[{"embeddable":true,"href":"https:\/\/us.harlequinfloors.com\/fr\/wp-json\/wp\/v2\/media\/10655"}],"wp:attachment":[{"href":"https:\/\/us.harlequinfloors.com\/fr\/wp-json\/wp\/v2\/media?parent=5209"}],"curies":[{"name":"wp","href":"https:\/\/api.w.org\/{rel}","templated":true}]}}