{"id":5673,"date":"2016-09-14T14:36:03","date_gmt":"2016-09-14T18:36:03","guid":{"rendered":"https:\/\/harlequinfloor.wpengine.com\/merci-de-vous-etre-inscrite\/"},"modified":"2025-07-17T12:14:34","modified_gmt":"2025-07-17T16:14:34","slug":"merci-de-vous-etre-inscrite","status":"publish","type":"page","link":"https:\/\/us.harlequinfloors.com\/fr\/merci-de-vous-etre-inscrite\/","title":{"rendered":"Merci de vous \u00eatre abonn\u00e9 !"},"content":{"rendered":"<p>Vous pouvez vous attendre \u00e0 recevoir tr\u00e8s bient\u00f4t votre premi\u00e8re Newsletter ou une offre sp\u00e9ciale.<\/p>\n","protected":false},"excerpt":{"rendered":"<p>Vous pouvez vous attendre \u00e0 recevoir tr\u00e8s bient\u00f4t votre premi\u00e8re Newsletter ou une offre sp\u00e9ciale.<\/p>\n<p><a class=\"btn btn-primary btn-an harlequin-read-more-link\" href=\"https:\/\/us.harlequinfloors.com\/fr\/merci-de-vous-etre-inscrite\/\">En savoir plus<\/a><\/p>\n","protected":false},"author":1,"featured_media":0,"parent":0,"menu_order":0,"comment_status":"closed","ping_status":"closed","template":"","meta":{"_acf_changed":false,"_monsterinsights_skip_tracking":false,"_monsterinsights_sitenote_active":false,"_monsterinsights_sitenote_note":"","_monsterinsights_sitenote_category":0,"footnotes":"","_links_to":"","_links_to_target":""},"class_list":["post-5673","page","type-page","status-publish","hentry"],"acf":[],"yoast_head":"<!-- This site is optimized with the Yoast SEO Premium plugin v26.1 (Yoast SEO v27.3) - https:\/\/yoast.com\/product\/yoast-seo-premium-wordpress\/ -->\n<title>Merci de vous \u00eatre abonn\u00e9 ! | Harlequin Floors<\/title>\n<meta name=\"robots\" content=\"index, follow, max-snippet:-1, max-image-preview:large, max-video-preview:-1\" \/>\n<link rel=\"canonical\" href=\"https:\/\/us.harlequinfloors.com\/fr\/merci-de-vous-etre-inscrite\/\" \/>\n<meta property=\"og:locale\" content=\"fr_FR\" \/>\n<meta property=\"og:type\" content=\"article\" \/>\n<meta property=\"og:title\" content=\"Merci de vous \u00eatre abonn\u00e9 !\" \/>\n<meta property=\"og:description\" content=\"Vous pouvez vous attendre \u00e0 recevoir tr\u00e8s bient\u00f4t votre premi\u00e8re Newsletter ou une offre sp\u00e9ciale.En savoir plus\" \/>\n<meta property=\"og:url\" content=\"https:\/\/us.harlequinfloors.com\/fr\/merci-de-vous-etre-inscrite\/\" \/>\n<meta property=\"og:site_name\" content=\"Harlequin Floors\" \/>\n<meta property=\"article:publisher\" content=\"https:\/\/www.facebook.com\/americanharlequinfloors\" \/>\n<meta property=\"article:modified_time\" content=\"2025-07-17T16:14:34+00:00\" \/>\n<meta name=\"twitter:card\" content=\"summary_large_image\" \/>\n<script type=\"application\/ld+json\" class=\"yoast-schema-graph\">{\"@context\":\"https:\\\/\\\/schema.org\",\"@graph\":[{\"@type\":\"WebPage\",\"@id\":\"https:\\\/\\\/us.harlequinfloors.com\\\/fr\\\/merci-de-vous-etre-inscrite\\\/\",\"url\":\"https:\\\/\\\/us.harlequinfloors.com\\\/fr\\\/merci-de-vous-etre-inscrite\\\/\",\"name\":\"Merci de vous \u00eatre abonn\u00e9 ! | Harlequin Floors\",\"isPartOf\":{\"@id\":\"https:\\\/\\\/us.harlequinfloors.com\\\/fr\\\/#website\"},\"datePublished\":\"2016-09-14T18:36:03+00:00\",\"dateModified\":\"2025-07-17T16:14:34+00:00\",\"breadcrumb\":{\"@id\":\"https:\\\/\\\/us.harlequinfloors.com\\\/fr\\\/merci-de-vous-etre-inscrite\\\/#breadcrumb\"},\"inLanguage\":\"fr-FR\",\"potentialAction\":[{\"@type\":\"ReadAction\",\"target\":[\"https:\\\/\\\/us.harlequinfloors.com\\\/fr\\\/merci-de-vous-etre-inscrite\\\/\"]}]},{\"@type\":\"BreadcrumbList\",\"@id\":\"https:\\\/\\\/us.harlequinfloors.com\\\/fr\\\/merci-de-vous-etre-inscrite\\\/#breadcrumb\",\"itemListElement\":[{\"@type\":\"ListItem\",\"position\":1,\"name\":\"Home\",\"item\":\"https:\\\/\\\/us.harlequinfloors.com\\\/fr\\\/\"},{\"@type\":\"ListItem\",\"position\":2,\"name\":\"Merci de vous \u00eatre abonn\u00e9 !\"}]},{\"@type\":\"WebSite\",\"@id\":\"https:\\\/\\\/us.harlequinfloors.com\\\/fr\\\/#website\",\"url\":\"https:\\\/\\\/us.harlequinfloors.com\\\/fr\\\/\",\"name\":\"Harlequin Floors\",\"description\":\"The World Dances sur les planchers et tapis de danse Harlequin Floors\",\"potentialAction\":[{\"@type\":\"SearchAction\",\"target\":{\"@type\":\"EntryPoint\",\"urlTemplate\":\"https:\\\/\\\/us.harlequinfloors.com\\\/fr\\\/?s={search_term_string}\"},\"query-input\":{\"@type\":\"PropertyValueSpecification\",\"valueRequired\":true,\"valueName\":\"search_term_string\"}}],\"inLanguage\":\"fr-FR\"}]}<\/script>\n<!-- \/ Yoast SEO Premium plugin. -->","yoast_head_json":{"title":"Merci de vous \u00eatre abonn\u00e9 ! | Harlequin Floors","robots":{"index":"index","follow":"follow","max-snippet":"max-snippet:-1","max-image-preview":"max-image-preview:large","max-video-preview":"max-video-preview:-1"},"canonical":"https:\/\/us.harlequinfloors.com\/fr\/merci-de-vous-etre-inscrite\/","og_locale":"fr_FR","og_type":"article","og_title":"Merci de vous \u00eatre abonn\u00e9 !","og_description":"Vous pouvez vous attendre \u00e0 recevoir tr\u00e8s bient\u00f4t votre premi\u00e8re Newsletter ou une offre sp\u00e9ciale.En savoir plus","og_url":"https:\/\/us.harlequinfloors.com\/fr\/merci-de-vous-etre-inscrite\/","og_site_name":"Harlequin Floors","article_publisher":"https:\/\/www.facebook.com\/americanharlequinfloors","article_modified_time":"2025-07-17T16:14:34+00:00","twitter_card":"summary_large_image","schema":{"@context":"https:\/\/schema.org","@graph":[{"@type":"WebPage","@id":"https:\/\/us.harlequinfloors.com\/fr\/merci-de-vous-etre-inscrite\/","url":"https:\/\/us.harlequinfloors.com\/fr\/merci-de-vous-etre-inscrite\/","name":"Merci de vous \u00eatre abonn\u00e9 ! | Harlequin Floors","isPartOf":{"@id":"https:\/\/us.harlequinfloors.com\/fr\/#website"},"datePublished":"2016-09-14T18:36:03+00:00","dateModified":"2025-07-17T16:14:34+00:00","breadcrumb":{"@id":"https:\/\/us.harlequinfloors.com\/fr\/merci-de-vous-etre-inscrite\/#breadcrumb"},"inLanguage":"fr-FR","potentialAction":[{"@type":"ReadAction","target":["https:\/\/us.harlequinfloors.com\/fr\/merci-de-vous-etre-inscrite\/"]}]},{"@type":"BreadcrumbList","@id":"https:\/\/us.harlequinfloors.com\/fr\/merci-de-vous-etre-inscrite\/#breadcrumb","itemListElement":[{"@type":"ListItem","position":1,"name":"Home","item":"https:\/\/us.harlequinfloors.com\/fr\/"},{"@type":"ListItem","position":2,"name":"Merci de vous \u00eatre abonn\u00e9 !"}]},{"@type":"WebSite","@id":"https:\/\/us.harlequinfloors.com\/fr\/#website","url":"https:\/\/us.harlequinfloors.com\/fr\/","name":"Harlequin Floors","description":"The World Dances sur les planchers et tapis de danse Harlequin Floors","potentialAction":[{"@type":"SearchAction","target":{"@type":"EntryPoint","urlTemplate":"https:\/\/us.harlequinfloors.com\/fr\/?s={search_term_string}"},"query-input":{"@type":"PropertyValueSpecification","valueRequired":true,"valueName":"search_term_string"}}],"inLanguage":"fr-FR"}]}},"publishpress_future_action":{"enabled":false,"date":"2026-04-23 23:43:15","action":"change-status","newStatus":"draft","terms":[],"taxonomy":"translation_priority","extraData":[]},"publishpress_future_workflow_manual_trigger":{"enabledWorkflows":[]},"_links":{"self":[{"href":"https:\/\/us.harlequinfloors.com\/fr\/wp-json\/wp\/v2\/pages\/5673","targetHints":{"allow":["GET"]}}],"collection":[{"href":"https:\/\/us.harlequinfloors.com\/fr\/wp-json\/wp\/v2\/pages"}],"about":[{"href":"https:\/\/us.harlequinfloors.com\/fr\/wp-json\/wp\/v2\/types\/page"}],"author":[{"embeddable":true,"href":"https:\/\/us.harlequinfloors.com\/fr\/wp-json\/wp\/v2\/users\/1"}],"replies":[{"embeddable":true,"href":"https:\/\/us.harlequinfloors.com\/fr\/wp-json\/wp\/v2\/comments?post=5673"}],"version-history":[{"count":1,"href":"https:\/\/us.harlequinfloors.com\/fr\/wp-json\/wp\/v2\/pages\/5673\/revisions"}],"predecessor-version":[{"id":66333,"href":"https:\/\/us.harlequinfloors.com\/fr\/wp-json\/wp\/v2\/pages\/5673\/revisions\/66333"}],"wp:attachment":[{"href":"https:\/\/us.harlequinfloors.com\/fr\/wp-json\/wp\/v2\/media?parent=5673"}],"curies":[{"name":"wp","href":"https:\/\/api.w.org\/{rel}","templated":true}]}}