{"id":5680,"date":"2016-03-02T21:59:20","date_gmt":"2016-03-03T02:59:20","guid":{"rendered":"https:\/\/harlequinfloor.wpengine.com\/harlequin-turning-board-parquet-reversible\/"},"modified":"2025-07-31T03:20:06","modified_gmt":"2025-07-31T07:20:06","slug":"harlequin-turning-board-parquet-reversible","status":"publish","type":"page","link":"https:\/\/us.harlequinfloors.com\/fr\/home-studio\/harlequin-turning-board-parquet-reversible\/","title":{"rendered":"Planche \u00e0 d\u00e9couper Harlequin"},"content":{"rendered":"<p>La <strong>planche de retournement Harlequin<\/strong> pr\u00e9sente une surface en vinyle d&rsquo;un c\u00f4t\u00e9 et une surface en bois prot\u00e9g\u00e9e contre les UV de l&rsquo;autre.  Id\u00e9ale pour le ballet, le jazz, la danse moderne, les claquettes et les virages.  L\u00e9g\u00e8re et portable, vous pouvez l&#8217;emmener sur la route pour les comp\u00e9titions et les conventions ou l&rsquo;utiliser \u00e0 la maison !<\/p>\n<p>Le panneau en contreplaqu\u00e9 massif mesure 36 \u00ab\u00a0H x 31 3\/8 \u00ab\u00a0W x 3\/4 \u00ab\u00a0D.<\/p>\n<p><a href=\"https:\/\/us.harlequinfloors.com\/en\/products\/harlequin-turning-board\/\">En savoir plus<\/a><\/p>\n","protected":false},"excerpt":{"rendered":"<p>La planche de retournement Harlequin pr\u00e9sente une surface en vinyle d&rsquo;un c\u00f4t\u00e9 et une surface en bois prot\u00e9g\u00e9e contre les&#8230;<\/p>\n<p><a class=\"btn btn-primary btn-an harlequin-read-more-link\" href=\"https:\/\/us.harlequinfloors.com\/fr\/home-studio\/harlequin-turning-board-parquet-reversible\/\">En savoir plus<\/a><\/p>\n","protected":false},"author":1,"featured_media":5684,"parent":5694,"menu_order":3,"comment_status":"closed","ping_status":"closed","template":"","meta":{"_acf_changed":false,"_monsterinsights_skip_tracking":false,"_monsterinsights_sitenote_active":false,"_monsterinsights_sitenote_note":"","_monsterinsights_sitenote_category":0,"footnotes":"","_links_to":"","_links_to_target":""},"class_list":["post-5680","page","type-page","status-publish","has-post-thumbnail","hentry"],"acf":[],"yoast_head":"<!-- This site is optimized with the Yoast SEO Premium plugin v26.1 (Yoast SEO v27.2) - https:\/\/yoast.com\/product\/yoast-seo-premium-wordpress\/ -->\n<title>Planche \u00e0 d\u00e9couper Harlequin | Harlequin Floors<\/title>\n<meta name=\"robots\" content=\"index, follow, max-snippet:-1, max-image-preview:large, max-video-preview:-1\" \/>\n<link rel=\"canonical\" href=\"https:\/\/us.harlequinfloors.com\/fr\/home-studio\/harlequin-turning-board-parquet-reversible\/\" \/>\n<meta property=\"og:locale\" content=\"fr_FR\" \/>\n<meta property=\"og:type\" content=\"article\" \/>\n<meta property=\"og:title\" content=\"Planche \u00e0 d\u00e9couper Harlequin\" \/>\n<meta property=\"og:description\" content=\"La planche de retournement Harlequin pr\u00e9sente une surface en vinyle d&rsquo;un c\u00f4t\u00e9 et une surface en bois prot\u00e9g\u00e9e contre les...En savoir plus\" \/>\n<meta property=\"og:url\" content=\"https:\/\/us.harlequinfloors.com\/fr\/home-studio\/harlequin-turning-board-parquet-reversible\/\" \/>\n<meta property=\"og:site_name\" content=\"Harlequin Floors\" \/>\n<meta property=\"article:publisher\" content=\"https:\/\/www.facebook.com\/americanharlequinfloors\" \/>\n<meta property=\"article:modified_time\" content=\"2025-07-31T07:20:06+00:00\" \/>\n<meta property=\"og:image\" content=\"https:\/\/us.harlequinfloors.com\/wp-content\/uploads\/2016\/03\/home-studio-turning-board-thumb-1.png\" \/>\n\t<meta property=\"og:image:width\" content=\"450\" \/>\n\t<meta property=\"og:image:height\" content=\"450\" \/>\n\t<meta property=\"og:image:type\" content=\"image\/png\" \/>\n<meta name=\"twitter:card\" content=\"summary_large_image\" \/>\n<script type=\"application\/ld+json\" class=\"yoast-schema-graph\">{\"@context\":\"https:\/\/schema.org\",\"@graph\":[{\"@type\":\"WebPage\",\"@id\":\"https:\/\/us.harlequinfloors.com\/fr\/home-studio\/harlequin-turning-board-parquet-reversible\/\",\"url\":\"https:\/\/us.harlequinfloors.com\/fr\/home-studio\/harlequin-turning-board-parquet-reversible\/\",\"name\":\"Planche \u00e0 d\u00e9couper Harlequin | Harlequin Floors\",\"isPartOf\":{\"@id\":\"https:\/\/us.harlequinfloors.com\/fr\/#website\"},\"primaryImageOfPage\":{\"@id\":\"https:\/\/us.harlequinfloors.com\/fr\/home-studio\/harlequin-turning-board-parquet-reversible\/#primaryimage\"},\"image\":{\"@id\":\"https:\/\/us.harlequinfloors.com\/fr\/home-studio\/harlequin-turning-board-parquet-reversible\/#primaryimage\"},\"thumbnailUrl\":\"https:\/\/us.harlequinfloors.com\/wp-content\/uploads\/2016\/03\/home-studio-turning-board-thumb-1.png\",\"datePublished\":\"2016-03-03T02:59:20+00:00\",\"dateModified\":\"2025-07-31T07:20:06+00:00\",\"breadcrumb\":{\"@id\":\"https:\/\/us.harlequinfloors.com\/fr\/home-studio\/harlequin-turning-board-parquet-reversible\/#breadcrumb\"},\"inLanguage\":\"fr-FR\",\"potentialAction\":[{\"@type\":\"ReadAction\",\"target\":[\"https:\/\/us.harlequinfloors.com\/fr\/home-studio\/harlequin-turning-board-parquet-reversible\/\"]}]},{\"@type\":\"ImageObject\",\"inLanguage\":\"fr-FR\",\"@id\":\"https:\/\/us.harlequinfloors.com\/fr\/home-studio\/harlequin-turning-board-parquet-reversible\/#primaryimage\",\"url\":\"https:\/\/us.harlequinfloors.com\/wp-content\/uploads\/2016\/03\/home-studio-turning-board-thumb-1.png\",\"contentUrl\":\"https:\/\/us.harlequinfloors.com\/wp-content\/uploads\/2016\/03\/home-studio-turning-board-thumb-1.png\",\"width\":450,\"height\":450},{\"@type\":\"BreadcrumbList\",\"@id\":\"https:\/\/us.harlequinfloors.com\/fr\/home-studio\/harlequin-turning-board-parquet-reversible\/#breadcrumb\",\"itemListElement\":[{\"@type\":\"ListItem\",\"position\":1,\"name\":\"Home\",\"item\":\"https:\/\/us.harlequinfloors.com\/fr\/\"},{\"@type\":\"ListItem\",\"position\":2,\"name\":\"Home Studio\",\"item\":\"https:\/\/us.harlequinfloors.com\/fr\/home-studio\/\"},{\"@type\":\"ListItem\",\"position\":3,\"name\":\"Planche \u00e0 d\u00e9couper Harlequin\"}]},{\"@type\":\"WebSite\",\"@id\":\"https:\/\/us.harlequinfloors.com\/fr\/#website\",\"url\":\"https:\/\/us.harlequinfloors.com\/fr\/\",\"name\":\"Harlequin Floors\",\"description\":\"The World Dances sur les planchers et tapis de danse Harlequin Floors\",\"potentialAction\":[{\"@type\":\"SearchAction\",\"target\":{\"@type\":\"EntryPoint\",\"urlTemplate\":\"https:\/\/us.harlequinfloors.com\/fr\/?s={search_term_string}\"},\"query-input\":{\"@type\":\"PropertyValueSpecification\",\"valueRequired\":true,\"valueName\":\"search_term_string\"}}],\"inLanguage\":\"fr-FR\"}]}<\/script>\n<!-- \/ Yoast SEO Premium plugin. -->","yoast_head_json":{"title":"Planche \u00e0 d\u00e9couper Harlequin | Harlequin Floors","robots":{"index":"index","follow":"follow","max-snippet":"max-snippet:-1","max-image-preview":"max-image-preview:large","max-video-preview":"max-video-preview:-1"},"canonical":"https:\/\/us.harlequinfloors.com\/fr\/home-studio\/harlequin-turning-board-parquet-reversible\/","og_locale":"fr_FR","og_type":"article","og_title":"Planche \u00e0 d\u00e9couper Harlequin","og_description":"La planche de retournement Harlequin pr\u00e9sente une surface en vinyle d&rsquo;un c\u00f4t\u00e9 et une surface en bois prot\u00e9g\u00e9e contre les...En savoir plus","og_url":"https:\/\/us.harlequinfloors.com\/fr\/home-studio\/harlequin-turning-board-parquet-reversible\/","og_site_name":"Harlequin Floors","article_publisher":"https:\/\/www.facebook.com\/americanharlequinfloors","article_modified_time":"2025-07-31T07:20:06+00:00","og_image":[{"width":450,"height":450,"url":"https:\/\/us.harlequinfloors.com\/wp-content\/uploads\/2016\/03\/home-studio-turning-board-thumb-1.png","type":"image\/png"}],"twitter_card":"summary_large_image","schema":{"@context":"https:\/\/schema.org","@graph":[{"@type":"WebPage","@id":"https:\/\/us.harlequinfloors.com\/fr\/home-studio\/harlequin-turning-board-parquet-reversible\/","url":"https:\/\/us.harlequinfloors.com\/fr\/home-studio\/harlequin-turning-board-parquet-reversible\/","name":"Planche \u00e0 d\u00e9couper Harlequin | Harlequin Floors","isPartOf":{"@id":"https:\/\/us.harlequinfloors.com\/fr\/#website"},"primaryImageOfPage":{"@id":"https:\/\/us.harlequinfloors.com\/fr\/home-studio\/harlequin-turning-board-parquet-reversible\/#primaryimage"},"image":{"@id":"https:\/\/us.harlequinfloors.com\/fr\/home-studio\/harlequin-turning-board-parquet-reversible\/#primaryimage"},"thumbnailUrl":"https:\/\/us.harlequinfloors.com\/wp-content\/uploads\/2016\/03\/home-studio-turning-board-thumb-1.png","datePublished":"2016-03-03T02:59:20+00:00","dateModified":"2025-07-31T07:20:06+00:00","breadcrumb":{"@id":"https:\/\/us.harlequinfloors.com\/fr\/home-studio\/harlequin-turning-board-parquet-reversible\/#breadcrumb"},"inLanguage":"fr-FR","potentialAction":[{"@type":"ReadAction","target":["https:\/\/us.harlequinfloors.com\/fr\/home-studio\/harlequin-turning-board-parquet-reversible\/"]}]},{"@type":"ImageObject","inLanguage":"fr-FR","@id":"https:\/\/us.harlequinfloors.com\/fr\/home-studio\/harlequin-turning-board-parquet-reversible\/#primaryimage","url":"https:\/\/us.harlequinfloors.com\/wp-content\/uploads\/2016\/03\/home-studio-turning-board-thumb-1.png","contentUrl":"https:\/\/us.harlequinfloors.com\/wp-content\/uploads\/2016\/03\/home-studio-turning-board-thumb-1.png","width":450,"height":450},{"@type":"BreadcrumbList","@id":"https:\/\/us.harlequinfloors.com\/fr\/home-studio\/harlequin-turning-board-parquet-reversible\/#breadcrumb","itemListElement":[{"@type":"ListItem","position":1,"name":"Home","item":"https:\/\/us.harlequinfloors.com\/fr\/"},{"@type":"ListItem","position":2,"name":"Home Studio","item":"https:\/\/us.harlequinfloors.com\/fr\/home-studio\/"},{"@type":"ListItem","position":3,"name":"Planche \u00e0 d\u00e9couper Harlequin"}]},{"@type":"WebSite","@id":"https:\/\/us.harlequinfloors.com\/fr\/#website","url":"https:\/\/us.harlequinfloors.com\/fr\/","name":"Harlequin Floors","description":"The World Dances sur les planchers et tapis de danse Harlequin Floors","potentialAction":[{"@type":"SearchAction","target":{"@type":"EntryPoint","urlTemplate":"https:\/\/us.harlequinfloors.com\/fr\/?s={search_term_string}"},"query-input":{"@type":"PropertyValueSpecification","valueRequired":true,"valueName":"search_term_string"}}],"inLanguage":"fr-FR"}]}},"publishpress_future_action":{"enabled":false,"date":"2026-04-12 12:50:49","action":"change-status","newStatus":"draft","terms":[],"taxonomy":"translation_priority","extraData":[]},"publishpress_future_workflow_manual_trigger":{"enabledWorkflows":[]},"_links":{"self":[{"href":"https:\/\/us.harlequinfloors.com\/fr\/wp-json\/wp\/v2\/pages\/5680","targetHints":{"allow":["GET"]}}],"collection":[{"href":"https:\/\/us.harlequinfloors.com\/fr\/wp-json\/wp\/v2\/pages"}],"about":[{"href":"https:\/\/us.harlequinfloors.com\/fr\/wp-json\/wp\/v2\/types\/page"}],"author":[{"embeddable":true,"href":"https:\/\/us.harlequinfloors.com\/fr\/wp-json\/wp\/v2\/users\/1"}],"replies":[{"embeddable":true,"href":"https:\/\/us.harlequinfloors.com\/fr\/wp-json\/wp\/v2\/comments?post=5680"}],"version-history":[{"count":1,"href":"https:\/\/us.harlequinfloors.com\/fr\/wp-json\/wp\/v2\/pages\/5680\/revisions"}],"predecessor-version":[{"id":67331,"href":"https:\/\/us.harlequinfloors.com\/fr\/wp-json\/wp\/v2\/pages\/5680\/revisions\/67331"}],"up":[{"embeddable":true,"href":"https:\/\/us.harlequinfloors.com\/fr\/wp-json\/wp\/v2\/pages\/5694"}],"wp:featuredmedia":[{"embeddable":true,"href":"https:\/\/us.harlequinfloors.com\/fr\/wp-json\/wp\/v2\/media\/5684"}],"wp:attachment":[{"href":"https:\/\/us.harlequinfloors.com\/fr\/wp-json\/wp\/v2\/media?parent=5680"}],"curies":[{"name":"wp","href":"https:\/\/api.w.org\/{rel}","templated":true}]}}