{"id":5687,"date":"2016-03-02T21:31:39","date_gmt":"2016-03-02T21:31:39","guid":{"rendered":"https:\/\/harlequinfloor.wpengine.com\/trousse-harlequin-enthusiast-home-studio\/"},"modified":"2017-04-06T16:38:22","modified_gmt":"2017-04-06T16:38:22","slug":"trousse-harlequin-enthusiast-home-studio","status":"publish","type":"page","link":"https:\/\/us.harlequinfloors.com\/fr\/home-studio\/trousse-harlequin-enthusiast-home-studio\/","title":{"rendered":"Trousse Harlequin Enthusiast Home Studio"},"content":{"rendered":"<p><strong>La trousse Harlequin Enthusiast Home Studio<\/strong> est fournie avec deux surfaces : un rouleau de lamelle de bambou id\u00e9al pour les danses percussives et un rouleau de Harlequin Cascade<sup>MC<\/sup> con\u00e7u pour tout, de la danse pieds nus (moderne) \u00e0 la danse en chaussons (classique). Disponible en trousses de deux (2) tailles diff\u00e9rentes.<\/p>\n<p>La trousse contient :<\/p>\n<p>1 plancher en lamelle de bois de 6 pi 3 po x 6 pi 6 po ou de 6 pi 3 po x 9 pi 10 po<\/p>\n<p>1 rouleau de Harlequin Cascade<sup>MC<\/sup><\/p>\n<p>1 bande adh\u00e9sive de couleur coordonn\u00e9e au rouleau<\/p>\n","protected":false},"excerpt":{"rendered":"<p>La trousse Harlequin Enthusiast Home Studio est fournie avec deux surfaces : un rouleau de lamelle de bambou id\u00e9al pour&#8230;<\/p>\n<p><a class=\"btn btn-primary btn-an harlequin-read-more-link\" href=\"https:\/\/us.harlequinfloors.com\/fr\/home-studio\/trousse-harlequin-enthusiast-home-studio\/\">En savoir plus<\/a><\/p>\n","protected":false},"author":1,"featured_media":6909,"parent":5694,"menu_order":1,"comment_status":"closed","ping_status":"closed","template":"","meta":{"_acf_changed":false,"_monsterinsights_skip_tracking":false,"_monsterinsights_sitenote_active":false,"_monsterinsights_sitenote_note":"","_monsterinsights_sitenote_category":0,"footnotes":"","_links_to":"","_links_to_target":""},"class_list":["post-5687","page","type-page","status-publish","has-post-thumbnail","hentry"],"acf":[],"yoast_head":"<!-- This site is optimized with the Yoast SEO Premium plugin v26.1 (Yoast SEO v27.4) - https:\/\/yoast.com\/product\/yoast-seo-premium-wordpress\/ -->\n<title>Trousse Harlequin Enthusiast Home Studio | Harlequin Floors<\/title>\n<meta name=\"robots\" content=\"index, follow, max-snippet:-1, max-image-preview:large, max-video-preview:-1\" \/>\n<link rel=\"canonical\" href=\"https:\/\/us.harlequinfloors.com\/fr\/home-studio\/trousse-harlequin-enthusiast-home-studio\/\" \/>\n<meta property=\"og:locale\" content=\"fr_FR\" \/>\n<meta property=\"og:type\" content=\"article\" \/>\n<meta property=\"og:title\" content=\"Trousse Harlequin Enthusiast Home Studio\" \/>\n<meta property=\"og:description\" content=\"La trousse Harlequin Enthusiast Home Studio est fournie avec deux surfaces : un rouleau de lamelle de bambou id\u00e9al pour...En savoir plus\" \/>\n<meta property=\"og:url\" content=\"https:\/\/us.harlequinfloors.com\/fr\/home-studio\/trousse-harlequin-enthusiast-home-studio\/\" \/>\n<meta property=\"og:site_name\" content=\"Harlequin Floors\" \/>\n<meta property=\"article:publisher\" content=\"https:\/\/www.facebook.com\/americanharlequinfloors\" \/>\n<meta property=\"article:modified_time\" content=\"2017-04-06T16:38:22+00:00\" \/>\n<meta property=\"og:image\" content=\"https:\/\/us.harlequinfloors.com\/wp-content\/uploads\/2016\/03\/EnthusiastV2_450x450.png\" \/>\n\t<meta property=\"og:image:width\" content=\"450\" \/>\n\t<meta property=\"og:image:height\" content=\"450\" \/>\n\t<meta property=\"og:image:type\" content=\"image\/png\" \/>\n<meta name=\"twitter:card\" content=\"summary_large_image\" \/>\n<script type=\"application\/ld+json\" class=\"yoast-schema-graph\">{\"@context\":\"https:\\\/\\\/schema.org\",\"@graph\":[{\"@type\":\"WebPage\",\"@id\":\"https:\\\/\\\/us.harlequinfloors.com\\\/fr\\\/home-studio\\\/trousse-harlequin-enthusiast-home-studio\\\/\",\"url\":\"https:\\\/\\\/us.harlequinfloors.com\\\/fr\\\/home-studio\\\/trousse-harlequin-enthusiast-home-studio\\\/\",\"name\":\"Trousse Harlequin Enthusiast Home Studio | Harlequin Floors\",\"isPartOf\":{\"@id\":\"https:\\\/\\\/us.harlequinfloors.com\\\/fr\\\/#website\"},\"primaryImageOfPage\":{\"@id\":\"https:\\\/\\\/us.harlequinfloors.com\\\/fr\\\/home-studio\\\/trousse-harlequin-enthusiast-home-studio\\\/#primaryimage\"},\"image\":{\"@id\":\"https:\\\/\\\/us.harlequinfloors.com\\\/fr\\\/home-studio\\\/trousse-harlequin-enthusiast-home-studio\\\/#primaryimage\"},\"thumbnailUrl\":\"https:\\\/\\\/us.harlequinfloors.com\\\/wp-content\\\/uploads\\\/2016\\\/03\\\/EnthusiastV2_450x450.png\",\"datePublished\":\"2016-03-02T21:31:39+00:00\",\"dateModified\":\"2017-04-06T16:38:22+00:00\",\"breadcrumb\":{\"@id\":\"https:\\\/\\\/us.harlequinfloors.com\\\/fr\\\/home-studio\\\/trousse-harlequin-enthusiast-home-studio\\\/#breadcrumb\"},\"inLanguage\":\"fr-FR\",\"potentialAction\":[{\"@type\":\"ReadAction\",\"target\":[\"https:\\\/\\\/us.harlequinfloors.com\\\/fr\\\/home-studio\\\/trousse-harlequin-enthusiast-home-studio\\\/\"]}]},{\"@type\":\"ImageObject\",\"inLanguage\":\"fr-FR\",\"@id\":\"https:\\\/\\\/us.harlequinfloors.com\\\/fr\\\/home-studio\\\/trousse-harlequin-enthusiast-home-studio\\\/#primaryimage\",\"url\":\"https:\\\/\\\/us.harlequinfloors.com\\\/wp-content\\\/uploads\\\/2016\\\/03\\\/EnthusiastV2_450x450.png\",\"contentUrl\":\"https:\\\/\\\/us.harlequinfloors.com\\\/wp-content\\\/uploads\\\/2016\\\/03\\\/EnthusiastV2_450x450.png\",\"width\":450,\"height\":450,\"caption\":\"Enthusiast\"},{\"@type\":\"BreadcrumbList\",\"@id\":\"https:\\\/\\\/us.harlequinfloors.com\\\/fr\\\/home-studio\\\/trousse-harlequin-enthusiast-home-studio\\\/#breadcrumb\",\"itemListElement\":[{\"@type\":\"ListItem\",\"position\":1,\"name\":\"Home\",\"item\":\"https:\\\/\\\/us.harlequinfloors.com\\\/fr\\\/\"},{\"@type\":\"ListItem\",\"position\":2,\"name\":\"Home Studio\",\"item\":\"https:\\\/\\\/us.harlequinfloors.com\\\/fr\\\/home-studio\\\/\"},{\"@type\":\"ListItem\",\"position\":3,\"name\":\"Trousse Harlequin Enthusiast Home Studio\"}]},{\"@type\":\"WebSite\",\"@id\":\"https:\\\/\\\/us.harlequinfloors.com\\\/fr\\\/#website\",\"url\":\"https:\\\/\\\/us.harlequinfloors.com\\\/fr\\\/\",\"name\":\"Harlequin Floors\",\"description\":\"The World Dances sur les planchers et tapis de danse Harlequin Floors\",\"potentialAction\":[{\"@type\":\"SearchAction\",\"target\":{\"@type\":\"EntryPoint\",\"urlTemplate\":\"https:\\\/\\\/us.harlequinfloors.com\\\/fr\\\/?s={search_term_string}\"},\"query-input\":{\"@type\":\"PropertyValueSpecification\",\"valueRequired\":true,\"valueName\":\"search_term_string\"}}],\"inLanguage\":\"fr-FR\"}]}<\/script>\n<!-- \/ Yoast SEO Premium plugin. -->","yoast_head_json":{"title":"Trousse Harlequin Enthusiast Home Studio | Harlequin Floors","robots":{"index":"index","follow":"follow","max-snippet":"max-snippet:-1","max-image-preview":"max-image-preview:large","max-video-preview":"max-video-preview:-1"},"canonical":"https:\/\/us.harlequinfloors.com\/fr\/home-studio\/trousse-harlequin-enthusiast-home-studio\/","og_locale":"fr_FR","og_type":"article","og_title":"Trousse Harlequin Enthusiast Home Studio","og_description":"La trousse Harlequin Enthusiast Home Studio est fournie avec deux surfaces : un rouleau de lamelle de bambou id\u00e9al pour...En savoir plus","og_url":"https:\/\/us.harlequinfloors.com\/fr\/home-studio\/trousse-harlequin-enthusiast-home-studio\/","og_site_name":"Harlequin Floors","article_publisher":"https:\/\/www.facebook.com\/americanharlequinfloors","article_modified_time":"2017-04-06T16:38:22+00:00","og_image":[{"width":450,"height":450,"url":"https:\/\/us.harlequinfloors.com\/wp-content\/uploads\/2016\/03\/EnthusiastV2_450x450.png","type":"image\/png"}],"twitter_card":"summary_large_image","schema":{"@context":"https:\/\/schema.org","@graph":[{"@type":"WebPage","@id":"https:\/\/us.harlequinfloors.com\/fr\/home-studio\/trousse-harlequin-enthusiast-home-studio\/","url":"https:\/\/us.harlequinfloors.com\/fr\/home-studio\/trousse-harlequin-enthusiast-home-studio\/","name":"Trousse Harlequin Enthusiast Home Studio | Harlequin Floors","isPartOf":{"@id":"https:\/\/us.harlequinfloors.com\/fr\/#website"},"primaryImageOfPage":{"@id":"https:\/\/us.harlequinfloors.com\/fr\/home-studio\/trousse-harlequin-enthusiast-home-studio\/#primaryimage"},"image":{"@id":"https:\/\/us.harlequinfloors.com\/fr\/home-studio\/trousse-harlequin-enthusiast-home-studio\/#primaryimage"},"thumbnailUrl":"https:\/\/us.harlequinfloors.com\/wp-content\/uploads\/2016\/03\/EnthusiastV2_450x450.png","datePublished":"2016-03-02T21:31:39+00:00","dateModified":"2017-04-06T16:38:22+00:00","breadcrumb":{"@id":"https:\/\/us.harlequinfloors.com\/fr\/home-studio\/trousse-harlequin-enthusiast-home-studio\/#breadcrumb"},"inLanguage":"fr-FR","potentialAction":[{"@type":"ReadAction","target":["https:\/\/us.harlequinfloors.com\/fr\/home-studio\/trousse-harlequin-enthusiast-home-studio\/"]}]},{"@type":"ImageObject","inLanguage":"fr-FR","@id":"https:\/\/us.harlequinfloors.com\/fr\/home-studio\/trousse-harlequin-enthusiast-home-studio\/#primaryimage","url":"https:\/\/us.harlequinfloors.com\/wp-content\/uploads\/2016\/03\/EnthusiastV2_450x450.png","contentUrl":"https:\/\/us.harlequinfloors.com\/wp-content\/uploads\/2016\/03\/EnthusiastV2_450x450.png","width":450,"height":450,"caption":"Enthusiast"},{"@type":"BreadcrumbList","@id":"https:\/\/us.harlequinfloors.com\/fr\/home-studio\/trousse-harlequin-enthusiast-home-studio\/#breadcrumb","itemListElement":[{"@type":"ListItem","position":1,"name":"Home","item":"https:\/\/us.harlequinfloors.com\/fr\/"},{"@type":"ListItem","position":2,"name":"Home Studio","item":"https:\/\/us.harlequinfloors.com\/fr\/home-studio\/"},{"@type":"ListItem","position":3,"name":"Trousse Harlequin Enthusiast Home Studio"}]},{"@type":"WebSite","@id":"https:\/\/us.harlequinfloors.com\/fr\/#website","url":"https:\/\/us.harlequinfloors.com\/fr\/","name":"Harlequin Floors","description":"The World Dances sur les planchers et tapis de danse Harlequin Floors","potentialAction":[{"@type":"SearchAction","target":{"@type":"EntryPoint","urlTemplate":"https:\/\/us.harlequinfloors.com\/fr\/?s={search_term_string}"},"query-input":{"@type":"PropertyValueSpecification","valueRequired":true,"valueName":"search_term_string"}}],"inLanguage":"fr-FR"}]}},"publishpress_future_action":{"enabled":false,"date":"2026-05-04 13:24:08","action":"change-status","newStatus":"draft","terms":[],"taxonomy":"translation_priority","extraData":[]},"publishpress_future_workflow_manual_trigger":{"enabledWorkflows":[]},"_links":{"self":[{"href":"https:\/\/us.harlequinfloors.com\/fr\/wp-json\/wp\/v2\/pages\/5687","targetHints":{"allow":["GET"]}}],"collection":[{"href":"https:\/\/us.harlequinfloors.com\/fr\/wp-json\/wp\/v2\/pages"}],"about":[{"href":"https:\/\/us.harlequinfloors.com\/fr\/wp-json\/wp\/v2\/types\/page"}],"author":[{"embeddable":true,"href":"https:\/\/us.harlequinfloors.com\/fr\/wp-json\/wp\/v2\/users\/1"}],"replies":[{"embeddable":true,"href":"https:\/\/us.harlequinfloors.com\/fr\/wp-json\/wp\/v2\/comments?post=5687"}],"version-history":[{"count":0,"href":"https:\/\/us.harlequinfloors.com\/fr\/wp-json\/wp\/v2\/pages\/5687\/revisions"}],"up":[{"embeddable":true,"href":"https:\/\/us.harlequinfloors.com\/fr\/wp-json\/wp\/v2\/pages\/5694"}],"wp:featuredmedia":[{"embeddable":true,"href":"https:\/\/us.harlequinfloors.com\/fr\/wp-json\/wp\/v2\/media\/6909"}],"wp:attachment":[{"href":"https:\/\/us.harlequinfloors.com\/fr\/wp-json\/wp\/v2\/media?parent=5687"}],"curies":[{"name":"wp","href":"https:\/\/api.w.org\/{rel}","templated":true}]}}