{"id":5689,"date":"2016-03-02T21:11:46","date_gmt":"2016-03-03T02:11:46","guid":{"rendered":"https:\/\/harlequinfloor.wpengine.com\/trousses-harlequin-professional-home-studio\/"},"modified":"2025-07-31T03:20:08","modified_gmt":"2025-07-31T07:20:08","slug":"trousses-harlequin-professional-home-studio","status":"publish","type":"page","link":"https:\/\/us.harlequinfloors.com\/fr\/home-studio\/trousses-harlequin-professional-home-studio\/","title":{"rendered":"Kits Home Studio Harlequin Professional"},"content":{"rendered":"<p>Les <strong>kits Harlequin Floors Professional Home Studio<\/strong> sont con\u00e7us pour assurer la s\u00e9curit\u00e9 et le confort des danseurs. Ce kit comprend les panneaux de plancher Harlequin Liberty <sup>LatchLocTM<\/sup> qui prot\u00e8gent les articulations des danseurs lors de leur pratique et est disponible avec votre choix de tapis de danse &#8211; Harlequin <sup>CascadeTM<\/sup> ou Harlequin <sup>ReversibleTM<\/sup>. <\/p>\n<p><strong>6&prime; x 6&prime; HARLEQUIN PROFESSIONAL HOME STUDIO KIT<\/strong><\/p>\n<p>Le kit contient<\/p>\n<p>3 panneaux Harlequin Liberty <sup>LatchLocTM<\/sup> de 2&prime; x 4&prime;<br \/>\n3 panneaux Harlequin Liberty <sup>LatchLocTM<\/sup> de 2&prime; x 2&prime;<br \/>\n1 outil de verrouillage<\/p>\n<p>1 rouleau de Harlequin <sup>Cascade\u2122<\/sup> pour couvrir 6&prime; x 6&prime; (il peut \u00eatre n\u00e9cessaire de le d\u00e9couper)<\/p>\n<hr>\n<p><strong>8&prime; x 10&prime; HARLEQUIN PROFESSIONAL HOME STUDIO KIT<\/strong><\/p>\n<p>Le kit contient<\/p>\n<p>8 panneaux Harlequin Liberty <sup>LatchLocTM<\/sup> de 2&prime; x 4&prime;<br \/>\n4 panneaux Harlequin Liberty <sup>LatchLocTM<\/sup> de 2&prime; x 2&prime;<br \/>\n1 outil de verrouillage<\/p>\n<p>2 rouleaux de Harlequin <sup>CascadeTM<\/sup> ou Harlequin <sup>ReversibleTM<\/sup> pour couvrir 8&prime; x 10&prime; (il peut \u00eatre n\u00e9cessaire de les couper)<\/p>\n","protected":false},"excerpt":{"rendered":"<p>Les kits Harlequin Floors Professional Home Studio sont con\u00e7us pour assurer la s\u00e9curit\u00e9 et le confort des danseurs. Ce kit&#8230;<\/p>\n<p><a class=\"btn btn-primary btn-an harlequin-read-more-link\" href=\"https:\/\/us.harlequinfloors.com\/fr\/home-studio\/trousses-harlequin-professional-home-studio\/\">En savoir plus<\/a><\/p>\n","protected":false},"author":1,"featured_media":5692,"parent":5694,"menu_order":0,"comment_status":"closed","ping_status":"closed","template":"","meta":{"_acf_changed":false,"_monsterinsights_skip_tracking":false,"_monsterinsights_sitenote_active":false,"_monsterinsights_sitenote_note":"","_monsterinsights_sitenote_category":0,"footnotes":"","_links_to":"","_links_to_target":""},"class_list":["post-5689","page","type-page","status-publish","has-post-thumbnail","hentry"],"acf":[],"yoast_head":"<!-- This site is optimized with the Yoast SEO Premium plugin v26.1 (Yoast SEO v27.2) - https:\/\/yoast.com\/product\/yoast-seo-premium-wordpress\/ -->\n<title>Kits Home Studio Harlequin Professional | Harlequin Floors<\/title>\n<meta name=\"description\" content=\"Les kits Home Studio Harlequin Professional sont con\u00e7us pour assurer la s\u00e9curit\u00e9 et le confort du danseur. Comprend les panneaux de plancher \u00e0 ressorts Liberty LatchLoc.\" \/>\n<meta name=\"robots\" content=\"index, follow, max-snippet:-1, max-image-preview:large, max-video-preview:-1\" \/>\n<link rel=\"canonical\" href=\"https:\/\/us.harlequinfloors.com\/fr\/home-studio\/trousses-harlequin-professional-home-studio\/\" \/>\n<meta property=\"og:locale\" content=\"fr_FR\" \/>\n<meta property=\"og:type\" content=\"article\" \/>\n<meta property=\"og:title\" content=\"Kits Home Studio Harlequin Professional\" \/>\n<meta property=\"og:description\" content=\"Les kits Home Studio Harlequin Professional sont con\u00e7us pour assurer la s\u00e9curit\u00e9 et le confort du danseur. Comprend les panneaux de plancher \u00e0 ressorts Liberty LatchLoc.\" \/>\n<meta property=\"og:url\" content=\"https:\/\/us.harlequinfloors.com\/fr\/home-studio\/trousses-harlequin-professional-home-studio\/\" \/>\n<meta property=\"og:site_name\" content=\"Harlequin Floors\" \/>\n<meta property=\"article:publisher\" content=\"https:\/\/www.facebook.com\/americanharlequinfloors\" \/>\n<meta property=\"article:modified_time\" content=\"2025-07-31T07:20:08+00:00\" \/>\n<meta property=\"og:image\" content=\"https:\/\/us.harlequinfloors.com\/wp-content\/uploads\/2016\/03\/Professional-Home-Studio.png\" \/>\n\t<meta property=\"og:image:width\" content=\"450\" \/>\n\t<meta property=\"og:image:height\" content=\"450\" \/>\n\t<meta property=\"og:image:type\" content=\"image\/png\" \/>\n<meta name=\"twitter:card\" content=\"summary_large_image\" \/>\n<meta name=\"twitter:label1\" content=\"Dur\u00e9e de lecture estim\u00e9e\" \/>\n\t<meta name=\"twitter:data1\" content=\"1 minute\" \/>\n<script type=\"application\/ld+json\" class=\"yoast-schema-graph\">{\"@context\":\"https:\/\/schema.org\",\"@graph\":[{\"@type\":\"WebPage\",\"@id\":\"https:\/\/us.harlequinfloors.com\/fr\/home-studio\/trousses-harlequin-professional-home-studio\/\",\"url\":\"https:\/\/us.harlequinfloors.com\/fr\/home-studio\/trousses-harlequin-professional-home-studio\/\",\"name\":\"Kits Home Studio Harlequin Professional | Harlequin Floors\",\"isPartOf\":{\"@id\":\"https:\/\/us.harlequinfloors.com\/fr\/#website\"},\"primaryImageOfPage\":{\"@id\":\"https:\/\/us.harlequinfloors.com\/fr\/home-studio\/trousses-harlequin-professional-home-studio\/#primaryimage\"},\"image\":{\"@id\":\"https:\/\/us.harlequinfloors.com\/fr\/home-studio\/trousses-harlequin-professional-home-studio\/#primaryimage\"},\"thumbnailUrl\":\"https:\/\/us.harlequinfloors.com\/wp-content\/uploads\/2016\/03\/Professional-Home-Studio.png\",\"datePublished\":\"2016-03-03T02:11:46+00:00\",\"dateModified\":\"2025-07-31T07:20:08+00:00\",\"description\":\"Les kits Home Studio Harlequin Professional sont con\u00e7us pour assurer la s\u00e9curit\u00e9 et le confort du danseur. Comprend les panneaux de plancher \u00e0 ressorts Liberty LatchLoc.\",\"breadcrumb\":{\"@id\":\"https:\/\/us.harlequinfloors.com\/fr\/home-studio\/trousses-harlequin-professional-home-studio\/#breadcrumb\"},\"inLanguage\":\"fr-FR\",\"potentialAction\":[{\"@type\":\"ReadAction\",\"target\":[\"https:\/\/us.harlequinfloors.com\/fr\/home-studio\/trousses-harlequin-professional-home-studio\/\"]}]},{\"@type\":\"ImageObject\",\"inLanguage\":\"fr-FR\",\"@id\":\"https:\/\/us.harlequinfloors.com\/fr\/home-studio\/trousses-harlequin-professional-home-studio\/#primaryimage\",\"url\":\"https:\/\/us.harlequinfloors.com\/wp-content\/uploads\/2016\/03\/Professional-Home-Studio.png\",\"contentUrl\":\"https:\/\/us.harlequinfloors.com\/wp-content\/uploads\/2016\/03\/Professional-Home-Studio.png\",\"width\":450,\"height\":450},{\"@type\":\"BreadcrumbList\",\"@id\":\"https:\/\/us.harlequinfloors.com\/fr\/home-studio\/trousses-harlequin-professional-home-studio\/#breadcrumb\",\"itemListElement\":[{\"@type\":\"ListItem\",\"position\":1,\"name\":\"Home\",\"item\":\"https:\/\/us.harlequinfloors.com\/fr\/\"},{\"@type\":\"ListItem\",\"position\":2,\"name\":\"Home Studio\",\"item\":\"https:\/\/us.harlequinfloors.com\/fr\/home-studio\/\"},{\"@type\":\"ListItem\",\"position\":3,\"name\":\"Kits Home Studio Harlequin Professional\"}]},{\"@type\":\"WebSite\",\"@id\":\"https:\/\/us.harlequinfloors.com\/fr\/#website\",\"url\":\"https:\/\/us.harlequinfloors.com\/fr\/\",\"name\":\"Harlequin Floors\",\"description\":\"The World Dances sur les planchers et tapis de danse Harlequin Floors\",\"potentialAction\":[{\"@type\":\"SearchAction\",\"target\":{\"@type\":\"EntryPoint\",\"urlTemplate\":\"https:\/\/us.harlequinfloors.com\/fr\/?s={search_term_string}\"},\"query-input\":{\"@type\":\"PropertyValueSpecification\",\"valueRequired\":true,\"valueName\":\"search_term_string\"}}],\"inLanguage\":\"fr-FR\"}]}<\/script>\n<!-- \/ Yoast SEO Premium plugin. -->","yoast_head_json":{"title":"Kits Home Studio Harlequin Professional | Harlequin Floors","description":"Les kits Home Studio Harlequin Professional sont con\u00e7us pour assurer la s\u00e9curit\u00e9 et le confort du danseur. Comprend les panneaux de plancher \u00e0 ressorts Liberty LatchLoc.","robots":{"index":"index","follow":"follow","max-snippet":"max-snippet:-1","max-image-preview":"max-image-preview:large","max-video-preview":"max-video-preview:-1"},"canonical":"https:\/\/us.harlequinfloors.com\/fr\/home-studio\/trousses-harlequin-professional-home-studio\/","og_locale":"fr_FR","og_type":"article","og_title":"Kits Home Studio Harlequin Professional","og_description":"Les kits Home Studio Harlequin Professional sont con\u00e7us pour assurer la s\u00e9curit\u00e9 et le confort du danseur. Comprend les panneaux de plancher \u00e0 ressorts Liberty LatchLoc.","og_url":"https:\/\/us.harlequinfloors.com\/fr\/home-studio\/trousses-harlequin-professional-home-studio\/","og_site_name":"Harlequin Floors","article_publisher":"https:\/\/www.facebook.com\/americanharlequinfloors","article_modified_time":"2025-07-31T07:20:08+00:00","og_image":[{"width":450,"height":450,"url":"https:\/\/us.harlequinfloors.com\/wp-content\/uploads\/2016\/03\/Professional-Home-Studio.png","type":"image\/png"}],"twitter_card":"summary_large_image","twitter_misc":{"Dur\u00e9e de lecture estim\u00e9e":"1 minute"},"schema":{"@context":"https:\/\/schema.org","@graph":[{"@type":"WebPage","@id":"https:\/\/us.harlequinfloors.com\/fr\/home-studio\/trousses-harlequin-professional-home-studio\/","url":"https:\/\/us.harlequinfloors.com\/fr\/home-studio\/trousses-harlequin-professional-home-studio\/","name":"Kits Home Studio Harlequin Professional | Harlequin Floors","isPartOf":{"@id":"https:\/\/us.harlequinfloors.com\/fr\/#website"},"primaryImageOfPage":{"@id":"https:\/\/us.harlequinfloors.com\/fr\/home-studio\/trousses-harlequin-professional-home-studio\/#primaryimage"},"image":{"@id":"https:\/\/us.harlequinfloors.com\/fr\/home-studio\/trousses-harlequin-professional-home-studio\/#primaryimage"},"thumbnailUrl":"https:\/\/us.harlequinfloors.com\/wp-content\/uploads\/2016\/03\/Professional-Home-Studio.png","datePublished":"2016-03-03T02:11:46+00:00","dateModified":"2025-07-31T07:20:08+00:00","description":"Les kits Home Studio Harlequin Professional sont con\u00e7us pour assurer la s\u00e9curit\u00e9 et le confort du danseur. Comprend les panneaux de plancher \u00e0 ressorts Liberty LatchLoc.","breadcrumb":{"@id":"https:\/\/us.harlequinfloors.com\/fr\/home-studio\/trousses-harlequin-professional-home-studio\/#breadcrumb"},"inLanguage":"fr-FR","potentialAction":[{"@type":"ReadAction","target":["https:\/\/us.harlequinfloors.com\/fr\/home-studio\/trousses-harlequin-professional-home-studio\/"]}]},{"@type":"ImageObject","inLanguage":"fr-FR","@id":"https:\/\/us.harlequinfloors.com\/fr\/home-studio\/trousses-harlequin-professional-home-studio\/#primaryimage","url":"https:\/\/us.harlequinfloors.com\/wp-content\/uploads\/2016\/03\/Professional-Home-Studio.png","contentUrl":"https:\/\/us.harlequinfloors.com\/wp-content\/uploads\/2016\/03\/Professional-Home-Studio.png","width":450,"height":450},{"@type":"BreadcrumbList","@id":"https:\/\/us.harlequinfloors.com\/fr\/home-studio\/trousses-harlequin-professional-home-studio\/#breadcrumb","itemListElement":[{"@type":"ListItem","position":1,"name":"Home","item":"https:\/\/us.harlequinfloors.com\/fr\/"},{"@type":"ListItem","position":2,"name":"Home Studio","item":"https:\/\/us.harlequinfloors.com\/fr\/home-studio\/"},{"@type":"ListItem","position":3,"name":"Kits Home Studio Harlequin Professional"}]},{"@type":"WebSite","@id":"https:\/\/us.harlequinfloors.com\/fr\/#website","url":"https:\/\/us.harlequinfloors.com\/fr\/","name":"Harlequin Floors","description":"The World Dances sur les planchers et tapis de danse Harlequin Floors","potentialAction":[{"@type":"SearchAction","target":{"@type":"EntryPoint","urlTemplate":"https:\/\/us.harlequinfloors.com\/fr\/?s={search_term_string}"},"query-input":{"@type":"PropertyValueSpecification","valueRequired":true,"valueName":"search_term_string"}}],"inLanguage":"fr-FR"}]}},"publishpress_future_action":{"enabled":false,"date":"2026-04-10 23:26:08","action":"change-status","newStatus":"draft","terms":[],"taxonomy":"translation_priority","extraData":[]},"publishpress_future_workflow_manual_trigger":{"enabledWorkflows":[]},"_links":{"self":[{"href":"https:\/\/us.harlequinfloors.com\/fr\/wp-json\/wp\/v2\/pages\/5689","targetHints":{"allow":["GET"]}}],"collection":[{"href":"https:\/\/us.harlequinfloors.com\/fr\/wp-json\/wp\/v2\/pages"}],"about":[{"href":"https:\/\/us.harlequinfloors.com\/fr\/wp-json\/wp\/v2\/types\/page"}],"author":[{"embeddable":true,"href":"https:\/\/us.harlequinfloors.com\/fr\/wp-json\/wp\/v2\/users\/1"}],"replies":[{"embeddable":true,"href":"https:\/\/us.harlequinfloors.com\/fr\/wp-json\/wp\/v2\/comments?post=5689"}],"version-history":[{"count":1,"href":"https:\/\/us.harlequinfloors.com\/fr\/wp-json\/wp\/v2\/pages\/5689\/revisions"}],"predecessor-version":[{"id":67335,"href":"https:\/\/us.harlequinfloors.com\/fr\/wp-json\/wp\/v2\/pages\/5689\/revisions\/67335"}],"up":[{"embeddable":true,"href":"https:\/\/us.harlequinfloors.com\/fr\/wp-json\/wp\/v2\/pages\/5694"}],"wp:featuredmedia":[{"embeddable":true,"href":"https:\/\/us.harlequinfloors.com\/fr\/wp-json\/wp\/v2\/media\/5692"}],"wp:attachment":[{"href":"https:\/\/us.harlequinfloors.com\/fr\/wp-json\/wp\/v2\/media?parent=5689"}],"curies":[{"name":"wp","href":"https:\/\/api.w.org\/{rel}","templated":true}]}}