{"id":5694,"date":"2016-03-02T20:45:39","date_gmt":"2016-03-03T01:45:39","guid":{"rendered":"https:\/\/harlequinfloor.wpengine.com\/home-studio\/"},"modified":"2025-07-31T03:20:09","modified_gmt":"2025-07-31T07:20:09","slug":"home-studio","status":"publish","type":"page","link":"https:\/\/us.harlequinfloors.com\/fr\/home-studio\/","title":{"rendered":"Home Studio"},"content":{"rendered":"<p>Une vari\u00e9t\u00e9 de kits Harlequin Home Studio est disponible pour permettre aux danseurs d&rsquo;utiliser un tapis de danse professionnel \u00e0 la maison. Am\u00e9liorez votre technique, gagnez en confiance et r\u00e9duisez le risque de blessure en vous entra\u00eenant sur la bonne surface. &nbsp;  Choisissez la solution Harlequin Home Studio qui correspond \u00e0 vos besoins.<\/p>\n","protected":false},"excerpt":{"rendered":"<p>Une vari\u00e9t\u00e9 de kits Harlequin Home Studio est disponible pour permettre aux danseurs d&rsquo;utiliser un tapis de danse professionnel \u00e0&#8230;<\/p>\n<p><a class=\"btn btn-primary btn-an harlequin-read-more-link\" href=\"https:\/\/us.harlequinfloors.com\/fr\/home-studio\/\">En savoir plus<\/a><\/p>\n","protected":false},"author":1,"featured_media":0,"parent":0,"menu_order":0,"comment_status":"closed","ping_status":"closed","template":"","meta":{"_acf_changed":false,"_monsterinsights_skip_tracking":false,"_monsterinsights_sitenote_active":false,"_monsterinsights_sitenote_note":"","_monsterinsights_sitenote_category":0,"footnotes":"","_links_to":"","_links_to_target":""},"class_list":["post-5694","page","type-page","status-publish","hentry"],"acf":[],"yoast_head":"<!-- This site is optimized with the Yoast SEO Premium plugin v26.1 (Yoast SEO v27.4) - https:\/\/yoast.com\/product\/yoast-seo-premium-wordpress\/ -->\n<title>Kits Home Studio professionnels | Harlequin Home Studio<\/title>\n<meta name=\"description\" content=\"Nos kits Home Studio sont con\u00e7us pour la s\u00e9curit\u00e9 et le confort des danseurs, pour le travail pieds nus ou sur pointes, le hip-hop, les claquettes, etc. La solution adapt\u00e9e \u00e0 vos besoins.\" \/>\n<meta name=\"robots\" content=\"index, follow, max-snippet:-1, max-image-preview:large, max-video-preview:-1\" \/>\n<link rel=\"canonical\" href=\"https:\/\/us.harlequinfloors.com\/fr\/home-studio\/\" \/>\n<meta property=\"og:locale\" content=\"fr_FR\" \/>\n<meta property=\"og:type\" content=\"article\" \/>\n<meta property=\"og:title\" content=\"Home Studio\" \/>\n<meta property=\"og:description\" content=\"Nos kits Home Studio sont con\u00e7us pour la s\u00e9curit\u00e9 et le confort des danseurs, pour le travail pieds nus ou sur pointes, le hip-hop, les claquettes, etc. La solution adapt\u00e9e \u00e0 vos besoins.\" \/>\n<meta property=\"og:url\" content=\"https:\/\/us.harlequinfloors.com\/fr\/home-studio\/\" \/>\n<meta property=\"og:site_name\" content=\"Harlequin Floors\" \/>\n<meta property=\"article:publisher\" content=\"https:\/\/www.facebook.com\/americanharlequinfloors\" \/>\n<meta property=\"article:modified_time\" content=\"2025-07-31T07:20:09+00:00\" \/>\n<meta name=\"twitter:card\" content=\"summary_large_image\" \/>\n<script type=\"application\/ld+json\" class=\"yoast-schema-graph\">{\"@context\":\"https:\\\/\\\/schema.org\",\"@graph\":[{\"@type\":\"WebPage\",\"@id\":\"https:\\\/\\\/us.harlequinfloors.com\\\/fr\\\/home-studio\\\/\",\"url\":\"https:\\\/\\\/us.harlequinfloors.com\\\/fr\\\/home-studio\\\/\",\"name\":\"Kits Home Studio professionnels | Harlequin Home Studio\",\"isPartOf\":{\"@id\":\"https:\\\/\\\/us.harlequinfloors.com\\\/fr\\\/#website\"},\"datePublished\":\"2016-03-03T01:45:39+00:00\",\"dateModified\":\"2025-07-31T07:20:09+00:00\",\"description\":\"Nos kits Home Studio sont con\u00e7us pour la s\u00e9curit\u00e9 et le confort des danseurs, pour le travail pieds nus ou sur pointes, le hip-hop, les claquettes, etc. La solution adapt\u00e9e \u00e0 vos besoins.\",\"breadcrumb\":{\"@id\":\"https:\\\/\\\/us.harlequinfloors.com\\\/fr\\\/home-studio\\\/#breadcrumb\"},\"inLanguage\":\"fr-FR\",\"potentialAction\":[{\"@type\":\"ReadAction\",\"target\":[\"https:\\\/\\\/us.harlequinfloors.com\\\/fr\\\/home-studio\\\/\"]}]},{\"@type\":\"BreadcrumbList\",\"@id\":\"https:\\\/\\\/us.harlequinfloors.com\\\/fr\\\/home-studio\\\/#breadcrumb\",\"itemListElement\":[{\"@type\":\"ListItem\",\"position\":1,\"name\":\"Home\",\"item\":\"https:\\\/\\\/us.harlequinfloors.com\\\/fr\\\/\"},{\"@type\":\"ListItem\",\"position\":2,\"name\":\"Home Studio\"}]},{\"@type\":\"WebSite\",\"@id\":\"https:\\\/\\\/us.harlequinfloors.com\\\/fr\\\/#website\",\"url\":\"https:\\\/\\\/us.harlequinfloors.com\\\/fr\\\/\",\"name\":\"Harlequin Floors\",\"description\":\"The World Dances sur les planchers et tapis de danse Harlequin Floors\",\"potentialAction\":[{\"@type\":\"SearchAction\",\"target\":{\"@type\":\"EntryPoint\",\"urlTemplate\":\"https:\\\/\\\/us.harlequinfloors.com\\\/fr\\\/?s={search_term_string}\"},\"query-input\":{\"@type\":\"PropertyValueSpecification\",\"valueRequired\":true,\"valueName\":\"search_term_string\"}}],\"inLanguage\":\"fr-FR\"}]}<\/script>\n<!-- \/ Yoast SEO Premium plugin. -->","yoast_head_json":{"title":"Kits Home Studio professionnels | Harlequin Home Studio","description":"Nos kits Home Studio sont con\u00e7us pour la s\u00e9curit\u00e9 et le confort des danseurs, pour le travail pieds nus ou sur pointes, le hip-hop, les claquettes, etc. La solution adapt\u00e9e \u00e0 vos besoins.","robots":{"index":"index","follow":"follow","max-snippet":"max-snippet:-1","max-image-preview":"max-image-preview:large","max-video-preview":"max-video-preview:-1"},"canonical":"https:\/\/us.harlequinfloors.com\/fr\/home-studio\/","og_locale":"fr_FR","og_type":"article","og_title":"Home Studio","og_description":"Nos kits Home Studio sont con\u00e7us pour la s\u00e9curit\u00e9 et le confort des danseurs, pour le travail pieds nus ou sur pointes, le hip-hop, les claquettes, etc. La solution adapt\u00e9e \u00e0 vos besoins.","og_url":"https:\/\/us.harlequinfloors.com\/fr\/home-studio\/","og_site_name":"Harlequin Floors","article_publisher":"https:\/\/www.facebook.com\/americanharlequinfloors","article_modified_time":"2025-07-31T07:20:09+00:00","twitter_card":"summary_large_image","schema":{"@context":"https:\/\/schema.org","@graph":[{"@type":"WebPage","@id":"https:\/\/us.harlequinfloors.com\/fr\/home-studio\/","url":"https:\/\/us.harlequinfloors.com\/fr\/home-studio\/","name":"Kits Home Studio professionnels | Harlequin Home Studio","isPartOf":{"@id":"https:\/\/us.harlequinfloors.com\/fr\/#website"},"datePublished":"2016-03-03T01:45:39+00:00","dateModified":"2025-07-31T07:20:09+00:00","description":"Nos kits Home Studio sont con\u00e7us pour la s\u00e9curit\u00e9 et le confort des danseurs, pour le travail pieds nus ou sur pointes, le hip-hop, les claquettes, etc. La solution adapt\u00e9e \u00e0 vos besoins.","breadcrumb":{"@id":"https:\/\/us.harlequinfloors.com\/fr\/home-studio\/#breadcrumb"},"inLanguage":"fr-FR","potentialAction":[{"@type":"ReadAction","target":["https:\/\/us.harlequinfloors.com\/fr\/home-studio\/"]}]},{"@type":"BreadcrumbList","@id":"https:\/\/us.harlequinfloors.com\/fr\/home-studio\/#breadcrumb","itemListElement":[{"@type":"ListItem","position":1,"name":"Home","item":"https:\/\/us.harlequinfloors.com\/fr\/"},{"@type":"ListItem","position":2,"name":"Home Studio"}]},{"@type":"WebSite","@id":"https:\/\/us.harlequinfloors.com\/fr\/#website","url":"https:\/\/us.harlequinfloors.com\/fr\/","name":"Harlequin Floors","description":"The World Dances sur les planchers et tapis de danse Harlequin Floors","potentialAction":[{"@type":"SearchAction","target":{"@type":"EntryPoint","urlTemplate":"https:\/\/us.harlequinfloors.com\/fr\/?s={search_term_string}"},"query-input":{"@type":"PropertyValueSpecification","valueRequired":true,"valueName":"search_term_string"}}],"inLanguage":"fr-FR"}]}},"publishpress_future_action":{"enabled":false,"date":"2026-04-29 11:02:05","action":"change-status","newStatus":"draft","terms":[],"taxonomy":"translation_priority","extraData":[]},"publishpress_future_workflow_manual_trigger":{"enabledWorkflows":[]},"_links":{"self":[{"href":"https:\/\/us.harlequinfloors.com\/fr\/wp-json\/wp\/v2\/pages\/5694","targetHints":{"allow":["GET"]}}],"collection":[{"href":"https:\/\/us.harlequinfloors.com\/fr\/wp-json\/wp\/v2\/pages"}],"about":[{"href":"https:\/\/us.harlequinfloors.com\/fr\/wp-json\/wp\/v2\/types\/page"}],"author":[{"embeddable":true,"href":"https:\/\/us.harlequinfloors.com\/fr\/wp-json\/wp\/v2\/users\/1"}],"replies":[{"embeddable":true,"href":"https:\/\/us.harlequinfloors.com\/fr\/wp-json\/wp\/v2\/comments?post=5694"}],"version-history":[{"count":1,"href":"https:\/\/us.harlequinfloors.com\/fr\/wp-json\/wp\/v2\/pages\/5694\/revisions"}],"predecessor-version":[{"id":67337,"href":"https:\/\/us.harlequinfloors.com\/fr\/wp-json\/wp\/v2\/pages\/5694\/revisions\/67337"}],"wp:attachment":[{"href":"https:\/\/us.harlequinfloors.com\/fr\/wp-json\/wp\/v2\/media?parent=5694"}],"curies":[{"name":"wp","href":"https:\/\/api.w.org\/{rel}","templated":true}]}}