{"id":5700,"date":"2016-03-02T17:21:20","date_gmt":"2016-03-02T22:21:20","guid":{"rendered":"https:\/\/harlequinfloor.wpengine.com\/tapis-de-danse-pour-evenements-et-spectacles\/"},"modified":"2025-07-31T03:07:29","modified_gmt":"2025-07-31T07:07:29","slug":"tapis-de-danse-pour-evenements-et-spectacles","status":"publish","type":"page","link":"https:\/\/us.harlequinfloors.com\/fr\/tapis-de-danse-pour-evenements-et-spectacles\/","title":{"rendered":"Affichage des sols"},"content":{"rendered":"","protected":false},"excerpt":{"rendered":"<p><a class=\"btn btn-primary btn-an harlequin-read-more-link\" href=\"https:\/\/us.harlequinfloors.com\/fr\/tapis-de-danse-pour-evenements-et-spectacles\/\">En savoir plus<\/a><\/p>\n","protected":false},"author":1,"featured_media":0,"parent":0,"menu_order":0,"comment_status":"closed","ping_status":"closed","template":"page-productTemplate.php","meta":{"_acf_changed":false,"_monsterinsights_skip_tracking":false,"_monsterinsights_sitenote_active":false,"_monsterinsights_sitenote_note":"","_monsterinsights_sitenote_category":0,"footnotes":"","_links_to":"","_links_to_target":""},"class_list":["post-5700","page","type-page","status-publish","hentry"],"acf":[],"yoast_head":"<!-- This site is optimized with the Yoast SEO Premium plugin v26.1 (Yoast SEO v27.4) - https:\/\/yoast.com\/product\/yoast-seo-premium-wordpress\/ -->\n<title>Affichage des sols | Harlequin Floors<\/title>\n<meta name=\"description\" content=\"Qu&#039;il s&#039;agisse de sols brillants r\u00e9sistants aux \u00e9raflures ou de sols vinyles l\u00e9gers et portables, les tapis d&#039;exposition Harlequin constituent le choix id\u00e9al pour les \u00e9v\u00e9nements, les d\u00e9cors et bien plus encore.\" \/>\n<meta name=\"robots\" content=\"index, follow, max-snippet:-1, max-image-preview:large, max-video-preview:-1\" \/>\n<link rel=\"canonical\" href=\"https:\/\/us.harlequinfloors.com\/fr\/tapis-de-danse-pour-evenements-et-spectacles\/\" \/>\n<meta property=\"og:locale\" content=\"fr_FR\" \/>\n<meta property=\"og:type\" content=\"article\" \/>\n<meta property=\"og:title\" content=\"Affichage des sols\" \/>\n<meta property=\"og:description\" content=\"Qu&#039;il s&#039;agisse de sols brillants r\u00e9sistants aux \u00e9raflures ou de sols vinyles l\u00e9gers et portables, les tapis d&#039;exposition Harlequin constituent le choix id\u00e9al pour les \u00e9v\u00e9nements, les d\u00e9cors et bien plus encore.\" \/>\n<meta property=\"og:url\" content=\"https:\/\/us.harlequinfloors.com\/fr\/tapis-de-danse-pour-evenements-et-spectacles\/\" \/>\n<meta property=\"og:site_name\" content=\"Harlequin Floors\" \/>\n<meta property=\"article:publisher\" content=\"https:\/\/www.facebook.com\/americanharlequinfloors\" \/>\n<meta property=\"article:modified_time\" content=\"2025-07-31T07:07:29+00:00\" \/>\n<meta name=\"twitter:card\" content=\"summary_large_image\" \/>\n<script type=\"application\/ld+json\" class=\"yoast-schema-graph\">{\"@context\":\"https:\\\/\\\/schema.org\",\"@graph\":[{\"@type\":\"WebPage\",\"@id\":\"https:\\\/\\\/us.harlequinfloors.com\\\/fr\\\/tapis-de-danse-pour-evenements-et-spectacles\\\/\",\"url\":\"https:\\\/\\\/us.harlequinfloors.com\\\/fr\\\/tapis-de-danse-pour-evenements-et-spectacles\\\/\",\"name\":\"Affichage des sols | Harlequin Floors\",\"isPartOf\":{\"@id\":\"https:\\\/\\\/us.harlequinfloors.com\\\/fr\\\/#website\"},\"datePublished\":\"2016-03-02T22:21:20+00:00\",\"dateModified\":\"2025-07-31T07:07:29+00:00\",\"description\":\"Qu'il s'agisse de sols brillants r\u00e9sistants aux \u00e9raflures ou de sols vinyles l\u00e9gers et portables, les tapis d'exposition Harlequin constituent le choix id\u00e9al pour les \u00e9v\u00e9nements, les d\u00e9cors et bien plus encore.\",\"breadcrumb\":{\"@id\":\"https:\\\/\\\/us.harlequinfloors.com\\\/fr\\\/tapis-de-danse-pour-evenements-et-spectacles\\\/#breadcrumb\"},\"inLanguage\":\"fr-FR\",\"potentialAction\":[{\"@type\":\"ReadAction\",\"target\":[\"https:\\\/\\\/us.harlequinfloors.com\\\/fr\\\/tapis-de-danse-pour-evenements-et-spectacles\\\/\"]}]},{\"@type\":\"BreadcrumbList\",\"@id\":\"https:\\\/\\\/us.harlequinfloors.com\\\/fr\\\/tapis-de-danse-pour-evenements-et-spectacles\\\/#breadcrumb\",\"itemListElement\":[{\"@type\":\"ListItem\",\"position\":1,\"name\":\"Home\",\"item\":\"https:\\\/\\\/us.harlequinfloors.com\\\/fr\\\/\"},{\"@type\":\"ListItem\",\"position\":2,\"name\":\"Affichage des sols\"}]},{\"@type\":\"WebSite\",\"@id\":\"https:\\\/\\\/us.harlequinfloors.com\\\/fr\\\/#website\",\"url\":\"https:\\\/\\\/us.harlequinfloors.com\\\/fr\\\/\",\"name\":\"Harlequin Floors\",\"description\":\"The World Dances sur les planchers et tapis de danse Harlequin Floors\",\"potentialAction\":[{\"@type\":\"SearchAction\",\"target\":{\"@type\":\"EntryPoint\",\"urlTemplate\":\"https:\\\/\\\/us.harlequinfloors.com\\\/fr\\\/?s={search_term_string}\"},\"query-input\":{\"@type\":\"PropertyValueSpecification\",\"valueRequired\":true,\"valueName\":\"search_term_string\"}}],\"inLanguage\":\"fr-FR\"}]}<\/script>\n<!-- \/ Yoast SEO Premium plugin. -->","yoast_head_json":{"title":"Affichage des sols | Harlequin Floors","description":"Qu'il s'agisse de sols brillants r\u00e9sistants aux \u00e9raflures ou de sols vinyles l\u00e9gers et portables, les tapis d'exposition Harlequin constituent le choix id\u00e9al pour les \u00e9v\u00e9nements, les d\u00e9cors et bien plus encore.","robots":{"index":"index","follow":"follow","max-snippet":"max-snippet:-1","max-image-preview":"max-image-preview:large","max-video-preview":"max-video-preview:-1"},"canonical":"https:\/\/us.harlequinfloors.com\/fr\/tapis-de-danse-pour-evenements-et-spectacles\/","og_locale":"fr_FR","og_type":"article","og_title":"Affichage des sols","og_description":"Qu'il s'agisse de sols brillants r\u00e9sistants aux \u00e9raflures ou de sols vinyles l\u00e9gers et portables, les tapis d'exposition Harlequin constituent le choix id\u00e9al pour les \u00e9v\u00e9nements, les d\u00e9cors et bien plus encore.","og_url":"https:\/\/us.harlequinfloors.com\/fr\/tapis-de-danse-pour-evenements-et-spectacles\/","og_site_name":"Harlequin Floors","article_publisher":"https:\/\/www.facebook.com\/americanharlequinfloors","article_modified_time":"2025-07-31T07:07:29+00:00","twitter_card":"summary_large_image","schema":{"@context":"https:\/\/schema.org","@graph":[{"@type":"WebPage","@id":"https:\/\/us.harlequinfloors.com\/fr\/tapis-de-danse-pour-evenements-et-spectacles\/","url":"https:\/\/us.harlequinfloors.com\/fr\/tapis-de-danse-pour-evenements-et-spectacles\/","name":"Affichage des sols | Harlequin Floors","isPartOf":{"@id":"https:\/\/us.harlequinfloors.com\/fr\/#website"},"datePublished":"2016-03-02T22:21:20+00:00","dateModified":"2025-07-31T07:07:29+00:00","description":"Qu'il s'agisse de sols brillants r\u00e9sistants aux \u00e9raflures ou de sols vinyles l\u00e9gers et portables, les tapis d'exposition Harlequin constituent le choix id\u00e9al pour les \u00e9v\u00e9nements, les d\u00e9cors et bien plus encore.","breadcrumb":{"@id":"https:\/\/us.harlequinfloors.com\/fr\/tapis-de-danse-pour-evenements-et-spectacles\/#breadcrumb"},"inLanguage":"fr-FR","potentialAction":[{"@type":"ReadAction","target":["https:\/\/us.harlequinfloors.com\/fr\/tapis-de-danse-pour-evenements-et-spectacles\/"]}]},{"@type":"BreadcrumbList","@id":"https:\/\/us.harlequinfloors.com\/fr\/tapis-de-danse-pour-evenements-et-spectacles\/#breadcrumb","itemListElement":[{"@type":"ListItem","position":1,"name":"Home","item":"https:\/\/us.harlequinfloors.com\/fr\/"},{"@type":"ListItem","position":2,"name":"Affichage des sols"}]},{"@type":"WebSite","@id":"https:\/\/us.harlequinfloors.com\/fr\/#website","url":"https:\/\/us.harlequinfloors.com\/fr\/","name":"Harlequin Floors","description":"The World Dances sur les planchers et tapis de danse Harlequin Floors","potentialAction":[{"@type":"SearchAction","target":{"@type":"EntryPoint","urlTemplate":"https:\/\/us.harlequinfloors.com\/fr\/?s={search_term_string}"},"query-input":{"@type":"PropertyValueSpecification","valueRequired":true,"valueName":"search_term_string"}}],"inLanguage":"fr-FR"}]}},"publishpress_future_action":{"enabled":false,"date":"2026-04-29 12:12:23","action":"change-status","newStatus":"draft","terms":[],"taxonomy":"translation_priority","extraData":[]},"publishpress_future_workflow_manual_trigger":{"enabledWorkflows":[]},"_links":{"self":[{"href":"https:\/\/us.harlequinfloors.com\/fr\/wp-json\/wp\/v2\/pages\/5700","targetHints":{"allow":["GET"]}}],"collection":[{"href":"https:\/\/us.harlequinfloors.com\/fr\/wp-json\/wp\/v2\/pages"}],"about":[{"href":"https:\/\/us.harlequinfloors.com\/fr\/wp-json\/wp\/v2\/types\/page"}],"author":[{"embeddable":true,"href":"https:\/\/us.harlequinfloors.com\/fr\/wp-json\/wp\/v2\/users\/1"}],"replies":[{"embeddable":true,"href":"https:\/\/us.harlequinfloors.com\/fr\/wp-json\/wp\/v2\/comments?post=5700"}],"version-history":[{"count":1,"href":"https:\/\/us.harlequinfloors.com\/fr\/wp-json\/wp\/v2\/pages\/5700\/revisions"}],"predecessor-version":[{"id":66549,"href":"https:\/\/us.harlequinfloors.com\/fr\/wp-json\/wp\/v2\/pages\/5700\/revisions\/66549"}],"wp:attachment":[{"href":"https:\/\/us.harlequinfloors.com\/fr\/wp-json\/wp\/v2\/media?parent=5700"}],"curies":[{"name":"wp","href":"https:\/\/api.w.org\/{rel}","templated":true}]}}