{"id":5701,"date":"2016-01-27T17:14:00","date_gmt":"2016-01-27T22:14:00","guid":{"rendered":"https:\/\/harlequinfloor.wpengine.com\/selecteur-de-tapis-et-planchers\/"},"modified":"2025-07-31T03:07:24","modified_gmt":"2025-07-31T07:07:24","slug":"floor-selector","status":"publish","type":"page","link":"https:\/\/us.harlequinfloors.com\/fr\/floor-selector\/","title":{"rendered":"S\u00e9lecteur de sol"},"content":{"rendered":"\n<p class=\"has-text-align-center\">Utilisez ces recommandations comme un guide g\u00e9n\u00e9ral pour savoir quel(s) sol(s) vous conviendrait(ent) le mieux. Nous vous recommandons de <a href=\"https:\/\/us.harlequinfloors.com\/fr\/contact\/\">contacter un sp\u00e9cialiste des rev\u00eatements de sol<\/a> pour d\u00e9terminer le sol adapt\u00e9 \u00e0 vos besoins, car chaque situation est unique. <\/p>\n","protected":false},"excerpt":{"rendered":"<p>Utilisez ces recommandations comme un guide g\u00e9n\u00e9ral pour savoir quel(s) sol(s) vous conviendrait(ent) le mieux. Nous vous recommandons de contacter&#8230;<\/p>\n<p><a class=\"btn btn-primary btn-an harlequin-read-more-link\" href=\"https:\/\/us.harlequinfloors.com\/fr\/floor-selector\/\">En savoir plus<\/a><\/p>\n","protected":false},"author":1,"featured_media":0,"parent":0,"menu_order":0,"comment_status":"closed","ping_status":"closed","template":"","meta":{"_acf_changed":false,"_monsterinsights_skip_tracking":false,"_monsterinsights_sitenote_active":false,"_monsterinsights_sitenote_note":"","_monsterinsights_sitenote_category":0,"footnotes":"","_links_to":"","_links_to_target":""},"class_list":["post-5701","page","type-page","status-publish","hentry"],"acf":[],"yoast_head":"<!-- This site is optimized with the Yoast SEO Premium plugin v26.1 (Yoast SEO v27.3) - https:\/\/yoast.com\/product\/yoast-seo-premium-wordpress\/ -->\n<title>S\u00e9lecteur de sol | Harlequin Floors<\/title>\n<meta name=\"description\" content=\"Tapis de danse Harlequin Vinyl Marley, planchers de danse, permanents ou mobiles. Vous ne savez pas par o\u00f9 commencer ? Notre s\u00e9lecteur de sol vous aidera \u00e0 d\u00e9marrer. Essayez-le maintenant !\" \/>\n<meta name=\"robots\" content=\"index, follow, max-snippet:-1, max-image-preview:large, max-video-preview:-1\" \/>\n<link rel=\"canonical\" href=\"https:\/\/us.harlequinfloors.com\/fr\/floor-selector\/\" \/>\n<meta property=\"og:locale\" content=\"fr_FR\" \/>\n<meta property=\"og:type\" content=\"article\" \/>\n<meta property=\"og:title\" content=\"S\u00e9lecteur de sol\" \/>\n<meta property=\"og:description\" content=\"Tapis de danse Harlequin Vinyl Marley, planchers de danse, permanents ou mobiles. Vous ne savez pas par o\u00f9 commencer ? Notre s\u00e9lecteur de sol vous aidera \u00e0 d\u00e9marrer. Essayez-le maintenant !\" \/>\n<meta property=\"og:url\" content=\"https:\/\/us.harlequinfloors.com\/fr\/floor-selector\/\" \/>\n<meta property=\"og:site_name\" content=\"Harlequin Floors\" \/>\n<meta property=\"article:publisher\" content=\"https:\/\/www.facebook.com\/americanharlequinfloors\" \/>\n<meta property=\"article:modified_time\" content=\"2025-07-31T07:07:24+00:00\" \/>\n<meta name=\"twitter:card\" content=\"summary_large_image\" \/>\n<script type=\"application\/ld+json\" class=\"yoast-schema-graph\">{\"@context\":\"https:\\\/\\\/schema.org\",\"@graph\":[{\"@type\":\"WebPage\",\"@id\":\"https:\\\/\\\/us.harlequinfloors.com\\\/fr\\\/floor-selector\\\/\",\"url\":\"https:\\\/\\\/us.harlequinfloors.com\\\/fr\\\/floor-selector\\\/\",\"name\":\"S\u00e9lecteur de sol | Harlequin Floors\",\"isPartOf\":{\"@id\":\"https:\\\/\\\/us.harlequinfloors.com\\\/fr\\\/#website\"},\"datePublished\":\"2016-01-27T22:14:00+00:00\",\"dateModified\":\"2025-07-31T07:07:24+00:00\",\"description\":\"Tapis de danse Harlequin Vinyl Marley, planchers de danse, permanents ou mobiles. Vous ne savez pas par o\u00f9 commencer ? Notre s\u00e9lecteur de sol vous aidera \u00e0 d\u00e9marrer. Essayez-le maintenant !\",\"breadcrumb\":{\"@id\":\"https:\\\/\\\/us.harlequinfloors.com\\\/fr\\\/floor-selector\\\/#breadcrumb\"},\"inLanguage\":\"fr-FR\",\"potentialAction\":[{\"@type\":\"ReadAction\",\"target\":[\"https:\\\/\\\/us.harlequinfloors.com\\\/fr\\\/floor-selector\\\/\"]}]},{\"@type\":\"BreadcrumbList\",\"@id\":\"https:\\\/\\\/us.harlequinfloors.com\\\/fr\\\/floor-selector\\\/#breadcrumb\",\"itemListElement\":[{\"@type\":\"ListItem\",\"position\":1,\"name\":\"Home\",\"item\":\"https:\\\/\\\/us.harlequinfloors.com\\\/fr\\\/\"},{\"@type\":\"ListItem\",\"position\":2,\"name\":\"S\u00e9lecteur de sol\"}]},{\"@type\":\"WebSite\",\"@id\":\"https:\\\/\\\/us.harlequinfloors.com\\\/fr\\\/#website\",\"url\":\"https:\\\/\\\/us.harlequinfloors.com\\\/fr\\\/\",\"name\":\"Harlequin Floors\",\"description\":\"The World Dances sur les planchers et tapis de danse Harlequin Floors\",\"potentialAction\":[{\"@type\":\"SearchAction\",\"target\":{\"@type\":\"EntryPoint\",\"urlTemplate\":\"https:\\\/\\\/us.harlequinfloors.com\\\/fr\\\/?s={search_term_string}\"},\"query-input\":{\"@type\":\"PropertyValueSpecification\",\"valueRequired\":true,\"valueName\":\"search_term_string\"}}],\"inLanguage\":\"fr-FR\"}]}<\/script>\n<!-- \/ Yoast SEO Premium plugin. -->","yoast_head_json":{"title":"S\u00e9lecteur de sol | Harlequin Floors","description":"Tapis de danse Harlequin Vinyl Marley, planchers de danse, permanents ou mobiles. Vous ne savez pas par o\u00f9 commencer ? Notre s\u00e9lecteur de sol vous aidera \u00e0 d\u00e9marrer. Essayez-le maintenant !","robots":{"index":"index","follow":"follow","max-snippet":"max-snippet:-1","max-image-preview":"max-image-preview:large","max-video-preview":"max-video-preview:-1"},"canonical":"https:\/\/us.harlequinfloors.com\/fr\/floor-selector\/","og_locale":"fr_FR","og_type":"article","og_title":"S\u00e9lecteur de sol","og_description":"Tapis de danse Harlequin Vinyl Marley, planchers de danse, permanents ou mobiles. Vous ne savez pas par o\u00f9 commencer ? Notre s\u00e9lecteur de sol vous aidera \u00e0 d\u00e9marrer. Essayez-le maintenant !","og_url":"https:\/\/us.harlequinfloors.com\/fr\/floor-selector\/","og_site_name":"Harlequin Floors","article_publisher":"https:\/\/www.facebook.com\/americanharlequinfloors","article_modified_time":"2025-07-31T07:07:24+00:00","twitter_card":"summary_large_image","schema":{"@context":"https:\/\/schema.org","@graph":[{"@type":"WebPage","@id":"https:\/\/us.harlequinfloors.com\/fr\/floor-selector\/","url":"https:\/\/us.harlequinfloors.com\/fr\/floor-selector\/","name":"S\u00e9lecteur de sol | Harlequin Floors","isPartOf":{"@id":"https:\/\/us.harlequinfloors.com\/fr\/#website"},"datePublished":"2016-01-27T22:14:00+00:00","dateModified":"2025-07-31T07:07:24+00:00","description":"Tapis de danse Harlequin Vinyl Marley, planchers de danse, permanents ou mobiles. Vous ne savez pas par o\u00f9 commencer ? Notre s\u00e9lecteur de sol vous aidera \u00e0 d\u00e9marrer. Essayez-le maintenant !","breadcrumb":{"@id":"https:\/\/us.harlequinfloors.com\/fr\/floor-selector\/#breadcrumb"},"inLanguage":"fr-FR","potentialAction":[{"@type":"ReadAction","target":["https:\/\/us.harlequinfloors.com\/fr\/floor-selector\/"]}]},{"@type":"BreadcrumbList","@id":"https:\/\/us.harlequinfloors.com\/fr\/floor-selector\/#breadcrumb","itemListElement":[{"@type":"ListItem","position":1,"name":"Home","item":"https:\/\/us.harlequinfloors.com\/fr\/"},{"@type":"ListItem","position":2,"name":"S\u00e9lecteur de sol"}]},{"@type":"WebSite","@id":"https:\/\/us.harlequinfloors.com\/fr\/#website","url":"https:\/\/us.harlequinfloors.com\/fr\/","name":"Harlequin Floors","description":"The World Dances sur les planchers et tapis de danse Harlequin Floors","potentialAction":[{"@type":"SearchAction","target":{"@type":"EntryPoint","urlTemplate":"https:\/\/us.harlequinfloors.com\/fr\/?s={search_term_string}"},"query-input":{"@type":"PropertyValueSpecification","valueRequired":true,"valueName":"search_term_string"}}],"inLanguage":"fr-FR"}]}},"publishpress_future_action":{"enabled":false,"date":"2026-04-14 15:10:14","action":"change-status","newStatus":"draft","terms":[],"taxonomy":"translation_priority","extraData":[]},"publishpress_future_workflow_manual_trigger":{"enabledWorkflows":[]},"_links":{"self":[{"href":"https:\/\/us.harlequinfloors.com\/fr\/wp-json\/wp\/v2\/pages\/5701","targetHints":{"allow":["GET"]}}],"collection":[{"href":"https:\/\/us.harlequinfloors.com\/fr\/wp-json\/wp\/v2\/pages"}],"about":[{"href":"https:\/\/us.harlequinfloors.com\/fr\/wp-json\/wp\/v2\/types\/page"}],"author":[{"embeddable":true,"href":"https:\/\/us.harlequinfloors.com\/fr\/wp-json\/wp\/v2\/users\/1"}],"replies":[{"embeddable":true,"href":"https:\/\/us.harlequinfloors.com\/fr\/wp-json\/wp\/v2\/comments?post=5701"}],"version-history":[{"count":2,"href":"https:\/\/us.harlequinfloors.com\/fr\/wp-json\/wp\/v2\/pages\/5701\/revisions"}],"predecessor-version":[{"id":66552,"href":"https:\/\/us.harlequinfloors.com\/fr\/wp-json\/wp\/v2\/pages\/5701\/revisions\/66552"}],"wp:attachment":[{"href":"https:\/\/us.harlequinfloors.com\/fr\/wp-json\/wp\/v2\/media?parent=5701"}],"curies":[{"name":"wp","href":"https:\/\/api.w.org\/{rel}","templated":true}]}}