{"id":5702,"date":"2016-01-26T14:49:53","date_gmt":"2016-01-26T19:49:53","guid":{"rendered":"https:\/\/harlequinfloor.wpengine.com\/politique-environnementale\/"},"modified":"2025-07-31T03:07:12","modified_gmt":"2025-07-31T07:07:12","slug":"politique-environnementale","status":"publish","type":"page","link":"https:\/\/us.harlequinfloors.com\/fr\/politique-environnementale\/","title":{"rendered":"Politique environnementale"},"content":{"rendered":"<p>La responsabilit\u00e9 environnementale est une valeur fondamentale du groupe Harlequin depuis plusieurs d\u00e9cennies. Des produits respectueux de l&rsquo;environnement et des processus de pointe garantissent que chaque \u00e9tape de la production minimise notre impact sur l&rsquo;environnement. <\/p>\n<p>Nous nous engageons dans un processus d&rsquo;approvisionnement responsable qui allie la pr\u00e9f\u00e9rence de nos clients pour la qualit\u00e9 et le respect de l&rsquo;environnement, en s\u00e9lectionnant soigneusement des fournisseurs qui refl\u00e8tent nos pr\u00e9occupations environnementales et sociales. Nous cherchons constamment \u00e0 am\u00e9liorer les performances environnementales de nos processus, de la fabrication \u00e0 l&rsquo;installation et \u00e0 la maintenance. Les mati\u00e8res premi\u00e8res et l&rsquo;\u00e9nergie sont utilis\u00e9es efficacement, les d\u00e9chets sont recycl\u00e9s dans la mesure du possible et les \u00e9missions sont r\u00e9duites au strict minimum.  <\/p>\n<p><strong>Cycle de vie du PVC et politique<\/strong><br \/>\nLes rev\u00eatements de sol en PVC peuvent \u00eatre enti\u00e8rement recycl\u00e9s et sont donc souvent d\u00e9crits comme un produit durable. Le groupe Harlequin recycle pr\u00e8s de 100 % de ses d\u00e9chets de fabrication. Nous achetons \u00e9galement d&rsquo;autres mat\u00e9riaux en PVC recycl\u00e9, r\u00e9duisant ainsi activement la quantit\u00e9 de PVC usag\u00e9 envoy\u00e9 \u00e0 la d\u00e9charge.  <\/p>\n","protected":false},"excerpt":{"rendered":"<p>La responsabilit\u00e9 environnementale est une valeur fondamentale du groupe Harlequin depuis plusieurs d\u00e9cennies. Des produits respectueux de l&rsquo;environnement et des&#8230;<\/p>\n<p><a class=\"btn btn-primary btn-an harlequin-read-more-link\" href=\"https:\/\/us.harlequinfloors.com\/fr\/politique-environnementale\/\">En savoir plus<\/a><\/p>\n","protected":false},"author":1,"featured_media":0,"parent":0,"menu_order":0,"comment_status":"closed","ping_status":"closed","template":"","meta":{"_acf_changed":false,"_monsterinsights_skip_tracking":false,"_monsterinsights_sitenote_active":false,"_monsterinsights_sitenote_note":"","_monsterinsights_sitenote_category":0,"footnotes":"","_links_to":"","_links_to_target":""},"class_list":["post-5702","page","type-page","status-publish","hentry"],"acf":[],"yoast_head":"<!-- This site is optimized with the Yoast SEO Premium plugin v26.1 (Yoast SEO v27.4) - https:\/\/yoast.com\/product\/yoast-seo-premium-wordpress\/ -->\n<title>Responsabilit\u00e9 environnementale - Harlequin Floors<\/title>\n<meta name=\"description\" content=\"La responsabilit\u00e9 environnementale est une valeur fondamentale au sein de Harlequin. Nous avons soigneusement s\u00e9lectionn\u00e9 des fournisseurs qui refl\u00e8tent nos pr\u00e9occupations environnementales et sociales.\" \/>\n<meta name=\"robots\" content=\"index, follow, max-snippet:-1, max-image-preview:large, max-video-preview:-1\" \/>\n<link rel=\"canonical\" href=\"https:\/\/us.harlequinfloors.com\/fr\/politique-environnementale\/\" \/>\n<meta property=\"og:locale\" content=\"fr_FR\" \/>\n<meta property=\"og:type\" content=\"article\" \/>\n<meta property=\"og:title\" content=\"Politique environnementale\" \/>\n<meta property=\"og:description\" content=\"La responsabilit\u00e9 environnementale est une valeur fondamentale au sein de Harlequin. Nous avons soigneusement s\u00e9lectionn\u00e9 des fournisseurs qui refl\u00e8tent nos pr\u00e9occupations environnementales et sociales.\" \/>\n<meta property=\"og:url\" content=\"https:\/\/us.harlequinfloors.com\/fr\/politique-environnementale\/\" \/>\n<meta property=\"og:site_name\" content=\"Harlequin Floors\" \/>\n<meta property=\"article:publisher\" content=\"https:\/\/www.facebook.com\/americanharlequinfloors\" \/>\n<meta property=\"article:modified_time\" content=\"2025-07-31T07:07:12+00:00\" \/>\n<meta name=\"twitter:card\" content=\"summary_large_image\" \/>\n<meta name=\"twitter:label1\" content=\"Dur\u00e9e de lecture estim\u00e9e\" \/>\n\t<meta name=\"twitter:data1\" content=\"1 minute\" \/>\n<script type=\"application\/ld+json\" class=\"yoast-schema-graph\">{\"@context\":\"https:\\\/\\\/schema.org\",\"@graph\":[{\"@type\":\"WebPage\",\"@id\":\"https:\\\/\\\/us.harlequinfloors.com\\\/fr\\\/politique-environnementale\\\/\",\"url\":\"https:\\\/\\\/us.harlequinfloors.com\\\/fr\\\/politique-environnementale\\\/\",\"name\":\"Responsabilit\u00e9 environnementale - Harlequin Floors\",\"isPartOf\":{\"@id\":\"https:\\\/\\\/us.harlequinfloors.com\\\/fr\\\/#website\"},\"datePublished\":\"2016-01-26T19:49:53+00:00\",\"dateModified\":\"2025-07-31T07:07:12+00:00\",\"description\":\"La responsabilit\u00e9 environnementale est une valeur fondamentale au sein de Harlequin. Nous avons soigneusement s\u00e9lectionn\u00e9 des fournisseurs qui refl\u00e8tent nos pr\u00e9occupations environnementales et sociales.\",\"breadcrumb\":{\"@id\":\"https:\\\/\\\/us.harlequinfloors.com\\\/fr\\\/politique-environnementale\\\/#breadcrumb\"},\"inLanguage\":\"fr-FR\",\"potentialAction\":[{\"@type\":\"ReadAction\",\"target\":[\"https:\\\/\\\/us.harlequinfloors.com\\\/fr\\\/politique-environnementale\\\/\"]}]},{\"@type\":\"BreadcrumbList\",\"@id\":\"https:\\\/\\\/us.harlequinfloors.com\\\/fr\\\/politique-environnementale\\\/#breadcrumb\",\"itemListElement\":[{\"@type\":\"ListItem\",\"position\":1,\"name\":\"Home\",\"item\":\"https:\\\/\\\/us.harlequinfloors.com\\\/fr\\\/\"},{\"@type\":\"ListItem\",\"position\":2,\"name\":\"Politique environnementale\"}]},{\"@type\":\"WebSite\",\"@id\":\"https:\\\/\\\/us.harlequinfloors.com\\\/fr\\\/#website\",\"url\":\"https:\\\/\\\/us.harlequinfloors.com\\\/fr\\\/\",\"name\":\"Harlequin Floors\",\"description\":\"The World Dances sur les planchers et tapis de danse Harlequin Floors\",\"potentialAction\":[{\"@type\":\"SearchAction\",\"target\":{\"@type\":\"EntryPoint\",\"urlTemplate\":\"https:\\\/\\\/us.harlequinfloors.com\\\/fr\\\/?s={search_term_string}\"},\"query-input\":{\"@type\":\"PropertyValueSpecification\",\"valueRequired\":true,\"valueName\":\"search_term_string\"}}],\"inLanguage\":\"fr-FR\"}]}<\/script>\n<!-- \/ Yoast SEO Premium plugin. -->","yoast_head_json":{"title":"Responsabilit\u00e9 environnementale - Harlequin Floors","description":"La responsabilit\u00e9 environnementale est une valeur fondamentale au sein de Harlequin. Nous avons soigneusement s\u00e9lectionn\u00e9 des fournisseurs qui refl\u00e8tent nos pr\u00e9occupations environnementales et sociales.","robots":{"index":"index","follow":"follow","max-snippet":"max-snippet:-1","max-image-preview":"max-image-preview:large","max-video-preview":"max-video-preview:-1"},"canonical":"https:\/\/us.harlequinfloors.com\/fr\/politique-environnementale\/","og_locale":"fr_FR","og_type":"article","og_title":"Politique environnementale","og_description":"La responsabilit\u00e9 environnementale est une valeur fondamentale au sein de Harlequin. Nous avons soigneusement s\u00e9lectionn\u00e9 des fournisseurs qui refl\u00e8tent nos pr\u00e9occupations environnementales et sociales.","og_url":"https:\/\/us.harlequinfloors.com\/fr\/politique-environnementale\/","og_site_name":"Harlequin Floors","article_publisher":"https:\/\/www.facebook.com\/americanharlequinfloors","article_modified_time":"2025-07-31T07:07:12+00:00","twitter_card":"summary_large_image","twitter_misc":{"Dur\u00e9e de lecture estim\u00e9e":"1 minute"},"schema":{"@context":"https:\/\/schema.org","@graph":[{"@type":"WebPage","@id":"https:\/\/us.harlequinfloors.com\/fr\/politique-environnementale\/","url":"https:\/\/us.harlequinfloors.com\/fr\/politique-environnementale\/","name":"Responsabilit\u00e9 environnementale - Harlequin Floors","isPartOf":{"@id":"https:\/\/us.harlequinfloors.com\/fr\/#website"},"datePublished":"2016-01-26T19:49:53+00:00","dateModified":"2025-07-31T07:07:12+00:00","description":"La responsabilit\u00e9 environnementale est une valeur fondamentale au sein de Harlequin. Nous avons soigneusement s\u00e9lectionn\u00e9 des fournisseurs qui refl\u00e8tent nos pr\u00e9occupations environnementales et sociales.","breadcrumb":{"@id":"https:\/\/us.harlequinfloors.com\/fr\/politique-environnementale\/#breadcrumb"},"inLanguage":"fr-FR","potentialAction":[{"@type":"ReadAction","target":["https:\/\/us.harlequinfloors.com\/fr\/politique-environnementale\/"]}]},{"@type":"BreadcrumbList","@id":"https:\/\/us.harlequinfloors.com\/fr\/politique-environnementale\/#breadcrumb","itemListElement":[{"@type":"ListItem","position":1,"name":"Home","item":"https:\/\/us.harlequinfloors.com\/fr\/"},{"@type":"ListItem","position":2,"name":"Politique environnementale"}]},{"@type":"WebSite","@id":"https:\/\/us.harlequinfloors.com\/fr\/#website","url":"https:\/\/us.harlequinfloors.com\/fr\/","name":"Harlequin Floors","description":"The World Dances sur les planchers et tapis de danse Harlequin Floors","potentialAction":[{"@type":"SearchAction","target":{"@type":"EntryPoint","urlTemplate":"https:\/\/us.harlequinfloors.com\/fr\/?s={search_term_string}"},"query-input":{"@type":"PropertyValueSpecification","valueRequired":true,"valueName":"search_term_string"}}],"inLanguage":"fr-FR"}]}},"publishpress_future_action":{"enabled":false,"date":"2026-04-29 11:01:34","action":"change-status","newStatus":"draft","terms":[],"taxonomy":"translation_priority","extraData":[]},"publishpress_future_workflow_manual_trigger":{"enabledWorkflows":[]},"_links":{"self":[{"href":"https:\/\/us.harlequinfloors.com\/fr\/wp-json\/wp\/v2\/pages\/5702","targetHints":{"allow":["GET"]}}],"collection":[{"href":"https:\/\/us.harlequinfloors.com\/fr\/wp-json\/wp\/v2\/pages"}],"about":[{"href":"https:\/\/us.harlequinfloors.com\/fr\/wp-json\/wp\/v2\/types\/page"}],"author":[{"embeddable":true,"href":"https:\/\/us.harlequinfloors.com\/fr\/wp-json\/wp\/v2\/users\/1"}],"replies":[{"embeddable":true,"href":"https:\/\/us.harlequinfloors.com\/fr\/wp-json\/wp\/v2\/comments?post=5702"}],"version-history":[{"count":1,"href":"https:\/\/us.harlequinfloors.com\/fr\/wp-json\/wp\/v2\/pages\/5702\/revisions"}],"predecessor-version":[{"id":66548,"href":"https:\/\/us.harlequinfloors.com\/fr\/wp-json\/wp\/v2\/pages\/5702\/revisions\/66548"}],"wp:attachment":[{"href":"https:\/\/us.harlequinfloors.com\/fr\/wp-json\/wp\/v2\/media?parent=5702"}],"curies":[{"name":"wp","href":"https:\/\/api.w.org\/{rel}","templated":true}]}}