{"id":6013,"date":"2016-01-26T14:44:35","date_gmt":"2016-01-26T19:44:35","guid":{"rendered":"https:\/\/harlequinfloor.wpengine.com\/apercu-de-lentreprise\/"},"modified":"2025-07-31T03:06:41","modified_gmt":"2025-07-31T07:06:41","slug":"apercu-de-lentreprise","status":"publish","type":"page","link":"https:\/\/us.harlequinfloors.com\/fr\/apercu-de-lentreprise\/","title":{"rendered":"Pr\u00e9sentation de l&rsquo;entreprise"},"content":{"rendered":"\n<p>Reconnu comme le leader mondial des rev\u00eatements de sol de haute technologie pour la danse, les arts du spectacle, le divertissement et les \u00e9v\u00e9nements, Harlequin Floors est \u00e9tabli dans le monde entier avec des op\u00e9rations en Am\u00e9rique, en Europe, en Asie-Pacifique et en Australie. La soci\u00e9t\u00e9 American Harlequin Corporation a son si\u00e8ge \u00e0 Moorestown, dans le New Jersey (r\u00e9gion de Philadelphie, Pennsylvanie) et des bureaux \u00e0 Fort Worth et Los Angeles. Les installations de distribution sont situ\u00e9es \u00e0 Moorestown, NJ et Las Vegas, NV.<\/p>\n\n<p>Au milieu des ann\u00e9es 1970, avec l&rsquo;int\u00e9r\u00eat croissant pour la danse, un humble sol commercial en vinyle noir est devenu le choix pr\u00e9f\u00e9r\u00e9 des professionnels de la sc\u00e8ne et de la danse. Il y avait un besoin et une opportunit\u00e9 de d\u00e9velopper un produit de rev\u00eatement de sol con\u00e7u sp\u00e9cifiquement pour la performance. Soutenue par un petit nombre d&rsquo;investisseurs, l&rsquo;entreprise a \u00e9t\u00e9 cr\u00e9\u00e9e pour produire des tapis de danse de qualit\u00e9, \u00e0 un prix abordable, en utilisant de nouveaux mat\u00e9riaux qui r\u00e9duiraient le risque de blessure et aideraient les artistes \u00e0 donner le meilleur d&rsquo;eux-m\u00eames.  <\/p>\n\n<div class=\"wp-block-media-text alignwide is-stacked-on-mobile mt-5\"><figure class=\"wp-block-media-text__media\"><img decoding=\"async\" width=\"200\" height=\"250\" src=\"https:\/\/us.harlequinfloors.com\/wp-content\/uploads\/2019\/05\/company-bob-1.jpg\" alt=\"\" class=\"wp-image-10723\"\/><\/figure><div class=\"wp-block-media-text__content\">\n<h4 class=\"wp-block-heading\">Message du pr\u00e9sident, Bob Dagger :<\/h4>\n\n\n\n<p>\u00ab\u00a0Lorsque j&rsquo;ai lanc\u00e9 mon entreprise en Angleterre il y a plus de 40 ans, mon objectif \u00e9tait de concevoir des sols pour le th\u00e9\u00e2tre et la danse en utilisant des mat\u00e9riaux nouveaux et avanc\u00e9s. Arlequin\u00a0\u00bb \u00e9tait un personnage de th\u00e9\u00e2tre que j&rsquo;avais \u00e9tudi\u00e9 dans le cadre de mon dipl\u00f4me de fran\u00e7ais. Le nom avait de la vie, de l&rsquo;\u00e9nergie et de la couleur et il s&rsquo;est transpos\u00e9 dans la plupart des langues europ\u00e9ennes. Une marque \u00e9tait n\u00e9e ! Je suis tr\u00e8s satisfait que les plus grandes compagnies de ballet et de danse du monde choisissent les tapis de danse Harlequin et que les tapis de danse Harlequin soient parmi les plus populaires au monde.<\/p>\n<\/div><\/div>\n","protected":false},"excerpt":{"rendered":"<p>Reconnu comme le leader mondial des rev\u00eatements de sol de haute technologie pour la danse, les arts du spectacle, le&#8230;<\/p>\n<p><a class=\"btn btn-primary btn-an harlequin-read-more-link\" href=\"https:\/\/us.harlequinfloors.com\/fr\/apercu-de-lentreprise\/\">En savoir plus<\/a><\/p>\n","protected":false},"author":1,"featured_media":0,"parent":0,"menu_order":0,"comment_status":"closed","ping_status":"closed","template":"","meta":{"_acf_changed":false,"_monsterinsights_skip_tracking":false,"_monsterinsights_sitenote_active":false,"_monsterinsights_sitenote_note":"","_monsterinsights_sitenote_category":0,"footnotes":"","_links_to":"","_links_to_target":""},"class_list":["post-6013","page","type-page","status-publish","hentry"],"acf":[],"yoast_head":"<!-- This site is optimized with the Yoast SEO Premium plugin v26.1 (Yoast SEO v27.5) - https:\/\/yoast.com\/product\/yoast-seo-premium-wordpress\/ -->\n<title>Pr\u00e9sentation de l&#039;entreprise | Harlequin Floors<\/title>\n<meta name=\"description\" content=\"Leader reconnu dans le domaine des rev\u00eatements de sol de technologie avanc\u00e9e, portables, permanents, \u00e0 ressorts et en vinyle, pour les plus grandes entreprises et salles de spectacle du monde.\" \/>\n<meta name=\"robots\" content=\"index, follow, max-snippet:-1, max-image-preview:large, max-video-preview:-1\" \/>\n<link rel=\"canonical\" href=\"https:\/\/us.harlequinfloors.com\/fr\/apercu-de-lentreprise\/\" \/>\n<meta property=\"og:locale\" content=\"fr_FR\" \/>\n<meta property=\"og:type\" content=\"article\" \/>\n<meta property=\"og:title\" content=\"Pr\u00e9sentation de l&#039;entreprise\" \/>\n<meta property=\"og:description\" content=\"Leader reconnu dans le domaine des rev\u00eatements de sol de technologie avanc\u00e9e, portables, permanents, \u00e0 ressorts et en vinyle, pour les plus grandes entreprises et salles de spectacle du monde.\" \/>\n<meta property=\"og:url\" content=\"https:\/\/us.harlequinfloors.com\/fr\/apercu-de-lentreprise\/\" \/>\n<meta property=\"og:site_name\" content=\"Harlequin Floors\" \/>\n<meta property=\"article:publisher\" content=\"https:\/\/www.facebook.com\/americanharlequinfloors\" \/>\n<meta property=\"article:modified_time\" content=\"2025-07-31T07:06:41+00:00\" \/>\n<meta property=\"og:image\" content=\"http:\/\/harlequin.local\/wp-content\/uploads\/2019\/05\/company-bob-1.jpg\" \/>\n<meta name=\"twitter:card\" content=\"summary_large_image\" \/>\n<meta name=\"twitter:label1\" content=\"Dur\u00e9e de lecture estim\u00e9e\" \/>\n\t<meta name=\"twitter:data1\" content=\"2 minutes\" \/>\n<script type=\"application\/ld+json\" class=\"yoast-schema-graph\">{\"@context\":\"https:\\\/\\\/schema.org\",\"@graph\":[{\"@type\":\"WebPage\",\"@id\":\"https:\\\/\\\/us.harlequinfloors.com\\\/fr\\\/apercu-de-lentreprise\\\/\",\"url\":\"https:\\\/\\\/us.harlequinfloors.com\\\/fr\\\/apercu-de-lentreprise\\\/\",\"name\":\"Pr\u00e9sentation de l'entreprise | Harlequin Floors\",\"isPartOf\":{\"@id\":\"https:\\\/\\\/us.harlequinfloors.com\\\/fr\\\/#website\"},\"primaryImageOfPage\":{\"@id\":\"https:\\\/\\\/us.harlequinfloors.com\\\/fr\\\/apercu-de-lentreprise\\\/#primaryimage\"},\"image\":{\"@id\":\"https:\\\/\\\/us.harlequinfloors.com\\\/fr\\\/apercu-de-lentreprise\\\/#primaryimage\"},\"thumbnailUrl\":\"https:\\\/\\\/us.harlequinfloors.com\\\/wp-content\\\/uploads\\\/2019\\\/05\\\/company-bob-1.jpg\",\"datePublished\":\"2016-01-26T19:44:35+00:00\",\"dateModified\":\"2025-07-31T07:06:41+00:00\",\"description\":\"Leader reconnu dans le domaine des rev\u00eatements de sol de technologie avanc\u00e9e, portables, permanents, \u00e0 ressorts et en vinyle, pour les plus grandes entreprises et salles de spectacle du monde.\",\"breadcrumb\":{\"@id\":\"https:\\\/\\\/us.harlequinfloors.com\\\/fr\\\/apercu-de-lentreprise\\\/#breadcrumb\"},\"inLanguage\":\"fr-FR\",\"potentialAction\":[{\"@type\":\"ReadAction\",\"target\":[\"https:\\\/\\\/us.harlequinfloors.com\\\/fr\\\/apercu-de-lentreprise\\\/\"]}]},{\"@type\":\"ImageObject\",\"inLanguage\":\"fr-FR\",\"@id\":\"https:\\\/\\\/us.harlequinfloors.com\\\/fr\\\/apercu-de-lentreprise\\\/#primaryimage\",\"url\":\"https:\\\/\\\/us.harlequinfloors.com\\\/wp-content\\\/uploads\\\/2019\\\/05\\\/company-bob-1.jpg\",\"contentUrl\":\"https:\\\/\\\/us.harlequinfloors.com\\\/wp-content\\\/uploads\\\/2019\\\/05\\\/company-bob-1.jpg\"},{\"@type\":\"BreadcrumbList\",\"@id\":\"https:\\\/\\\/us.harlequinfloors.com\\\/fr\\\/apercu-de-lentreprise\\\/#breadcrumb\",\"itemListElement\":[{\"@type\":\"ListItem\",\"position\":1,\"name\":\"Home\",\"item\":\"https:\\\/\\\/us.harlequinfloors.com\\\/fr\\\/\"},{\"@type\":\"ListItem\",\"position\":2,\"name\":\"Pr\u00e9sentation de l&rsquo;entreprise\"}]},{\"@type\":\"WebSite\",\"@id\":\"https:\\\/\\\/us.harlequinfloors.com\\\/fr\\\/#website\",\"url\":\"https:\\\/\\\/us.harlequinfloors.com\\\/fr\\\/\",\"name\":\"Harlequin Floors\",\"description\":\"The World Dances sur les planchers et tapis de danse Harlequin Floors\",\"potentialAction\":[{\"@type\":\"SearchAction\",\"target\":{\"@type\":\"EntryPoint\",\"urlTemplate\":\"https:\\\/\\\/us.harlequinfloors.com\\\/fr\\\/?s={search_term_string}\"},\"query-input\":{\"@type\":\"PropertyValueSpecification\",\"valueRequired\":true,\"valueName\":\"search_term_string\"}}],\"inLanguage\":\"fr-FR\"}]}<\/script>\n<!-- \/ Yoast SEO Premium plugin. -->","yoast_head_json":{"title":"Pr\u00e9sentation de l'entreprise | Harlequin Floors","description":"Leader reconnu dans le domaine des rev\u00eatements de sol de technologie avanc\u00e9e, portables, permanents, \u00e0 ressorts et en vinyle, pour les plus grandes entreprises et salles de spectacle du monde.","robots":{"index":"index","follow":"follow","max-snippet":"max-snippet:-1","max-image-preview":"max-image-preview:large","max-video-preview":"max-video-preview:-1"},"canonical":"https:\/\/us.harlequinfloors.com\/fr\/apercu-de-lentreprise\/","og_locale":"fr_FR","og_type":"article","og_title":"Pr\u00e9sentation de l'entreprise","og_description":"Leader reconnu dans le domaine des rev\u00eatements de sol de technologie avanc\u00e9e, portables, permanents, \u00e0 ressorts et en vinyle, pour les plus grandes entreprises et salles de spectacle du monde.","og_url":"https:\/\/us.harlequinfloors.com\/fr\/apercu-de-lentreprise\/","og_site_name":"Harlequin Floors","article_publisher":"https:\/\/www.facebook.com\/americanharlequinfloors","article_modified_time":"2025-07-31T07:06:41+00:00","og_image":[{"url":"http:\/\/harlequin.local\/wp-content\/uploads\/2019\/05\/company-bob-1.jpg","type":"","width":"","height":""}],"twitter_card":"summary_large_image","twitter_misc":{"Dur\u00e9e de lecture estim\u00e9e":"2 minutes"},"schema":{"@context":"https:\/\/schema.org","@graph":[{"@type":"WebPage","@id":"https:\/\/us.harlequinfloors.com\/fr\/apercu-de-lentreprise\/","url":"https:\/\/us.harlequinfloors.com\/fr\/apercu-de-lentreprise\/","name":"Pr\u00e9sentation de l'entreprise | Harlequin Floors","isPartOf":{"@id":"https:\/\/us.harlequinfloors.com\/fr\/#website"},"primaryImageOfPage":{"@id":"https:\/\/us.harlequinfloors.com\/fr\/apercu-de-lentreprise\/#primaryimage"},"image":{"@id":"https:\/\/us.harlequinfloors.com\/fr\/apercu-de-lentreprise\/#primaryimage"},"thumbnailUrl":"https:\/\/us.harlequinfloors.com\/wp-content\/uploads\/2019\/05\/company-bob-1.jpg","datePublished":"2016-01-26T19:44:35+00:00","dateModified":"2025-07-31T07:06:41+00:00","description":"Leader reconnu dans le domaine des rev\u00eatements de sol de technologie avanc\u00e9e, portables, permanents, \u00e0 ressorts et en vinyle, pour les plus grandes entreprises et salles de spectacle du monde.","breadcrumb":{"@id":"https:\/\/us.harlequinfloors.com\/fr\/apercu-de-lentreprise\/#breadcrumb"},"inLanguage":"fr-FR","potentialAction":[{"@type":"ReadAction","target":["https:\/\/us.harlequinfloors.com\/fr\/apercu-de-lentreprise\/"]}]},{"@type":"ImageObject","inLanguage":"fr-FR","@id":"https:\/\/us.harlequinfloors.com\/fr\/apercu-de-lentreprise\/#primaryimage","url":"https:\/\/us.harlequinfloors.com\/wp-content\/uploads\/2019\/05\/company-bob-1.jpg","contentUrl":"https:\/\/us.harlequinfloors.com\/wp-content\/uploads\/2019\/05\/company-bob-1.jpg"},{"@type":"BreadcrumbList","@id":"https:\/\/us.harlequinfloors.com\/fr\/apercu-de-lentreprise\/#breadcrumb","itemListElement":[{"@type":"ListItem","position":1,"name":"Home","item":"https:\/\/us.harlequinfloors.com\/fr\/"},{"@type":"ListItem","position":2,"name":"Pr\u00e9sentation de l&rsquo;entreprise"}]},{"@type":"WebSite","@id":"https:\/\/us.harlequinfloors.com\/fr\/#website","url":"https:\/\/us.harlequinfloors.com\/fr\/","name":"Harlequin Floors","description":"The World Dances sur les planchers et tapis de danse Harlequin Floors","potentialAction":[{"@type":"SearchAction","target":{"@type":"EntryPoint","urlTemplate":"https:\/\/us.harlequinfloors.com\/fr\/?s={search_term_string}"},"query-input":{"@type":"PropertyValueSpecification","valueRequired":true,"valueName":"search_term_string"}}],"inLanguage":"fr-FR"}]}},"publishpress_future_action":{"enabled":false,"date":"2026-05-16 13:57:18","action":"change-status","newStatus":"draft","terms":[],"taxonomy":"translation_priority","extraData":[]},"publishpress_future_workflow_manual_trigger":{"enabledWorkflows":[]},"_links":{"self":[{"href":"https:\/\/us.harlequinfloors.com\/fr\/wp-json\/wp\/v2\/pages\/6013","targetHints":{"allow":["GET"]}}],"collection":[{"href":"https:\/\/us.harlequinfloors.com\/fr\/wp-json\/wp\/v2\/pages"}],"about":[{"href":"https:\/\/us.harlequinfloors.com\/fr\/wp-json\/wp\/v2\/types\/page"}],"author":[{"embeddable":true,"href":"https:\/\/us.harlequinfloors.com\/fr\/wp-json\/wp\/v2\/users\/1"}],"replies":[{"embeddable":true,"href":"https:\/\/us.harlequinfloors.com\/fr\/wp-json\/wp\/v2\/comments?post=6013"}],"version-history":[{"count":4,"href":"https:\/\/us.harlequinfloors.com\/fr\/wp-json\/wp\/v2\/pages\/6013\/revisions"}],"predecessor-version":[{"id":66533,"href":"https:\/\/us.harlequinfloors.com\/fr\/wp-json\/wp\/v2\/pages\/6013\/revisions\/66533"}],"wp:attachment":[{"href":"https:\/\/us.harlequinfloors.com\/fr\/wp-json\/wp\/v2\/media?parent=6013"}],"curies":[{"name":"wp","href":"https:\/\/api.w.org\/{rel}","templated":true}]}}