{"id":6014,"date":"2016-01-26T14:31:28","date_gmt":"2016-01-26T19:31:28","guid":{"rendered":"https:\/\/harlequinfloor.wpengine.com\/tapis-et-planchers-de-danse-par-rapport-aux-tapis-et-planchers-de-sport\/"},"modified":"2025-09-26T12:00:15","modified_gmt":"2025-09-26T16:00:15","slug":"tapis-et-planchers-de-danse-par-rapport-aux-tapis-et-planchers-de-sport","status":"publish","type":"page","link":"https:\/\/us.harlequinfloors.com\/fr\/tapis-et-planchers-de-danse-par-rapport-aux-tapis-et-planchers-de-sport\/","title":{"rendered":"Sols de danse ou de sport"},"content":{"rendered":"<p><strong>Le sous-plancher<\/strong><\/p>\n<p>Outre l&rsquo;absorption des chocs, la plupart des sports d&rsquo;int\u00e9rieur exigent un haut degr\u00e9 de retour d&rsquo;\u00e9nergie et un rebond ad\u00e9quat du ballon. Les danseurs ne s&rsquo;int\u00e9ressent gu\u00e8re au rebond de la balle, mais ils accordent une importance vitale au retour d&rsquo;\u00e9nergie. Les sportifs d&rsquo;int\u00e9rieur peuvent tol\u00e9rer un sol plus rigide car ils ont g\u00e9n\u00e9ralement des chaussures amortissantes &#8211; un luxe que les danseurs ne peuvent pas s&rsquo;offrir.  <\/p>\n<p><strong>La surface de performance  <\/strong><\/p>\n<p>Dans ce cas, le principal crit\u00e8re pour les danseurs est la r\u00e9sistance au glissement, appel\u00e9e de mani\u00e8re d\u00e9concertante \u00ab\u00a0traction\u00a0\u00bb par de nombreux membres de la communaut\u00e9 de la danse. Bien que les athl\u00e8tes partagent le risque de glisser et de tomber, ils sont g\u00e9n\u00e9ralement prot\u00e9g\u00e9s par leurs chaussures des sols qui pourraient \u00eatre consid\u00e9r\u00e9s comme un risque de glissade pour les danseurs, par exemple, certains sols en bois vernis dur. Les probl\u00e8mes des membres inf\u00e9rieurs tels que la tendinite, le \u00ab\u00a0syndrome du tibia\u00a0\u00bb, la douleur du genou et la tension de la cheville peuvent tous \u00eatre attribu\u00e9s \u00e0 des planchers \u00e0 ressorts mal sp\u00e9cifi\u00e9s et peuvent n\u00e9cessiter plusieurs semaines de kin\u00e9sith\u00e9rapie et de convalescence pour \u00eatre corrig\u00e9s.  <\/p>\n<p><strong>Un avis m\u00e9dical<\/strong><\/p>\n<p>Le Dr Boni Rietveld, chirurgien orthop\u00e9dique, du Centre m\u00e9dical pour danseurs et musiciens de La Haye, donne son avis : \u00ab\u00a0Un sol de danse ne doit \u00eatre ni trop souple ni trop mou. Un sol dur a pour effet de provoquer de graves ondes de choc en retour et peut entra\u00eener des blessures ou une usure pr\u00e9matur\u00e9e du cartilage. Un sol souple fait travailler davantage les muscles et donc les tendons. De plus, un sol trop mou peut \u00eatre dangereux pour les danseurs en raison de l&rsquo;effet de surprise. Pour illustrer mon propos : j&rsquo;invite tout le monde \u00e0 sauter sur mon plancher de danse Harlequin <sup>LibertyTM<\/sup> dans la clinique, puis sur le sol en b\u00e9ton \u00e0 c\u00f4t\u00e9 ; tous exp\u00e9rimenteront l&rsquo;effet de surprise. C&rsquo;est comme sauter sur un trampoline puis sur un carrelage, ce qui pousse la comparaison \u00e0 l&rsquo;extr\u00eame, mais dans certains cas, les danseurs sont confront\u00e9s \u00e0 des situations similaires.     <\/p>\n<p><strong>Semi-sprung ou Sprung<\/strong><\/p>\n<p>Le d\u00e9sir d&rsquo;avoir un sol qui donne du ressort a \u00e9t\u00e9 acc\u00e9l\u00e9r\u00e9 par la mode des danses de salon avant et apr\u00e8s la Seconde Guerre mondiale. Ces planchers utilisaient souvent des ressorts \u00e0 boudin ou \u00e0 lames et, comme les planchers \u00e0 ressorts v\u00e9ritables \u00e9taient beaucoup trop rebondissants pour le ballet ou la danse artistique contemporaine, la n\u00e9cessit\u00e9 de fournir des planchers \u00e0 demi-ressorts &#8211; en particulier pour le ballet &#8211; a donn\u00e9 lieu \u00e0 des modifications consid\u00e9rables. Au cours des cinquante derni\u00e8res ann\u00e9es, les ressorts m\u00e9talliques ont largement c\u00e9d\u00e9 la place \u00e0 des blocs ou \u00e0 des tampons \u00e9lastiques en caoutchouc ou en polym\u00e8re. Gr\u00e2ce aux m\u00e9thodes modernes de construction des sols, l&rsquo;effet rebondissant des premiers sols \u00e0 ressorts a \u00e9t\u00e9 supprim\u00e9 et ces sols modernes, tant pour le sport que pour la danse, sont g\u00e9n\u00e9ralement qualifi\u00e9s de semi-suspendus. N\u00e9anmoins, la distinction a \u00e9t\u00e9 oubli\u00e9e et, par commodit\u00e9, nous d\u00e9signons les deux types de sols par le terme de \u00ab\u00a0sols suspendus\u00a0\u00bb.    <\/p>\n<p><strong>Normes<\/strong><\/p>\n<p>Si vous travaillez par l&rsquo;interm\u00e9diaire d&rsquo;un architecte, le fait d&rsquo;\u00eatre clair sur l&rsquo;importance de sp\u00e9cifier un sol ayant les bonnes caract\u00e9ristiques pour la danse peut \u00e9viter des rectifications co\u00fbteuses \u00e0 une date ult\u00e9rieure. Pour de nombreux produits sp\u00e9cifi\u00e9s par un architecte, il est normal d&rsquo;exiger qu&rsquo;ils r\u00e9pondent aux normes appropri\u00e9es. L&rsquo;absence de normes pour les sols de danse a \u00e9t\u00e9 constat\u00e9e par l&rsquo;organisation am\u00e9ricaine Entertainment Services Technical Association<a href=\"https:\/\/esta.org\/\" target=\"_blank\" rel=\"noopener noreferrer\">(ESTA)(www.esta.org)<\/a> et un groupe de travail a \u00e9t\u00e9 cr\u00e9\u00e9 pour \u00e9tablir une norme internationale qui sera adopt\u00e9e par l&rsquo;American National Standards Institute (ANSI). Le groupe de travail est compos\u00e9 de fabricants, d&rsquo;utilisateurs finaux et de prescripteurs. Le groupe Harlequin est repr\u00e9sent\u00e9 par American Harlequin Corporation. Une nouvelle norme a \u00e9t\u00e9 \u00e9labor\u00e9e par ce comit\u00e9, largement bas\u00e9e sur la norme allemande DIN 18032, partie II, mais modifi\u00e9e pour refl\u00e9ter les int\u00e9r\u00eats des danseurs et autres artistes de sc\u00e8ne. En juin 2006, le premier projet de section en anglais et avec une terminologie anglaise a \u00e9t\u00e9 soumis \u00e0 l&rsquo;examen du public, et cette norme a maintenant \u00e9t\u00e9 adopt\u00e9e. La section BSR E1.26 concerne l&rsquo;absorption des chocs : \u00ab\u00a0M\u00e9thodes d&rsquo;essai et valeurs recommand\u00e9es pour l&rsquo;absorption des chocs par les sols utilis\u00e9s dans les salles de spectacles. Il ne faut pas croire que si un produit est conforme \u00e0 cette norme, il sera automatiquement approuv\u00e9 par les danseurs, dont les pr\u00e9f\u00e9rences varient. La norme offrira toutefois une protection aux prescripteurs et aux fabricants sous la forme de donn\u00e9es d&rsquo;essai consensuelles. Afin de fournir des conseils utiles aux architectes, une brochure d&rsquo;orientation compl\u00e8te et gratuite &#8211; <a href=\"https:\/\/us.harlequinfloors.com\/wp-content\/uploads\/2016\/01\/Harlequin-Architect-Guide.pdf\" target=\"_blank\" rel=\"noopener noreferrer\">Specifying Dance Floors : A Guide for Architects<\/a> &#8211; est disponible aupr\u00e8s de Harlequin Floors. Il explique non seulement comment les sols sont actuellement test\u00e9s, mais fournit \u00e9galement un ensemble d&rsquo;informations utiles pour la sp\u00e9cification d&rsquo;un plancher de danse, que ce soit pour la r\u00e9novation d&rsquo;un espace existant ou pour un projet de construction enti\u00e8rement nouveau.           <\/p>\n<p><strong>Pistes de danse install\u00e9es de mani\u00e8re permanente dans l&rsquo;enseignement<\/strong><\/p>\n<p>Il est essentiel que l&rsquo;architecte soit conscient des besoins des danseurs et des questions pratiques li\u00e9es \u00e0 l&rsquo;int\u00e9gration du nouveau tapis de danse dans l&rsquo;espace. Comme la plupart des architectes ont l&rsquo;exp\u00e9rience des sols traditionnels et \u00e9ventuellement des sols sportifs, il est important qu&rsquo;ils soient inform\u00e9s des besoins sp\u00e9cifiques de la danse et qu&rsquo;ils soient conscients de l&rsquo;importance de sp\u00e9cifier des sols con\u00e7us \u00e0 cet effet. Bien que les planchers en bois \u00e0 usage g\u00e9n\u00e9ral puissent \u00eatre esth\u00e9tiques et attrayants sur le plan architectural, ils ne sont pas adapt\u00e9s \u00e0 la danse, car ils n&rsquo;offrent ni traction ni \u00e9lasticit\u00e9. Les sols sportifs et les sols commerciaux ou industriels pr\u00e9sentent quant \u00e0 eux des caract\u00e9ristiques tout \u00e0 fait inadapt\u00e9es. Heureusement, gr\u00e2ce au Guide de l&rsquo;architecte Harlequin, les diff\u00e9rences sont expliqu\u00e9es en d\u00e9tail.    <\/p>\n<p><strong>Sp\u00e9cification des pistes de danse<\/strong><\/p>\n<p>Un coup d&rsquo;\u0153il \u00e0 l&rsquo;int\u00e9rieur du guide donne une indication de certaines des questions li\u00e9es au b\u00e2timent et \u00e0 la construction que l&rsquo;architecte devra prendre en compte, tout en s&rsquo;assurant que les besoins des danseurs, qui utiliseront r\u00e9ellement le sol, sont satisfaits. Des questions telles que le type de danse et le fait de savoir si le sol doit \u00eatre suspendu ont \u00e9t\u00e9 abord\u00e9es dans les parties pr\u00e9c\u00e9dentes de cette s\u00e9rie mais, qu&rsquo;il s&rsquo;agisse d&rsquo;un projet de r\u00e9novation ou d&rsquo;une nouvelle construction, les crit\u00e8res de conception normaux pour les sols s&rsquo;appliquent. <\/p>\n","protected":false},"excerpt":{"rendered":"<p>Le sous-plancher Outre l&rsquo;absorption des chocs, la plupart des sports d&rsquo;int\u00e9rieur exigent un haut degr\u00e9 de retour d&rsquo;\u00e9nergie et un&#8230;<\/p>\n<p><a class=\"btn btn-primary btn-an harlequin-read-more-link\" href=\"https:\/\/us.harlequinfloors.com\/fr\/tapis-et-planchers-de-danse-par-rapport-aux-tapis-et-planchers-de-sport\/\">En savoir plus<\/a><\/p>\n","protected":false},"author":1,"featured_media":5857,"parent":0,"menu_order":0,"comment_status":"closed","ping_status":"closed","template":"","meta":{"_acf_changed":false,"_monsterinsights_skip_tracking":false,"_monsterinsights_sitenote_active":false,"_monsterinsights_sitenote_note":"","_monsterinsights_sitenote_category":0,"footnotes":"","_links_to":"","_links_to_target":""},"class_list":["post-6014","page","type-page","status-publish","has-post-thumbnail","hentry"],"acf":[],"yoast_head":"<!-- This site is optimized with the Yoast SEO Premium plugin v26.1 (Yoast SEO v27.4) - https:\/\/yoast.com\/product\/yoast-seo-premium-wordpress\/ -->\n<title>Sols de danse ou de sport | Harlequin Floors<\/title>\n<meta name=\"description\" content=\"Chaussures de sport amortissantes et chaussures de danse non amortissantes. C&#039;est l&#039;une des raisons pour lesquelles vous devez apprendre pourquoi il est important de sp\u00e9cifier le bon sol pour la danse.\" \/>\n<meta name=\"robots\" content=\"noindex, nofollow\" \/>\n<meta property=\"og:locale\" content=\"fr_FR\" \/>\n<meta property=\"og:type\" content=\"article\" \/>\n<meta property=\"og:title\" content=\"Sols de danse ou de sport\" \/>\n<meta property=\"og:description\" content=\"Chaussures de sport amortissantes et chaussures de danse non amortissantes. C&#039;est l&#039;une des raisons pour lesquelles vous devez apprendre pourquoi il est important de sp\u00e9cifier le bon sol pour la danse.\" \/>\n<meta property=\"og:url\" content=\"https:\/\/us.harlequinfloors.com\/fr\/tapis-et-planchers-de-danse-par-rapport-aux-tapis-et-planchers-de-sport\/\" \/>\n<meta property=\"og:site_name\" content=\"Harlequin Floors\" \/>\n<meta property=\"article:publisher\" content=\"https:\/\/www.facebook.com\/americanharlequinfloors\" \/>\n<meta property=\"article:modified_time\" content=\"2025-09-26T16:00:15+00:00\" \/>\n<meta property=\"og:image\" content=\"https:\/\/us.harlequinfloors.com\/wp-content\/uploads\/2016\/01\/INFOGRAPHIC.png\" \/>\n\t<meta property=\"og:image:width\" content=\"370\" \/>\n\t<meta property=\"og:image:height\" content=\"1276\" \/>\n\t<meta property=\"og:image:type\" content=\"image\/png\" \/>\n<meta name=\"twitter:card\" content=\"summary_large_image\" \/>\n<meta name=\"twitter:label1\" content=\"Dur\u00e9e de lecture estim\u00e9e\" \/>\n\t<meta name=\"twitter:data1\" content=\"6 minutes\" \/>\n<script type=\"application\/ld+json\" class=\"yoast-schema-graph\">{\"@context\":\"https:\\\/\\\/schema.org\",\"@graph\":[{\"@type\":\"WebPage\",\"@id\":\"https:\\\/\\\/us.harlequinfloors.com\\\/fr\\\/tapis-et-planchers-de-danse-par-rapport-aux-tapis-et-planchers-de-sport\\\/\",\"url\":\"https:\\\/\\\/us.harlequinfloors.com\\\/fr\\\/tapis-et-planchers-de-danse-par-rapport-aux-tapis-et-planchers-de-sport\\\/\",\"name\":\"Sols de danse ou de sport | Harlequin Floors\",\"isPartOf\":{\"@id\":\"https:\\\/\\\/us.harlequinfloors.com\\\/fr\\\/#website\"},\"primaryImageOfPage\":{\"@id\":\"https:\\\/\\\/us.harlequinfloors.com\\\/fr\\\/tapis-et-planchers-de-danse-par-rapport-aux-tapis-et-planchers-de-sport\\\/#primaryimage\"},\"image\":{\"@id\":\"https:\\\/\\\/us.harlequinfloors.com\\\/fr\\\/tapis-et-planchers-de-danse-par-rapport-aux-tapis-et-planchers-de-sport\\\/#primaryimage\"},\"thumbnailUrl\":\"https:\\\/\\\/us.harlequinfloors.com\\\/wp-content\\\/uploads\\\/2016\\\/01\\\/INFOGRAPHIC.png\",\"datePublished\":\"2016-01-26T19:31:28+00:00\",\"dateModified\":\"2025-09-26T16:00:15+00:00\",\"description\":\"Chaussures de sport amortissantes et chaussures de danse non amortissantes. C'est l'une des raisons pour lesquelles vous devez apprendre pourquoi il est important de sp\u00e9cifier le bon sol pour la danse.\",\"breadcrumb\":{\"@id\":\"https:\\\/\\\/us.harlequinfloors.com\\\/fr\\\/tapis-et-planchers-de-danse-par-rapport-aux-tapis-et-planchers-de-sport\\\/#breadcrumb\"},\"inLanguage\":\"fr-FR\",\"potentialAction\":[{\"@type\":\"ReadAction\",\"target\":[\"https:\\\/\\\/us.harlequinfloors.com\\\/fr\\\/tapis-et-planchers-de-danse-par-rapport-aux-tapis-et-planchers-de-sport\\\/\"]}]},{\"@type\":\"ImageObject\",\"inLanguage\":\"fr-FR\",\"@id\":\"https:\\\/\\\/us.harlequinfloors.com\\\/fr\\\/tapis-et-planchers-de-danse-par-rapport-aux-tapis-et-planchers-de-sport\\\/#primaryimage\",\"url\":\"https:\\\/\\\/us.harlequinfloors.com\\\/wp-content\\\/uploads\\\/2016\\\/01\\\/INFOGRAPHIC.png\",\"contentUrl\":\"https:\\\/\\\/us.harlequinfloors.com\\\/wp-content\\\/uploads\\\/2016\\\/01\\\/INFOGRAPHIC.png\",\"width\":370,\"height\":1276},{\"@type\":\"BreadcrumbList\",\"@id\":\"https:\\\/\\\/us.harlequinfloors.com\\\/fr\\\/tapis-et-planchers-de-danse-par-rapport-aux-tapis-et-planchers-de-sport\\\/#breadcrumb\",\"itemListElement\":[{\"@type\":\"ListItem\",\"position\":1,\"name\":\"Home\",\"item\":\"https:\\\/\\\/us.harlequinfloors.com\\\/fr\\\/\"},{\"@type\":\"ListItem\",\"position\":2,\"name\":\"Sols de danse ou de sport\"}]},{\"@type\":\"WebSite\",\"@id\":\"https:\\\/\\\/us.harlequinfloors.com\\\/fr\\\/#website\",\"url\":\"https:\\\/\\\/us.harlequinfloors.com\\\/fr\\\/\",\"name\":\"Harlequin Floors\",\"description\":\"The World Dances sur les planchers et tapis de danse Harlequin Floors\",\"potentialAction\":[{\"@type\":\"SearchAction\",\"target\":{\"@type\":\"EntryPoint\",\"urlTemplate\":\"https:\\\/\\\/us.harlequinfloors.com\\\/fr\\\/?s={search_term_string}\"},\"query-input\":{\"@type\":\"PropertyValueSpecification\",\"valueRequired\":true,\"valueName\":\"search_term_string\"}}],\"inLanguage\":\"fr-FR\"}]}<\/script>\n<!-- \/ Yoast SEO Premium plugin. -->","yoast_head_json":{"title":"Sols de danse ou de sport | Harlequin Floors","description":"Chaussures de sport amortissantes et chaussures de danse non amortissantes. C'est l'une des raisons pour lesquelles vous devez apprendre pourquoi il est important de sp\u00e9cifier le bon sol pour la danse.","robots":{"index":"noindex","follow":"nofollow"},"og_locale":"fr_FR","og_type":"article","og_title":"Sols de danse ou de sport","og_description":"Chaussures de sport amortissantes et chaussures de danse non amortissantes. C'est l'une des raisons pour lesquelles vous devez apprendre pourquoi il est important de sp\u00e9cifier le bon sol pour la danse.","og_url":"https:\/\/us.harlequinfloors.com\/fr\/tapis-et-planchers-de-danse-par-rapport-aux-tapis-et-planchers-de-sport\/","og_site_name":"Harlequin Floors","article_publisher":"https:\/\/www.facebook.com\/americanharlequinfloors","article_modified_time":"2025-09-26T16:00:15+00:00","og_image":[{"width":370,"height":1276,"url":"https:\/\/us.harlequinfloors.com\/wp-content\/uploads\/2016\/01\/INFOGRAPHIC.png","type":"image\/png"}],"twitter_card":"summary_large_image","twitter_misc":{"Dur\u00e9e de lecture estim\u00e9e":"6 minutes"},"schema":{"@context":"https:\/\/schema.org","@graph":[{"@type":"WebPage","@id":"https:\/\/us.harlequinfloors.com\/fr\/tapis-et-planchers-de-danse-par-rapport-aux-tapis-et-planchers-de-sport\/","url":"https:\/\/us.harlequinfloors.com\/fr\/tapis-et-planchers-de-danse-par-rapport-aux-tapis-et-planchers-de-sport\/","name":"Sols de danse ou de sport | Harlequin Floors","isPartOf":{"@id":"https:\/\/us.harlequinfloors.com\/fr\/#website"},"primaryImageOfPage":{"@id":"https:\/\/us.harlequinfloors.com\/fr\/tapis-et-planchers-de-danse-par-rapport-aux-tapis-et-planchers-de-sport\/#primaryimage"},"image":{"@id":"https:\/\/us.harlequinfloors.com\/fr\/tapis-et-planchers-de-danse-par-rapport-aux-tapis-et-planchers-de-sport\/#primaryimage"},"thumbnailUrl":"https:\/\/us.harlequinfloors.com\/wp-content\/uploads\/2016\/01\/INFOGRAPHIC.png","datePublished":"2016-01-26T19:31:28+00:00","dateModified":"2025-09-26T16:00:15+00:00","description":"Chaussures de sport amortissantes et chaussures de danse non amortissantes. C'est l'une des raisons pour lesquelles vous devez apprendre pourquoi il est important de sp\u00e9cifier le bon sol pour la danse.","breadcrumb":{"@id":"https:\/\/us.harlequinfloors.com\/fr\/tapis-et-planchers-de-danse-par-rapport-aux-tapis-et-planchers-de-sport\/#breadcrumb"},"inLanguage":"fr-FR","potentialAction":[{"@type":"ReadAction","target":["https:\/\/us.harlequinfloors.com\/fr\/tapis-et-planchers-de-danse-par-rapport-aux-tapis-et-planchers-de-sport\/"]}]},{"@type":"ImageObject","inLanguage":"fr-FR","@id":"https:\/\/us.harlequinfloors.com\/fr\/tapis-et-planchers-de-danse-par-rapport-aux-tapis-et-planchers-de-sport\/#primaryimage","url":"https:\/\/us.harlequinfloors.com\/wp-content\/uploads\/2016\/01\/INFOGRAPHIC.png","contentUrl":"https:\/\/us.harlequinfloors.com\/wp-content\/uploads\/2016\/01\/INFOGRAPHIC.png","width":370,"height":1276},{"@type":"BreadcrumbList","@id":"https:\/\/us.harlequinfloors.com\/fr\/tapis-et-planchers-de-danse-par-rapport-aux-tapis-et-planchers-de-sport\/#breadcrumb","itemListElement":[{"@type":"ListItem","position":1,"name":"Home","item":"https:\/\/us.harlequinfloors.com\/fr\/"},{"@type":"ListItem","position":2,"name":"Sols de danse ou de sport"}]},{"@type":"WebSite","@id":"https:\/\/us.harlequinfloors.com\/fr\/#website","url":"https:\/\/us.harlequinfloors.com\/fr\/","name":"Harlequin Floors","description":"The World Dances sur les planchers et tapis de danse Harlequin Floors","potentialAction":[{"@type":"SearchAction","target":{"@type":"EntryPoint","urlTemplate":"https:\/\/us.harlequinfloors.com\/fr\/?s={search_term_string}"},"query-input":{"@type":"PropertyValueSpecification","valueRequired":true,"valueName":"search_term_string"}}],"inLanguage":"fr-FR"}]}},"publishpress_future_action":{"enabled":false,"date":"2026-04-29 11:23:59","action":"change-status","newStatus":"draft","terms":[],"taxonomy":"translation_priority","extraData":[]},"publishpress_future_workflow_manual_trigger":{"enabledWorkflows":[]},"_links":{"self":[{"href":"https:\/\/us.harlequinfloors.com\/fr\/wp-json\/wp\/v2\/pages\/6014","targetHints":{"allow":["GET"]}}],"collection":[{"href":"https:\/\/us.harlequinfloors.com\/fr\/wp-json\/wp\/v2\/pages"}],"about":[{"href":"https:\/\/us.harlequinfloors.com\/fr\/wp-json\/wp\/v2\/types\/page"}],"author":[{"embeddable":true,"href":"https:\/\/us.harlequinfloors.com\/fr\/wp-json\/wp\/v2\/users\/1"}],"replies":[{"embeddable":true,"href":"https:\/\/us.harlequinfloors.com\/fr\/wp-json\/wp\/v2\/comments?post=6014"}],"version-history":[{"count":2,"href":"https:\/\/us.harlequinfloors.com\/fr\/wp-json\/wp\/v2\/pages\/6014\/revisions"}],"predecessor-version":[{"id":70007,"href":"https:\/\/us.harlequinfloors.com\/fr\/wp-json\/wp\/v2\/pages\/6014\/revisions\/70007"}],"wp:featuredmedia":[{"embeddable":true,"href":"https:\/\/us.harlequinfloors.com\/fr\/wp-json\/wp\/v2\/media\/5857"}],"wp:attachment":[{"href":"https:\/\/us.harlequinfloors.com\/fr\/wp-json\/wp\/v2\/media?parent=6014"}],"curies":[{"name":"wp","href":"https:\/\/api.w.org\/{rel}","templated":true}]}}