{"id":6015,"date":"2016-01-25T20:41:32","date_gmt":"2016-01-25T20:41:32","guid":{"rendered":"https:\/\/harlequinfloor.wpengine.com\/modalites\/"},"modified":"2016-01-25T20:41:32","modified_gmt":"2016-01-25T20:41:32","slug":"modalites","status":"publish","type":"page","link":"https:\/\/us.harlequinfloors.com\/fr\/modalites\/","title":{"rendered":"Modalit\u00e9s"},"content":{"rendered":"<p><strong>Modalit\u00e9s d\u2019utilisation<\/strong><\/p>\n<p>Entente entre l\u2019utilisateur et www.harlequinfloors.com<\/p>\n<p>Soyez le bienvenu \u00e0 harlequinfloors.com. Le site Web harlequinfloors.com (le \u00ab\u00a0site\u00a0\u00bb) comprend diverses pages Web exploit\u00e9es par American Harlequin Corporation. Le site Web harlequinfloors.com vous est offert \u00e0 la condition que vous acceptiez les modalit\u00e9s, les conditions et les avis qui y sont contenus, sans modification (les \u00ab\u00a0modalit\u00e9s\u00a0\u00bb). Votre utilisation du site harlequinfloors.com constitue votre acceptation de l\u2019ensemble de ces modalit\u00e9s. <\/p>\n<p><strong>Objet du site Web <\/strong><\/p>\n<p>Le site est exclusivement un site de renseignements qui permet \u00e0 Harlequins Floors de fournir des renseignements sur l\u2019entreprise, les produits et les services au grand public en g\u00e9n\u00e9ral. Une autre fonction du site consiste \u00e0 recevoir de la part de l\u2019utilisateur des renseignements comme des formulaires de demande et des mises \u00e0 jour de renseignements destin\u00e9s \u00e0 Harlequin Floors. L\u2019utilisateur peut visualiser les renseignements fournis par le biais du site. Il peut \u00e9galement communiquer avec la Soci\u00e9t\u00e9 au moyen du site pour demander de l\u2019information ou des renseignements suppl\u00e9mentaires. Pour de plus amples renseignements, l\u2019utilisateur est invit\u00e9 \u00e0 consulter harlequinfloors.com.<\/p>\n<p><strong>Confidentialit\u00e9<\/strong><\/p>\n<p>Votre utilisation du site est assujettie \u00e0 la Politique de confidentialit\u00e9 de harlequinfloors.com. Veuillez prendre connaissance de la Politique de confidentialit\u00e9 qui r\u00e9git \u00e9galement le site et renseigne les utilisateurs sur les pratiques de collecte de donn\u00e9es.<\/p>\n<p><strong>Communications \u00e9lectroniques<\/strong><\/p>\n<p>La consultation du site harlequinfloors.com ou l\u2019envoi de courriels \u00e0 harlequinfloors.com constitue une communication \u00e9lectronique. Vous consentez \u00e0 recevoir des communications \u00e9lectroniques et vous convenez que les ententes, avis, divulgations et autres communications que la Soci\u00e9t\u00e9 vous transmet \u00e9lectroniquement par courriel ou sur le site r\u00e9pondent \u00e0 toute exigence selon laquelle de telles communications doivent \u00eatre par \u00e9crit.<\/p>\n<p><strong>Site tiers<\/strong><\/p>\n<p>Le site harlequinfloors.com peut contenir des liens vers d\u2019autres sites Web (les \u00ab\u00a0sites li\u00e9s\u00a0\u00bb). Le site harlequinfloors.com n\u2019exerce aucun contr\u00f4le \u00e0 l\u2019\u00e9gard des sites li\u00e9s. Le site harlequinfloors.com n\u2019a aucune responsabilit\u00e9 \u00e0 l\u2019\u00e9gard du contenu d\u2019un site li\u00e9, y compris, sans s\u2019y restreindre, un hyperlien contenu dans un site li\u00e9 ou les modifications ou mises \u00e0 jour apport\u00e9es \u00e0 un site li\u00e9. Le site harlequinfloors.com vous fournit ces hyperliens uniquement pour votre commodit\u00e9. L\u2019inclusion d\u2019un hyperlien ne signifie pas que le site harlequinfloors.com approuve un tel site ni qu\u2019il s\u2019associe \u00e0 ces exploitants.<\/p>\n<p>Certains services offerts par l\u2019entremise du site harlequinfloors.com sont livr\u00e9s par des sites et des organisations tiers. En utilisant un produit, un service ou une fonctionnalit\u00e9 \u00e0 partir du domaine harlequifloors.com, vous reconnaissez et convenez par les pr\u00e9sentes que le site harlequinfloors.com peut partager ces renseignements et donn\u00e9es avec un tiers, avec lequel harlequinfloors.com a une relation contractuelle visant \u00e0 fournir le produit, le service ou la fonctionnalit\u00e9 demand\u00e9 pour le compte de ses utilisateurs et clients.<\/p>\n<p><strong>Utilisation autoris\u00e9e et propri\u00e9t\u00e9 intellectuelle<\/strong><\/p>\n<p>Vous recevez une licence non exclusive, non cessible et r\u00e9vocable pour acc\u00e9der \u00e0 harlequinfloors.com et l\u2019utiliser exclusivement en conformit\u00e9 avec les pr\u00e9sentes modalit\u00e9s d\u2019utilisation. En guise de condition de votre utilisation du site, vous garantissez \u00e0 harlequinfloors.com que vous n\u2019utiliserez pas le site \u00e0 des fins ill\u00e9gales ou interdites par les pr\u00e9sentes modalit\u00e9s. Il vous est interdit d\u2019utiliser le site d\u2019une mani\u00e8re qui pourrait l\u2019endommager, le d\u00e9sactiver, le surcharger ou y porter atteinte ou perturber l\u2019utilisation et la jouissance du site par un tiers. Il vous est interdit d\u2019obtenir ou de tenter d\u2019obtenir des documents ou des renseignements par un moyen qui n\u2019est pas express\u00e9ment offert ou pr\u00e9vu par le site.<\/p>\n<p>Tout le contenu inclus dans le cadre du service, comme les textes, les graphiques, les logos, les images, de m\u00eame que leur compilation, et les logiciels utilis\u00e9s sur le site appartiennent \u00e0 harlequinfloors.com ou \u00e0 ses fournisseurs et sont prot\u00e9g\u00e9s par droits d\u2019auteur et d\u2019autres lois qui prot\u00e8gent la propri\u00e9t\u00e9 intellectuelle et les droits de propri\u00e9t\u00e9. Vous convenez de respecter toutes les mentions, l\u00e9gendes et restrictions de droits d\u2019auteur et de propri\u00e9t\u00e9 qui figurent dans ce contenu et de vous y conformer. Vous convenez de plus de n\u2019y apporter aucun changement.<\/p>\n<p>Il vous est interdit de modifier, de publier, de transmettre, en totalit\u00e9 ou en partie, le contenu qui se trouve sur le site, d\u2019en effectuer la r\u00e9tro-ing\u00e9nierie, de participer \u00e0 son transfert ou \u00e0 sa vente, de cr\u00e9er des travaux d\u00e9riv\u00e9s de celui-ci ou de l\u2019exploiter de quelque mani\u00e8re. Le contenu de harlequinfloors.com n\u2019est pas destin\u00e9 \u00e0 la revente. Votre utilisation du site ne vous donne droit \u00e0 aucune utilisation non autoris\u00e9e d\u2019un contenu prot\u00e9g\u00e9. Plus particuli\u00e8rement, il vous est interdit de supprimer ou de modifier les mentions de droits de propri\u00e9t\u00e9 ou d\u2019attribution dans quelque contenu que ce soit. Vous utiliserez le contenu prot\u00e9g\u00e9 exclusivement \u00e0 vos fins personnelles et vous n\u2019utiliserez pas autrement le contenu sans avoir obtenu par \u00e9crit express\u00e9ment \u00e0 cette fin la permission de harlequinfloors.com et du titulaire des droits d\u2019auteur. Vous convenez de ne pas acqu\u00e9rir de droits de propri\u00e9t\u00e9 \u00e0 l\u2019\u00e9gard de quelque contenu prot\u00e9g\u00e9 que ce soit. Aucune licence, expresse ou implicite, ne vous est accord\u00e9e \u00e0 l\u2019\u00e9gard de la propri\u00e9t\u00e9 intellectuelle de harlequinfloors.com ou de ses conc\u00e9dants de licence, sauf dans la mesure express\u00e9ment autoris\u00e9e par les pr\u00e9sentes modalit\u00e9s.<\/p>\n<p><strong>Indemnisation<\/strong><\/p>\n<p>Vous convenez d\u2019indemniser et de d\u00e9fendre harlequinfloors.com, ses dirigeants, administrateurs, employ\u00e9s, mandataires et tiers, pour les pertes, les frais, les obligations et les d\u00e9penses (incluant les honoraires d\u2019avocat raisonnables) relativement \u00e0 votre utilisation du site ou des services ou \u00e0 votre incapacit\u00e9 \u00e0 le faire, aux publications dont vous \u00eates l\u2019auteur, \u00e0 la violation par vous des modalit\u00e9s de la pr\u00e9sente entente ou \u00e0 la violation par vous des droits d\u2019un tiers ou encore \u00e0 la violation par vous des lois, r\u00e8glements et r\u00e8gles applicables, ou qui en d\u00e9coulent. Harlequinfloors.com se r\u00e9serve le droit d\u2019assumer \u00e0 ses frais la d\u00e9fense exclusive et le contr\u00f4le de toute question dont l\u2019indemnisation vous incombe autrement, auquel cas vous collaborerez avec harlequinfloors.com pour faire valoir les moyens de d\u00e9fense \u00e0 sa disposition. <\/p>\n<p><strong>Exon\u00e9ration de responsabilit\u00e9<\/strong><\/p>\n<p>LES RENSEIGNEMENTS, LOGICIELS, PRODUITS ET SERVICES INCLUS DANS LE SITE OU ACCESSIBLES PAR SON ENTREMISE PEUVENT CONTENIR DES INEXACTITUDES OU DES ERREURS TYPOGRAPHIQUES. DES MODIFICATIONS SONT P\u00c9RIODIQUEMENT APPORT\u00c9ES AUX RENSEIGNEMENTS CONTENUS SUR CE SITE. HARLEQUINFLOORS.COM OU SES FOURNISSEURS PEUVENT APPORTER DES AM\u00c9LIORATIONS OU DES MODIFICATIONS AU SITE.<\/p>\n<p>HARLEQUINFLOORS.COM OU SES FOURNISSEURS NE FONT AUCUNE D\u00c9CLARATION QUANT \u00c0 LA CONVENANCE, \u00c0 LA FIABILIT\u00c9, \u00c0 LA DISPONIBILIT\u00c9, \u00c0 L&rsquo;OPPORTUNIT\u00c9 ET \u00c0 L&rsquo;EXACTITUDE DES RENSEIGNEMENTS, DES LOGICIELS, DES PRODUITS, DES SERVICES ET DU GRAPHISME QUI S\u2019Y RAPPORTE CONTENUS SUR LE SITE \u00c0 QUELQUE FIN QUE CE SOIT. DANS TOUTE LA MESURE PERMISE PAR LES LOIS APPLICABLES, CES RENSEIGNEMENTS, LOGICIELS, PRODUITS, SERVICES ET LE GRAPHISME QUI S\u2019Y RAPPORTE SONT FOURNIS TELS QUELS, SANS GARANTIE NI CONDITION QUELLES QU\u2019ELLES SOIENT. HARLEQUINFLOORS.COM OU SES FOURNISSEURS REJETTENT PAR LES PR\u00c9SENTES TOUTES GARANTIES ET CONDITIONS RELATIVEMENT \u00c0 CES RENSEIGNEMENTS, LOGICIELS, PRODUITS, SERVICES ET AU GRAPHISME QUI S\u2019Y RAPPORTE, Y COMPRIS TOUTES LES GARANTIES OU CONDITIONS IMPLICITES DE QUALIT\u00c9 MARCHANDE, DE CONVENANCE \u00c0 UN USAGE PARTICULIER, DE TITRE ET DE NON-CONTREFA\u00c7ON.<\/p>\n<p>DANS TOUTE LA MESURE PERMISE PAR LES LOIS APPLICABLES, HARLEQUINFLOORS.COM OU SES FOURNISSEURS NE SONT EN AUCUN CAS RESPONSABLES DE DOMMAGES-INT\u00c9R\u00caTS DIRECTS, INDIRECTS, PUNITIFS, ACCESSOIRES, SP\u00c9CIAUX NI DE DOMMAGES-INT\u00c9R\u00caTS QUELS QU\u2019ILS SOIENT, Y COMPRIS, SANS S\u2019Y RESTREINDRE, LES DOMMAGES-INT\u00c9R\u00caTS POUR PERTE D\u2019UTILISATION, DE DONN\u00c9ES OU DE PROFITS, D\u00c9COULANT DE L\u2019UTILISATION OU DU RENDEMENT DU SITE OU EN LIEN AVEC CETTE UTILISATION OU CE RENDEMENT, LE RETARD OU L\u2019INCAPACIT\u00c9 D\u2019UTILISER LE SITE OU LES SERVICES CONNEXES, LA FOURNITURE DES SERVICES OU L\u2019OMISSION DE LE FAIRE OU POUR LES RENSEIGNEMENTS, LOGICIELS, PRODUITS, SERVICES OU LE GRAPHISME QUI S\u2019Y RAPPORTE OBTENUS PAR L\u2019ENTREMISE DU SITE OU D\u00c9COULANT AUTREMENT DE L\u2019UTILISATION DU SITE, QUE CES DOMMAGES-INT\u00c9R\u00caTS SOIENT FOND\u00c9S SUR LA RESPONSABILIT\u00c9 CONTRACTUELLE, LA RESPONSABILIT\u00c9 D\u00c9LICTUELLE, LA N\u00c9GLIGENCE, LA RESPONSABILIT\u00c9 STRICTE OU AUTREMENT, M\u00caME SI HARLEQUINFLOORS.COM OU L\u2019UN DE SES FOURNISSEURS A \u00c9T\u00c9 AVIS\u00c9 DE LA POSSIBILIT\u00c9 DE DOMMAGES-INT\u00c9R\u00caTS. EN RAISON DU FAIT QUE CERTAINS \u00c9TATS OU TERRITOIRES NE PERMETTENT PAS L\u2019EXCLUSION OU LA LIMITATION DE RESPONSABILIT\u00c9 \u00c0 L\u2019\u00c9GARD DE DOMMAGES-INT\u00c9R\u00caTS INDIRECTS OU ACCESSOIRES, LA LIMITATION QUI PR\u00c9C\u00c8DE PEUT NE PAS S\u2019APPLIQUER \u00c0 VOUS. EN CAS D\u2019INSATISFACTION \u00c0 L\u2019\u00c9GARD D\u2019UNE PARTIE DU SITE OU DE L\u2019UNE DES PR\u00c9SENTES MODALIT\u00c9S D\u2019UTILISATION, VOTRE SEUL ET UNIQUE RECOURS CONSISTE \u00c0 CESSER D\u2019UTILISER LE SITE.<\/p>\n<p><strong>Fin de l\u2019utilisation et restriction d\u2019acc\u00e8s<\/strong><\/p>\n<p>Harlequinfloors.com se r\u00e9serve le droit, \u00e0 sa seule discr\u00e9tion, de mettre fin \u00e0 votre acc\u00e8s au site et aux services connexes ou \u00e0 toute portion de ceux-ci, et ce, en tout temps et sans avis. Dans toute la mesure permise par la loi, la pr\u00e9sente entente est r\u00e9gie par les lois de l\u2019\u00c9tat du New Jersey et vous consentez par les pr\u00e9sentes \u00e0 la comp\u00e9tence d\u2019attribution et \u00e0 la comp\u00e9tence territoriale exclusives des tribunaux du New Jersey pour tous les diff\u00e9rends d\u00e9coulant de l\u2019utilisation du site ou s\u2019y rapportant. L\u2019utilisation du site n\u2019est pas autoris\u00e9e dans un territoire qui ne donne pas effet \u00e0 toutes les dispositions des pr\u00e9sentes modalit\u00e9s, y compris, sans s\u2019y restreindre, la pr\u00e9sente section.<\/p>\n<p>Vous reconnaissez que la pr\u00e9sente entente ou l\u2019utilisation du site ne cr\u00e9e pas de relation de coentreprise, de partenariat, d\u2019emploi ou de mandat entre vous et harlequinfloors.com. L\u2019application de la pr\u00e9sente entente par harlequinfloors.com est assujettie aux lois et aux processus juridiques existants et aucune disposition de la pr\u00e9sente entente ne d\u00e9roge au droit de harlequinfloors.com de se conformer aux demandes et aux exigences du gouvernement, d\u2019un tribunal, d\u2019une autorit\u00e9 d\u2019ex\u00e9cution de la loi concernant votre utilisation du site ou les renseignements fournis \u00e0 harlequinfloors.com ou recueillis par lui \u00e0 l\u2019\u00e9gard de cette utilisation. Si une partie de la pr\u00e9sente entente est d\u00e9clar\u00e9e invalide ou non ex\u00e9cutoire en vertu d\u2019une loi applicable, y compris, sans s\u2019y restreindre, les exon\u00e9rations de garanties et les limitations de responsabilit\u00e9 \u00e9nonc\u00e9es ci-dessus, la disposition invalide ou non ex\u00e9cutoire sera alors r\u00e9put\u00e9e et remplac\u00e9e par une disposition valide et ex\u00e9cutoire qui correspond le plus \u00e0 l\u2019intention de la disposition originale et les autres dispositions de l\u2019entente continuent d\u2019\u00eatre en vigueur.<\/p>\n<p>\u00c0 moins d\u2019une disposition expresse contraire, la pr\u00e9sente entente constitue l\u2019accord complet entre l\u2019utilisateur et harlequinfloors.com en ce qui concerne le site et elle remplace toutes les communications et propositions ant\u00e9rieures ou contemporaines, qu\u2019elles soient \u00e9lectroniques, orales ou \u00e9crites, entre l\u2019utilisateur et harlequinfloors.com relativement au site. La version imprim\u00e9e de la pr\u00e9sente entente et de tout avis donn\u00e9 sous forme \u00e9lectronique est admissible dans le cadre d\u2019une instance judiciaire ou administrative fond\u00e9e sur la pr\u00e9sente entente ou s\u2019y rapportant dans la m\u00eame mesure et sous r\u00e9serve des m\u00eames conditions que d\u2019autres documents et registres commerciaux \u00e9labor\u00e9s \u00e0 l\u2019origine et conserv\u00e9s sous forme imprim\u00e9e. Les parties ont express\u00e9ment demand\u00e9 que la pr\u00e9sente entente et tous les documents connexes soient r\u00e9dig\u00e9s en anglais.<\/p>\n<p><strong>Modification des modalit\u00e9s<\/strong><\/p>\n<p>Harlequinfloors.com se r\u00e9serve le droit, \u00e0 sa seule discr\u00e9tion, de modifier les modalit\u00e9s en vertu desquelles le site harlequinfloors.com est offert. La version la plus r\u00e9cente des modalit\u00e9s remplacera toutes les versions ant\u00e9rieures. Harlequinfloors.com vous incite \u00e0 consulter les modalit\u00e9s \u00e0 intervalles r\u00e9guliers pour demeurer au courant de leur mise \u00e0 jour.<\/p>\n","protected":false},"excerpt":{"rendered":"<p>Modalit\u00e9s d\u2019utilisation Entente entre l\u2019utilisateur et www.harlequinfloors.com Soyez le bienvenu \u00e0 harlequinfloors.com. Le site Web harlequinfloors.com (le \u00ab\u00a0site\u00a0\u00bb) comprend diverses&#8230;<\/p>\n<p><a class=\"btn btn-primary btn-an harlequin-read-more-link\" href=\"https:\/\/us.harlequinfloors.com\/fr\/modalites\/\">En savoir plus<\/a><\/p>\n","protected":false},"author":1,"featured_media":0,"parent":0,"menu_order":0,"comment_status":"closed","ping_status":"closed","template":"","meta":{"_acf_changed":false,"_monsterinsights_skip_tracking":false,"_monsterinsights_sitenote_active":false,"_monsterinsights_sitenote_note":"","_monsterinsights_sitenote_category":0,"footnotes":"","_links_to":"","_links_to_target":""},"class_list":["post-6015","page","type-page","status-publish","hentry"],"acf":[],"yoast_head":"<!-- This site is optimized with the Yoast SEO Premium plugin v26.1 (Yoast SEO v27.3) - https:\/\/yoast.com\/product\/yoast-seo-premium-wordpress\/ -->\n<title>Modalit\u00e9s | Harlequin Floors<\/title>\n<meta name=\"robots\" content=\"index, follow, max-snippet:-1, max-image-preview:large, max-video-preview:-1\" \/>\n<link rel=\"canonical\" href=\"https:\/\/us.harlequinfloors.com\/fr\/modalites\/\" \/>\n<meta property=\"og:locale\" content=\"fr_FR\" \/>\n<meta property=\"og:type\" content=\"article\" \/>\n<meta property=\"og:title\" content=\"Modalit\u00e9s\" \/>\n<meta property=\"og:description\" content=\"Modalit\u00e9s d\u2019utilisation Entente entre l\u2019utilisateur et www.harlequinfloors.com Soyez le bienvenu \u00e0 harlequinfloors.com. Le site Web harlequinfloors.com (le \u00ab\u00a0site\u00a0\u00bb) comprend diverses...En savoir plus\" \/>\n<meta property=\"og:url\" content=\"https:\/\/us.harlequinfloors.com\/fr\/modalites\/\" \/>\n<meta property=\"og:site_name\" content=\"Harlequin Floors\" \/>\n<meta property=\"article:publisher\" content=\"https:\/\/www.facebook.com\/americanharlequinfloors\" \/>\n<meta name=\"twitter:card\" content=\"summary_large_image\" \/>\n<meta name=\"twitter:label1\" content=\"Dur\u00e9e de lecture estim\u00e9e\" \/>\n\t<meta name=\"twitter:data1\" content=\"10 minutes\" \/>\n<script type=\"application\/ld+json\" class=\"yoast-schema-graph\">{\"@context\":\"https:\\\/\\\/schema.org\",\"@graph\":[{\"@type\":\"WebPage\",\"@id\":\"https:\\\/\\\/us.harlequinfloors.com\\\/fr\\\/modalites\\\/\",\"url\":\"https:\\\/\\\/us.harlequinfloors.com\\\/fr\\\/modalites\\\/\",\"name\":\"Modalit\u00e9s | Harlequin Floors\",\"isPartOf\":{\"@id\":\"https:\\\/\\\/us.harlequinfloors.com\\\/fr\\\/#website\"},\"datePublished\":\"2016-01-25T20:41:32+00:00\",\"breadcrumb\":{\"@id\":\"https:\\\/\\\/us.harlequinfloors.com\\\/fr\\\/modalites\\\/#breadcrumb\"},\"inLanguage\":\"fr-FR\",\"potentialAction\":[{\"@type\":\"ReadAction\",\"target\":[\"https:\\\/\\\/us.harlequinfloors.com\\\/fr\\\/modalites\\\/\"]}]},{\"@type\":\"BreadcrumbList\",\"@id\":\"https:\\\/\\\/us.harlequinfloors.com\\\/fr\\\/modalites\\\/#breadcrumb\",\"itemListElement\":[{\"@type\":\"ListItem\",\"position\":1,\"name\":\"Home\",\"item\":\"https:\\\/\\\/us.harlequinfloors.com\\\/fr\\\/\"},{\"@type\":\"ListItem\",\"position\":2,\"name\":\"Modalit\u00e9s\"}]},{\"@type\":\"WebSite\",\"@id\":\"https:\\\/\\\/us.harlequinfloors.com\\\/fr\\\/#website\",\"url\":\"https:\\\/\\\/us.harlequinfloors.com\\\/fr\\\/\",\"name\":\"Harlequin Floors\",\"description\":\"The World Dances sur les planchers et tapis de danse Harlequin Floors\",\"potentialAction\":[{\"@type\":\"SearchAction\",\"target\":{\"@type\":\"EntryPoint\",\"urlTemplate\":\"https:\\\/\\\/us.harlequinfloors.com\\\/fr\\\/?s={search_term_string}\"},\"query-input\":{\"@type\":\"PropertyValueSpecification\",\"valueRequired\":true,\"valueName\":\"search_term_string\"}}],\"inLanguage\":\"fr-FR\"}]}<\/script>\n<!-- \/ Yoast SEO Premium plugin. -->","yoast_head_json":{"title":"Modalit\u00e9s | Harlequin Floors","robots":{"index":"index","follow":"follow","max-snippet":"max-snippet:-1","max-image-preview":"max-image-preview:large","max-video-preview":"max-video-preview:-1"},"canonical":"https:\/\/us.harlequinfloors.com\/fr\/modalites\/","og_locale":"fr_FR","og_type":"article","og_title":"Modalit\u00e9s","og_description":"Modalit\u00e9s d\u2019utilisation Entente entre l\u2019utilisateur et www.harlequinfloors.com Soyez le bienvenu \u00e0 harlequinfloors.com. Le site Web harlequinfloors.com (le \u00ab\u00a0site\u00a0\u00bb) comprend diverses...En savoir plus","og_url":"https:\/\/us.harlequinfloors.com\/fr\/modalites\/","og_site_name":"Harlequin Floors","article_publisher":"https:\/\/www.facebook.com\/americanharlequinfloors","twitter_card":"summary_large_image","twitter_misc":{"Dur\u00e9e de lecture estim\u00e9e":"10 minutes"},"schema":{"@context":"https:\/\/schema.org","@graph":[{"@type":"WebPage","@id":"https:\/\/us.harlequinfloors.com\/fr\/modalites\/","url":"https:\/\/us.harlequinfloors.com\/fr\/modalites\/","name":"Modalit\u00e9s | Harlequin Floors","isPartOf":{"@id":"https:\/\/us.harlequinfloors.com\/fr\/#website"},"datePublished":"2016-01-25T20:41:32+00:00","breadcrumb":{"@id":"https:\/\/us.harlequinfloors.com\/fr\/modalites\/#breadcrumb"},"inLanguage":"fr-FR","potentialAction":[{"@type":"ReadAction","target":["https:\/\/us.harlequinfloors.com\/fr\/modalites\/"]}]},{"@type":"BreadcrumbList","@id":"https:\/\/us.harlequinfloors.com\/fr\/modalites\/#breadcrumb","itemListElement":[{"@type":"ListItem","position":1,"name":"Home","item":"https:\/\/us.harlequinfloors.com\/fr\/"},{"@type":"ListItem","position":2,"name":"Modalit\u00e9s"}]},{"@type":"WebSite","@id":"https:\/\/us.harlequinfloors.com\/fr\/#website","url":"https:\/\/us.harlequinfloors.com\/fr\/","name":"Harlequin Floors","description":"The World Dances sur les planchers et tapis de danse Harlequin Floors","potentialAction":[{"@type":"SearchAction","target":{"@type":"EntryPoint","urlTemplate":"https:\/\/us.harlequinfloors.com\/fr\/?s={search_term_string}"},"query-input":{"@type":"PropertyValueSpecification","valueRequired":true,"valueName":"search_term_string"}}],"inLanguage":"fr-FR"}]}},"publishpress_future_action":{"enabled":false,"date":"2026-04-26 15:39:09","action":"change-status","newStatus":"draft","terms":[],"taxonomy":"translation_priority","extraData":[]},"publishpress_future_workflow_manual_trigger":{"enabledWorkflows":[]},"_links":{"self":[{"href":"https:\/\/us.harlequinfloors.com\/fr\/wp-json\/wp\/v2\/pages\/6015","targetHints":{"allow":["GET"]}}],"collection":[{"href":"https:\/\/us.harlequinfloors.com\/fr\/wp-json\/wp\/v2\/pages"}],"about":[{"href":"https:\/\/us.harlequinfloors.com\/fr\/wp-json\/wp\/v2\/types\/page"}],"author":[{"embeddable":true,"href":"https:\/\/us.harlequinfloors.com\/fr\/wp-json\/wp\/v2\/users\/1"}],"replies":[{"embeddable":true,"href":"https:\/\/us.harlequinfloors.com\/fr\/wp-json\/wp\/v2\/comments?post=6015"}],"version-history":[{"count":0,"href":"https:\/\/us.harlequinfloors.com\/fr\/wp-json\/wp\/v2\/pages\/6015\/revisions"}],"wp:attachment":[{"href":"https:\/\/us.harlequinfloors.com\/fr\/wp-json\/wp\/v2\/media?parent=6015"}],"curies":[{"name":"wp","href":"https:\/\/api.w.org\/{rel}","templated":true}]}}