{"id":6017,"date":"2016-01-22T21:37:49","date_gmt":"2016-01-23T02:37:49","guid":{"rendered":"https:\/\/harlequinfloor.wpengine.com\/service-dinstallation-de-harlequin\/"},"modified":"2025-07-31T03:06:40","modified_gmt":"2025-07-31T07:06:40","slug":"harlequin-installation-service","status":"publish","type":"page","link":"https:\/\/us.harlequinfloors.com\/fr\/harlequin-installation-service\/","title":{"rendered":"Service d&rsquo;installation Harlequin"},"content":{"rendered":"\n<p>Les planchers de danse professionnels Harlequin, les tapis de danse et les barres de danse peuvent \u00eatre pos\u00e9s par nos \u00e9quipes techniques expertes afin de garantir que votre nouveau plancher de danse ou de sc\u00e8ne et vos barres de danse sont correctement install\u00e9s et enti\u00e8rement conformes aux normes et r\u00e9glementations en vigueur.<\/p>\n\n<ul class=\"wp-block-list\">\n<li>Les planchers de danse Harlequin <a href=\"https:\/\/%C2%AE\">Liberty<\/a><sup>Switch\u00ae<\/sup>, <a href=\"https:\/\/us.harlequinfloors.com\/fr\/floors\/harlequin-activity-3\/\">Harlequin<\/a><sup>Activity\u00ae<\/sup> et <a href=\"https:\/\/us.harlequinfloors.com\/fr\/floors\/harlequin-woodspring\/\">Harlequin<\/a><sup>WoodSpring\u00ae<\/sup> sont des exclusivit\u00e9s Harlequin et ne peuvent \u00eatre install\u00e9s que par la Division Contrats de Harlequin.<\/li>\n\n\n\n<li><a href=\"https:\/\/us.harlequinfloors.com\/fr\/floors\/harlequin-liberty-latchloc\/\">Harlequin Liberty<\/a><sup>LatchLoc\u00ae<\/sup> et <a href=\"https:\/\/us.harlequinfloors.com\/fr\/floors\/harlequin-liberty-hd\/\"><sup>LatchLoc\u00ae<\/sup> HD<\/a> sont des syst\u00e8mes de panneaux modulaires dont la mise en \u0153uvre est recommand\u00e9e par les installateurs certifi\u00e9s Harlequin, mais qui peuvent \u00eatre install\u00e9s par vos soins.<\/li>\n\n\n\n<li><a href=\"https:\/\/us.harlequinfloors.com\/fr\/floors\/harlequin-flexity\/\">Harlequin Flexity\u2122<\/a>est con\u00e7u pour \u00eatre un tapis de danse auto-install\u00e9, mais nous pouvons l&rsquo;installer pour vous si n\u00e9cessaire.<\/li>\n\n\n\n<li>En plus de l&rsquo;installation standard de tapis de danse, Harlequin propose des services de construction et de r\u00e9novation de sc\u00e8nes pour concevoir, construire et installer des sols de sc\u00e8ne pour une vari\u00e9t\u00e9 d&rsquo;utilisations dans tous les types de lieux.<\/li>\n<\/ul>\n\n<hr class=\"wp-block-separator has-css-opacity\"\/>\n\n<h5 class=\"wp-block-heading\" id=\"h-installation-service-includes\">Le service d&rsquo;installation comprend<\/h5>\n\n<ul class=\"wp-block-list\">\n<li>Des conseils initiaux pour s\u00e9lectionner le plancher de performance le plus appropri\u00e9 \u00e0 vos besoins.<\/li>\n\n\n\n<li>Conception de planchers adapt\u00e9s aux espaces existants et aux transformations.<\/li>\n\n\n\n<li>Conception de planchers pour une nouvelle construction selon les plans de l&rsquo;architecte.<\/li>\n\n\n\n<li>Fourniture et pose de sols et d&rsquo;accessoires.<\/li>\n\n\n\n<li>Installation permanente et sans joints (soudure \u00e0 chaud) de sols en vinyle marley.<\/li>\n\n\n\n<li>L&rsquo;\u00e9quipe d&rsquo;installation Harlequin respecte le calendrier de votre programme de construction.<\/li>\n\n\n\n<li>Gestion du projet pendant toute sa dur\u00e9e.<\/li>\n\n\n\n<li>Des barres de ballet seront install\u00e9es de mani\u00e8re permanente en m\u00eame temps qu&rsquo;un tapis de danse Harlequin.<\/li>\n\n\n\n<li>Garantie inconditionnelle contre les d\u00e9fauts de fabrication.<\/li>\n<\/ul>\n\n<hr class=\"wp-block-separator has-css-opacity\"\/>\n\n<h5 class=\"wp-block-heading\" id=\"h-selection-of-customers\">S\u00c9LECTION DES CLIENTS<\/h5>\n\n<ul class=\"wp-block-list\">\n<li>Ballet Austin<\/li>\n\n\n\n<li>Ballet de Boston<\/li>\n\n\n\n<li><a href=\"https:\/\/us.harlequinfloors.com\/en\/harlequin-revamps-dance-studio-at-torontos-canadian-opera-company\/\">Compagnie d&rsquo;op\u00e9ra canadienne<\/a><\/li>\n\n\n\n<li><a href=\"https:\/\/us.harlequinfloors.com\/en\/church-stages-are-ready-for-live-performances-with-harlequin-floors\/\">\u00c9glise Crosswalk<\/a><\/li>\n\n\n\n<li>Universit\u00e9 de Duke<\/li>\n\n\n\n<li><a href=\"https:\/\/us.harlequinfloors.com\/fr\/projects\/frank-collymore-hall\/\">Frank Collymore Hall<\/a><\/li>\n\n\n\n<li><a href=\"https:\/\/us.harlequinfloors.com\/fr\/projects\/glorya-kaufman-performing-arts-center\/\">Centre des arts de la sc\u00e8ne Glorya Kaufman<\/a><\/li>\n\n\n\n<li>Universit\u00e9 de Harvard<\/li>\n\n\n\n<li><a href=\"https:\/\/us.harlequinfloors.com\/en\/projects\/harlequin-floors-assists-with-recovery-in-aftermath-of-disaster\/\">Ballet de Houston<\/a><\/li>\n\n\n\n<li><a href=\"https:\/\/us.harlequinfloors.com\/fr\/projects\/kennesaw-state-university\/\">Universit\u00e9 de l&rsquo;\u00c9tat de Kennesaw<\/a><\/li>\n\n\n\n<li><a href=\"https:\/\/us.harlequinfloors.com\/fr\/projects\/royal-caribbean-production-studio\/\">Studio de production Royal Caribbean<\/a><\/li>\n\n\n\n<li>Universit\u00e9 de Slippery Rock<\/li>\n\n\n\n<li>Centre Straz pour les arts de la sc\u00e8ne<\/li>\n\n\n\n<li><a href=\"https:\/\/us.harlequinfloors.com\/en\/projects\/usc-glorya-kaufman-school-dance\/\">\u00c9cole de danse Glorya Kaufman de l&rsquo;USC<\/a><\/li>\n<\/ul>\n\n<p>La division Contrats d&rsquo;American Harlequin g\u00e8re les installations pour toute l&rsquo;Am\u00e9rique du Nord, y compris les Etats-Unis et le Canada, ainsi que l&rsquo;Am\u00e9rique du Sud et les Cara\u00efbes. Pour plus d&rsquo;informations sur les services d&rsquo;installation de Harlequin, veuillez <a href=\"https:\/\/us.harlequinfloors.com\/fr\/contact\/\">nous contacter.<\/a> <\/p>\n","protected":false},"excerpt":{"rendered":"<p>Les planchers de danse professionnels Harlequin, les tapis de danse et les barres de danse peuvent \u00eatre pos\u00e9s par nos&#8230;<\/p>\n<p><a class=\"btn btn-primary btn-an harlequin-read-more-link\" href=\"https:\/\/us.harlequinfloors.com\/fr\/harlequin-installation-service\/\">En savoir plus<\/a><\/p>\n","protected":false},"author":1,"featured_media":36951,"parent":0,"menu_order":0,"comment_status":"closed","ping_status":"closed","template":"","meta":{"_acf_changed":false,"_monsterinsights_skip_tracking":false,"_monsterinsights_sitenote_active":false,"_monsterinsights_sitenote_note":"","_monsterinsights_sitenote_category":0,"footnotes":"","_links_to":"","_links_to_target":""},"class_list":["post-6017","page","type-page","status-publish","has-post-thumbnail","hentry"],"acf":[],"yoast_head":"<!-- This site is optimized with the Yoast SEO Premium plugin v26.1 (Yoast SEO v27.3) - https:\/\/yoast.com\/product\/yoast-seo-premium-wordpress\/ -->\n<title>Services d&#039;installation d&#039;Harlequin par des experts<\/title>\n<meta name=\"description\" content=\"Nous fournissons une installation experte pour les planchers de danse et les barres de ballet en vinyle et \u00e0 ressorts. Contactez-nous pour plus d&#039;informations sur nos produits et nos services d&#039;installation.\" \/>\n<meta name=\"robots\" content=\"index, follow, max-snippet:-1, max-image-preview:large, max-video-preview:-1\" \/>\n<link rel=\"canonical\" href=\"https:\/\/us.harlequinfloors.com\/fr\/harlequin-installation-service\/\" \/>\n<meta property=\"og:locale\" content=\"fr_FR\" \/>\n<meta property=\"og:type\" content=\"article\" \/>\n<meta property=\"og:title\" content=\"Service d&#039;installation Harlequin\" \/>\n<meta property=\"og:description\" content=\"Nous fournissons une installation experte pour les planchers de danse et les barres de ballet en vinyle et \u00e0 ressorts. Contactez-nous pour plus d&#039;informations sur nos produits et nos services d&#039;installation.\" \/>\n<meta property=\"og:url\" content=\"https:\/\/us.harlequinfloors.com\/fr\/harlequin-installation-service\/\" \/>\n<meta property=\"og:site_name\" content=\"Harlequin Floors\" \/>\n<meta property=\"article:publisher\" content=\"https:\/\/www.facebook.com\/americanharlequinfloors\" \/>\n<meta property=\"article:modified_time\" content=\"2025-07-31T07:06:40+00:00\" \/>\n<meta property=\"og:image\" content=\"https:\/\/us.harlequinfloors.com\/wp-content\/uploads\/2021\/06\/installation-banner-1110x650-1.jpg\" \/>\n\t<meta property=\"og:image:width\" content=\"1110\" \/>\n\t<meta property=\"og:image:height\" content=\"600\" \/>\n\t<meta property=\"og:image:type\" content=\"image\/jpeg\" \/>\n<meta name=\"twitter:card\" content=\"summary_large_image\" \/>\n<meta name=\"twitter:label1\" content=\"Dur\u00e9e de lecture estim\u00e9e\" \/>\n\t<meta name=\"twitter:data1\" content=\"1 minute\" \/>\n<script type=\"application\/ld+json\" class=\"yoast-schema-graph\">{\"@context\":\"https:\\\/\\\/schema.org\",\"@graph\":[{\"@type\":\"WebPage\",\"@id\":\"https:\\\/\\\/us.harlequinfloors.com\\\/fr\\\/harlequin-installation-service\\\/\",\"url\":\"https:\\\/\\\/us.harlequinfloors.com\\\/fr\\\/harlequin-installation-service\\\/\",\"name\":\"Services d'installation d'Harlequin par des experts\",\"isPartOf\":{\"@id\":\"https:\\\/\\\/us.harlequinfloors.com\\\/fr\\\/#website\"},\"primaryImageOfPage\":{\"@id\":\"https:\\\/\\\/us.harlequinfloors.com\\\/fr\\\/harlequin-installation-service\\\/#primaryimage\"},\"image\":{\"@id\":\"https:\\\/\\\/us.harlequinfloors.com\\\/fr\\\/harlequin-installation-service\\\/#primaryimage\"},\"thumbnailUrl\":\"https:\\\/\\\/us.harlequinfloors.com\\\/wp-content\\\/uploads\\\/2021\\\/06\\\/installation-banner-1110x650-1.jpg\",\"datePublished\":\"2016-01-23T02:37:49+00:00\",\"dateModified\":\"2025-07-31T07:06:40+00:00\",\"description\":\"Nous fournissons une installation experte pour les planchers de danse et les barres de ballet en vinyle et \u00e0 ressorts. Contactez-nous pour plus d'informations sur nos produits et nos services d'installation.\",\"breadcrumb\":{\"@id\":\"https:\\\/\\\/us.harlequinfloors.com\\\/fr\\\/harlequin-installation-service\\\/#breadcrumb\"},\"inLanguage\":\"fr-FR\",\"potentialAction\":[{\"@type\":\"ReadAction\",\"target\":[\"https:\\\/\\\/us.harlequinfloors.com\\\/fr\\\/harlequin-installation-service\\\/\"]}]},{\"@type\":\"ImageObject\",\"inLanguage\":\"fr-FR\",\"@id\":\"https:\\\/\\\/us.harlequinfloors.com\\\/fr\\\/harlequin-installation-service\\\/#primaryimage\",\"url\":\"https:\\\/\\\/us.harlequinfloors.com\\\/wp-content\\\/uploads\\\/2021\\\/06\\\/installation-banner-1110x650-1.jpg\",\"contentUrl\":\"https:\\\/\\\/us.harlequinfloors.com\\\/wp-content\\\/uploads\\\/2021\\\/06\\\/installation-banner-1110x650-1.jpg\",\"width\":1110,\"height\":600,\"caption\":\"Floor for Dance Studio\"},{\"@type\":\"BreadcrumbList\",\"@id\":\"https:\\\/\\\/us.harlequinfloors.com\\\/fr\\\/harlequin-installation-service\\\/#breadcrumb\",\"itemListElement\":[{\"@type\":\"ListItem\",\"position\":1,\"name\":\"Home\",\"item\":\"https:\\\/\\\/us.harlequinfloors.com\\\/fr\\\/\"},{\"@type\":\"ListItem\",\"position\":2,\"name\":\"Service d&rsquo;installation Harlequin\"}]},{\"@type\":\"WebSite\",\"@id\":\"https:\\\/\\\/us.harlequinfloors.com\\\/fr\\\/#website\",\"url\":\"https:\\\/\\\/us.harlequinfloors.com\\\/fr\\\/\",\"name\":\"Harlequin Floors\",\"description\":\"The World Dances sur les planchers et tapis de danse Harlequin Floors\",\"potentialAction\":[{\"@type\":\"SearchAction\",\"target\":{\"@type\":\"EntryPoint\",\"urlTemplate\":\"https:\\\/\\\/us.harlequinfloors.com\\\/fr\\\/?s={search_term_string}\"},\"query-input\":{\"@type\":\"PropertyValueSpecification\",\"valueRequired\":true,\"valueName\":\"search_term_string\"}}],\"inLanguage\":\"fr-FR\"}]}<\/script>\n<!-- \/ Yoast SEO Premium plugin. -->","yoast_head_json":{"title":"Services d'installation d'Harlequin par des experts","description":"Nous fournissons une installation experte pour les planchers de danse et les barres de ballet en vinyle et \u00e0 ressorts. Contactez-nous pour plus d'informations sur nos produits et nos services d'installation.","robots":{"index":"index","follow":"follow","max-snippet":"max-snippet:-1","max-image-preview":"max-image-preview:large","max-video-preview":"max-video-preview:-1"},"canonical":"https:\/\/us.harlequinfloors.com\/fr\/harlequin-installation-service\/","og_locale":"fr_FR","og_type":"article","og_title":"Service d'installation Harlequin","og_description":"Nous fournissons une installation experte pour les planchers de danse et les barres de ballet en vinyle et \u00e0 ressorts. Contactez-nous pour plus d'informations sur nos produits et nos services d'installation.","og_url":"https:\/\/us.harlequinfloors.com\/fr\/harlequin-installation-service\/","og_site_name":"Harlequin Floors","article_publisher":"https:\/\/www.facebook.com\/americanharlequinfloors","article_modified_time":"2025-07-31T07:06:40+00:00","og_image":[{"width":1110,"height":600,"url":"https:\/\/us.harlequinfloors.com\/wp-content\/uploads\/2021\/06\/installation-banner-1110x650-1.jpg","type":"image\/jpeg"}],"twitter_card":"summary_large_image","twitter_misc":{"Dur\u00e9e de lecture estim\u00e9e":"1 minute"},"schema":{"@context":"https:\/\/schema.org","@graph":[{"@type":"WebPage","@id":"https:\/\/us.harlequinfloors.com\/fr\/harlequin-installation-service\/","url":"https:\/\/us.harlequinfloors.com\/fr\/harlequin-installation-service\/","name":"Services d'installation d'Harlequin par des experts","isPartOf":{"@id":"https:\/\/us.harlequinfloors.com\/fr\/#website"},"primaryImageOfPage":{"@id":"https:\/\/us.harlequinfloors.com\/fr\/harlequin-installation-service\/#primaryimage"},"image":{"@id":"https:\/\/us.harlequinfloors.com\/fr\/harlequin-installation-service\/#primaryimage"},"thumbnailUrl":"https:\/\/us.harlequinfloors.com\/wp-content\/uploads\/2021\/06\/installation-banner-1110x650-1.jpg","datePublished":"2016-01-23T02:37:49+00:00","dateModified":"2025-07-31T07:06:40+00:00","description":"Nous fournissons une installation experte pour les planchers de danse et les barres de ballet en vinyle et \u00e0 ressorts. Contactez-nous pour plus d'informations sur nos produits et nos services d'installation.","breadcrumb":{"@id":"https:\/\/us.harlequinfloors.com\/fr\/harlequin-installation-service\/#breadcrumb"},"inLanguage":"fr-FR","potentialAction":[{"@type":"ReadAction","target":["https:\/\/us.harlequinfloors.com\/fr\/harlequin-installation-service\/"]}]},{"@type":"ImageObject","inLanguage":"fr-FR","@id":"https:\/\/us.harlequinfloors.com\/fr\/harlequin-installation-service\/#primaryimage","url":"https:\/\/us.harlequinfloors.com\/wp-content\/uploads\/2021\/06\/installation-banner-1110x650-1.jpg","contentUrl":"https:\/\/us.harlequinfloors.com\/wp-content\/uploads\/2021\/06\/installation-banner-1110x650-1.jpg","width":1110,"height":600,"caption":"Floor for Dance Studio"},{"@type":"BreadcrumbList","@id":"https:\/\/us.harlequinfloors.com\/fr\/harlequin-installation-service\/#breadcrumb","itemListElement":[{"@type":"ListItem","position":1,"name":"Home","item":"https:\/\/us.harlequinfloors.com\/fr\/"},{"@type":"ListItem","position":2,"name":"Service d&rsquo;installation Harlequin"}]},{"@type":"WebSite","@id":"https:\/\/us.harlequinfloors.com\/fr\/#website","url":"https:\/\/us.harlequinfloors.com\/fr\/","name":"Harlequin Floors","description":"The World Dances sur les planchers et tapis de danse Harlequin Floors","potentialAction":[{"@type":"SearchAction","target":{"@type":"EntryPoint","urlTemplate":"https:\/\/us.harlequinfloors.com\/fr\/?s={search_term_string}"},"query-input":{"@type":"PropertyValueSpecification","valueRequired":true,"valueName":"search_term_string"}}],"inLanguage":"fr-FR"}]}},"publishpress_future_action":{"enabled":false,"date":"2026-04-13 05:00:05","action":"change-status","newStatus":"draft","terms":[],"taxonomy":"translation_priority","extraData":[]},"publishpress_future_workflow_manual_trigger":{"enabledWorkflows":[]},"_links":{"self":[{"href":"https:\/\/us.harlequinfloors.com\/fr\/wp-json\/wp\/v2\/pages\/6017","targetHints":{"allow":["GET"]}}],"collection":[{"href":"https:\/\/us.harlequinfloors.com\/fr\/wp-json\/wp\/v2\/pages"}],"about":[{"href":"https:\/\/us.harlequinfloors.com\/fr\/wp-json\/wp\/v2\/types\/page"}],"author":[{"embeddable":true,"href":"https:\/\/us.harlequinfloors.com\/fr\/wp-json\/wp\/v2\/users\/1"}],"replies":[{"embeddable":true,"href":"https:\/\/us.harlequinfloors.com\/fr\/wp-json\/wp\/v2\/comments?post=6017"}],"version-history":[{"count":4,"href":"https:\/\/us.harlequinfloors.com\/fr\/wp-json\/wp\/v2\/pages\/6017\/revisions"}],"predecessor-version":[{"id":66532,"href":"https:\/\/us.harlequinfloors.com\/fr\/wp-json\/wp\/v2\/pages\/6017\/revisions\/66532"}],"wp:featuredmedia":[{"embeddable":true,"href":"https:\/\/us.harlequinfloors.com\/fr\/wp-json\/wp\/v2\/media\/36951"}],"wp:attachment":[{"href":"https:\/\/us.harlequinfloors.com\/fr\/wp-json\/wp\/v2\/media?parent=6017"}],"curies":[{"name":"wp","href":"https:\/\/api.w.org\/{rel}","templated":true}]}}