{"id":7223,"date":"2017-06-12T15:50:47","date_gmt":"2017-06-12T19:50:47","guid":{"rendered":"https:\/\/harlequinfloor.wpengine.com\/?page_id=7223\/"},"modified":"2025-07-31T03:19:18","modified_gmt":"2025-07-31T07:19:18","slug":"barres-de-danse-portables","status":"publish","type":"page","link":"https:\/\/us.harlequinfloors.com\/fr\/home-studio\/barres-de-danse-portables\/","title":{"rendered":"BARRES DE BALLET AUTOPORTANTES"},"content":{"rendered":"<p class=\"p1\">De qualit\u00e9 professionnelle, chaque <strong>barre de danse autoportante<\/strong> Harlequin est l\u00e9g\u00e8re et portable, tout en \u00e9tant extr\u00eamement stable. Elle est fabriqu\u00e9e en aluminium anodis\u00e9 avec une finition lisse et argent\u00e9e. Disponible avec votre choix de barres en aluminium ou en \u00e9rable.  <\/p>\n<ul>\n<li class=\"li1\">Pieds r\u00e9glables pour une meilleure stabilit\u00e9 sur un sol irr\u00e9gulier<\/li>\n<li class=\"li1\">Nombreuses possibilit\u00e9s de configuration \u00e0 l&rsquo;aide de composants suppl\u00e9mentaires (par exemple, ligne continue, forme en L, etc.)<\/li>\n<li>Longueurs de barre disponibles &#8211; 52&Prime;, 72&Prime;, 144&Prime;.<\/li>\n<\/ul>\n<p><a href=\"https:\/\/us.harlequinfloors.com\/fr\/product_category\/barres-de-danse\/\">En savoir plus<\/a><\/p>\n","protected":false},"excerpt":{"rendered":"<p>De qualit\u00e9 professionnelle, chaque barre de danse autoportante Harlequin est l\u00e9g\u00e8re et portable, tout en \u00e9tant extr\u00eamement stable. Elle est&#8230;<\/p>\n<p><a class=\"btn btn-primary btn-an harlequin-read-more-link\" href=\"https:\/\/us.harlequinfloors.com\/fr\/home-studio\/barres-de-danse-portables\/\">En savoir plus<\/a><\/p>\n","protected":false},"author":1,"featured_media":7212,"parent":5694,"menu_order":5,"comment_status":"closed","ping_status":"closed","template":"","meta":{"_acf_changed":false,"_monsterinsights_skip_tracking":false,"_monsterinsights_sitenote_active":false,"_monsterinsights_sitenote_note":"","_monsterinsights_sitenote_category":0,"footnotes":"","_links_to":"","_links_to_target":""},"class_list":["post-7223","page","type-page","status-publish","has-post-thumbnail","hentry"],"acf":[],"yoast_head":"<!-- This site is optimized with the Yoast SEO Premium plugin v26.1 (Yoast SEO v27.3) - https:\/\/yoast.com\/product\/yoast-seo-premium-wordpress\/ -->\n<title>BARRES DE BALLET AUTOPORTANTES | Harlequin Floors<\/title>\n<meta name=\"robots\" content=\"index, follow, max-snippet:-1, max-image-preview:large, max-video-preview:-1\" \/>\n<link rel=\"canonical\" href=\"https:\/\/us.harlequinfloors.com\/fr\/home-studio\/barres-de-danse-portables\/\" \/>\n<meta property=\"og:locale\" content=\"fr_FR\" \/>\n<meta property=\"og:type\" content=\"article\" \/>\n<meta property=\"og:title\" content=\"BARRES DE BALLET AUTOPORTANTES\" \/>\n<meta property=\"og:description\" content=\"De qualit\u00e9 professionnelle, chaque barre de danse autoportante Harlequin est l\u00e9g\u00e8re et portable, tout en \u00e9tant extr\u00eamement stable. Elle est...En savoir plus\" \/>\n<meta property=\"og:url\" content=\"https:\/\/us.harlequinfloors.com\/fr\/home-studio\/barres-de-danse-portables\/\" \/>\n<meta property=\"og:site_name\" content=\"Harlequin Floors\" \/>\n<meta property=\"article:publisher\" content=\"https:\/\/www.facebook.com\/americanharlequinfloors\" \/>\n<meta property=\"article:modified_time\" content=\"2025-07-31T07:19:18+00:00\" \/>\n<meta property=\"og:image\" content=\"https:\/\/us.harlequinfloors.com\/wp-content\/uploads\/2017\/06\/Freestanding-barres-thumb.png\" \/>\n\t<meta property=\"og:image:width\" content=\"450\" \/>\n\t<meta property=\"og:image:height\" content=\"450\" \/>\n\t<meta property=\"og:image:type\" content=\"image\/png\" \/>\n<meta name=\"twitter:card\" content=\"summary_large_image\" \/>\n<meta name=\"twitter:label1\" content=\"Dur\u00e9e de lecture estim\u00e9e\" \/>\n\t<meta name=\"twitter:data1\" content=\"1 minute\" \/>\n<script type=\"application\/ld+json\" class=\"yoast-schema-graph\">{\"@context\":\"https:\\\/\\\/schema.org\",\"@graph\":[{\"@type\":\"WebPage\",\"@id\":\"https:\\\/\\\/us.harlequinfloors.com\\\/fr\\\/home-studio\\\/barres-de-danse-portables\\\/\",\"url\":\"https:\\\/\\\/us.harlequinfloors.com\\\/fr\\\/home-studio\\\/barres-de-danse-portables\\\/\",\"name\":\"BARRES DE BALLET AUTOPORTANTES | Harlequin Floors\",\"isPartOf\":{\"@id\":\"https:\\\/\\\/us.harlequinfloors.com\\\/fr\\\/#website\"},\"primaryImageOfPage\":{\"@id\":\"https:\\\/\\\/us.harlequinfloors.com\\\/fr\\\/home-studio\\\/barres-de-danse-portables\\\/#primaryimage\"},\"image\":{\"@id\":\"https:\\\/\\\/us.harlequinfloors.com\\\/fr\\\/home-studio\\\/barres-de-danse-portables\\\/#primaryimage\"},\"thumbnailUrl\":\"https:\\\/\\\/us.harlequinfloors.com\\\/wp-content\\\/uploads\\\/2017\\\/06\\\/Freestanding-barres-thumb.png\",\"datePublished\":\"2017-06-12T19:50:47+00:00\",\"dateModified\":\"2025-07-31T07:19:18+00:00\",\"breadcrumb\":{\"@id\":\"https:\\\/\\\/us.harlequinfloors.com\\\/fr\\\/home-studio\\\/barres-de-danse-portables\\\/#breadcrumb\"},\"inLanguage\":\"fr-FR\",\"potentialAction\":[{\"@type\":\"ReadAction\",\"target\":[\"https:\\\/\\\/us.harlequinfloors.com\\\/fr\\\/home-studio\\\/barres-de-danse-portables\\\/\"]}]},{\"@type\":\"ImageObject\",\"inLanguage\":\"fr-FR\",\"@id\":\"https:\\\/\\\/us.harlequinfloors.com\\\/fr\\\/home-studio\\\/barres-de-danse-portables\\\/#primaryimage\",\"url\":\"https:\\\/\\\/us.harlequinfloors.com\\\/wp-content\\\/uploads\\\/2017\\\/06\\\/Freestanding-barres-thumb.png\",\"contentUrl\":\"https:\\\/\\\/us.harlequinfloors.com\\\/wp-content\\\/uploads\\\/2017\\\/06\\\/Freestanding-barres-thumb.png\",\"width\":450,\"height\":450},{\"@type\":\"BreadcrumbList\",\"@id\":\"https:\\\/\\\/us.harlequinfloors.com\\\/fr\\\/home-studio\\\/barres-de-danse-portables\\\/#breadcrumb\",\"itemListElement\":[{\"@type\":\"ListItem\",\"position\":1,\"name\":\"Home\",\"item\":\"https:\\\/\\\/us.harlequinfloors.com\\\/fr\\\/\"},{\"@type\":\"ListItem\",\"position\":2,\"name\":\"Home Studio\",\"item\":\"https:\\\/\\\/us.harlequinfloors.com\\\/fr\\\/home-studio\\\/\"},{\"@type\":\"ListItem\",\"position\":3,\"name\":\"BARRES DE BALLET AUTOPORTANTES\"}]},{\"@type\":\"WebSite\",\"@id\":\"https:\\\/\\\/us.harlequinfloors.com\\\/fr\\\/#website\",\"url\":\"https:\\\/\\\/us.harlequinfloors.com\\\/fr\\\/\",\"name\":\"Harlequin Floors\",\"description\":\"The World Dances sur les planchers et tapis de danse Harlequin Floors\",\"potentialAction\":[{\"@type\":\"SearchAction\",\"target\":{\"@type\":\"EntryPoint\",\"urlTemplate\":\"https:\\\/\\\/us.harlequinfloors.com\\\/fr\\\/?s={search_term_string}\"},\"query-input\":{\"@type\":\"PropertyValueSpecification\",\"valueRequired\":true,\"valueName\":\"search_term_string\"}}],\"inLanguage\":\"fr-FR\"}]}<\/script>\n<!-- \/ Yoast SEO Premium plugin. -->","yoast_head_json":{"title":"BARRES DE BALLET AUTOPORTANTES | Harlequin Floors","robots":{"index":"index","follow":"follow","max-snippet":"max-snippet:-1","max-image-preview":"max-image-preview:large","max-video-preview":"max-video-preview:-1"},"canonical":"https:\/\/us.harlequinfloors.com\/fr\/home-studio\/barres-de-danse-portables\/","og_locale":"fr_FR","og_type":"article","og_title":"BARRES DE BALLET AUTOPORTANTES","og_description":"De qualit\u00e9 professionnelle, chaque barre de danse autoportante Harlequin est l\u00e9g\u00e8re et portable, tout en \u00e9tant extr\u00eamement stable. Elle est...En savoir plus","og_url":"https:\/\/us.harlequinfloors.com\/fr\/home-studio\/barres-de-danse-portables\/","og_site_name":"Harlequin Floors","article_publisher":"https:\/\/www.facebook.com\/americanharlequinfloors","article_modified_time":"2025-07-31T07:19:18+00:00","og_image":[{"width":450,"height":450,"url":"https:\/\/us.harlequinfloors.com\/wp-content\/uploads\/2017\/06\/Freestanding-barres-thumb.png","type":"image\/png"}],"twitter_card":"summary_large_image","twitter_misc":{"Dur\u00e9e de lecture estim\u00e9e":"1 minute"},"schema":{"@context":"https:\/\/schema.org","@graph":[{"@type":"WebPage","@id":"https:\/\/us.harlequinfloors.com\/fr\/home-studio\/barres-de-danse-portables\/","url":"https:\/\/us.harlequinfloors.com\/fr\/home-studio\/barres-de-danse-portables\/","name":"BARRES DE BALLET AUTOPORTANTES | Harlequin Floors","isPartOf":{"@id":"https:\/\/us.harlequinfloors.com\/fr\/#website"},"primaryImageOfPage":{"@id":"https:\/\/us.harlequinfloors.com\/fr\/home-studio\/barres-de-danse-portables\/#primaryimage"},"image":{"@id":"https:\/\/us.harlequinfloors.com\/fr\/home-studio\/barres-de-danse-portables\/#primaryimage"},"thumbnailUrl":"https:\/\/us.harlequinfloors.com\/wp-content\/uploads\/2017\/06\/Freestanding-barres-thumb.png","datePublished":"2017-06-12T19:50:47+00:00","dateModified":"2025-07-31T07:19:18+00:00","breadcrumb":{"@id":"https:\/\/us.harlequinfloors.com\/fr\/home-studio\/barres-de-danse-portables\/#breadcrumb"},"inLanguage":"fr-FR","potentialAction":[{"@type":"ReadAction","target":["https:\/\/us.harlequinfloors.com\/fr\/home-studio\/barres-de-danse-portables\/"]}]},{"@type":"ImageObject","inLanguage":"fr-FR","@id":"https:\/\/us.harlequinfloors.com\/fr\/home-studio\/barres-de-danse-portables\/#primaryimage","url":"https:\/\/us.harlequinfloors.com\/wp-content\/uploads\/2017\/06\/Freestanding-barres-thumb.png","contentUrl":"https:\/\/us.harlequinfloors.com\/wp-content\/uploads\/2017\/06\/Freestanding-barres-thumb.png","width":450,"height":450},{"@type":"BreadcrumbList","@id":"https:\/\/us.harlequinfloors.com\/fr\/home-studio\/barres-de-danse-portables\/#breadcrumb","itemListElement":[{"@type":"ListItem","position":1,"name":"Home","item":"https:\/\/us.harlequinfloors.com\/fr\/"},{"@type":"ListItem","position":2,"name":"Home Studio","item":"https:\/\/us.harlequinfloors.com\/fr\/home-studio\/"},{"@type":"ListItem","position":3,"name":"BARRES DE BALLET AUTOPORTANTES"}]},{"@type":"WebSite","@id":"https:\/\/us.harlequinfloors.com\/fr\/#website","url":"https:\/\/us.harlequinfloors.com\/fr\/","name":"Harlequin Floors","description":"The World Dances sur les planchers et tapis de danse Harlequin Floors","potentialAction":[{"@type":"SearchAction","target":{"@type":"EntryPoint","urlTemplate":"https:\/\/us.harlequinfloors.com\/fr\/?s={search_term_string}"},"query-input":{"@type":"PropertyValueSpecification","valueRequired":true,"valueName":"search_term_string"}}],"inLanguage":"fr-FR"}]}},"publishpress_future_action":{"enabled":false,"date":"2026-04-20 14:25:15","action":"change-status","newStatus":"draft","terms":[],"taxonomy":"translation_priority","extraData":[]},"publishpress_future_workflow_manual_trigger":{"enabledWorkflows":[]},"_links":{"self":[{"href":"https:\/\/us.harlequinfloors.com\/fr\/wp-json\/wp\/v2\/pages\/7223","targetHints":{"allow":["GET"]}}],"collection":[{"href":"https:\/\/us.harlequinfloors.com\/fr\/wp-json\/wp\/v2\/pages"}],"about":[{"href":"https:\/\/us.harlequinfloors.com\/fr\/wp-json\/wp\/v2\/types\/page"}],"author":[{"embeddable":true,"href":"https:\/\/us.harlequinfloors.com\/fr\/wp-json\/wp\/v2\/users\/1"}],"replies":[{"embeddable":true,"href":"https:\/\/us.harlequinfloors.com\/fr\/wp-json\/wp\/v2\/comments?post=7223"}],"version-history":[{"count":2,"href":"https:\/\/us.harlequinfloors.com\/fr\/wp-json\/wp\/v2\/pages\/7223\/revisions"}],"predecessor-version":[{"id":67312,"href":"https:\/\/us.harlequinfloors.com\/fr\/wp-json\/wp\/v2\/pages\/7223\/revisions\/67312"}],"up":[{"embeddable":true,"href":"https:\/\/us.harlequinfloors.com\/fr\/wp-json\/wp\/v2\/pages\/5694"}],"wp:featuredmedia":[{"embeddable":true,"href":"https:\/\/us.harlequinfloors.com\/fr\/wp-json\/wp\/v2\/media\/7212"}],"wp:attachment":[{"href":"https:\/\/us.harlequinfloors.com\/fr\/wp-json\/wp\/v2\/media?parent=7223"}],"curies":[{"name":"wp","href":"https:\/\/api.w.org\/{rel}","templated":true}]}}