{"id":9022,"date":"2018-08-23T10:43:55","date_gmt":"2018-08-23T14:43:55","guid":{"rendered":"https:\/\/harlequinfloor.wpengine.com\/?page_id=9022"},"modified":"2025-07-31T03:19:01","modified_gmt":"2025-07-31T07:19:01","slug":"politique-sur-les-temoins","status":"publish","type":"page","link":"https:\/\/us.harlequinfloors.com\/fr\/politique-sur-les-temoins\/","title":{"rendered":"Politique en mati\u00e8re de cookies"},"content":{"rendered":"<p><em>Derni\u00e8re mise \u00e0 jour : 01 ao\u00fbt 2018<\/em><\/p>\n<p>American Harlequin Corporation (\u00ab\u00a0nous\u00a0\u00bb, \u00ab\u00a0nous\u00a0\u00bb ou \u00ab\u00a0notre\u00a0\u00bb) utilise des cookies sur le site web <a href=\"https:\/\/us.harlequinfloors.com\/\">https:\/\/us.harlequinfloors.com\/<\/a> (le \u00ab\u00a0service\u00a0\u00bb). En utilisant le Service, vous acceptez l&rsquo;utilisation de cookies. <\/p>\n<p>Notre politique en mati\u00e8re de cookies explique ce que sont les cookies, comment nous les utilisons, comment les tiers avec lesquels nous pouvons \u00eatre partenaires peuvent utiliser des cookies sur le service, vos choix concernant les cookies et d&rsquo;autres informations sur les cookies.<\/p>\n<p><strong>Qu&rsquo;est-ce qu&rsquo;un cookie ?<\/strong><\/p>\n<p>Les cookies sont de petits morceaux de texte envoy\u00e9s \u00e0 votre navigateur web par un site web que vous visitez. Un fichier cookie est stock\u00e9 dans votre navigateur web et permet au Service ou \u00e0 un tiers de vous reconna\u00eetre et de rendre votre prochaine visite plus facile et le Service plus utile pour vous. <\/p>\n<p>Les cookies peuvent \u00eatre \u00ab\u00a0persistants\u00a0\u00bb ou \u00ab\u00a0de session\u00a0\u00bb. Les cookies persistants restent sur votre ordinateur personnel ou votre appareil mobile lorsque vous \u00eates hors ligne, tandis que les cookies de session sont supprim\u00e9s d\u00e8s que vous fermez votre navigateur web. <\/p>\n<p><strong>Comment American Harlequin Corporation utilise les cookies.<\/strong><\/p>\n<p>Lorsque vous utilisez et acc\u00e9dez au service, nous pouvons placer un certain nombre de fichiers de cookies dans votre navigateur web.<\/p>\n<p>Nous utilisons des cookies aux fins suivantes :<\/p>\n<p>(a) pour permettre certaines fonctions du service<\/p>\n<p>(b) Fournir des analyses<\/p>\n<p>Nous utilisons \u00e0 la fois des cookies de session et des cookies persistants sur le service et nous utilisons diff\u00e9rents types de cookies pour faire fonctionner le service :<\/p>\n<ul>\n<li>Cookies essentiels. Nous pouvons utiliser des cookies pour m\u00e9moriser des informations qui modifient le comportement ou l&rsquo;apparence du service, comme les pr\u00e9f\u00e9rences linguistiques d&rsquo;un utilisateur sur le service. <\/li>\n<li>Cookies analytiques. Nous pouvons utiliser des cookies analytiques pour recueillir des informations sur la mani\u00e8re dont le service est utilis\u00e9 afin de pouvoir l&rsquo;am\u00e9liorer. Nous pouvons \u00e9galement utiliser des cookies analytiques pour tester de nouvelles publicit\u00e9s, pages, caract\u00e9ristiques ou de nouvelles fonctionnalit\u00e9s du service afin de voir comment nos utilisateurs y r\u00e9agissent.  <\/li>\n<\/ul>\n<p><strong>Cookies de tiers<\/strong><\/p>\n<p>Outre nos propres cookies, nous pouvons \u00e9galement utiliser des cookies de tiers pour \u00e9tablir des statistiques d&rsquo;utilisation du service et diffuser des publicit\u00e9s sur et par l&rsquo;interm\u00e9diaire du service. Nous nous r\u00e9servons le droit d&rsquo;utiliser des pixels conform\u00e9ment aux conditions des plateformes de m\u00e9dias sociaux applicables. <\/p>\n<p><strong>Quels sont vos choix en mati\u00e8re de cookies ?<\/strong><\/p>\n<p>Si vous souhaitez supprimer les cookies ou demander \u00e0 votre navigateur web de les supprimer ou de les refuser, veuillez consulter les pages d&rsquo;aide de votre navigateur web.<\/p>\n<p>Notez toutefois que si vous supprimez les cookies ou refusez de les accepter, il se peut que vous ne puissiez pas utiliser toutes les fonctionnalit\u00e9s que nous proposons, que vous ne puissiez pas enregistrer vos pr\u00e9f\u00e9rences et que certaines de nos pages ne s&rsquo;affichent pas correctement.<\/p>\n<ul>\n<li>Pour le navigateur web Chrome, veuillez consulter cette page de Google <a href=\"https:\/\/support.google.com\/accounts\/answer\/32050\" target=\"_blank\" rel=\"noopener noreferrer\">: https:\/\/support.google.com\/accounts\/answer\/32050<\/a><\/li>\n<li>Pour le navigateur Internet Explorer, veuillez consulter cette page de Microsoft <a href=\"https:\/\/support.microsoft.com\/kb\/278835\" target=\"_blank\" rel=\"noopener noreferrer\">: https:\/\/support.microsoft.com\/kb\/278835<\/a><\/li>\n<li>Pour le navigateur web Firefox, veuillez consulter cette page de Mozilla <a href=\"https:\/\/support.mozilla.org\/en-US\/kb\/clear-cookies-and-site-data-firefox\" target=\"_blank\" rel=\"noopener noreferrer\">: https:\/\/support.mozilla.org\/en-US\/kb\/clear-cookies-and-site-data-firefox<\/a><\/li>\n<li>Pour le navigateur web Safari, veuillez consulter cette page d&rsquo;Apple <a href=\"https:\/\/support.apple.com\/guide\/safari\/manage-cookies-and-website-data-sfri11471\/mac\" target=\"_blank\" rel=\"noopener noreferrer\">: https:\/\/support.apple.com\/guide\/safari\/manage-cookies-and-website-data-sfri11471\/mac<\/a><\/li>\n<li>Pour tout autre navigateur web, veuillez consulter les pages web officielles de votre navigateur.<\/li>\n<\/ul>\n<p><strong>O\u00f9 pouvez-vous trouver plus d&rsquo;informations sur les cookies ?<\/strong><\/p>\n<p>Vous pouvez en savoir plus sur les cookies et les sites web de tiers suivants :<\/p>\n<p>AllAboutCookies <a href=\"https:\/\/www.allaboutcookies.org\/\" target=\"_blank\" rel=\"noopener noreferrer\">:<\/a> https:\/\/www.allaboutcookies.org\/<br \/>\nNetwork Advertising Initiative <a href=\"https:\/\/www.networkadvertising.org\/\" target=\"_blank\" rel=\"noopener noreferrer\">: https:\/\/www.networkadvertising.org\/<\/a><\/p>\n","protected":false},"excerpt":{"rendered":"<p>Derni\u00e8re mise \u00e0 jour : 01 ao\u00fbt 2018 American Harlequin Corporation (\u00ab\u00a0nous\u00a0\u00bb, \u00ab\u00a0nous\u00a0\u00bb ou \u00ab\u00a0notre\u00a0\u00bb) utilise des cookies sur le&#8230;<\/p>\n<p><a class=\"btn btn-primary btn-an harlequin-read-more-link\" href=\"https:\/\/us.harlequinfloors.com\/fr\/politique-sur-les-temoins\/\">En savoir plus<\/a><\/p>\n","protected":false},"author":1,"featured_media":0,"parent":0,"menu_order":0,"comment_status":"closed","ping_status":"closed","template":"","meta":{"_acf_changed":false,"_monsterinsights_skip_tracking":false,"_monsterinsights_sitenote_active":false,"_monsterinsights_sitenote_note":"","_monsterinsights_sitenote_category":0,"footnotes":"","_links_to":"","_links_to_target":""},"class_list":["post-9022","page","type-page","status-publish","hentry"],"acf":[],"yoast_head":"<!-- This site is optimized with the Yoast SEO Premium plugin v26.1 (Yoast SEO v27.3) - https:\/\/yoast.com\/product\/yoast-seo-premium-wordpress\/ -->\n<title>Politique en mati\u00e8re de cookies | Harlequin Floors<\/title>\n<meta name=\"robots\" content=\"index, follow, max-snippet:-1, max-image-preview:large, max-video-preview:-1\" \/>\n<link rel=\"canonical\" href=\"https:\/\/us.harlequinfloors.com\/fr\/politique-sur-les-temoins\/\" \/>\n<meta property=\"og:locale\" content=\"fr_FR\" \/>\n<meta property=\"og:type\" content=\"article\" \/>\n<meta property=\"og:title\" content=\"Politique en mati\u00e8re de cookies\" \/>\n<meta property=\"og:description\" content=\"Derni\u00e8re mise \u00e0 jour : 01 ao\u00fbt 2018 American Harlequin Corporation (\u00ab\u00a0nous\u00a0\u00bb, \u00ab\u00a0nous\u00a0\u00bb ou \u00ab\u00a0notre\u00a0\u00bb) utilise des cookies sur le...En savoir plus\" \/>\n<meta property=\"og:url\" content=\"https:\/\/us.harlequinfloors.com\/fr\/politique-sur-les-temoins\/\" \/>\n<meta property=\"og:site_name\" content=\"Harlequin Floors\" \/>\n<meta property=\"article:publisher\" content=\"https:\/\/www.facebook.com\/americanharlequinfloors\" \/>\n<meta property=\"article:modified_time\" content=\"2025-07-31T07:19:01+00:00\" \/>\n<meta name=\"twitter:card\" content=\"summary_large_image\" \/>\n<meta name=\"twitter:label1\" content=\"Dur\u00e9e de lecture estim\u00e9e\" \/>\n\t<meta name=\"twitter:data1\" content=\"3 minutes\" \/>\n<script type=\"application\/ld+json\" class=\"yoast-schema-graph\">{\"@context\":\"https:\\\/\\\/schema.org\",\"@graph\":[{\"@type\":\"WebPage\",\"@id\":\"https:\\\/\\\/us.harlequinfloors.com\\\/fr\\\/politique-sur-les-temoins\\\/\",\"url\":\"https:\\\/\\\/us.harlequinfloors.com\\\/fr\\\/politique-sur-les-temoins\\\/\",\"name\":\"Politique en mati\u00e8re de cookies | Harlequin Floors\",\"isPartOf\":{\"@id\":\"https:\\\/\\\/us.harlequinfloors.com\\\/fr\\\/#website\"},\"datePublished\":\"2018-08-23T14:43:55+00:00\",\"dateModified\":\"2025-07-31T07:19:01+00:00\",\"breadcrumb\":{\"@id\":\"https:\\\/\\\/us.harlequinfloors.com\\\/fr\\\/politique-sur-les-temoins\\\/#breadcrumb\"},\"inLanguage\":\"fr-FR\",\"potentialAction\":[{\"@type\":\"ReadAction\",\"target\":[\"https:\\\/\\\/us.harlequinfloors.com\\\/fr\\\/politique-sur-les-temoins\\\/\"]}]},{\"@type\":\"BreadcrumbList\",\"@id\":\"https:\\\/\\\/us.harlequinfloors.com\\\/fr\\\/politique-sur-les-temoins\\\/#breadcrumb\",\"itemListElement\":[{\"@type\":\"ListItem\",\"position\":1,\"name\":\"Home\",\"item\":\"https:\\\/\\\/us.harlequinfloors.com\\\/fr\\\/\"},{\"@type\":\"ListItem\",\"position\":2,\"name\":\"Politique en mati\u00e8re de cookies\"}]},{\"@type\":\"WebSite\",\"@id\":\"https:\\\/\\\/us.harlequinfloors.com\\\/fr\\\/#website\",\"url\":\"https:\\\/\\\/us.harlequinfloors.com\\\/fr\\\/\",\"name\":\"Harlequin Floors\",\"description\":\"The World Dances sur les planchers et tapis de danse Harlequin Floors\",\"potentialAction\":[{\"@type\":\"SearchAction\",\"target\":{\"@type\":\"EntryPoint\",\"urlTemplate\":\"https:\\\/\\\/us.harlequinfloors.com\\\/fr\\\/?s={search_term_string}\"},\"query-input\":{\"@type\":\"PropertyValueSpecification\",\"valueRequired\":true,\"valueName\":\"search_term_string\"}}],\"inLanguage\":\"fr-FR\"}]}<\/script>\n<!-- \/ Yoast SEO Premium plugin. -->","yoast_head_json":{"title":"Politique en mati\u00e8re de cookies | Harlequin Floors","robots":{"index":"index","follow":"follow","max-snippet":"max-snippet:-1","max-image-preview":"max-image-preview:large","max-video-preview":"max-video-preview:-1"},"canonical":"https:\/\/us.harlequinfloors.com\/fr\/politique-sur-les-temoins\/","og_locale":"fr_FR","og_type":"article","og_title":"Politique en mati\u00e8re de cookies","og_description":"Derni\u00e8re mise \u00e0 jour : 01 ao\u00fbt 2018 American Harlequin Corporation (\u00ab\u00a0nous\u00a0\u00bb, \u00ab\u00a0nous\u00a0\u00bb ou \u00ab\u00a0notre\u00a0\u00bb) utilise des cookies sur le...En savoir plus","og_url":"https:\/\/us.harlequinfloors.com\/fr\/politique-sur-les-temoins\/","og_site_name":"Harlequin Floors","article_publisher":"https:\/\/www.facebook.com\/americanharlequinfloors","article_modified_time":"2025-07-31T07:19:01+00:00","twitter_card":"summary_large_image","twitter_misc":{"Dur\u00e9e de lecture estim\u00e9e":"3 minutes"},"schema":{"@context":"https:\/\/schema.org","@graph":[{"@type":"WebPage","@id":"https:\/\/us.harlequinfloors.com\/fr\/politique-sur-les-temoins\/","url":"https:\/\/us.harlequinfloors.com\/fr\/politique-sur-les-temoins\/","name":"Politique en mati\u00e8re de cookies | Harlequin Floors","isPartOf":{"@id":"https:\/\/us.harlequinfloors.com\/fr\/#website"},"datePublished":"2018-08-23T14:43:55+00:00","dateModified":"2025-07-31T07:19:01+00:00","breadcrumb":{"@id":"https:\/\/us.harlequinfloors.com\/fr\/politique-sur-les-temoins\/#breadcrumb"},"inLanguage":"fr-FR","potentialAction":[{"@type":"ReadAction","target":["https:\/\/us.harlequinfloors.com\/fr\/politique-sur-les-temoins\/"]}]},{"@type":"BreadcrumbList","@id":"https:\/\/us.harlequinfloors.com\/fr\/politique-sur-les-temoins\/#breadcrumb","itemListElement":[{"@type":"ListItem","position":1,"name":"Home","item":"https:\/\/us.harlequinfloors.com\/fr\/"},{"@type":"ListItem","position":2,"name":"Politique en mati\u00e8re de cookies"}]},{"@type":"WebSite","@id":"https:\/\/us.harlequinfloors.com\/fr\/#website","url":"https:\/\/us.harlequinfloors.com\/fr\/","name":"Harlequin Floors","description":"The World Dances sur les planchers et tapis de danse Harlequin Floors","potentialAction":[{"@type":"SearchAction","target":{"@type":"EntryPoint","urlTemplate":"https:\/\/us.harlequinfloors.com\/fr\/?s={search_term_string}"},"query-input":{"@type":"PropertyValueSpecification","valueRequired":true,"valueName":"search_term_string"}}],"inLanguage":"fr-FR"}]}},"publishpress_future_action":{"enabled":false,"date":"2026-04-26 11:45:04","action":"change-status","newStatus":"draft","terms":[],"taxonomy":"translation_priority","extraData":[]},"publishpress_future_workflow_manual_trigger":{"enabledWorkflows":[]},"_links":{"self":[{"href":"https:\/\/us.harlequinfloors.com\/fr\/wp-json\/wp\/v2\/pages\/9022","targetHints":{"allow":["GET"]}}],"collection":[{"href":"https:\/\/us.harlequinfloors.com\/fr\/wp-json\/wp\/v2\/pages"}],"about":[{"href":"https:\/\/us.harlequinfloors.com\/fr\/wp-json\/wp\/v2\/types\/page"}],"author":[{"embeddable":true,"href":"https:\/\/us.harlequinfloors.com\/fr\/wp-json\/wp\/v2\/users\/1"}],"replies":[{"embeddable":true,"href":"https:\/\/us.harlequinfloors.com\/fr\/wp-json\/wp\/v2\/comments?post=9022"}],"version-history":[{"count":1,"href":"https:\/\/us.harlequinfloors.com\/fr\/wp-json\/wp\/v2\/pages\/9022\/revisions"}],"predecessor-version":[{"id":67283,"href":"https:\/\/us.harlequinfloors.com\/fr\/wp-json\/wp\/v2\/pages\/9022\/revisions\/67283"}],"wp:attachment":[{"href":"https:\/\/us.harlequinfloors.com\/fr\/wp-json\/wp\/v2\/media?parent=9022"}],"curies":[{"name":"wp","href":"https:\/\/api.w.org\/{rel}","templated":true}]}}